{"id":13988,"date":"2021-03-09T02:51:20","date_gmt":"2021-03-09T00:51:20","guid":{"rendered":"https:\/\/storitgroup.com\/?post_type=product&#038;p=13988"},"modified":"2025-02-08T07:43:32","modified_gmt":"2025-02-08T05:43:32","slug":"siirtoalusta-cm120-n-2-x-6000kg-ei-ohjattava","status":"publish","type":"product","link":"https:\/\/storitgroup.com\/fi\/tuote\/siirtoalusta-cm120-n-2-x-6000kg-ei-ohjattava\/","title":{"rendered":"Siirtoalusta CM120-N, 2 x 6000kg, ei ohjattava"},"content":{"rendered":"<p>T0073  kantavuus: 2 x 6000 kg<br \/>  johdattamaton<br \/>  rullat: \u00d8 90 x 85 mm, polyuretaani, 12 kpl<br \/>   mitat: 360 x 220 x 115 mm (plk)<br \/>  paino: 38 kg<br \/>  taso p\u00e4\u00e4llystetty kumimatolla<br \/>\u00a0  Alustapari on yhdistetty toisiinsa ter\u00e4stangoilla. Alustaparin yhteisleveys on s\u00e4\u00e4dett\u00e4v\u00e4: 720 &#8211; 1500 mm.<\/p>\n","protected":false},"excerpt":{"rendered":"<p>T0073  kantavuus: 2 x 6000 kg<br \/>\n  johdattamaton<br \/>\n  rullat: \u00d8 90 x 85 mm, polyuretaani, 12 kpl<\/p>\n","protected":false},"featured_media":21442,"template":"","meta":{"_acf_changed":false},"product_brand":[],"product_cat":[7055],"product_tag":[],"class_list":{"0":"post-13988","1":"product","2":"type-product","3":"status-publish","4":"has-post-thumbnail","6":"product_room-tyopaja-ja-autotalli","7":"product_room-teollisuus-ja-tuotanto-ergonomiset-tyopaikat-tyokaluvarasto","8":"product_room-kotiratkaisut","9":"product_room-kuljetus-ja-logistiikka","10":"product_cat-kuljetusrullat-nosturit-konepajanosturit","12":"first","13":"onbackorder","14":"taxable","15":"shipping-taxable","16":"purchasable","17":"product-type-simple"},"acf":[],"yoast_head":"<!-- This site is optimized with the Yoast SEO plugin v27.2 - https:\/\/yoast.com\/product\/yoast-seo-wordpress\/ -->\n<title>Siirtoalusta CM120-N, 2 x 6000kg, ei ohjattava &#8226; Storit<\/title>\n<meta name=\"description\" content=\"Siirtoalusta CM120-N, 2 x 6000kg, ei ohjattava \u2014 kohtuulliseen hintaan. Toimitukset kaikkialle Suomeen! \u261b Tutustu tuotteeseen ja tilaa k\u00e4tev\u00e4sti STORIT-verkkokaupasta!\" \/>\n<meta name=\"robots\" content=\"index, follow, max-snippet:-1, max-image-preview:large, max-video-preview:-1\" \/>\n<link rel=\"canonical\" href=\"https:\/\/storitgroup.com\/fi\/tuote\/siirtoalusta-cm120-n-2-x-6000kg-ei-ohjattava\/\" \/>\n<meta property=\"og:locale\" content=\"fi_FI\" \/>\n<meta property=\"og:type\" content=\"article\" \/>\n<meta property=\"og:title\" content=\"Siirtoalusta CM120-N, 2 x 6000kg, ei ohjattava &#8226; Storit\" \/>\n<meta property=\"og:description\" content=\"Siirtoalusta CM120-N, 2 x 6000kg, ei ohjattava \u2014 kohtuulliseen hintaan. Toimitukset kaikkialle Suomeen! \u261b Tutustu tuotteeseen ja tilaa k\u00e4tev\u00e4sti STORIT-verkkokaupasta!\" \/>\n<meta property=\"og:url\" content=\"https:\/\/storitgroup.com\/fi\/tuote\/siirtoalusta-cm120-n-2-x-6000kg-ei-ohjattava\/\" \/>\n<meta property=\"og:site_name\" content=\"Storit\" \/>\n<meta property=\"article:modified_time\" content=\"2025-02-08T05:43:32+00:00\" \/>\n<meta property=\"og:image\" content=\"https:\/\/storitgroup.com\/uploads\/2021\/03\/transpordirullikud-cm120-n-2-x-6000-kg-1.jpg\" \/>\n\t<meta property=\"og:image:width\" content=\"1552\" \/>\n\t<meta property=\"og:image:height\" content=\"1548\" \/>\n\t<meta property=\"og:image:type\" content=\"image\/jpeg\" \/>\n<meta name=\"twitter:card\" content=\"summary_large_image\" \/>\n<script type=\"application\/ld+json\" class=\"yoast-schema-graph\">{\"@context\":\"https:\/\/schema.org\",\"@graph\":[{\"@type\":[\"WebPage\",\"ItemPage\"],\"@id\":\"https:\/\/storitgroup.com\/fi\/tuote\/siirtoalusta-cm120-n-2-x-6000kg-ei-ohjattava\/\",\"url\":\"https:\/\/storitgroup.com\/fi\/tuote\/siirtoalusta-cm120-n-2-x-6000kg-ei-ohjattava\/\",\"name\":\"Siirtoalusta CM120-N, 2 x 6000kg, ei ohjattava &#8226; Storit\",\"isPartOf\":{\"@id\":\"https:\/\/storitgroup.com\/fi\/#website\"},\"primaryImageOfPage\":{\"@id\":\"https:\/\/storitgroup.com\/fi\/tuote\/siirtoalusta-cm120-n-2-x-6000kg-ei-ohjattava\/#primaryimage\"},\"image\":{\"@id\":\"https:\/\/storitgroup.com\/fi\/tuote\/siirtoalusta-cm120-n-2-x-6000kg-ei-ohjattava\/#primaryimage\"},\"thumbnailUrl\":\"https:\/\/storitgroup.com\/uploads\/2021\/03\/transpordirullikud-cm120-n-2-x-6000-kg-1.jpg\",\"datePublished\":\"2021-03-09T00:51:20+00:00\",\"dateModified\":\"2025-02-08T05:43:32+00:00\",\"description\":\"Siirtoalusta CM120-N, 2 x 6000kg, ei ohjattava \u2014 kohtuulliseen hintaan. Toimitukset kaikkialle Suomeen! \u261b Tutustu tuotteeseen ja tilaa k\u00e4tev\u00e4sti STORIT-verkkokaupasta!\",\"breadcrumb\":{\"@id\":\"https:\/\/storitgroup.com\/fi\/tuote\/siirtoalusta-cm120-n-2-x-6000kg-ei-ohjattava\/#breadcrumb\"},\"inLanguage\":\"fi\",\"potentialAction\":[{\"@type\":\"ReadAction\",\"target\":[\"https:\/\/storitgroup.com\/fi\/tuote\/siirtoalusta-cm120-n-2-x-6000kg-ei-ohjattava\/\"]}]},{\"@type\":\"ImageObject\",\"inLanguage\":\"fi\",\"@id\":\"https:\/\/storitgroup.com\/fi\/tuote\/siirtoalusta-cm120-n-2-x-6000kg-ei-ohjattava\/#primaryimage\",\"url\":\"https:\/\/storitgroup.com\/uploads\/2021\/03\/transpordirullikud-cm120-n-2-x-6000-kg-1.jpg\",\"contentUrl\":\"https:\/\/storitgroup.com\/uploads\/2021\/03\/transpordirullikud-cm120-n-2-x-6000-kg-1.jpg\",\"width\":1552,\"height\":1548},{\"@type\":\"BreadcrumbList\",\"@id\":\"https:\/\/storitgroup.com\/fi\/tuote\/siirtoalusta-cm120-n-2-x-6000kg-ei-ohjattava\/#breadcrumb\",\"itemListElement\":[{\"@type\":\"ListItem\",\"position\":1,\"name\":\"Kotisivu\",\"item\":\"https:\/\/storitgroup.com\/fi\/\"},{\"@type\":\"ListItem\",\"position\":2,\"name\":\"Tuotteet\",\"item\":\"https:\/\/storitgroup.com\/fi\/tuotteet\/\"},{\"@type\":\"ListItem\",\"position\":3,\"name\":\"Varastotrukit, nostolavat, tarvikkeet\",\"item\":\"https:\/\/storitgroup.com\/fi\/varastotrukit-nostolavat-tarvikkeet\/\"},{\"@type\":\"ListItem\",\"position\":4,\"name\":\"Kuljetusrullat, nosturit, konepajanosturit\",\"item\":\"https:\/\/storitgroup.com\/fi\/varastotrukit-nostolavat-tarvikkeet\/kuljetusrullat-nosturit-konepajanosturit\/\"},{\"@type\":\"ListItem\",\"position\":5,\"name\":\"Siirtoalusta CM120-N, 2 x 6000kg, ei ohjattava\"}]},{\"@type\":\"WebSite\",\"@id\":\"https:\/\/storitgroup.com\/fi\/#website\",\"url\":\"https:\/\/storitgroup.com\/fi\/\",\"name\":\"Storit\",\"description\":\"\",\"potentialAction\":[{\"@type\":\"SearchAction\",\"target\":{\"@type\":\"EntryPoint\",\"urlTemplate\":\"https:\/\/storitgroup.com\/fi\/?s={search_term_string}\"},\"query-input\":{\"@type\":\"PropertyValueSpecification\",\"valueRequired\":true,\"valueName\":\"search_term_string\"}}],\"inLanguage\":\"fi\"}]}<\/script>\n<!-- \/ Yoast SEO plugin. -->","yoast_head_json":{"title":"Siirtoalusta CM120-N, 2 x 6000kg, ei ohjattava &#8226; Storit","description":"Siirtoalusta CM120-N, 2 x 6000kg, ei ohjattava \u2014 kohtuulliseen hintaan. Toimitukset kaikkialle Suomeen! \u261b Tutustu tuotteeseen ja tilaa k\u00e4tev\u00e4sti STORIT-verkkokaupasta!","robots":{"index":"index","follow":"follow","max-snippet":"max-snippet:-1","max-image-preview":"max-image-preview:large","max-video-preview":"max-video-preview:-1"},"canonical":"https:\/\/storitgroup.com\/fi\/tuote\/siirtoalusta-cm120-n-2-x-6000kg-ei-ohjattava\/","og_locale":"fi_FI","og_type":"article","og_title":"Siirtoalusta CM120-N, 2 x 6000kg, ei ohjattava &#8226; Storit","og_description":"Siirtoalusta CM120-N, 2 x 6000kg, ei ohjattava \u2014 kohtuulliseen hintaan. Toimitukset kaikkialle Suomeen! \u261b Tutustu tuotteeseen ja tilaa k\u00e4tev\u00e4sti STORIT-verkkokaupasta!","og_url":"https:\/\/storitgroup.com\/fi\/tuote\/siirtoalusta-cm120-n-2-x-6000kg-ei-ohjattava\/","og_site_name":"Storit","article_modified_time":"2025-02-08T05:43:32+00:00","og_image":[{"width":1552,"height":1548,"url":"https:\/\/storitgroup.com\/uploads\/2021\/03\/transpordirullikud-cm120-n-2-x-6000-kg-1.jpg","type":"image\/jpeg"}],"twitter_card":"summary_large_image","schema":{"@context":"https:\/\/schema.org","@graph":[{"@type":["WebPage","ItemPage"],"@id":"https:\/\/storitgroup.com\/fi\/tuote\/siirtoalusta-cm120-n-2-x-6000kg-ei-ohjattava\/","url":"https:\/\/storitgroup.com\/fi\/tuote\/siirtoalusta-cm120-n-2-x-6000kg-ei-ohjattava\/","name":"Siirtoalusta CM120-N, 2 x 6000kg, ei ohjattava &#8226; Storit","isPartOf":{"@id":"https:\/\/storitgroup.com\/fi\/#website"},"primaryImageOfPage":{"@id":"https:\/\/storitgroup.com\/fi\/tuote\/siirtoalusta-cm120-n-2-x-6000kg-ei-ohjattava\/#primaryimage"},"image":{"@id":"https:\/\/storitgroup.com\/fi\/tuote\/siirtoalusta-cm120-n-2-x-6000kg-ei-ohjattava\/#primaryimage"},"thumbnailUrl":"https:\/\/storitgroup.com\/uploads\/2021\/03\/transpordirullikud-cm120-n-2-x-6000-kg-1.jpg","datePublished":"2021-03-09T00:51:20+00:00","dateModified":"2025-02-08T05:43:32+00:00","description":"Siirtoalusta CM120-N, 2 x 6000kg, ei ohjattava \u2014 kohtuulliseen hintaan. Toimitukset kaikkialle Suomeen! \u261b Tutustu tuotteeseen ja tilaa k\u00e4tev\u00e4sti STORIT-verkkokaupasta!","breadcrumb":{"@id":"https:\/\/storitgroup.com\/fi\/tuote\/siirtoalusta-cm120-n-2-x-6000kg-ei-ohjattava\/#breadcrumb"},"inLanguage":"fi","potentialAction":[{"@type":"ReadAction","target":["https:\/\/storitgroup.com\/fi\/tuote\/siirtoalusta-cm120-n-2-x-6000kg-ei-ohjattava\/"]}]},{"@type":"ImageObject","inLanguage":"fi","@id":"https:\/\/storitgroup.com\/fi\/tuote\/siirtoalusta-cm120-n-2-x-6000kg-ei-ohjattava\/#primaryimage","url":"https:\/\/storitgroup.com\/uploads\/2021\/03\/transpordirullikud-cm120-n-2-x-6000-kg-1.jpg","contentUrl":"https:\/\/storitgroup.com\/uploads\/2021\/03\/transpordirullikud-cm120-n-2-x-6000-kg-1.jpg","width":1552,"height":1548},{"@type":"BreadcrumbList","@id":"https:\/\/storitgroup.com\/fi\/tuote\/siirtoalusta-cm120-n-2-x-6000kg-ei-ohjattava\/#breadcrumb","itemListElement":[{"@type":"ListItem","position":1,"name":"Kotisivu","item":"https:\/\/storitgroup.com\/fi\/"},{"@type":"ListItem","position":2,"name":"Tuotteet","item":"https:\/\/storitgroup.com\/fi\/tuotteet\/"},{"@type":"ListItem","position":3,"name":"Varastotrukit, nostolavat, tarvikkeet","item":"https:\/\/storitgroup.com\/fi\/varastotrukit-nostolavat-tarvikkeet\/"},{"@type":"ListItem","position":4,"name":"Kuljetusrullat, nosturit, konepajanosturit","item":"https:\/\/storitgroup.com\/fi\/varastotrukit-nostolavat-tarvikkeet\/kuljetusrullat-nosturit-konepajanosturit\/"},{"@type":"ListItem","position":5,"name":"Siirtoalusta CM120-N, 2 x 6000kg, ei ohjattava"}]},{"@type":"WebSite","@id":"https:\/\/storitgroup.com\/fi\/#website","url":"https:\/\/storitgroup.com\/fi\/","name":"Storit","description":"","potentialAction":[{"@type":"SearchAction","target":{"@type":"EntryPoint","urlTemplate":"https:\/\/storitgroup.com\/fi\/?s={search_term_string}"},"query-input":{"@type":"PropertyValueSpecification","valueRequired":true,"valueName":"search_term_string"}}],"inLanguage":"fi"}]}},"_links":{"self":[{"href":"https:\/\/storitgroup.com\/fi\/wp-json\/wp\/v2\/product\/13988","targetHints":{"allow":["GET"]}}],"collection":[{"href":"https:\/\/storitgroup.com\/fi\/wp-json\/wp\/v2\/product"}],"about":[{"href":"https:\/\/storitgroup.com\/fi\/wp-json\/wp\/v2\/types\/product"}],"wp:featuredmedia":[{"embeddable":true,"href":"https:\/\/storitgroup.com\/fi\/wp-json\/wp\/v2\/media\/21442"}],"wp:attachment":[{"href":"https:\/\/storitgroup.com\/fi\/wp-json\/wp\/v2\/media?parent=13988"}],"wp:term":[{"taxonomy":"product_brand","embeddable":true,"href":"https:\/\/storitgroup.com\/fi\/wp-json\/wp\/v2\/product_brand?post=13988"},{"taxonomy":"product_cat","embeddable":true,"href":"https:\/\/storitgroup.com\/fi\/wp-json\/wp\/v2\/product_cat?post=13988"},{"taxonomy":"product_tag","embeddable":true,"href":"https:\/\/storitgroup.com\/fi\/wp-json\/wp\/v2\/product_tag?post=13988"}],"curies":[{"name":"wp","href":"https:\/\/api.w.org\/{rel}","templated":true}]}}