{"id":13984,"date":"2021-03-09T00:51:18","date_gmt":"2021-03-09T00:51:18","guid":{"rendered":"https:\/\/storitgroup.com\/?post_type=product&#038;p=13984"},"modified":"2026-04-09T14:37:22","modified_gmt":"2026-04-09T11:37:22","slug":"siirtoalusta-ss40-p-4000kg-ohjattava","status":"publish","type":"product","link":"https:\/\/storitgroup.com\/fi\/tuote\/siirtoalusta-ss40-p-4000kg-ohjattava\/","title":{"rendered":"Siirtoalusta SS40-P, 4000kg, ohjattava"},"content":{"rendered":"<p>T0061  kantavuus: 4000 kg<br \/>  johdattava &#8211; varustettu\u00a0k\u00e4\u00e4nt\u00f6p\u00f6yd\u00e4ll\u00e4 ja vetoaisalla  rullat: \u00d8 82 x 100 mm, polyuretaani, 4 kpl<br \/>  mitat: 310 x 250 x 110 mm (plk)<br \/>  tason p\u00e4\u00e4llystetty kumimatolla<br \/>  v\u00e4ri: punainen.  paino:\u00a016,0 kg.<\/p>\n","protected":false},"excerpt":{"rendered":"<p>T0061  kantavuus: 4000 kg<br \/>\n  johdattava &#8211; varustettu\u00a0k\u00e4\u00e4nt\u00f6p\u00f6yd\u00e4ll\u00e4 ja vetoaisalla  rullat: \u00d8 82 x 100 mm, polyuretaani, 4 kpl<br \/>\n  mitat: 310 x 250 x 110 mm (plk)<\/p>\n","protected":false},"featured_media":21436,"template":"","meta":{"_acf_changed":false},"product_brand":[],"product_cat":[7055],"product_tag":[],"class_list":{"0":"post-13984","1":"product","2":"type-product","3":"status-publish","4":"has-post-thumbnail","6":"product_room-tyopaja-ja-autotalli","7":"product_room-teollisuus-ja-tuotanto-ergonomiset-tyopaikat-tyokaluvarasto","8":"product_room-kotiratkaisut","9":"product_room-kuljetus-ja-logistiikka","10":"product_cat-kuljetusrullat-nosturit-konepajanosturit","12":"first","13":"onbackorder","14":"taxable","15":"shipping-taxable","16":"purchasable","17":"product-type-simple"},"acf":[],"yoast_head":"<!-- This site is optimized with the Yoast SEO plugin v27.3 - https:\/\/yoast.com\/product\/yoast-seo-wordpress\/ -->\n<title>Siirtoalusta SS40-P, 4000kg, ohjattava &#8226; Storit<\/title>\n<meta name=\"description\" content=\"Siirtoalusta SS40-P, 4000kg, ohjattava \u2014 kohtuulliseen hintaan. Toimitukset kaikkialle Suomeen! \u261b Tutustu tuotteeseen ja tilaa k\u00e4tev\u00e4sti STORIT-verkkokaupasta!\" \/>\n<meta name=\"robots\" content=\"index, follow, max-snippet:-1, max-image-preview:large, max-video-preview:-1\" \/>\n<link rel=\"canonical\" href=\"https:\/\/storitgroup.com\/fi\/tuote\/siirtoalusta-ss40-p-4000kg-ohjattava\/\" \/>\n<meta property=\"og:locale\" content=\"fi_FI\" \/>\n<meta property=\"og:type\" content=\"article\" \/>\n<meta property=\"og:title\" content=\"Siirtoalusta SS40-P, 4000kg, ohjattava &#8226; Storit\" \/>\n<meta property=\"og:description\" content=\"Siirtoalusta SS40-P, 4000kg, ohjattava \u2014 kohtuulliseen hintaan. Toimitukset kaikkialle Suomeen! \u261b Tutustu tuotteeseen ja tilaa k\u00e4tev\u00e4sti STORIT-verkkokaupasta!\" \/>\n<meta property=\"og:url\" content=\"https:\/\/storitgroup.com\/fi\/tuote\/siirtoalusta-ss40-p-4000kg-ohjattava\/\" \/>\n<meta property=\"og:site_name\" content=\"Storit\" \/>\n<meta property=\"article:modified_time\" content=\"2026-04-09T11:37:22+00:00\" \/>\n<meta property=\"og:image\" content=\"https:\/\/storitgroup.com\/uploads\/2021\/03\/in1951057704-juhitav-transpordirullik-ss40-p-4000-kg-1.png\" \/>\n\t<meta property=\"og:image:width\" content=\"3696\" \/>\n\t<meta property=\"og:image:height\" content=\"3696\" \/>\n\t<meta property=\"og:image:type\" content=\"image\/png\" \/>\n<meta name=\"twitter:card\" content=\"summary_large_image\" \/>\n<script type=\"application\/ld+json\" class=\"yoast-schema-graph\">{\"@context\":\"https:\\\/\\\/schema.org\",\"@graph\":[{\"@type\":[\"WebPage\",\"ItemPage\"],\"@id\":\"https:\\\/\\\/storitgroup.com\\\/fi\\\/tuote\\\/siirtoalusta-ss40-p-4000kg-ohjattava\\\/\",\"url\":\"https:\\\/\\\/storitgroup.com\\\/fi\\\/tuote\\\/siirtoalusta-ss40-p-4000kg-ohjattava\\\/\",\"name\":\"Siirtoalusta SS40-P, 4000kg, ohjattava &#8226; Storit\",\"isPartOf\":{\"@id\":\"https:\\\/\\\/storitgroup.com\\\/fi\\\/#website\"},\"primaryImageOfPage\":{\"@id\":\"https:\\\/\\\/storitgroup.com\\\/fi\\\/tuote\\\/siirtoalusta-ss40-p-4000kg-ohjattava\\\/#primaryimage\"},\"image\":{\"@id\":\"https:\\\/\\\/storitgroup.com\\\/fi\\\/tuote\\\/siirtoalusta-ss40-p-4000kg-ohjattava\\\/#primaryimage\"},\"thumbnailUrl\":\"https:\\\/\\\/storitgroup.com\\\/uploads\\\/2021\\\/03\\\/in1951057704-juhitav-transpordirullik-ss40-p-4000-kg-1.png\",\"datePublished\":\"2021-03-09T00:51:18+00:00\",\"dateModified\":\"2026-04-09T11:37:22+00:00\",\"description\":\"Siirtoalusta SS40-P, 4000kg, ohjattava \u2014 kohtuulliseen hintaan. Toimitukset kaikkialle Suomeen! \u261b Tutustu tuotteeseen ja tilaa k\u00e4tev\u00e4sti STORIT-verkkokaupasta!\",\"breadcrumb\":{\"@id\":\"https:\\\/\\\/storitgroup.com\\\/fi\\\/tuote\\\/siirtoalusta-ss40-p-4000kg-ohjattava\\\/#breadcrumb\"},\"inLanguage\":\"fi\",\"potentialAction\":[{\"@type\":\"ReadAction\",\"target\":[\"https:\\\/\\\/storitgroup.com\\\/fi\\\/tuote\\\/siirtoalusta-ss40-p-4000kg-ohjattava\\\/\"]}]},{\"@type\":\"ImageObject\",\"inLanguage\":\"fi\",\"@id\":\"https:\\\/\\\/storitgroup.com\\\/fi\\\/tuote\\\/siirtoalusta-ss40-p-4000kg-ohjattava\\\/#primaryimage\",\"url\":\"https:\\\/\\\/storitgroup.com\\\/uploads\\\/2021\\\/03\\\/in1951057704-juhitav-transpordirullik-ss40-p-4000-kg-1.png\",\"contentUrl\":\"https:\\\/\\\/storitgroup.com\\\/uploads\\\/2021\\\/03\\\/in1951057704-juhitav-transpordirullik-ss40-p-4000-kg-1.png\",\"width\":3696,\"height\":3696},{\"@type\":\"BreadcrumbList\",\"@id\":\"https:\\\/\\\/storitgroup.com\\\/fi\\\/tuote\\\/siirtoalusta-ss40-p-4000kg-ohjattava\\\/#breadcrumb\",\"itemListElement\":[{\"@type\":\"ListItem\",\"position\":1,\"name\":\"Kotisivu\",\"item\":\"https:\\\/\\\/storitgroup.com\\\/fi\\\/\"},{\"@type\":\"ListItem\",\"position\":2,\"name\":\"Tuotteet\",\"item\":\"https:\\\/\\\/storitgroup.com\\\/fi\\\/tuotteet\\\/\"},{\"@type\":\"ListItem\",\"position\":3,\"name\":\"Varastotrukit, nostolavat, tarvikkeet\",\"item\":\"https:\\\/\\\/storitgroup.com\\\/fi\\\/varastotrukit-nostolavat-tarvikkeet\\\/\"},{\"@type\":\"ListItem\",\"position\":4,\"name\":\"Kuljetusrullat, nosturit, konepajanosturit\",\"item\":\"https:\\\/\\\/storitgroup.com\\\/fi\\\/varastotrukit-nostolavat-tarvikkeet\\\/kuljetusrullat-nosturit-konepajanosturit\\\/\"},{\"@type\":\"ListItem\",\"position\":5,\"name\":\"Siirtoalusta SS40-P, 4000kg, ohjattava\"}]},{\"@type\":\"WebSite\",\"@id\":\"https:\\\/\\\/storitgroup.com\\\/fi\\\/#website\",\"url\":\"https:\\\/\\\/storitgroup.com\\\/fi\\\/\",\"name\":\"Storit\",\"description\":\"\",\"potentialAction\":[{\"@type\":\"SearchAction\",\"target\":{\"@type\":\"EntryPoint\",\"urlTemplate\":\"https:\\\/\\\/storitgroup.com\\\/fi\\\/?s={search_term_string}\"},\"query-input\":{\"@type\":\"PropertyValueSpecification\",\"valueRequired\":true,\"valueName\":\"search_term_string\"}}],\"inLanguage\":\"fi\"}]}<\/script>\n<!-- \/ Yoast SEO plugin. -->","yoast_head_json":{"title":"Siirtoalusta SS40-P, 4000kg, ohjattava &#8226; Storit","description":"Siirtoalusta SS40-P, 4000kg, ohjattava \u2014 kohtuulliseen hintaan. Toimitukset kaikkialle Suomeen! \u261b Tutustu tuotteeseen ja tilaa k\u00e4tev\u00e4sti STORIT-verkkokaupasta!","robots":{"index":"index","follow":"follow","max-snippet":"max-snippet:-1","max-image-preview":"max-image-preview:large","max-video-preview":"max-video-preview:-1"},"canonical":"https:\/\/storitgroup.com\/fi\/tuote\/siirtoalusta-ss40-p-4000kg-ohjattava\/","og_locale":"fi_FI","og_type":"article","og_title":"Siirtoalusta SS40-P, 4000kg, ohjattava &#8226; Storit","og_description":"Siirtoalusta SS40-P, 4000kg, ohjattava \u2014 kohtuulliseen hintaan. Toimitukset kaikkialle Suomeen! \u261b Tutustu tuotteeseen ja tilaa k\u00e4tev\u00e4sti STORIT-verkkokaupasta!","og_url":"https:\/\/storitgroup.com\/fi\/tuote\/siirtoalusta-ss40-p-4000kg-ohjattava\/","og_site_name":"Storit","article_modified_time":"2026-04-09T11:37:22+00:00","og_image":[{"width":3696,"height":3696,"url":"https:\/\/storitgroup.com\/uploads\/2021\/03\/in1951057704-juhitav-transpordirullik-ss40-p-4000-kg-1.png","type":"image\/png"}],"twitter_card":"summary_large_image","schema":{"@context":"https:\/\/schema.org","@graph":[{"@type":["WebPage","ItemPage"],"@id":"https:\/\/storitgroup.com\/fi\/tuote\/siirtoalusta-ss40-p-4000kg-ohjattava\/","url":"https:\/\/storitgroup.com\/fi\/tuote\/siirtoalusta-ss40-p-4000kg-ohjattava\/","name":"Siirtoalusta SS40-P, 4000kg, ohjattava &#8226; Storit","isPartOf":{"@id":"https:\/\/storitgroup.com\/fi\/#website"},"primaryImageOfPage":{"@id":"https:\/\/storitgroup.com\/fi\/tuote\/siirtoalusta-ss40-p-4000kg-ohjattava\/#primaryimage"},"image":{"@id":"https:\/\/storitgroup.com\/fi\/tuote\/siirtoalusta-ss40-p-4000kg-ohjattava\/#primaryimage"},"thumbnailUrl":"https:\/\/storitgroup.com\/uploads\/2021\/03\/in1951057704-juhitav-transpordirullik-ss40-p-4000-kg-1.png","datePublished":"2021-03-09T00:51:18+00:00","dateModified":"2026-04-09T11:37:22+00:00","description":"Siirtoalusta SS40-P, 4000kg, ohjattava \u2014 kohtuulliseen hintaan. Toimitukset kaikkialle Suomeen! \u261b Tutustu tuotteeseen ja tilaa k\u00e4tev\u00e4sti STORIT-verkkokaupasta!","breadcrumb":{"@id":"https:\/\/storitgroup.com\/fi\/tuote\/siirtoalusta-ss40-p-4000kg-ohjattava\/#breadcrumb"},"inLanguage":"fi","potentialAction":[{"@type":"ReadAction","target":["https:\/\/storitgroup.com\/fi\/tuote\/siirtoalusta-ss40-p-4000kg-ohjattava\/"]}]},{"@type":"ImageObject","inLanguage":"fi","@id":"https:\/\/storitgroup.com\/fi\/tuote\/siirtoalusta-ss40-p-4000kg-ohjattava\/#primaryimage","url":"https:\/\/storitgroup.com\/uploads\/2021\/03\/in1951057704-juhitav-transpordirullik-ss40-p-4000-kg-1.png","contentUrl":"https:\/\/storitgroup.com\/uploads\/2021\/03\/in1951057704-juhitav-transpordirullik-ss40-p-4000-kg-1.png","width":3696,"height":3696},{"@type":"BreadcrumbList","@id":"https:\/\/storitgroup.com\/fi\/tuote\/siirtoalusta-ss40-p-4000kg-ohjattava\/#breadcrumb","itemListElement":[{"@type":"ListItem","position":1,"name":"Kotisivu","item":"https:\/\/storitgroup.com\/fi\/"},{"@type":"ListItem","position":2,"name":"Tuotteet","item":"https:\/\/storitgroup.com\/fi\/tuotteet\/"},{"@type":"ListItem","position":3,"name":"Varastotrukit, nostolavat, tarvikkeet","item":"https:\/\/storitgroup.com\/fi\/varastotrukit-nostolavat-tarvikkeet\/"},{"@type":"ListItem","position":4,"name":"Kuljetusrullat, nosturit, konepajanosturit","item":"https:\/\/storitgroup.com\/fi\/varastotrukit-nostolavat-tarvikkeet\/kuljetusrullat-nosturit-konepajanosturit\/"},{"@type":"ListItem","position":5,"name":"Siirtoalusta SS40-P, 4000kg, ohjattava"}]},{"@type":"WebSite","@id":"https:\/\/storitgroup.com\/fi\/#website","url":"https:\/\/storitgroup.com\/fi\/","name":"Storit","description":"","potentialAction":[{"@type":"SearchAction","target":{"@type":"EntryPoint","urlTemplate":"https:\/\/storitgroup.com\/fi\/?s={search_term_string}"},"query-input":{"@type":"PropertyValueSpecification","valueRequired":true,"valueName":"search_term_string"}}],"inLanguage":"fi"}]}},"_links":{"self":[{"href":"https:\/\/storitgroup.com\/fi\/wp-json\/wp\/v2\/product\/13984","targetHints":{"allow":["GET"]}}],"collection":[{"href":"https:\/\/storitgroup.com\/fi\/wp-json\/wp\/v2\/product"}],"about":[{"href":"https:\/\/storitgroup.com\/fi\/wp-json\/wp\/v2\/types\/product"}],"wp:featuredmedia":[{"embeddable":true,"href":"https:\/\/storitgroup.com\/fi\/wp-json\/wp\/v2\/media\/21436"}],"wp:attachment":[{"href":"https:\/\/storitgroup.com\/fi\/wp-json\/wp\/v2\/media?parent=13984"}],"wp:term":[{"taxonomy":"product_brand","embeddable":true,"href":"https:\/\/storitgroup.com\/fi\/wp-json\/wp\/v2\/product_brand?post=13984"},{"taxonomy":"product_cat","embeddable":true,"href":"https:\/\/storitgroup.com\/fi\/wp-json\/wp\/v2\/product_cat?post=13984"},{"taxonomy":"product_tag","embeddable":true,"href":"https:\/\/storitgroup.com\/fi\/wp-json\/wp\/v2\/product_tag?post=13984"}],"curies":[{"name":"wp","href":"https:\/\/api.w.org\/{rel}","templated":true}]}}