{"id":13975,"date":"2021-03-19T00:49:45","date_gmt":"2021-03-19T00:49:45","guid":{"rendered":"https:\/\/storitgroup.com\/?post_type=product&#038;p=13975"},"modified":"2026-04-03T20:46:53","modified_gmt":"2026-04-03T17:46:53","slug":"kuljetusalusta-zd-400b-820-x-620-x-150mm-zn-saleikko","status":"publish","type":"product","link":"https:\/\/storitgroup.com\/fi\/tuote\/kuljetusalusta-zd-400b-820-x-620-x-150mm-zn-saleikko\/","title":{"rendered":"Kuljetusalusta ZD 400B, 820 x 620 x 150mm, Zn s\u00e4leikk\u00f6"},"content":{"rendered":"<p>E0005  kantavuus: 400 kg<br \/>   mitat: 820 x 620 x 150 mm (plk)<br \/>  runko:\u00a0metalli, Zn<br \/>  py\u00f6r\u00e4t: \u00d8 100 x 24 mm,\u00a0harmaa nylon, kaikki k\u00e4\u00e4ntyvi\u00e4, liukulaakerit<br \/>   kaal: 9,5 kg.<\/p>\n","protected":false},"excerpt":{"rendered":"<p>E0005  kantavuus: 400 kg<br \/>\n   mitat: 820 x 620 x 150 mm (plk)<br \/>\n  runko:\u00a0metalli, Zn<\/p>\n","protected":false},"featured_media":21424,"template":"","meta":{"_acf_changed":false},"product_brand":[],"product_cat":[7085],"product_tag":[],"class_list":{"0":"post-13975","1":"product","2":"type-product","3":"status-publish","4":"has-post-thumbnail","6":"product_room-kuljetus-ja-logistiikka","7":"product_room-kaupankaynti-ja-myymalat","8":"product_cat-laatikkovaunut-lavakarryt","10":"first","11":"instock","12":"taxable","13":"shipping-taxable","14":"purchasable","15":"product-type-simple"},"acf":[],"yoast_head":"<!-- This site is optimized with the Yoast SEO plugin v27.2 - https:\/\/yoast.com\/product\/yoast-seo-wordpress\/ -->\n<title>Kuljetusalusta ZD 400B, 820 x 620 x 150mm, Zn s\u00e4leikk\u00f6 &#8226; Storit<\/title>\n<meta name=\"description\" content=\"Kuljetusalusta ZD 400B, 820 x 620 x 150mm, Zn s\u00e4leikk\u00f6 \u2014 kohtuulliseen hintaan. Toimitukset kaikkialle Suomeen! \u261b Tutustu tuotteeseen ja tilaa k\u00e4tev\u00e4sti STORIT-verkkokaupasta!\" \/>\n<meta name=\"robots\" content=\"index, follow, max-snippet:-1, max-image-preview:large, max-video-preview:-1\" \/>\n<link rel=\"canonical\" href=\"https:\/\/storitgroup.com\/fi\/tuote\/kuljetusalusta-zd-400b-820-x-620-x-150mm-zn-saleikko\/\" \/>\n<meta property=\"og:locale\" content=\"fi_FI\" \/>\n<meta property=\"og:type\" content=\"article\" \/>\n<meta property=\"og:title\" content=\"Kuljetusalusta ZD 400B, 820 x 620 x 150mm, Zn s\u00e4leikk\u00f6 &#8226; Storit\" \/>\n<meta property=\"og:description\" content=\"Kuljetusalusta ZD 400B, 820 x 620 x 150mm, Zn s\u00e4leikk\u00f6 \u2014 kohtuulliseen hintaan. Toimitukset kaikkialle Suomeen! \u261b Tutustu tuotteeseen ja tilaa k\u00e4tev\u00e4sti STORIT-verkkokaupasta!\" \/>\n<meta property=\"og:url\" content=\"https:\/\/storitgroup.com\/fi\/tuote\/kuljetusalusta-zd-400b-820-x-620-x-150mm-zn-saleikko\/\" \/>\n<meta property=\"og:site_name\" content=\"Storit\" \/>\n<meta property=\"article:modified_time\" content=\"2026-04-03T17:46:53+00:00\" \/>\n<meta property=\"og:image\" content=\"https:\/\/storitgroup.com\/uploads\/2021\/03\/kastikaru-zd-400b-zn-1.jpg\" \/>\n\t<meta property=\"og:image:width\" content=\"960\" \/>\n\t<meta property=\"og:image:height\" content=\"960\" \/>\n\t<meta property=\"og:image:type\" content=\"image\/jpeg\" \/>\n<meta name=\"twitter:card\" content=\"summary_large_image\" \/>\n<script type=\"application\/ld+json\" class=\"yoast-schema-graph\">{\"@context\":\"https:\/\/schema.org\",\"@graph\":[{\"@type\":[\"WebPage\",\"ItemPage\"],\"@id\":\"https:\/\/storitgroup.com\/fi\/tuote\/kuljetusalusta-zd-400b-820-x-620-x-150mm-zn-saleikko\/\",\"url\":\"https:\/\/storitgroup.com\/fi\/tuote\/kuljetusalusta-zd-400b-820-x-620-x-150mm-zn-saleikko\/\",\"name\":\"Kuljetusalusta ZD 400B, 820 x 620 x 150mm, Zn s\u00e4leikk\u00f6 &#8226; Storit\",\"isPartOf\":{\"@id\":\"https:\/\/storitgroup.com\/fi\/#website\"},\"primaryImageOfPage\":{\"@id\":\"https:\/\/storitgroup.com\/fi\/tuote\/kuljetusalusta-zd-400b-820-x-620-x-150mm-zn-saleikko\/#primaryimage\"},\"image\":{\"@id\":\"https:\/\/storitgroup.com\/fi\/tuote\/kuljetusalusta-zd-400b-820-x-620-x-150mm-zn-saleikko\/#primaryimage\"},\"thumbnailUrl\":\"https:\/\/storitgroup.com\/uploads\/2021\/03\/kastikaru-zd-400b-zn-1.jpg\",\"datePublished\":\"2021-03-19T00:49:45+00:00\",\"dateModified\":\"2026-04-03T17:46:53+00:00\",\"description\":\"Kuljetusalusta ZD 400B, 820 x 620 x 150mm, Zn s\u00e4leikk\u00f6 \u2014 kohtuulliseen hintaan. Toimitukset kaikkialle Suomeen! \u261b Tutustu tuotteeseen ja tilaa k\u00e4tev\u00e4sti STORIT-verkkokaupasta!\",\"breadcrumb\":{\"@id\":\"https:\/\/storitgroup.com\/fi\/tuote\/kuljetusalusta-zd-400b-820-x-620-x-150mm-zn-saleikko\/#breadcrumb\"},\"inLanguage\":\"fi\",\"potentialAction\":[{\"@type\":\"ReadAction\",\"target\":[\"https:\/\/storitgroup.com\/fi\/tuote\/kuljetusalusta-zd-400b-820-x-620-x-150mm-zn-saleikko\/\"]}]},{\"@type\":\"ImageObject\",\"inLanguage\":\"fi\",\"@id\":\"https:\/\/storitgroup.com\/fi\/tuote\/kuljetusalusta-zd-400b-820-x-620-x-150mm-zn-saleikko\/#primaryimage\",\"url\":\"https:\/\/storitgroup.com\/uploads\/2021\/03\/kastikaru-zd-400b-zn-1.jpg\",\"contentUrl\":\"https:\/\/storitgroup.com\/uploads\/2021\/03\/kastikaru-zd-400b-zn-1.jpg\",\"width\":960,\"height\":960},{\"@type\":\"BreadcrumbList\",\"@id\":\"https:\/\/storitgroup.com\/fi\/tuote\/kuljetusalusta-zd-400b-820-x-620-x-150mm-zn-saleikko\/#breadcrumb\",\"itemListElement\":[{\"@type\":\"ListItem\",\"position\":1,\"name\":\"Kotisivu\",\"item\":\"https:\/\/storitgroup.com\/fi\/\"},{\"@type\":\"ListItem\",\"position\":2,\"name\":\"Tuotteet\",\"item\":\"https:\/\/storitgroup.com\/fi\/tuotteet\/\"},{\"@type\":\"ListItem\",\"position\":3,\"name\":\"Varastovaunut, py\u00f6r\u00e4t\",\"item\":\"https:\/\/storitgroup.com\/fi\/varastovaunut-pyorat\/\"},{\"@type\":\"ListItem\",\"position\":4,\"name\":\"Laatikkovaunut, lavak\u00e4rryt\",\"item\":\"https:\/\/storitgroup.com\/fi\/varastovaunut-pyorat\/laatikkovaunut-lavakarryt\/\"},{\"@type\":\"ListItem\",\"position\":5,\"name\":\"Kuljetusalusta ZD 400B, 820 x 620 x 150mm, Zn s\u00e4leikk\u00f6\"}]},{\"@type\":\"WebSite\",\"@id\":\"https:\/\/storitgroup.com\/fi\/#website\",\"url\":\"https:\/\/storitgroup.com\/fi\/\",\"name\":\"Storit\",\"description\":\"\",\"potentialAction\":[{\"@type\":\"SearchAction\",\"target\":{\"@type\":\"EntryPoint\",\"urlTemplate\":\"https:\/\/storitgroup.com\/fi\/?s={search_term_string}\"},\"query-input\":{\"@type\":\"PropertyValueSpecification\",\"valueRequired\":true,\"valueName\":\"search_term_string\"}}],\"inLanguage\":\"fi\"}]}<\/script>\n<!-- \/ Yoast SEO plugin. -->","yoast_head_json":{"title":"Kuljetusalusta ZD 400B, 820 x 620 x 150mm, Zn s\u00e4leikk\u00f6 &#8226; Storit","description":"Kuljetusalusta ZD 400B, 820 x 620 x 150mm, Zn s\u00e4leikk\u00f6 \u2014 kohtuulliseen hintaan. Toimitukset kaikkialle Suomeen! \u261b Tutustu tuotteeseen ja tilaa k\u00e4tev\u00e4sti STORIT-verkkokaupasta!","robots":{"index":"index","follow":"follow","max-snippet":"max-snippet:-1","max-image-preview":"max-image-preview:large","max-video-preview":"max-video-preview:-1"},"canonical":"https:\/\/storitgroup.com\/fi\/tuote\/kuljetusalusta-zd-400b-820-x-620-x-150mm-zn-saleikko\/","og_locale":"fi_FI","og_type":"article","og_title":"Kuljetusalusta ZD 400B, 820 x 620 x 150mm, Zn s\u00e4leikk\u00f6 &#8226; Storit","og_description":"Kuljetusalusta ZD 400B, 820 x 620 x 150mm, Zn s\u00e4leikk\u00f6 \u2014 kohtuulliseen hintaan. Toimitukset kaikkialle Suomeen! \u261b Tutustu tuotteeseen ja tilaa k\u00e4tev\u00e4sti STORIT-verkkokaupasta!","og_url":"https:\/\/storitgroup.com\/fi\/tuote\/kuljetusalusta-zd-400b-820-x-620-x-150mm-zn-saleikko\/","og_site_name":"Storit","article_modified_time":"2026-04-03T17:46:53+00:00","og_image":[{"width":960,"height":960,"url":"https:\/\/storitgroup.com\/uploads\/2021\/03\/kastikaru-zd-400b-zn-1.jpg","type":"image\/jpeg"}],"twitter_card":"summary_large_image","schema":{"@context":"https:\/\/schema.org","@graph":[{"@type":["WebPage","ItemPage"],"@id":"https:\/\/storitgroup.com\/fi\/tuote\/kuljetusalusta-zd-400b-820-x-620-x-150mm-zn-saleikko\/","url":"https:\/\/storitgroup.com\/fi\/tuote\/kuljetusalusta-zd-400b-820-x-620-x-150mm-zn-saleikko\/","name":"Kuljetusalusta ZD 400B, 820 x 620 x 150mm, Zn s\u00e4leikk\u00f6 &#8226; Storit","isPartOf":{"@id":"https:\/\/storitgroup.com\/fi\/#website"},"primaryImageOfPage":{"@id":"https:\/\/storitgroup.com\/fi\/tuote\/kuljetusalusta-zd-400b-820-x-620-x-150mm-zn-saleikko\/#primaryimage"},"image":{"@id":"https:\/\/storitgroup.com\/fi\/tuote\/kuljetusalusta-zd-400b-820-x-620-x-150mm-zn-saleikko\/#primaryimage"},"thumbnailUrl":"https:\/\/storitgroup.com\/uploads\/2021\/03\/kastikaru-zd-400b-zn-1.jpg","datePublished":"2021-03-19T00:49:45+00:00","dateModified":"2026-04-03T17:46:53+00:00","description":"Kuljetusalusta ZD 400B, 820 x 620 x 150mm, Zn s\u00e4leikk\u00f6 \u2014 kohtuulliseen hintaan. Toimitukset kaikkialle Suomeen! \u261b Tutustu tuotteeseen ja tilaa k\u00e4tev\u00e4sti STORIT-verkkokaupasta!","breadcrumb":{"@id":"https:\/\/storitgroup.com\/fi\/tuote\/kuljetusalusta-zd-400b-820-x-620-x-150mm-zn-saleikko\/#breadcrumb"},"inLanguage":"fi","potentialAction":[{"@type":"ReadAction","target":["https:\/\/storitgroup.com\/fi\/tuote\/kuljetusalusta-zd-400b-820-x-620-x-150mm-zn-saleikko\/"]}]},{"@type":"ImageObject","inLanguage":"fi","@id":"https:\/\/storitgroup.com\/fi\/tuote\/kuljetusalusta-zd-400b-820-x-620-x-150mm-zn-saleikko\/#primaryimage","url":"https:\/\/storitgroup.com\/uploads\/2021\/03\/kastikaru-zd-400b-zn-1.jpg","contentUrl":"https:\/\/storitgroup.com\/uploads\/2021\/03\/kastikaru-zd-400b-zn-1.jpg","width":960,"height":960},{"@type":"BreadcrumbList","@id":"https:\/\/storitgroup.com\/fi\/tuote\/kuljetusalusta-zd-400b-820-x-620-x-150mm-zn-saleikko\/#breadcrumb","itemListElement":[{"@type":"ListItem","position":1,"name":"Kotisivu","item":"https:\/\/storitgroup.com\/fi\/"},{"@type":"ListItem","position":2,"name":"Tuotteet","item":"https:\/\/storitgroup.com\/fi\/tuotteet\/"},{"@type":"ListItem","position":3,"name":"Varastovaunut, py\u00f6r\u00e4t","item":"https:\/\/storitgroup.com\/fi\/varastovaunut-pyorat\/"},{"@type":"ListItem","position":4,"name":"Laatikkovaunut, lavak\u00e4rryt","item":"https:\/\/storitgroup.com\/fi\/varastovaunut-pyorat\/laatikkovaunut-lavakarryt\/"},{"@type":"ListItem","position":5,"name":"Kuljetusalusta ZD 400B, 820 x 620 x 150mm, Zn s\u00e4leikk\u00f6"}]},{"@type":"WebSite","@id":"https:\/\/storitgroup.com\/fi\/#website","url":"https:\/\/storitgroup.com\/fi\/","name":"Storit","description":"","potentialAction":[{"@type":"SearchAction","target":{"@type":"EntryPoint","urlTemplate":"https:\/\/storitgroup.com\/fi\/?s={search_term_string}"},"query-input":{"@type":"PropertyValueSpecification","valueRequired":true,"valueName":"search_term_string"}}],"inLanguage":"fi"}]}},"_links":{"self":[{"href":"https:\/\/storitgroup.com\/fi\/wp-json\/wp\/v2\/product\/13975","targetHints":{"allow":["GET"]}}],"collection":[{"href":"https:\/\/storitgroup.com\/fi\/wp-json\/wp\/v2\/product"}],"about":[{"href":"https:\/\/storitgroup.com\/fi\/wp-json\/wp\/v2\/types\/product"}],"wp:featuredmedia":[{"embeddable":true,"href":"https:\/\/storitgroup.com\/fi\/wp-json\/wp\/v2\/media\/21424"}],"wp:attachment":[{"href":"https:\/\/storitgroup.com\/fi\/wp-json\/wp\/v2\/media?parent=13975"}],"wp:term":[{"taxonomy":"product_brand","embeddable":true,"href":"https:\/\/storitgroup.com\/fi\/wp-json\/wp\/v2\/product_brand?post=13975"},{"taxonomy":"product_cat","embeddable":true,"href":"https:\/\/storitgroup.com\/fi\/wp-json\/wp\/v2\/product_cat?post=13975"},{"taxonomy":"product_tag","embeddable":true,"href":"https:\/\/storitgroup.com\/fi\/wp-json\/wp\/v2\/product_tag?post=13975"}],"curies":[{"name":"wp","href":"https:\/\/api.w.org\/{rel}","templated":true}]}}