{"id":13941,"date":"2021-03-19T00:49:26","date_gmt":"2021-03-19T00:49:26","guid":{"rendered":"https:\/\/storitgroup.com\/?post_type=product&#038;p=13941"},"modified":"2026-04-03T20:46:39","modified_gmt":"2026-04-03T17:46:39","slug":"lavavaunun-pk-310-paatyseina","status":"publish","type":"product","link":"https:\/\/storitgroup.com\/fi\/tuote\/lavavaunun-pk-310-paatyseina\/","title":{"rendered":"Lavavaunun PK 310 p\u00e4\u00e4tysein\u00e4"},"content":{"rendered":"<p>B0045  Mallille PK 310.     PK 300-sarja lavavaunun p\u00e4\u00e4tysein\u00e4t:        Koodi  Mallille  (koodille)  Hinta  (alv 0%)      B0045  PK 310 (B0041)  29.-      B0046  PK 320 (B0042)  31.-      B0047  PK 330 (B0043)  24.-      B0048  PK 340 (B0044)  38.-<\/p>\n","protected":false},"excerpt":{"rendered":"<p>B0045  Mallille PK 310.     PK 300-sarja lavavaunun p\u00e4\u00e4tysein\u00e4t:        Koodi  Mallille  (koodille)  Hinta  (alv 0%)      B0045  PK 310 (B0041)  29.-      B0046  PK 320 (B0042)  31.-      B0047  PK 330 (B0043)  24.-      B0048  PK 340 (B0044)  38.-<\/p>\n","protected":false},"featured_media":37297,"template":"","meta":{"_acf_changed":false},"product_brand":[],"product_cat":[7080],"product_tag":[],"class_list":{"0":"post-13941","1":"product","2":"type-product","3":"status-publish","4":"has-post-thumbnail","6":"product_room-pieni-varasto","7":"product_room-kuljetus-ja-logistiikka","8":"product_room-arkisto-museo","9":"product_room-kokoonpano-ja-keraily","10":"product_room-kaupankaynti-ja-myymalat","11":"product_room-pakkaus","12":"product_room-iso-varasto","13":"product_cat-tasovaunut-hyllykarryt","15":"first","16":"instock","17":"taxable","18":"shipping-taxable","19":"purchasable","20":"product-type-simple"},"acf":[],"yoast_head":"<!-- This site is optimized with the Yoast SEO plugin v27.2 - https:\/\/yoast.com\/product\/yoast-seo-wordpress\/ -->\n<title>Lavavaunun PK 310 p\u00e4\u00e4tysein\u00e4 &#8226; Storit<\/title>\n<meta name=\"description\" content=\"Lavavaunun PK 310 p\u00e4\u00e4tysein\u00e4 \u2014 kohtuulliseen hintaan. Toimitukset kaikkialle Suomeen! \u261b Tutustu tuotteeseen ja tilaa k\u00e4tev\u00e4sti STORIT-verkkokaupasta!\" \/>\n<meta name=\"robots\" content=\"index, follow, max-snippet:-1, max-image-preview:large, max-video-preview:-1\" \/>\n<link rel=\"canonical\" href=\"https:\/\/storitgroup.com\/fi\/tuote\/lavavaunun-pk-310-paatyseina\/\" \/>\n<meta property=\"og:locale\" content=\"fi_FI\" \/>\n<meta property=\"og:type\" content=\"article\" \/>\n<meta property=\"og:title\" content=\"Lavavaunun PK 310 p\u00e4\u00e4tysein\u00e4 &#8226; Storit\" \/>\n<meta property=\"og:description\" content=\"Lavavaunun PK 310 p\u00e4\u00e4tysein\u00e4 \u2014 kohtuulliseen hintaan. Toimitukset kaikkialle Suomeen! \u261b Tutustu tuotteeseen ja tilaa k\u00e4tev\u00e4sti STORIT-verkkokaupasta!\" \/>\n<meta property=\"og:url\" content=\"https:\/\/storitgroup.com\/fi\/tuote\/lavavaunun-pk-310-paatyseina\/\" \/>\n<meta property=\"og:site_name\" content=\"Storit\" \/>\n<meta property=\"article:modified_time\" content=\"2026-04-03T17:46:39+00:00\" \/>\n<meta property=\"og:image\" content=\"https:\/\/storitgroup.com\/uploads\/2021\/06\/platvormkaru-otsavore-koos-kaepidemega-1-scaled-2.jpg\" \/>\n\t<meta property=\"og:image:width\" content=\"2560\" \/>\n\t<meta property=\"og:image:height\" content=\"2560\" \/>\n\t<meta property=\"og:image:type\" content=\"image\/jpeg\" \/>\n<meta name=\"twitter:card\" content=\"summary_large_image\" \/>\n<script type=\"application\/ld+json\" class=\"yoast-schema-graph\">{\"@context\":\"https:\/\/schema.org\",\"@graph\":[{\"@type\":[\"WebPage\",\"ItemPage\"],\"@id\":\"https:\/\/storitgroup.com\/fi\/tuote\/lavavaunun-pk-310-paatyseina\/\",\"url\":\"https:\/\/storitgroup.com\/fi\/tuote\/lavavaunun-pk-310-paatyseina\/\",\"name\":\"Lavavaunun PK 310 p\u00e4\u00e4tysein\u00e4 &#8226; Storit\",\"isPartOf\":{\"@id\":\"https:\/\/storitgroup.com\/fi\/#website\"},\"primaryImageOfPage\":{\"@id\":\"https:\/\/storitgroup.com\/fi\/tuote\/lavavaunun-pk-310-paatyseina\/#primaryimage\"},\"image\":{\"@id\":\"https:\/\/storitgroup.com\/fi\/tuote\/lavavaunun-pk-310-paatyseina\/#primaryimage\"},\"thumbnailUrl\":\"https:\/\/storitgroup.com\/uploads\/2021\/06\/platvormkaru-otsavore-koos-kaepidemega-1-scaled-2.jpg\",\"datePublished\":\"2021-03-19T00:49:26+00:00\",\"dateModified\":\"2026-04-03T17:46:39+00:00\",\"description\":\"Lavavaunun PK 310 p\u00e4\u00e4tysein\u00e4 \u2014 kohtuulliseen hintaan. Toimitukset kaikkialle Suomeen! \u261b Tutustu tuotteeseen ja tilaa k\u00e4tev\u00e4sti STORIT-verkkokaupasta!\",\"breadcrumb\":{\"@id\":\"https:\/\/storitgroup.com\/fi\/tuote\/lavavaunun-pk-310-paatyseina\/#breadcrumb\"},\"inLanguage\":\"fi\",\"potentialAction\":[{\"@type\":\"ReadAction\",\"target\":[\"https:\/\/storitgroup.com\/fi\/tuote\/lavavaunun-pk-310-paatyseina\/\"]}]},{\"@type\":\"ImageObject\",\"inLanguage\":\"fi\",\"@id\":\"https:\/\/storitgroup.com\/fi\/tuote\/lavavaunun-pk-310-paatyseina\/#primaryimage\",\"url\":\"https:\/\/storitgroup.com\/uploads\/2021\/06\/platvormkaru-otsavore-koos-kaepidemega-1-scaled-2.jpg\",\"contentUrl\":\"https:\/\/storitgroup.com\/uploads\/2021\/06\/platvormkaru-otsavore-koos-kaepidemega-1-scaled-2.jpg\",\"width\":2560,\"height\":2560},{\"@type\":\"BreadcrumbList\",\"@id\":\"https:\/\/storitgroup.com\/fi\/tuote\/lavavaunun-pk-310-paatyseina\/#breadcrumb\",\"itemListElement\":[{\"@type\":\"ListItem\",\"position\":1,\"name\":\"Kotisivu\",\"item\":\"https:\/\/storitgroup.com\/fi\/\"},{\"@type\":\"ListItem\",\"position\":2,\"name\":\"Tuotteet\",\"item\":\"https:\/\/storitgroup.com\/fi\/tuotteet\/\"},{\"@type\":\"ListItem\",\"position\":3,\"name\":\"Varastovaunut, py\u00f6r\u00e4t\",\"item\":\"https:\/\/storitgroup.com\/fi\/varastovaunut-pyorat\/\"},{\"@type\":\"ListItem\",\"position\":4,\"name\":\"Tasovaunut, hyllyk\u00e4rryt\",\"item\":\"https:\/\/storitgroup.com\/fi\/varastovaunut-pyorat\/tasovaunut-hyllykarryt\/\"},{\"@type\":\"ListItem\",\"position\":5,\"name\":\"Lavavaunun PK 310 p\u00e4\u00e4tysein\u00e4\"}]},{\"@type\":\"WebSite\",\"@id\":\"https:\/\/storitgroup.com\/fi\/#website\",\"url\":\"https:\/\/storitgroup.com\/fi\/\",\"name\":\"Storit\",\"description\":\"\",\"potentialAction\":[{\"@type\":\"SearchAction\",\"target\":{\"@type\":\"EntryPoint\",\"urlTemplate\":\"https:\/\/storitgroup.com\/fi\/?s={search_term_string}\"},\"query-input\":{\"@type\":\"PropertyValueSpecification\",\"valueRequired\":true,\"valueName\":\"search_term_string\"}}],\"inLanguage\":\"fi\"}]}<\/script>\n<!-- \/ Yoast SEO plugin. -->","yoast_head_json":{"title":"Lavavaunun PK 310 p\u00e4\u00e4tysein\u00e4 &#8226; Storit","description":"Lavavaunun PK 310 p\u00e4\u00e4tysein\u00e4 \u2014 kohtuulliseen hintaan. Toimitukset kaikkialle Suomeen! \u261b Tutustu tuotteeseen ja tilaa k\u00e4tev\u00e4sti STORIT-verkkokaupasta!","robots":{"index":"index","follow":"follow","max-snippet":"max-snippet:-1","max-image-preview":"max-image-preview:large","max-video-preview":"max-video-preview:-1"},"canonical":"https:\/\/storitgroup.com\/fi\/tuote\/lavavaunun-pk-310-paatyseina\/","og_locale":"fi_FI","og_type":"article","og_title":"Lavavaunun PK 310 p\u00e4\u00e4tysein\u00e4 &#8226; Storit","og_description":"Lavavaunun PK 310 p\u00e4\u00e4tysein\u00e4 \u2014 kohtuulliseen hintaan. Toimitukset kaikkialle Suomeen! \u261b Tutustu tuotteeseen ja tilaa k\u00e4tev\u00e4sti STORIT-verkkokaupasta!","og_url":"https:\/\/storitgroup.com\/fi\/tuote\/lavavaunun-pk-310-paatyseina\/","og_site_name":"Storit","article_modified_time":"2026-04-03T17:46:39+00:00","og_image":[{"width":2560,"height":2560,"url":"https:\/\/storitgroup.com\/uploads\/2021\/06\/platvormkaru-otsavore-koos-kaepidemega-1-scaled-2.jpg","type":"image\/jpeg"}],"twitter_card":"summary_large_image","schema":{"@context":"https:\/\/schema.org","@graph":[{"@type":["WebPage","ItemPage"],"@id":"https:\/\/storitgroup.com\/fi\/tuote\/lavavaunun-pk-310-paatyseina\/","url":"https:\/\/storitgroup.com\/fi\/tuote\/lavavaunun-pk-310-paatyseina\/","name":"Lavavaunun PK 310 p\u00e4\u00e4tysein\u00e4 &#8226; Storit","isPartOf":{"@id":"https:\/\/storitgroup.com\/fi\/#website"},"primaryImageOfPage":{"@id":"https:\/\/storitgroup.com\/fi\/tuote\/lavavaunun-pk-310-paatyseina\/#primaryimage"},"image":{"@id":"https:\/\/storitgroup.com\/fi\/tuote\/lavavaunun-pk-310-paatyseina\/#primaryimage"},"thumbnailUrl":"https:\/\/storitgroup.com\/uploads\/2021\/06\/platvormkaru-otsavore-koos-kaepidemega-1-scaled-2.jpg","datePublished":"2021-03-19T00:49:26+00:00","dateModified":"2026-04-03T17:46:39+00:00","description":"Lavavaunun PK 310 p\u00e4\u00e4tysein\u00e4 \u2014 kohtuulliseen hintaan. Toimitukset kaikkialle Suomeen! \u261b Tutustu tuotteeseen ja tilaa k\u00e4tev\u00e4sti STORIT-verkkokaupasta!","breadcrumb":{"@id":"https:\/\/storitgroup.com\/fi\/tuote\/lavavaunun-pk-310-paatyseina\/#breadcrumb"},"inLanguage":"fi","potentialAction":[{"@type":"ReadAction","target":["https:\/\/storitgroup.com\/fi\/tuote\/lavavaunun-pk-310-paatyseina\/"]}]},{"@type":"ImageObject","inLanguage":"fi","@id":"https:\/\/storitgroup.com\/fi\/tuote\/lavavaunun-pk-310-paatyseina\/#primaryimage","url":"https:\/\/storitgroup.com\/uploads\/2021\/06\/platvormkaru-otsavore-koos-kaepidemega-1-scaled-2.jpg","contentUrl":"https:\/\/storitgroup.com\/uploads\/2021\/06\/platvormkaru-otsavore-koos-kaepidemega-1-scaled-2.jpg","width":2560,"height":2560},{"@type":"BreadcrumbList","@id":"https:\/\/storitgroup.com\/fi\/tuote\/lavavaunun-pk-310-paatyseina\/#breadcrumb","itemListElement":[{"@type":"ListItem","position":1,"name":"Kotisivu","item":"https:\/\/storitgroup.com\/fi\/"},{"@type":"ListItem","position":2,"name":"Tuotteet","item":"https:\/\/storitgroup.com\/fi\/tuotteet\/"},{"@type":"ListItem","position":3,"name":"Varastovaunut, py\u00f6r\u00e4t","item":"https:\/\/storitgroup.com\/fi\/varastovaunut-pyorat\/"},{"@type":"ListItem","position":4,"name":"Tasovaunut, hyllyk\u00e4rryt","item":"https:\/\/storitgroup.com\/fi\/varastovaunut-pyorat\/tasovaunut-hyllykarryt\/"},{"@type":"ListItem","position":5,"name":"Lavavaunun PK 310 p\u00e4\u00e4tysein\u00e4"}]},{"@type":"WebSite","@id":"https:\/\/storitgroup.com\/fi\/#website","url":"https:\/\/storitgroup.com\/fi\/","name":"Storit","description":"","potentialAction":[{"@type":"SearchAction","target":{"@type":"EntryPoint","urlTemplate":"https:\/\/storitgroup.com\/fi\/?s={search_term_string}"},"query-input":{"@type":"PropertyValueSpecification","valueRequired":true,"valueName":"search_term_string"}}],"inLanguage":"fi"}]}},"_links":{"self":[{"href":"https:\/\/storitgroup.com\/fi\/wp-json\/wp\/v2\/product\/13941","targetHints":{"allow":["GET"]}}],"collection":[{"href":"https:\/\/storitgroup.com\/fi\/wp-json\/wp\/v2\/product"}],"about":[{"href":"https:\/\/storitgroup.com\/fi\/wp-json\/wp\/v2\/types\/product"}],"wp:featuredmedia":[{"embeddable":true,"href":"https:\/\/storitgroup.com\/fi\/wp-json\/wp\/v2\/media\/37297"}],"wp:attachment":[{"href":"https:\/\/storitgroup.com\/fi\/wp-json\/wp\/v2\/media?parent=13941"}],"wp:term":[{"taxonomy":"product_brand","embeddable":true,"href":"https:\/\/storitgroup.com\/fi\/wp-json\/wp\/v2\/product_brand?post=13941"},{"taxonomy":"product_cat","embeddable":true,"href":"https:\/\/storitgroup.com\/fi\/wp-json\/wp\/v2\/product_cat?post=13941"},{"taxonomy":"product_tag","embeddable":true,"href":"https:\/\/storitgroup.com\/fi\/wp-json\/wp\/v2\/product_tag?post=13941"}],"curies":[{"name":"wp","href":"https:\/\/api.w.org\/{rel}","templated":true}]}}