{"id":13924,"date":"2021-03-19T00:49:18","date_gmt":"2021-03-19T00:49:18","guid":{"rendered":"https:\/\/storitgroup.com\/?post_type=product&#038;p=13924"},"modified":"2026-04-21T13:36:59","modified_gmt":"2026-04-21T10:36:59","slug":"potkupyora-lavalla","status":"publish","type":"product","link":"https:\/\/storitgroup.com\/fi\/tuote\/potkupyora-lavalla\/","title":{"rendered":"Potkupy\u00f6r\u00e4 lavalla"},"content":{"rendered":"<p>B0052  kantavuus: 150 kg<br \/>  lava: 690 x 585 mm (pl)<br \/>  tavaratila harmaata laminaattia, jossa muovinen reunalista ja irroitettava ter\u00e4sputkikaide<br \/>  luistamaton jalkataso<br \/>  py\u00f6r\u00e4t:\u00a0\u00d8 200 mm, umpikumi, laakeroitua<br \/>  k\u00e4\u00e4nt\u00f6s\u00e4de: 1200 mm<br \/>  varustettu jalkajarrulla ja etupy\u00f6r\u00e4ohjauksella<br \/>  v\u00e4ri: sininen<br \/>  k\u00e4ytett\u00e4v\u00e4ksi sis\u00e4tiloissa.<\/p>\n","protected":false},"excerpt":{"rendered":"<p>B0052  kantavuus: 150 kg<br \/>\n  lava: 690 x 585 mm (pl)<br \/>\n  tavaratila harmaata laminaattia, jossa muovinen reunalista ja irroitettava ter\u00e4sputkikaide<\/p>\n","protected":false},"featured_media":35255,"template":"","meta":{"_acf_changed":false},"product_brand":[],"product_cat":[7086],"product_tag":[],"class_list":{"0":"post-13924","1":"product","2":"type-product","3":"status-publish","4":"has-post-thumbnail","6":"product_room-iso-varasto","7":"product_room-kuljetus-ja-logistiikka","8":"product_cat-skootterit-tasolla","10":"first","11":"onbackorder","12":"taxable","13":"shipping-taxable","14":"purchasable","15":"product-type-simple"},"acf":[],"yoast_head":"<!-- This site is optimized with the Yoast SEO plugin v27.4 - https:\/\/yoast.com\/product\/yoast-seo-wordpress\/ -->\n<title>Potkupy\u00f6r\u00e4 lavalla &#8226; Storit<\/title>\n<meta name=\"description\" content=\"Potkupy\u00f6r\u00e4 lavalla \u2014 kohtuulliseen hintaan. Toimitukset kaikkialle Suomeen! \u261b Tutustu tuotteeseen ja tilaa k\u00e4tev\u00e4sti STORIT-verkkokaupasta!\" \/>\n<meta name=\"robots\" content=\"index, follow, max-snippet:-1, max-image-preview:large, max-video-preview:-1\" \/>\n<link rel=\"canonical\" href=\"https:\/\/storitgroup.com\/fi\/tuote\/potkupyora-lavalla\/\" \/>\n<meta property=\"og:locale\" content=\"fi_FI\" \/>\n<meta property=\"og:type\" content=\"article\" \/>\n<meta property=\"og:title\" content=\"Potkupy\u00f6r\u00e4 lavalla &#8226; Storit\" \/>\n<meta property=\"og:description\" content=\"Potkupy\u00f6r\u00e4 lavalla \u2014 kohtuulliseen hintaan. Toimitukset kaikkialle Suomeen! \u261b Tutustu tuotteeseen ja tilaa k\u00e4tev\u00e4sti STORIT-verkkokaupasta!\" \/>\n<meta property=\"og:url\" content=\"https:\/\/storitgroup.com\/fi\/tuote\/potkupyora-lavalla\/\" \/>\n<meta property=\"og:site_name\" content=\"Storit\" \/>\n<meta property=\"article:modified_time\" content=\"2026-04-21T10:36:59+00:00\" \/>\n<meta property=\"og:image\" content=\"https:\/\/storitgroup.com\/uploads\/2021\/03\/platvormiga-toukeratas-1-1.jpg\" \/>\n\t<meta property=\"og:image:width\" content=\"1348\" \/>\n\t<meta property=\"og:image:height\" content=\"1348\" \/>\n\t<meta property=\"og:image:type\" content=\"image\/jpeg\" \/>\n<meta name=\"twitter:card\" content=\"summary_large_image\" \/>\n<script type=\"application\/ld+json\" class=\"yoast-schema-graph\">{\"@context\":\"https:\\\/\\\/schema.org\",\"@graph\":[{\"@type\":[\"WebPage\",\"ItemPage\"],\"@id\":\"https:\\\/\\\/storitgroup.com\\\/fi\\\/tuote\\\/potkupyora-lavalla\\\/\",\"url\":\"https:\\\/\\\/storitgroup.com\\\/fi\\\/tuote\\\/potkupyora-lavalla\\\/\",\"name\":\"Potkupy\u00f6r\u00e4 lavalla &#8226; Storit\",\"isPartOf\":{\"@id\":\"https:\\\/\\\/storitgroup.com\\\/fi\\\/#website\"},\"primaryImageOfPage\":{\"@id\":\"https:\\\/\\\/storitgroup.com\\\/fi\\\/tuote\\\/potkupyora-lavalla\\\/#primaryimage\"},\"image\":{\"@id\":\"https:\\\/\\\/storitgroup.com\\\/fi\\\/tuote\\\/potkupyora-lavalla\\\/#primaryimage\"},\"thumbnailUrl\":\"https:\\\/\\\/storitgroup.com\\\/uploads\\\/2021\\\/03\\\/platvormiga-toukeratas-1-1.jpg\",\"datePublished\":\"2021-03-19T00:49:18+00:00\",\"dateModified\":\"2026-04-21T10:36:59+00:00\",\"description\":\"Potkupy\u00f6r\u00e4 lavalla \u2014 kohtuulliseen hintaan. Toimitukset kaikkialle Suomeen! \u261b Tutustu tuotteeseen ja tilaa k\u00e4tev\u00e4sti STORIT-verkkokaupasta!\",\"breadcrumb\":{\"@id\":\"https:\\\/\\\/storitgroup.com\\\/fi\\\/tuote\\\/potkupyora-lavalla\\\/#breadcrumb\"},\"inLanguage\":\"fi\",\"potentialAction\":[{\"@type\":\"ReadAction\",\"target\":[\"https:\\\/\\\/storitgroup.com\\\/fi\\\/tuote\\\/potkupyora-lavalla\\\/\"]}]},{\"@type\":\"ImageObject\",\"inLanguage\":\"fi\",\"@id\":\"https:\\\/\\\/storitgroup.com\\\/fi\\\/tuote\\\/potkupyora-lavalla\\\/#primaryimage\",\"url\":\"https:\\\/\\\/storitgroup.com\\\/uploads\\\/2021\\\/03\\\/platvormiga-toukeratas-1-1.jpg\",\"contentUrl\":\"https:\\\/\\\/storitgroup.com\\\/uploads\\\/2021\\\/03\\\/platvormiga-toukeratas-1-1.jpg\",\"width\":1348,\"height\":1348},{\"@type\":\"BreadcrumbList\",\"@id\":\"https:\\\/\\\/storitgroup.com\\\/fi\\\/tuote\\\/potkupyora-lavalla\\\/#breadcrumb\",\"itemListElement\":[{\"@type\":\"ListItem\",\"position\":1,\"name\":\"Kotisivu\",\"item\":\"https:\\\/\\\/storitgroup.com\\\/fi\\\/\"},{\"@type\":\"ListItem\",\"position\":2,\"name\":\"Tuotteet\",\"item\":\"https:\\\/\\\/storitgroup.com\\\/fi\\\/tuotteet\\\/\"},{\"@type\":\"ListItem\",\"position\":3,\"name\":\"Varastovaunut, py\u00f6r\u00e4t\",\"item\":\"https:\\\/\\\/storitgroup.com\\\/fi\\\/tuotteet\\\/varastovaunut-pyorat\\\/\"},{\"@type\":\"ListItem\",\"position\":4,\"name\":\"Skootterit tasolla\",\"item\":\"https:\\\/\\\/storitgroup.com\\\/fi\\\/tuotteet\\\/varastovaunut-pyorat\\\/skootterit-tasolla\\\/\"},{\"@type\":\"ListItem\",\"position\":5,\"name\":\"Potkupy\u00f6r\u00e4 lavalla\"}]},{\"@type\":\"WebSite\",\"@id\":\"https:\\\/\\\/storitgroup.com\\\/fi\\\/#website\",\"url\":\"https:\\\/\\\/storitgroup.com\\\/fi\\\/\",\"name\":\"Storit\",\"description\":\"\",\"potentialAction\":[{\"@type\":\"SearchAction\",\"target\":{\"@type\":\"EntryPoint\",\"urlTemplate\":\"https:\\\/\\\/storitgroup.com\\\/fi\\\/?s={search_term_string}\"},\"query-input\":{\"@type\":\"PropertyValueSpecification\",\"valueRequired\":true,\"valueName\":\"search_term_string\"}}],\"inLanguage\":\"fi\"}]}<\/script>\n<!-- \/ Yoast SEO plugin. -->","yoast_head_json":{"title":"Potkupy\u00f6r\u00e4 lavalla &#8226; Storit","description":"Potkupy\u00f6r\u00e4 lavalla \u2014 kohtuulliseen hintaan. Toimitukset kaikkialle Suomeen! \u261b Tutustu tuotteeseen ja tilaa k\u00e4tev\u00e4sti STORIT-verkkokaupasta!","robots":{"index":"index","follow":"follow","max-snippet":"max-snippet:-1","max-image-preview":"max-image-preview:large","max-video-preview":"max-video-preview:-1"},"canonical":"https:\/\/storitgroup.com\/fi\/tuote\/potkupyora-lavalla\/","og_locale":"fi_FI","og_type":"article","og_title":"Potkupy\u00f6r\u00e4 lavalla &#8226; Storit","og_description":"Potkupy\u00f6r\u00e4 lavalla \u2014 kohtuulliseen hintaan. Toimitukset kaikkialle Suomeen! \u261b Tutustu tuotteeseen ja tilaa k\u00e4tev\u00e4sti STORIT-verkkokaupasta!","og_url":"https:\/\/storitgroup.com\/fi\/tuote\/potkupyora-lavalla\/","og_site_name":"Storit","article_modified_time":"2026-04-21T10:36:59+00:00","og_image":[{"width":1348,"height":1348,"url":"https:\/\/storitgroup.com\/uploads\/2021\/03\/platvormiga-toukeratas-1-1.jpg","type":"image\/jpeg"}],"twitter_card":"summary_large_image","schema":{"@context":"https:\/\/schema.org","@graph":[{"@type":["WebPage","ItemPage"],"@id":"https:\/\/storitgroup.com\/fi\/tuote\/potkupyora-lavalla\/","url":"https:\/\/storitgroup.com\/fi\/tuote\/potkupyora-lavalla\/","name":"Potkupy\u00f6r\u00e4 lavalla &#8226; Storit","isPartOf":{"@id":"https:\/\/storitgroup.com\/fi\/#website"},"primaryImageOfPage":{"@id":"https:\/\/storitgroup.com\/fi\/tuote\/potkupyora-lavalla\/#primaryimage"},"image":{"@id":"https:\/\/storitgroup.com\/fi\/tuote\/potkupyora-lavalla\/#primaryimage"},"thumbnailUrl":"https:\/\/storitgroup.com\/uploads\/2021\/03\/platvormiga-toukeratas-1-1.jpg","datePublished":"2021-03-19T00:49:18+00:00","dateModified":"2026-04-21T10:36:59+00:00","description":"Potkupy\u00f6r\u00e4 lavalla \u2014 kohtuulliseen hintaan. Toimitukset kaikkialle Suomeen! \u261b Tutustu tuotteeseen ja tilaa k\u00e4tev\u00e4sti STORIT-verkkokaupasta!","breadcrumb":{"@id":"https:\/\/storitgroup.com\/fi\/tuote\/potkupyora-lavalla\/#breadcrumb"},"inLanguage":"fi","potentialAction":[{"@type":"ReadAction","target":["https:\/\/storitgroup.com\/fi\/tuote\/potkupyora-lavalla\/"]}]},{"@type":"ImageObject","inLanguage":"fi","@id":"https:\/\/storitgroup.com\/fi\/tuote\/potkupyora-lavalla\/#primaryimage","url":"https:\/\/storitgroup.com\/uploads\/2021\/03\/platvormiga-toukeratas-1-1.jpg","contentUrl":"https:\/\/storitgroup.com\/uploads\/2021\/03\/platvormiga-toukeratas-1-1.jpg","width":1348,"height":1348},{"@type":"BreadcrumbList","@id":"https:\/\/storitgroup.com\/fi\/tuote\/potkupyora-lavalla\/#breadcrumb","itemListElement":[{"@type":"ListItem","position":1,"name":"Kotisivu","item":"https:\/\/storitgroup.com\/fi\/"},{"@type":"ListItem","position":2,"name":"Tuotteet","item":"https:\/\/storitgroup.com\/fi\/tuotteet\/"},{"@type":"ListItem","position":3,"name":"Varastovaunut, py\u00f6r\u00e4t","item":"https:\/\/storitgroup.com\/fi\/tuotteet\/varastovaunut-pyorat\/"},{"@type":"ListItem","position":4,"name":"Skootterit tasolla","item":"https:\/\/storitgroup.com\/fi\/tuotteet\/varastovaunut-pyorat\/skootterit-tasolla\/"},{"@type":"ListItem","position":5,"name":"Potkupy\u00f6r\u00e4 lavalla"}]},{"@type":"WebSite","@id":"https:\/\/storitgroup.com\/fi\/#website","url":"https:\/\/storitgroup.com\/fi\/","name":"Storit","description":"","potentialAction":[{"@type":"SearchAction","target":{"@type":"EntryPoint","urlTemplate":"https:\/\/storitgroup.com\/fi\/?s={search_term_string}"},"query-input":{"@type":"PropertyValueSpecification","valueRequired":true,"valueName":"search_term_string"}}],"inLanguage":"fi"}]}},"_links":{"self":[{"href":"https:\/\/storitgroup.com\/fi\/wp-json\/wp\/v2\/product\/13924","targetHints":{"allow":["GET"]}}],"collection":[{"href":"https:\/\/storitgroup.com\/fi\/wp-json\/wp\/v2\/product"}],"about":[{"href":"https:\/\/storitgroup.com\/fi\/wp-json\/wp\/v2\/types\/product"}],"wp:featuredmedia":[{"embeddable":true,"href":"https:\/\/storitgroup.com\/fi\/wp-json\/wp\/v2\/media\/35255"}],"wp:attachment":[{"href":"https:\/\/storitgroup.com\/fi\/wp-json\/wp\/v2\/media?parent=13924"}],"wp:term":[{"taxonomy":"product_brand","embeddable":true,"href":"https:\/\/storitgroup.com\/fi\/wp-json\/wp\/v2\/product_brand?post=13924"},{"taxonomy":"product_cat","embeddable":true,"href":"https:\/\/storitgroup.com\/fi\/wp-json\/wp\/v2\/product_cat?post=13924"},{"taxonomy":"product_tag","embeddable":true,"href":"https:\/\/storitgroup.com\/fi\/wp-json\/wp\/v2\/product_tag?post=13924"}],"curies":[{"name":"wp","href":"https:\/\/api.w.org\/{rel}","templated":true}]}}