{"id":13914,"date":"2021-03-19T02:49:15","date_gmt":"2021-03-19T00:49:15","guid":{"rendered":"https:\/\/storitgroup.com\/?post_type=product&#038;p=13914"},"modified":"2026-04-03T20:46:23","modified_gmt":"2026-04-03T17:46:23","slug":"nokkakarry-ruxxac-parcel-cart","status":"publish","type":"product","link":"https:\/\/storitgroup.com\/fi\/tuote\/nokkakarry-ruxxac-parcel-cart\/","title":{"rendered":"Nokkak\u00e4rry 125kg Umpikumipy\u00f6r\u00e4t"},"content":{"rendered":"<p>D0010  Kantavuus:\u00a0125 kg<br \/>  Kuormataso: 490 x 410 mm<br \/>  Mitat kokoontaitettuna:  1120 x 490 x\u00a080 mm (kls)<br \/>  Mitat avattuna: 1120 x 490 x 410 mm (kls)<br \/>  Ruudukon aukko: 500 x 100 mm<br \/>  Py\u00f6r\u00e4t: \u00d8 185 mm, muovivanne, umpikumipy\u00f6r\u00e4t<br \/>  Alumiinirunko<br \/>  Paino: 6,0 kg.<\/p>\n","protected":false},"excerpt":{"rendered":"<p>D0010  Kantavuus:\u00a0125 kg<br \/>\n  Kuormataso: 490 x 410 mm<br \/>\n  Mitat kokoontaitettuna:  1120 x 490 x\u00a080 mm (kls)<\/p>\n","protected":false},"featured_media":21283,"template":"","meta":{"_acf_changed":false},"product_brand":[],"product_cat":[7079],"product_tag":[],"class_list":{"0":"post-13914","1":"product","2":"type-product","3":"status-publish","4":"has-post-thumbnail","6":"product_room-kuljetus-ja-logistiikka","7":"product_room-kaupankaynti-ja-myymalat","8":"product_room-tynnyrien-ja-kaapeleiden-kasittely","9":"product_cat-nokkakarryt-tavarakarryt","11":"first","12":"onbackorder","13":"taxable","14":"shipping-taxable","15":"purchasable","16":"product-type-simple"},"acf":[],"yoast_head":"<!-- This site is optimized with the Yoast SEO plugin v27.2 - https:\/\/yoast.com\/product\/yoast-seo-wordpress\/ -->\n<title>Nokkak\u00e4rry 125kg Umpikumipy\u00f6r\u00e4t &#8226; Storit<\/title>\n<meta name=\"description\" content=\"Nokkak\u00e4rry 125kg Umpikumipy\u00f6r\u00e4t \u2014 kohtuulliseen hintaan. Toimitukset kaikkialle Suomeen! \u261b Tutustu tuotteeseen ja tilaa k\u00e4tev\u00e4sti STORIT-verkkokaupasta!\" \/>\n<meta name=\"robots\" content=\"index, follow, max-snippet:-1, max-image-preview:large, max-video-preview:-1\" \/>\n<link rel=\"canonical\" href=\"https:\/\/storitgroup.com\/fi\/tuote\/nokkakarry-ruxxac-parcel-cart\/\" \/>\n<meta property=\"og:locale\" content=\"fi_FI\" \/>\n<meta property=\"og:type\" content=\"article\" \/>\n<meta property=\"og:title\" content=\"Nokkak\u00e4rry 125kg Umpikumipy\u00f6r\u00e4t &#8226; Storit\" \/>\n<meta property=\"og:description\" content=\"Nokkak\u00e4rry 125kg Umpikumipy\u00f6r\u00e4t \u2014 kohtuulliseen hintaan. Toimitukset kaikkialle Suomeen! \u261b Tutustu tuotteeseen ja tilaa k\u00e4tev\u00e4sti STORIT-verkkokaupasta!\" \/>\n<meta property=\"og:url\" content=\"https:\/\/storitgroup.com\/fi\/tuote\/nokkakarry-ruxxac-parcel-cart\/\" \/>\n<meta property=\"og:site_name\" content=\"Storit\" \/>\n<meta property=\"article:modified_time\" content=\"2026-04-03T17:46:23+00:00\" \/>\n<meta property=\"og:image\" content=\"https:\/\/storitgroup.com\/uploads\/2021\/03\/kokkupandav-nokk-karu-parcel-cart-1-1.png\" \/>\n\t<meta property=\"og:image:width\" content=\"665\" \/>\n\t<meta property=\"og:image:height\" content=\"665\" \/>\n\t<meta property=\"og:image:type\" content=\"image\/png\" \/>\n<meta name=\"twitter:card\" content=\"summary_large_image\" \/>\n<script type=\"application\/ld+json\" class=\"yoast-schema-graph\">{\"@context\":\"https:\/\/schema.org\",\"@graph\":[{\"@type\":[\"WebPage\",\"ItemPage\"],\"@id\":\"https:\/\/storitgroup.com\/fi\/tuote\/nokkakarry-ruxxac-parcel-cart\/\",\"url\":\"https:\/\/storitgroup.com\/fi\/tuote\/nokkakarry-ruxxac-parcel-cart\/\",\"name\":\"Nokkak\u00e4rry 125kg Umpikumipy\u00f6r\u00e4t &#8226; Storit\",\"isPartOf\":{\"@id\":\"https:\/\/storitgroup.com\/fi\/#website\"},\"primaryImageOfPage\":{\"@id\":\"https:\/\/storitgroup.com\/fi\/tuote\/nokkakarry-ruxxac-parcel-cart\/#primaryimage\"},\"image\":{\"@id\":\"https:\/\/storitgroup.com\/fi\/tuote\/nokkakarry-ruxxac-parcel-cart\/#primaryimage\"},\"thumbnailUrl\":\"https:\/\/storitgroup.com\/uploads\/2021\/03\/kokkupandav-nokk-karu-parcel-cart-1-1.png\",\"datePublished\":\"2021-03-19T00:49:15+00:00\",\"dateModified\":\"2026-04-03T17:46:23+00:00\",\"description\":\"Nokkak\u00e4rry 125kg Umpikumipy\u00f6r\u00e4t \u2014 kohtuulliseen hintaan. Toimitukset kaikkialle Suomeen! \u261b Tutustu tuotteeseen ja tilaa k\u00e4tev\u00e4sti STORIT-verkkokaupasta!\",\"breadcrumb\":{\"@id\":\"https:\/\/storitgroup.com\/fi\/tuote\/nokkakarry-ruxxac-parcel-cart\/#breadcrumb\"},\"inLanguage\":\"fi\",\"potentialAction\":[{\"@type\":\"ReadAction\",\"target\":[\"https:\/\/storitgroup.com\/fi\/tuote\/nokkakarry-ruxxac-parcel-cart\/\"]}]},{\"@type\":\"ImageObject\",\"inLanguage\":\"fi\",\"@id\":\"https:\/\/storitgroup.com\/fi\/tuote\/nokkakarry-ruxxac-parcel-cart\/#primaryimage\",\"url\":\"https:\/\/storitgroup.com\/uploads\/2021\/03\/kokkupandav-nokk-karu-parcel-cart-1-1.png\",\"contentUrl\":\"https:\/\/storitgroup.com\/uploads\/2021\/03\/kokkupandav-nokk-karu-parcel-cart-1-1.png\",\"width\":665,\"height\":665},{\"@type\":\"BreadcrumbList\",\"@id\":\"https:\/\/storitgroup.com\/fi\/tuote\/nokkakarry-ruxxac-parcel-cart\/#breadcrumb\",\"itemListElement\":[{\"@type\":\"ListItem\",\"position\":1,\"name\":\"Kotisivu\",\"item\":\"https:\/\/storitgroup.com\/fi\/\"},{\"@type\":\"ListItem\",\"position\":2,\"name\":\"Tuotteet\",\"item\":\"https:\/\/storitgroup.com\/fi\/tuotteet\/\"},{\"@type\":\"ListItem\",\"position\":3,\"name\":\"Varastovaunut, py\u00f6r\u00e4t\",\"item\":\"https:\/\/storitgroup.com\/fi\/varastovaunut-pyorat\/\"},{\"@type\":\"ListItem\",\"position\":4,\"name\":\"Nokkak\u00e4rryt, tavarak\u00e4rryt\",\"item\":\"https:\/\/storitgroup.com\/fi\/varastovaunut-pyorat\/nokkakarryt-tavarakarryt\/\"},{\"@type\":\"ListItem\",\"position\":5,\"name\":\"Nokkak\u00e4rry 125kg Umpikumipy\u00f6r\u00e4t\"}]},{\"@type\":\"WebSite\",\"@id\":\"https:\/\/storitgroup.com\/fi\/#website\",\"url\":\"https:\/\/storitgroup.com\/fi\/\",\"name\":\"Storit\",\"description\":\"\",\"potentialAction\":[{\"@type\":\"SearchAction\",\"target\":{\"@type\":\"EntryPoint\",\"urlTemplate\":\"https:\/\/storitgroup.com\/fi\/?s={search_term_string}\"},\"query-input\":{\"@type\":\"PropertyValueSpecification\",\"valueRequired\":true,\"valueName\":\"search_term_string\"}}],\"inLanguage\":\"fi\"}]}<\/script>\n<!-- \/ Yoast SEO plugin. -->","yoast_head_json":{"title":"Nokkak\u00e4rry 125kg Umpikumipy\u00f6r\u00e4t &#8226; Storit","description":"Nokkak\u00e4rry 125kg Umpikumipy\u00f6r\u00e4t \u2014 kohtuulliseen hintaan. Toimitukset kaikkialle Suomeen! \u261b Tutustu tuotteeseen ja tilaa k\u00e4tev\u00e4sti STORIT-verkkokaupasta!","robots":{"index":"index","follow":"follow","max-snippet":"max-snippet:-1","max-image-preview":"max-image-preview:large","max-video-preview":"max-video-preview:-1"},"canonical":"https:\/\/storitgroup.com\/fi\/tuote\/nokkakarry-ruxxac-parcel-cart\/","og_locale":"fi_FI","og_type":"article","og_title":"Nokkak\u00e4rry 125kg Umpikumipy\u00f6r\u00e4t &#8226; Storit","og_description":"Nokkak\u00e4rry 125kg Umpikumipy\u00f6r\u00e4t \u2014 kohtuulliseen hintaan. Toimitukset kaikkialle Suomeen! \u261b Tutustu tuotteeseen ja tilaa k\u00e4tev\u00e4sti STORIT-verkkokaupasta!","og_url":"https:\/\/storitgroup.com\/fi\/tuote\/nokkakarry-ruxxac-parcel-cart\/","og_site_name":"Storit","article_modified_time":"2026-04-03T17:46:23+00:00","og_image":[{"width":665,"height":665,"url":"https:\/\/storitgroup.com\/uploads\/2021\/03\/kokkupandav-nokk-karu-parcel-cart-1-1.png","type":"image\/png"}],"twitter_card":"summary_large_image","schema":{"@context":"https:\/\/schema.org","@graph":[{"@type":["WebPage","ItemPage"],"@id":"https:\/\/storitgroup.com\/fi\/tuote\/nokkakarry-ruxxac-parcel-cart\/","url":"https:\/\/storitgroup.com\/fi\/tuote\/nokkakarry-ruxxac-parcel-cart\/","name":"Nokkak\u00e4rry 125kg Umpikumipy\u00f6r\u00e4t &#8226; Storit","isPartOf":{"@id":"https:\/\/storitgroup.com\/fi\/#website"},"primaryImageOfPage":{"@id":"https:\/\/storitgroup.com\/fi\/tuote\/nokkakarry-ruxxac-parcel-cart\/#primaryimage"},"image":{"@id":"https:\/\/storitgroup.com\/fi\/tuote\/nokkakarry-ruxxac-parcel-cart\/#primaryimage"},"thumbnailUrl":"https:\/\/storitgroup.com\/uploads\/2021\/03\/kokkupandav-nokk-karu-parcel-cart-1-1.png","datePublished":"2021-03-19T00:49:15+00:00","dateModified":"2026-04-03T17:46:23+00:00","description":"Nokkak\u00e4rry 125kg Umpikumipy\u00f6r\u00e4t \u2014 kohtuulliseen hintaan. Toimitukset kaikkialle Suomeen! \u261b Tutustu tuotteeseen ja tilaa k\u00e4tev\u00e4sti STORIT-verkkokaupasta!","breadcrumb":{"@id":"https:\/\/storitgroup.com\/fi\/tuote\/nokkakarry-ruxxac-parcel-cart\/#breadcrumb"},"inLanguage":"fi","potentialAction":[{"@type":"ReadAction","target":["https:\/\/storitgroup.com\/fi\/tuote\/nokkakarry-ruxxac-parcel-cart\/"]}]},{"@type":"ImageObject","inLanguage":"fi","@id":"https:\/\/storitgroup.com\/fi\/tuote\/nokkakarry-ruxxac-parcel-cart\/#primaryimage","url":"https:\/\/storitgroup.com\/uploads\/2021\/03\/kokkupandav-nokk-karu-parcel-cart-1-1.png","contentUrl":"https:\/\/storitgroup.com\/uploads\/2021\/03\/kokkupandav-nokk-karu-parcel-cart-1-1.png","width":665,"height":665},{"@type":"BreadcrumbList","@id":"https:\/\/storitgroup.com\/fi\/tuote\/nokkakarry-ruxxac-parcel-cart\/#breadcrumb","itemListElement":[{"@type":"ListItem","position":1,"name":"Kotisivu","item":"https:\/\/storitgroup.com\/fi\/"},{"@type":"ListItem","position":2,"name":"Tuotteet","item":"https:\/\/storitgroup.com\/fi\/tuotteet\/"},{"@type":"ListItem","position":3,"name":"Varastovaunut, py\u00f6r\u00e4t","item":"https:\/\/storitgroup.com\/fi\/varastovaunut-pyorat\/"},{"@type":"ListItem","position":4,"name":"Nokkak\u00e4rryt, tavarak\u00e4rryt","item":"https:\/\/storitgroup.com\/fi\/varastovaunut-pyorat\/nokkakarryt-tavarakarryt\/"},{"@type":"ListItem","position":5,"name":"Nokkak\u00e4rry 125kg Umpikumipy\u00f6r\u00e4t"}]},{"@type":"WebSite","@id":"https:\/\/storitgroup.com\/fi\/#website","url":"https:\/\/storitgroup.com\/fi\/","name":"Storit","description":"","potentialAction":[{"@type":"SearchAction","target":{"@type":"EntryPoint","urlTemplate":"https:\/\/storitgroup.com\/fi\/?s={search_term_string}"},"query-input":{"@type":"PropertyValueSpecification","valueRequired":true,"valueName":"search_term_string"}}],"inLanguage":"fi"}]}},"_links":{"self":[{"href":"https:\/\/storitgroup.com\/fi\/wp-json\/wp\/v2\/product\/13914","targetHints":{"allow":["GET"]}}],"collection":[{"href":"https:\/\/storitgroup.com\/fi\/wp-json\/wp\/v2\/product"}],"about":[{"href":"https:\/\/storitgroup.com\/fi\/wp-json\/wp\/v2\/types\/product"}],"wp:featuredmedia":[{"embeddable":true,"href":"https:\/\/storitgroup.com\/fi\/wp-json\/wp\/v2\/media\/21283"}],"wp:attachment":[{"href":"https:\/\/storitgroup.com\/fi\/wp-json\/wp\/v2\/media?parent=13914"}],"wp:term":[{"taxonomy":"product_brand","embeddable":true,"href":"https:\/\/storitgroup.com\/fi\/wp-json\/wp\/v2\/product_brand?post=13914"},{"taxonomy":"product_cat","embeddable":true,"href":"https:\/\/storitgroup.com\/fi\/wp-json\/wp\/v2\/product_cat?post=13914"},{"taxonomy":"product_tag","embeddable":true,"href":"https:\/\/storitgroup.com\/fi\/wp-json\/wp\/v2\/product_tag?post=13914"}],"curies":[{"name":"wp","href":"https:\/\/api.w.org\/{rel}","templated":true}]}}