{"id":13904,"date":"2021-03-19T00:49:10","date_gmt":"2021-03-19T00:49:10","guid":{"rendered":"https:\/\/storitgroup.com\/?post_type=product&#038;p=13904"},"modified":"2025-02-08T07:42:17","modified_gmt":"2025-02-08T05:42:17","slug":"porraskarry-trk-200","status":"publish","type":"product","link":"https:\/\/storitgroup.com\/fi\/tuote\/porraskarry-trk-200\/","title":{"rendered":"Manuaalinen porrask\u00e4rry, 200 kg"},"content":{"rendered":"<p>Vahva ja luotettava ter\u00e4ksest\u00e4 valmistettu porrasvaunu jopa 200 kg painavien esineiden kuljettamiseen.<\/p>\n<p> Kiinte\u00e4n alustan koko: 145&#215;425 mm<br \/>Taitettavan alustan koko: 350&#215;500 mm<br \/>Py\u00f6rien et\u00e4isyys akselista akseliin (c\/c): 180 mm<br \/> Py\u00f6r\u00e4n kiinnitysnapan ja py\u00f6r\u00e4n akseleiden v\u00e4linen et\u00e4isyys (c\/c): 105 mm<br \/>Umpikumirenkaat, halkaisija 150 mm<\/p>\n","protected":false},"excerpt":{"rendered":"<p>Vahva ja luotettava ter\u00e4ksest\u00e4 valmistettu porrasvaunu jopa 200 kg painavien esineiden kuljettamiseen.<\/p>\n<p> Kiinte\u00e4n alustan koko: 145&#215;425 mm<\/p>\n","protected":false},"featured_media":21256,"template":"","meta":{"_acf_changed":false},"product_brand":[],"product_cat":[7082],"product_tag":[],"class_list":{"0":"post-13904","1":"product","2":"type-product","3":"status-publish","4":"has-post-thumbnail","6":"product_room-kuljetus-ja-logistiikka","7":"product_cat-porraskarryt-porrasvaunut","9":"first","10":"onbackorder","11":"taxable","12":"shipping-taxable","13":"purchasable","14":"product-type-simple"},"acf":[],"yoast_head":"<!-- This site is optimized with the Yoast SEO plugin v27.5 - https:\/\/yoast.com\/product\/yoast-seo-wordpress\/ -->\n<title>Manuaalinen porrask\u00e4rry, 200 kg &#8226; Storit<\/title>\n<meta name=\"description\" content=\"Manuaalinen porrask\u00e4rry, 200 kg \u2014 kohtuulliseen hintaan. Toimitukset kaikkialle Suomeen! \u261b Tutustu tuotteeseen ja tilaa k\u00e4tev\u00e4sti STORIT-verkkokaupasta!\" \/>\n<meta name=\"robots\" content=\"index, follow, max-snippet:-1, max-image-preview:large, max-video-preview:-1\" \/>\n<link rel=\"canonical\" href=\"https:\/\/storitgroup.com\/fi\/tuote\/porraskarry-trk-200\/\" \/>\n<meta property=\"og:locale\" content=\"fi_FI\" \/>\n<meta property=\"og:type\" content=\"article\" \/>\n<meta property=\"og:title\" content=\"Manuaalinen porrask\u00e4rry, 200 kg &#8226; Storit\" \/>\n<meta property=\"og:description\" content=\"Manuaalinen porrask\u00e4rry, 200 kg \u2014 kohtuulliseen hintaan. Toimitukset kaikkialle Suomeen! \u261b Tutustu tuotteeseen ja tilaa k\u00e4tev\u00e4sti STORIT-verkkokaupasta!\" \/>\n<meta property=\"og:url\" content=\"https:\/\/storitgroup.com\/fi\/tuote\/porraskarry-trk-200\/\" \/>\n<meta property=\"og:site_name\" content=\"Storit\" \/>\n<meta property=\"article:modified_time\" content=\"2025-02-08T05:42:17+00:00\" \/>\n<meta property=\"og:image\" content=\"https:\/\/storitgroup.com\/uploads\/2021\/03\/in1910057140-trepikaru-trk-200-1.png\" \/>\n\t<meta property=\"og:image:width\" content=\"607\" \/>\n\t<meta property=\"og:image:height\" content=\"607\" \/>\n\t<meta property=\"og:image:type\" content=\"image\/png\" \/>\n<meta name=\"twitter:card\" content=\"summary_large_image\" \/>\n<script type=\"application\/ld+json\" class=\"yoast-schema-graph\">{\"@context\":\"https:\\\/\\\/schema.org\",\"@graph\":[{\"@type\":[\"WebPage\",\"ItemPage\"],\"@id\":\"https:\\\/\\\/storitgroup.com\\\/fi\\\/tuote\\\/porraskarry-trk-200\\\/\",\"url\":\"https:\\\/\\\/storitgroup.com\\\/fi\\\/tuote\\\/porraskarry-trk-200\\\/\",\"name\":\"Manuaalinen porrask\u00e4rry, 200 kg &#8226; Storit\",\"isPartOf\":{\"@id\":\"https:\\\/\\\/storitgroup.com\\\/fi\\\/#website\"},\"primaryImageOfPage\":{\"@id\":\"https:\\\/\\\/storitgroup.com\\\/fi\\\/tuote\\\/porraskarry-trk-200\\\/#primaryimage\"},\"image\":{\"@id\":\"https:\\\/\\\/storitgroup.com\\\/fi\\\/tuote\\\/porraskarry-trk-200\\\/#primaryimage\"},\"thumbnailUrl\":\"https:\\\/\\\/storitgroup.com\\\/uploads\\\/2021\\\/03\\\/in1910057140-trepikaru-trk-200-1.png\",\"datePublished\":\"2021-03-19T00:49:10+00:00\",\"dateModified\":\"2025-02-08T05:42:17+00:00\",\"description\":\"Manuaalinen porrask\u00e4rry, 200 kg \u2014 kohtuulliseen hintaan. Toimitukset kaikkialle Suomeen! \u261b Tutustu tuotteeseen ja tilaa k\u00e4tev\u00e4sti STORIT-verkkokaupasta!\",\"breadcrumb\":{\"@id\":\"https:\\\/\\\/storitgroup.com\\\/fi\\\/tuote\\\/porraskarry-trk-200\\\/#breadcrumb\"},\"inLanguage\":\"fi\",\"potentialAction\":[{\"@type\":\"ReadAction\",\"target\":[\"https:\\\/\\\/storitgroup.com\\\/fi\\\/tuote\\\/porraskarry-trk-200\\\/\"]}]},{\"@type\":\"ImageObject\",\"inLanguage\":\"fi\",\"@id\":\"https:\\\/\\\/storitgroup.com\\\/fi\\\/tuote\\\/porraskarry-trk-200\\\/#primaryimage\",\"url\":\"https:\\\/\\\/storitgroup.com\\\/uploads\\\/2021\\\/03\\\/in1910057140-trepikaru-trk-200-1.png\",\"contentUrl\":\"https:\\\/\\\/storitgroup.com\\\/uploads\\\/2021\\\/03\\\/in1910057140-trepikaru-trk-200-1.png\",\"width\":607,\"height\":607},{\"@type\":\"BreadcrumbList\",\"@id\":\"https:\\\/\\\/storitgroup.com\\\/fi\\\/tuote\\\/porraskarry-trk-200\\\/#breadcrumb\",\"itemListElement\":[{\"@type\":\"ListItem\",\"position\":1,\"name\":\"Kotisivu\",\"item\":\"https:\\\/\\\/storitgroup.com\\\/fi\\\/\"},{\"@type\":\"ListItem\",\"position\":2,\"name\":\"Tuotteet\",\"item\":\"https:\\\/\\\/storitgroup.com\\\/fi\\\/tuotteet\\\/\"},{\"@type\":\"ListItem\",\"position\":3,\"name\":\"Varastovaunut, py\u00f6r\u00e4t\",\"item\":\"https:\\\/\\\/storitgroup.com\\\/fi\\\/tuotteet\\\/varastovaunut-pyorat\\\/\"},{\"@type\":\"ListItem\",\"position\":4,\"name\":\"Porrask\u00e4rryt, porrasvaunut\",\"item\":\"https:\\\/\\\/storitgroup.com\\\/fi\\\/tuotteet\\\/varastovaunut-pyorat\\\/porraskarryt-porrasvaunut\\\/\"},{\"@type\":\"ListItem\",\"position\":5,\"name\":\"Manuaalinen porrask\u00e4rry, 200 kg\"}]},{\"@type\":\"WebSite\",\"@id\":\"https:\\\/\\\/storitgroup.com\\\/fi\\\/#website\",\"url\":\"https:\\\/\\\/storitgroup.com\\\/fi\\\/\",\"name\":\"Storit\",\"description\":\"\",\"potentialAction\":[{\"@type\":\"SearchAction\",\"target\":{\"@type\":\"EntryPoint\",\"urlTemplate\":\"https:\\\/\\\/storitgroup.com\\\/fi\\\/?s={search_term_string}\"},\"query-input\":{\"@type\":\"PropertyValueSpecification\",\"valueRequired\":true,\"valueName\":\"search_term_string\"}}],\"inLanguage\":\"fi\"}]}<\/script>\n<!-- \/ Yoast SEO plugin. -->","yoast_head_json":{"title":"Manuaalinen porrask\u00e4rry, 200 kg &#8226; Storit","description":"Manuaalinen porrask\u00e4rry, 200 kg \u2014 kohtuulliseen hintaan. Toimitukset kaikkialle Suomeen! \u261b Tutustu tuotteeseen ja tilaa k\u00e4tev\u00e4sti STORIT-verkkokaupasta!","robots":{"index":"index","follow":"follow","max-snippet":"max-snippet:-1","max-image-preview":"max-image-preview:large","max-video-preview":"max-video-preview:-1"},"canonical":"https:\/\/storitgroup.com\/fi\/tuote\/porraskarry-trk-200\/","og_locale":"fi_FI","og_type":"article","og_title":"Manuaalinen porrask\u00e4rry, 200 kg &#8226; Storit","og_description":"Manuaalinen porrask\u00e4rry, 200 kg \u2014 kohtuulliseen hintaan. Toimitukset kaikkialle Suomeen! \u261b Tutustu tuotteeseen ja tilaa k\u00e4tev\u00e4sti STORIT-verkkokaupasta!","og_url":"https:\/\/storitgroup.com\/fi\/tuote\/porraskarry-trk-200\/","og_site_name":"Storit","article_modified_time":"2025-02-08T05:42:17+00:00","og_image":[{"width":607,"height":607,"url":"https:\/\/storitgroup.com\/uploads\/2021\/03\/in1910057140-trepikaru-trk-200-1.png","type":"image\/png"}],"twitter_card":"summary_large_image","schema":{"@context":"https:\/\/schema.org","@graph":[{"@type":["WebPage","ItemPage"],"@id":"https:\/\/storitgroup.com\/fi\/tuote\/porraskarry-trk-200\/","url":"https:\/\/storitgroup.com\/fi\/tuote\/porraskarry-trk-200\/","name":"Manuaalinen porrask\u00e4rry, 200 kg &#8226; Storit","isPartOf":{"@id":"https:\/\/storitgroup.com\/fi\/#website"},"primaryImageOfPage":{"@id":"https:\/\/storitgroup.com\/fi\/tuote\/porraskarry-trk-200\/#primaryimage"},"image":{"@id":"https:\/\/storitgroup.com\/fi\/tuote\/porraskarry-trk-200\/#primaryimage"},"thumbnailUrl":"https:\/\/storitgroup.com\/uploads\/2021\/03\/in1910057140-trepikaru-trk-200-1.png","datePublished":"2021-03-19T00:49:10+00:00","dateModified":"2025-02-08T05:42:17+00:00","description":"Manuaalinen porrask\u00e4rry, 200 kg \u2014 kohtuulliseen hintaan. Toimitukset kaikkialle Suomeen! \u261b Tutustu tuotteeseen ja tilaa k\u00e4tev\u00e4sti STORIT-verkkokaupasta!","breadcrumb":{"@id":"https:\/\/storitgroup.com\/fi\/tuote\/porraskarry-trk-200\/#breadcrumb"},"inLanguage":"fi","potentialAction":[{"@type":"ReadAction","target":["https:\/\/storitgroup.com\/fi\/tuote\/porraskarry-trk-200\/"]}]},{"@type":"ImageObject","inLanguage":"fi","@id":"https:\/\/storitgroup.com\/fi\/tuote\/porraskarry-trk-200\/#primaryimage","url":"https:\/\/storitgroup.com\/uploads\/2021\/03\/in1910057140-trepikaru-trk-200-1.png","contentUrl":"https:\/\/storitgroup.com\/uploads\/2021\/03\/in1910057140-trepikaru-trk-200-1.png","width":607,"height":607},{"@type":"BreadcrumbList","@id":"https:\/\/storitgroup.com\/fi\/tuote\/porraskarry-trk-200\/#breadcrumb","itemListElement":[{"@type":"ListItem","position":1,"name":"Kotisivu","item":"https:\/\/storitgroup.com\/fi\/"},{"@type":"ListItem","position":2,"name":"Tuotteet","item":"https:\/\/storitgroup.com\/fi\/tuotteet\/"},{"@type":"ListItem","position":3,"name":"Varastovaunut, py\u00f6r\u00e4t","item":"https:\/\/storitgroup.com\/fi\/tuotteet\/varastovaunut-pyorat\/"},{"@type":"ListItem","position":4,"name":"Porrask\u00e4rryt, porrasvaunut","item":"https:\/\/storitgroup.com\/fi\/tuotteet\/varastovaunut-pyorat\/porraskarryt-porrasvaunut\/"},{"@type":"ListItem","position":5,"name":"Manuaalinen porrask\u00e4rry, 200 kg"}]},{"@type":"WebSite","@id":"https:\/\/storitgroup.com\/fi\/#website","url":"https:\/\/storitgroup.com\/fi\/","name":"Storit","description":"","potentialAction":[{"@type":"SearchAction","target":{"@type":"EntryPoint","urlTemplate":"https:\/\/storitgroup.com\/fi\/?s={search_term_string}"},"query-input":{"@type":"PropertyValueSpecification","valueRequired":true,"valueName":"search_term_string"}}],"inLanguage":"fi"}]}},"_links":{"self":[{"href":"https:\/\/storitgroup.com\/fi\/wp-json\/wp\/v2\/product\/13904","targetHints":{"allow":["GET"]}}],"collection":[{"href":"https:\/\/storitgroup.com\/fi\/wp-json\/wp\/v2\/product"}],"about":[{"href":"https:\/\/storitgroup.com\/fi\/wp-json\/wp\/v2\/types\/product"}],"wp:featuredmedia":[{"embeddable":true,"href":"https:\/\/storitgroup.com\/fi\/wp-json\/wp\/v2\/media\/21256"}],"wp:attachment":[{"href":"https:\/\/storitgroup.com\/fi\/wp-json\/wp\/v2\/media?parent=13904"}],"wp:term":[{"taxonomy":"product_brand","embeddable":true,"href":"https:\/\/storitgroup.com\/fi\/wp-json\/wp\/v2\/product_brand?post=13904"},{"taxonomy":"product_cat","embeddable":true,"href":"https:\/\/storitgroup.com\/fi\/wp-json\/wp\/v2\/product_cat?post=13904"},{"taxonomy":"product_tag","embeddable":true,"href":"https:\/\/storitgroup.com\/fi\/wp-json\/wp\/v2\/product_tag?post=13904"}],"curies":[{"name":"wp","href":"https:\/\/api.w.org\/{rel}","templated":true}]}}