{"id":13877,"date":"2021-03-09T02:51:00","date_gmt":"2021-03-09T00:51:00","guid":{"rendered":"https:\/\/storitgroup.com\/?post_type=product&#038;p=13877"},"modified":"2025-02-08T07:41:52","modified_gmt":"2025-02-08T05:41:52","slug":"saksinostovaunu-hydraulinen-pl-500-lb","status":"publish","type":"product","link":"https:\/\/storitgroup.com\/fi\/tuote\/saksinostovaunu-hydraulinen-pl-500-lb\/","title":{"rendered":"Saksinostovaunu hydraulinen PL 500 LB"},"content":{"rendered":"<p>C0004  Nostokyky: 500 kg<br \/>   min \/ max nostokorkeus: 355 \/ 900 mm<br \/>  Nostop\u00f6yt\u00e4: 855 x 500\u00a0mm, 3 mm ter\u00e4s<br \/>  Py\u00f6r\u00e4t: \u00d8 125 mm, polyuretaani<br \/>  Kaksi kiinte\u00e4\u00e4 ja kaksi k\u00e4\u00e4ntyv\u00e4\u00e4 jarrullista py\u00f6r\u00e4\u00e4<br \/>  Pumppausta\u00a0maksimikorkeuteen:\u00a0 45\u00a0x  Ty\u00f6nt\u00f6kahvan korkeus 970 mm<br \/>  Kokoontaitettava ty\u00f6nt\u00f6kahva<br \/>  Nosto tapahtuu jalkapumpulla ja lasku manuaalisesti<br \/>  Paino: 87,0 kg.<\/p>\n","protected":false},"excerpt":{"rendered":"<p>C0004  Nostokyky: 500 kg<br \/>\n   min \/ max nostokorkeus: 355 \/ 900 mm<br \/>\n  Nostop\u00f6yt\u00e4: 855 x 500\u00a0mm, 3 mm ter\u00e4s<\/p>\n","protected":false},"featured_media":21157,"template":"","meta":{"_acf_changed":false},"product_brand":[],"product_cat":[7081],"product_tag":[],"class_list":{"0":"post-13877","1":"product","2":"type-product","3":"status-publish","4":"has-post-thumbnail","6":"product_room-tyopaja-ja-autotalli","7":"product_room-iso-varasto","8":"product_room-teollisuus-ja-tuotanto-ergonomiset-tyopaikat-tyokaluvarasto","9":"product_room-nostovalinet","10":"product_room-tavaroiden-logistiikka","11":"product_room-ulkoalue","12":"product_room-kiinteistokehitys","13":"product_room-rakentaminen-ja-suunnittelu","14":"product_cat-saksinostovaunut","16":"first","17":"onbackorder","18":"taxable","19":"shipping-taxable","20":"purchasable","21":"product-type-simple"},"acf":[],"yoast_head":"<!-- This site is optimized with the Yoast SEO plugin v27.3 - https:\/\/yoast.com\/product\/yoast-seo-wordpress\/ -->\n<title>Saksinostovaunu hydraulinen PL 500 LB &#8226; Storit<\/title>\n<meta name=\"description\" content=\"Saksinostovaunu hydraulinen PL 500 LB \u2014 kohtuulliseen hintaan. Toimitukset kaikkialle Suomeen! \u261b Tutustu tuotteeseen ja tilaa k\u00e4tev\u00e4sti STORIT-verkkokaupasta!\" \/>\n<meta name=\"robots\" content=\"index, follow, max-snippet:-1, max-image-preview:large, max-video-preview:-1\" \/>\n<link rel=\"canonical\" href=\"https:\/\/storitgroup.com\/fi\/tuote\/saksinostovaunu-hydraulinen-pl-500-lb\/\" \/>\n<meta property=\"og:locale\" content=\"fi_FI\" \/>\n<meta property=\"og:type\" content=\"article\" \/>\n<meta property=\"og:title\" content=\"Saksinostovaunu hydraulinen PL 500 LB &#8226; Storit\" \/>\n<meta property=\"og:description\" content=\"Saksinostovaunu hydraulinen PL 500 LB \u2014 kohtuulliseen hintaan. Toimitukset kaikkialle Suomeen! \u261b Tutustu tuotteeseen ja tilaa k\u00e4tev\u00e4sti STORIT-verkkokaupasta!\" \/>\n<meta property=\"og:url\" content=\"https:\/\/storitgroup.com\/fi\/tuote\/saksinostovaunu-hydraulinen-pl-500-lb\/\" \/>\n<meta property=\"og:site_name\" content=\"Storit\" \/>\n<meta property=\"article:modified_time\" content=\"2025-02-08T05:41:52+00:00\" \/>\n<meta property=\"og:image\" content=\"https:\/\/storitgroup.com\/uploads\/2021\/03\/jalapumbaga-toste-platvormkaru-sp-500-1.jpg\" \/>\n\t<meta property=\"og:image:width\" content=\"1500\" \/>\n\t<meta property=\"og:image:height\" content=\"1500\" \/>\n\t<meta property=\"og:image:type\" content=\"image\/jpeg\" \/>\n<meta name=\"twitter:card\" content=\"summary_large_image\" \/>\n<script type=\"application\/ld+json\" class=\"yoast-schema-graph\">{\"@context\":\"https:\\\/\\\/schema.org\",\"@graph\":[{\"@type\":[\"WebPage\",\"ItemPage\"],\"@id\":\"https:\\\/\\\/storitgroup.com\\\/fi\\\/tuote\\\/saksinostovaunu-hydraulinen-pl-500-lb\\\/\",\"url\":\"https:\\\/\\\/storitgroup.com\\\/fi\\\/tuote\\\/saksinostovaunu-hydraulinen-pl-500-lb\\\/\",\"name\":\"Saksinostovaunu hydraulinen PL 500 LB &#8226; Storit\",\"isPartOf\":{\"@id\":\"https:\\\/\\\/storitgroup.com\\\/fi\\\/#website\"},\"primaryImageOfPage\":{\"@id\":\"https:\\\/\\\/storitgroup.com\\\/fi\\\/tuote\\\/saksinostovaunu-hydraulinen-pl-500-lb\\\/#primaryimage\"},\"image\":{\"@id\":\"https:\\\/\\\/storitgroup.com\\\/fi\\\/tuote\\\/saksinostovaunu-hydraulinen-pl-500-lb\\\/#primaryimage\"},\"thumbnailUrl\":\"https:\\\/\\\/storitgroup.com\\\/uploads\\\/2021\\\/03\\\/jalapumbaga-toste-platvormkaru-sp-500-1.jpg\",\"datePublished\":\"2021-03-09T00:51:00+00:00\",\"dateModified\":\"2025-02-08T05:41:52+00:00\",\"description\":\"Saksinostovaunu hydraulinen PL 500 LB \u2014 kohtuulliseen hintaan. Toimitukset kaikkialle Suomeen! \u261b Tutustu tuotteeseen ja tilaa k\u00e4tev\u00e4sti STORIT-verkkokaupasta!\",\"breadcrumb\":{\"@id\":\"https:\\\/\\\/storitgroup.com\\\/fi\\\/tuote\\\/saksinostovaunu-hydraulinen-pl-500-lb\\\/#breadcrumb\"},\"inLanguage\":\"fi\",\"potentialAction\":[{\"@type\":\"ReadAction\",\"target\":[\"https:\\\/\\\/storitgroup.com\\\/fi\\\/tuote\\\/saksinostovaunu-hydraulinen-pl-500-lb\\\/\"]}]},{\"@type\":\"ImageObject\",\"inLanguage\":\"fi\",\"@id\":\"https:\\\/\\\/storitgroup.com\\\/fi\\\/tuote\\\/saksinostovaunu-hydraulinen-pl-500-lb\\\/#primaryimage\",\"url\":\"https:\\\/\\\/storitgroup.com\\\/uploads\\\/2021\\\/03\\\/jalapumbaga-toste-platvormkaru-sp-500-1.jpg\",\"contentUrl\":\"https:\\\/\\\/storitgroup.com\\\/uploads\\\/2021\\\/03\\\/jalapumbaga-toste-platvormkaru-sp-500-1.jpg\",\"width\":1500,\"height\":1500},{\"@type\":\"BreadcrumbList\",\"@id\":\"https:\\\/\\\/storitgroup.com\\\/fi\\\/tuote\\\/saksinostovaunu-hydraulinen-pl-500-lb\\\/#breadcrumb\",\"itemListElement\":[{\"@type\":\"ListItem\",\"position\":1,\"name\":\"Kotisivu\",\"item\":\"https:\\\/\\\/storitgroup.com\\\/fi\\\/\"},{\"@type\":\"ListItem\",\"position\":2,\"name\":\"Tuotteet\",\"item\":\"https:\\\/\\\/storitgroup.com\\\/fi\\\/tuotteet\\\/\"},{\"@type\":\"ListItem\",\"position\":3,\"name\":\"Varastovaunut, py\u00f6r\u00e4t\",\"item\":\"https:\\\/\\\/storitgroup.com\\\/fi\\\/varastovaunut-pyorat\\\/\"},{\"@type\":\"ListItem\",\"position\":4,\"name\":\"Saksinostovaunut\",\"item\":\"https:\\\/\\\/storitgroup.com\\\/fi\\\/varastovaunut-pyorat\\\/saksinostovaunut\\\/\"},{\"@type\":\"ListItem\",\"position\":5,\"name\":\"Saksinostovaunu hydraulinen PL 500 LB\"}]},{\"@type\":\"WebSite\",\"@id\":\"https:\\\/\\\/storitgroup.com\\\/fi\\\/#website\",\"url\":\"https:\\\/\\\/storitgroup.com\\\/fi\\\/\",\"name\":\"Storit\",\"description\":\"\",\"potentialAction\":[{\"@type\":\"SearchAction\",\"target\":{\"@type\":\"EntryPoint\",\"urlTemplate\":\"https:\\\/\\\/storitgroup.com\\\/fi\\\/?s={search_term_string}\"},\"query-input\":{\"@type\":\"PropertyValueSpecification\",\"valueRequired\":true,\"valueName\":\"search_term_string\"}}],\"inLanguage\":\"fi\"}]}<\/script>\n<!-- \/ Yoast SEO plugin. -->","yoast_head_json":{"title":"Saksinostovaunu hydraulinen PL 500 LB &#8226; Storit","description":"Saksinostovaunu hydraulinen PL 500 LB \u2014 kohtuulliseen hintaan. Toimitukset kaikkialle Suomeen! \u261b Tutustu tuotteeseen ja tilaa k\u00e4tev\u00e4sti STORIT-verkkokaupasta!","robots":{"index":"index","follow":"follow","max-snippet":"max-snippet:-1","max-image-preview":"max-image-preview:large","max-video-preview":"max-video-preview:-1"},"canonical":"https:\/\/storitgroup.com\/fi\/tuote\/saksinostovaunu-hydraulinen-pl-500-lb\/","og_locale":"fi_FI","og_type":"article","og_title":"Saksinostovaunu hydraulinen PL 500 LB &#8226; Storit","og_description":"Saksinostovaunu hydraulinen PL 500 LB \u2014 kohtuulliseen hintaan. Toimitukset kaikkialle Suomeen! \u261b Tutustu tuotteeseen ja tilaa k\u00e4tev\u00e4sti STORIT-verkkokaupasta!","og_url":"https:\/\/storitgroup.com\/fi\/tuote\/saksinostovaunu-hydraulinen-pl-500-lb\/","og_site_name":"Storit","article_modified_time":"2025-02-08T05:41:52+00:00","og_image":[{"width":1500,"height":1500,"url":"https:\/\/storitgroup.com\/uploads\/2021\/03\/jalapumbaga-toste-platvormkaru-sp-500-1.jpg","type":"image\/jpeg"}],"twitter_card":"summary_large_image","schema":{"@context":"https:\/\/schema.org","@graph":[{"@type":["WebPage","ItemPage"],"@id":"https:\/\/storitgroup.com\/fi\/tuote\/saksinostovaunu-hydraulinen-pl-500-lb\/","url":"https:\/\/storitgroup.com\/fi\/tuote\/saksinostovaunu-hydraulinen-pl-500-lb\/","name":"Saksinostovaunu hydraulinen PL 500 LB &#8226; Storit","isPartOf":{"@id":"https:\/\/storitgroup.com\/fi\/#website"},"primaryImageOfPage":{"@id":"https:\/\/storitgroup.com\/fi\/tuote\/saksinostovaunu-hydraulinen-pl-500-lb\/#primaryimage"},"image":{"@id":"https:\/\/storitgroup.com\/fi\/tuote\/saksinostovaunu-hydraulinen-pl-500-lb\/#primaryimage"},"thumbnailUrl":"https:\/\/storitgroup.com\/uploads\/2021\/03\/jalapumbaga-toste-platvormkaru-sp-500-1.jpg","datePublished":"2021-03-09T00:51:00+00:00","dateModified":"2025-02-08T05:41:52+00:00","description":"Saksinostovaunu hydraulinen PL 500 LB \u2014 kohtuulliseen hintaan. Toimitukset kaikkialle Suomeen! \u261b Tutustu tuotteeseen ja tilaa k\u00e4tev\u00e4sti STORIT-verkkokaupasta!","breadcrumb":{"@id":"https:\/\/storitgroup.com\/fi\/tuote\/saksinostovaunu-hydraulinen-pl-500-lb\/#breadcrumb"},"inLanguage":"fi","potentialAction":[{"@type":"ReadAction","target":["https:\/\/storitgroup.com\/fi\/tuote\/saksinostovaunu-hydraulinen-pl-500-lb\/"]}]},{"@type":"ImageObject","inLanguage":"fi","@id":"https:\/\/storitgroup.com\/fi\/tuote\/saksinostovaunu-hydraulinen-pl-500-lb\/#primaryimage","url":"https:\/\/storitgroup.com\/uploads\/2021\/03\/jalapumbaga-toste-platvormkaru-sp-500-1.jpg","contentUrl":"https:\/\/storitgroup.com\/uploads\/2021\/03\/jalapumbaga-toste-platvormkaru-sp-500-1.jpg","width":1500,"height":1500},{"@type":"BreadcrumbList","@id":"https:\/\/storitgroup.com\/fi\/tuote\/saksinostovaunu-hydraulinen-pl-500-lb\/#breadcrumb","itemListElement":[{"@type":"ListItem","position":1,"name":"Kotisivu","item":"https:\/\/storitgroup.com\/fi\/"},{"@type":"ListItem","position":2,"name":"Tuotteet","item":"https:\/\/storitgroup.com\/fi\/tuotteet\/"},{"@type":"ListItem","position":3,"name":"Varastovaunut, py\u00f6r\u00e4t","item":"https:\/\/storitgroup.com\/fi\/varastovaunut-pyorat\/"},{"@type":"ListItem","position":4,"name":"Saksinostovaunut","item":"https:\/\/storitgroup.com\/fi\/varastovaunut-pyorat\/saksinostovaunut\/"},{"@type":"ListItem","position":5,"name":"Saksinostovaunu hydraulinen PL 500 LB"}]},{"@type":"WebSite","@id":"https:\/\/storitgroup.com\/fi\/#website","url":"https:\/\/storitgroup.com\/fi\/","name":"Storit","description":"","potentialAction":[{"@type":"SearchAction","target":{"@type":"EntryPoint","urlTemplate":"https:\/\/storitgroup.com\/fi\/?s={search_term_string}"},"query-input":{"@type":"PropertyValueSpecification","valueRequired":true,"valueName":"search_term_string"}}],"inLanguage":"fi"}]}},"_links":{"self":[{"href":"https:\/\/storitgroup.com\/fi\/wp-json\/wp\/v2\/product\/13877","targetHints":{"allow":["GET"]}}],"collection":[{"href":"https:\/\/storitgroup.com\/fi\/wp-json\/wp\/v2\/product"}],"about":[{"href":"https:\/\/storitgroup.com\/fi\/wp-json\/wp\/v2\/types\/product"}],"wp:featuredmedia":[{"embeddable":true,"href":"https:\/\/storitgroup.com\/fi\/wp-json\/wp\/v2\/media\/21157"}],"wp:attachment":[{"href":"https:\/\/storitgroup.com\/fi\/wp-json\/wp\/v2\/media?parent=13877"}],"wp:term":[{"taxonomy":"product_brand","embeddable":true,"href":"https:\/\/storitgroup.com\/fi\/wp-json\/wp\/v2\/product_brand?post=13877"},{"taxonomy":"product_cat","embeddable":true,"href":"https:\/\/storitgroup.com\/fi\/wp-json\/wp\/v2\/product_cat?post=13877"},{"taxonomy":"product_tag","embeddable":true,"href":"https:\/\/storitgroup.com\/fi\/wp-json\/wp\/v2\/product_tag?post=13877"}],"curies":[{"name":"wp","href":"https:\/\/api.w.org\/{rel}","templated":true}]}}