{"id":13863,"date":"2021-03-09T02:50:52","date_gmt":"2021-03-09T00:50:52","guid":{"rendered":"https:\/\/storitgroup.com\/?post_type=product&#038;p=13863"},"modified":"2026-04-03T12:01:05","modified_gmt":"2026-04-03T09:01:05","slug":"kevytnostin-e100-a-100kg-1700mm","status":"publish","type":"product","link":"https:\/\/storitgroup.com\/fi\/tuote\/kevytnostin-e100-a-100kg-1700mm\/","title":{"rendered":"Kevytnostin E100 A 100kg 1700mm"},"content":{"rendered":"<p>T0152  nostokyky: 100 kg<br \/>  nostokorkeus: 1700 mm<br \/>  nostonopeus\u00a0(kuormattuna \/ ilman kuormaa): 70\u00a0\/ 83\u00a0mm\/s<br \/>  laskunopeus\u00a0(kuormattuna\u00a0\/ ilman kuormaa): 101\u00a0\/\u00a085\u00a0mm\/s<br \/>pituus: 840 mm<br \/>leveys: 600 mm<br \/>korkeus:\u00a01990 mm<br \/>lastaustaso: 600 x 470 mm,akku: 24 V, 12 Ah<br \/>etupy\u00f6r\u00e4t:\u00a0\u00d8 75 mm, polyuretaani, k\u00e4\u00e4ntyv\u00e4t<br \/>takapy\u00f6r\u00e4t:\u00a0\u00d8 125 mm, polruretaani, k\u00e4\u00e4ntyv\u00e4t, jarrulla<br \/>paino: 66 kg.<\/p>\n","protected":false},"excerpt":{"rendered":"<p>T0152  nostokyky: 100 kg<br \/>\n  nostokorkeus: 1700 mm<br \/>\n  nostonopeus\u00a0(kuormattuna \/ ilman kuormaa): 70\u00a0\/ 83\u00a0mm\/s<\/p>\n","protected":false},"featured_media":35288,"template":"","meta":{"_acf_changed":false},"product_brand":[],"product_cat":[7043],"product_tag":[],"class_list":{"0":"post-13863","1":"product","2":"type-product","3":"status-publish","4":"has-post-thumbnail","6":"product_room-pieni-varasto","7":"product_room-nostovalinet","8":"product_cat-kasikayttoiset-ja-sahkoiset-pinoamisvaunut","10":"first","11":"onbackorder","12":"taxable","13":"shipping-taxable","14":"purchasable","15":"product-type-simple"},"acf":[],"yoast_head":"<!-- This site is optimized with the Yoast SEO plugin v27.2 - https:\/\/yoast.com\/product\/yoast-seo-wordpress\/ -->\n<title>Kevytnostin E100 A 100kg 1700mm &#8226; Storit<\/title>\n<meta name=\"description\" content=\"Kevytnostin E100 A 100kg 1700mm \u2014 kohtuulliseen hintaan. Toimitukset kaikkialle Suomeen! \u261b Tutustu tuotteeseen ja tilaa k\u00e4tev\u00e4sti STORIT-verkkokaupasta!\" \/>\n<meta name=\"robots\" content=\"index, follow, max-snippet:-1, max-image-preview:large, max-video-preview:-1\" \/>\n<link rel=\"canonical\" href=\"https:\/\/storitgroup.com\/fi\/tuote\/kevytnostin-e100-a-100kg-1700mm\/\" \/>\n<meta property=\"og:locale\" content=\"fi_FI\" \/>\n<meta property=\"og:type\" content=\"article\" \/>\n<meta property=\"og:title\" content=\"Kevytnostin E100 A 100kg 1700mm &#8226; Storit\" \/>\n<meta property=\"og:description\" content=\"Kevytnostin E100 A 100kg 1700mm \u2014 kohtuulliseen hintaan. Toimitukset kaikkialle Suomeen! \u261b Tutustu tuotteeseen ja tilaa k\u00e4tev\u00e4sti STORIT-verkkokaupasta!\" \/>\n<meta property=\"og:url\" content=\"https:\/\/storitgroup.com\/fi\/tuote\/kevytnostin-e100-a-100kg-1700mm\/\" \/>\n<meta property=\"og:site_name\" content=\"Storit\" \/>\n<meta property=\"article:modified_time\" content=\"2026-04-03T09:01:05+00:00\" \/>\n<meta property=\"og:image\" content=\"https:\/\/storitgroup.com\/uploads\/2021\/03\/poolelektriline-minivirnastaja-e100a-e150a-1-1-scaled-1.jpg\" \/>\n\t<meta property=\"og:image:width\" content=\"1920\" \/>\n\t<meta property=\"og:image:height\" content=\"1930\" \/>\n\t<meta property=\"og:image:type\" content=\"image\/jpeg\" \/>\n<meta name=\"twitter:card\" content=\"summary_large_image\" \/>\n<script type=\"application\/ld+json\" class=\"yoast-schema-graph\">{\"@context\":\"https:\/\/schema.org\",\"@graph\":[{\"@type\":[\"WebPage\",\"ItemPage\"],\"@id\":\"https:\/\/storitgroup.com\/fi\/tuote\/kevytnostin-e100-a-100kg-1700mm\/\",\"url\":\"https:\/\/storitgroup.com\/fi\/tuote\/kevytnostin-e100-a-100kg-1700mm\/\",\"name\":\"Kevytnostin E100 A 100kg 1700mm &#8226; Storit\",\"isPartOf\":{\"@id\":\"https:\/\/storitgroup.com\/fi\/#website\"},\"primaryImageOfPage\":{\"@id\":\"https:\/\/storitgroup.com\/fi\/tuote\/kevytnostin-e100-a-100kg-1700mm\/#primaryimage\"},\"image\":{\"@id\":\"https:\/\/storitgroup.com\/fi\/tuote\/kevytnostin-e100-a-100kg-1700mm\/#primaryimage\"},\"thumbnailUrl\":\"https:\/\/storitgroup.com\/uploads\/2021\/03\/poolelektriline-minivirnastaja-e100a-e150a-1-1-scaled-1.jpg\",\"datePublished\":\"2021-03-09T00:50:52+00:00\",\"dateModified\":\"2026-04-03T09:01:05+00:00\",\"description\":\"Kevytnostin E100 A 100kg 1700mm \u2014 kohtuulliseen hintaan. Toimitukset kaikkialle Suomeen! \u261b Tutustu tuotteeseen ja tilaa k\u00e4tev\u00e4sti STORIT-verkkokaupasta!\",\"breadcrumb\":{\"@id\":\"https:\/\/storitgroup.com\/fi\/tuote\/kevytnostin-e100-a-100kg-1700mm\/#breadcrumb\"},\"inLanguage\":\"fi\",\"potentialAction\":[{\"@type\":\"ReadAction\",\"target\":[\"https:\/\/storitgroup.com\/fi\/tuote\/kevytnostin-e100-a-100kg-1700mm\/\"]}]},{\"@type\":\"ImageObject\",\"inLanguage\":\"fi\",\"@id\":\"https:\/\/storitgroup.com\/fi\/tuote\/kevytnostin-e100-a-100kg-1700mm\/#primaryimage\",\"url\":\"https:\/\/storitgroup.com\/uploads\/2021\/03\/poolelektriline-minivirnastaja-e100a-e150a-1-1-scaled-1.jpg\",\"contentUrl\":\"https:\/\/storitgroup.com\/uploads\/2021\/03\/poolelektriline-minivirnastaja-e100a-e150a-1-1-scaled-1.jpg\",\"width\":1920,\"height\":1930},{\"@type\":\"BreadcrumbList\",\"@id\":\"https:\/\/storitgroup.com\/fi\/tuote\/kevytnostin-e100-a-100kg-1700mm\/#breadcrumb\",\"itemListElement\":[{\"@type\":\"ListItem\",\"position\":1,\"name\":\"Kotisivu\",\"item\":\"https:\/\/storitgroup.com\/fi\/\"},{\"@type\":\"ListItem\",\"position\":2,\"name\":\"Tuotteet\",\"item\":\"https:\/\/storitgroup.com\/fi\/tuotteet\/\"},{\"@type\":\"ListItem\",\"position\":3,\"name\":\"Varastotrukit, nostolavat, tarvikkeet\",\"item\":\"https:\/\/storitgroup.com\/fi\/varastotrukit-nostolavat-tarvikkeet\/\"},{\"@type\":\"ListItem\",\"position\":4,\"name\":\"Pinoamisvaunut\",\"item\":\"https:\/\/storitgroup.com\/fi\/varastotrukit-nostolavat-tarvikkeet\/pinoamisvaunut\/\"},{\"@type\":\"ListItem\",\"position\":5,\"name\":\"K\u00e4sik\u00e4ytt\u00f6iset ja s\u00e4hk\u00f6iset pinoamisvaunut\",\"item\":\"https:\/\/storitgroup.com\/fi\/varastotrukit-nostolavat-tarvikkeet\/pinoamisvaunut\/kasikayttoiset-ja-sahkoiset-pinoamisvaunut\/\"},{\"@type\":\"ListItem\",\"position\":6,\"name\":\"Kevytnostin E100 A 100kg 1700mm\"}]},{\"@type\":\"WebSite\",\"@id\":\"https:\/\/storitgroup.com\/fi\/#website\",\"url\":\"https:\/\/storitgroup.com\/fi\/\",\"name\":\"Storit\",\"description\":\"\",\"potentialAction\":[{\"@type\":\"SearchAction\",\"target\":{\"@type\":\"EntryPoint\",\"urlTemplate\":\"https:\/\/storitgroup.com\/fi\/?s={search_term_string}\"},\"query-input\":{\"@type\":\"PropertyValueSpecification\",\"valueRequired\":true,\"valueName\":\"search_term_string\"}}],\"inLanguage\":\"fi\"}]}<\/script>\n<!-- \/ Yoast SEO plugin. -->","yoast_head_json":{"title":"Kevytnostin E100 A 100kg 1700mm &#8226; Storit","description":"Kevytnostin E100 A 100kg 1700mm \u2014 kohtuulliseen hintaan. Toimitukset kaikkialle Suomeen! \u261b Tutustu tuotteeseen ja tilaa k\u00e4tev\u00e4sti STORIT-verkkokaupasta!","robots":{"index":"index","follow":"follow","max-snippet":"max-snippet:-1","max-image-preview":"max-image-preview:large","max-video-preview":"max-video-preview:-1"},"canonical":"https:\/\/storitgroup.com\/fi\/tuote\/kevytnostin-e100-a-100kg-1700mm\/","og_locale":"fi_FI","og_type":"article","og_title":"Kevytnostin E100 A 100kg 1700mm &#8226; Storit","og_description":"Kevytnostin E100 A 100kg 1700mm \u2014 kohtuulliseen hintaan. Toimitukset kaikkialle Suomeen! \u261b Tutustu tuotteeseen ja tilaa k\u00e4tev\u00e4sti STORIT-verkkokaupasta!","og_url":"https:\/\/storitgroup.com\/fi\/tuote\/kevytnostin-e100-a-100kg-1700mm\/","og_site_name":"Storit","article_modified_time":"2026-04-03T09:01:05+00:00","og_image":[{"width":1920,"height":1930,"url":"https:\/\/storitgroup.com\/uploads\/2021\/03\/poolelektriline-minivirnastaja-e100a-e150a-1-1-scaled-1.jpg","type":"image\/jpeg"}],"twitter_card":"summary_large_image","schema":{"@context":"https:\/\/schema.org","@graph":[{"@type":["WebPage","ItemPage"],"@id":"https:\/\/storitgroup.com\/fi\/tuote\/kevytnostin-e100-a-100kg-1700mm\/","url":"https:\/\/storitgroup.com\/fi\/tuote\/kevytnostin-e100-a-100kg-1700mm\/","name":"Kevytnostin E100 A 100kg 1700mm &#8226; Storit","isPartOf":{"@id":"https:\/\/storitgroup.com\/fi\/#website"},"primaryImageOfPage":{"@id":"https:\/\/storitgroup.com\/fi\/tuote\/kevytnostin-e100-a-100kg-1700mm\/#primaryimage"},"image":{"@id":"https:\/\/storitgroup.com\/fi\/tuote\/kevytnostin-e100-a-100kg-1700mm\/#primaryimage"},"thumbnailUrl":"https:\/\/storitgroup.com\/uploads\/2021\/03\/poolelektriline-minivirnastaja-e100a-e150a-1-1-scaled-1.jpg","datePublished":"2021-03-09T00:50:52+00:00","dateModified":"2026-04-03T09:01:05+00:00","description":"Kevytnostin E100 A 100kg 1700mm \u2014 kohtuulliseen hintaan. Toimitukset kaikkialle Suomeen! \u261b Tutustu tuotteeseen ja tilaa k\u00e4tev\u00e4sti STORIT-verkkokaupasta!","breadcrumb":{"@id":"https:\/\/storitgroup.com\/fi\/tuote\/kevytnostin-e100-a-100kg-1700mm\/#breadcrumb"},"inLanguage":"fi","potentialAction":[{"@type":"ReadAction","target":["https:\/\/storitgroup.com\/fi\/tuote\/kevytnostin-e100-a-100kg-1700mm\/"]}]},{"@type":"ImageObject","inLanguage":"fi","@id":"https:\/\/storitgroup.com\/fi\/tuote\/kevytnostin-e100-a-100kg-1700mm\/#primaryimage","url":"https:\/\/storitgroup.com\/uploads\/2021\/03\/poolelektriline-minivirnastaja-e100a-e150a-1-1-scaled-1.jpg","contentUrl":"https:\/\/storitgroup.com\/uploads\/2021\/03\/poolelektriline-minivirnastaja-e100a-e150a-1-1-scaled-1.jpg","width":1920,"height":1930},{"@type":"BreadcrumbList","@id":"https:\/\/storitgroup.com\/fi\/tuote\/kevytnostin-e100-a-100kg-1700mm\/#breadcrumb","itemListElement":[{"@type":"ListItem","position":1,"name":"Kotisivu","item":"https:\/\/storitgroup.com\/fi\/"},{"@type":"ListItem","position":2,"name":"Tuotteet","item":"https:\/\/storitgroup.com\/fi\/tuotteet\/"},{"@type":"ListItem","position":3,"name":"Varastotrukit, nostolavat, tarvikkeet","item":"https:\/\/storitgroup.com\/fi\/varastotrukit-nostolavat-tarvikkeet\/"},{"@type":"ListItem","position":4,"name":"Pinoamisvaunut","item":"https:\/\/storitgroup.com\/fi\/varastotrukit-nostolavat-tarvikkeet\/pinoamisvaunut\/"},{"@type":"ListItem","position":5,"name":"K\u00e4sik\u00e4ytt\u00f6iset ja s\u00e4hk\u00f6iset pinoamisvaunut","item":"https:\/\/storitgroup.com\/fi\/varastotrukit-nostolavat-tarvikkeet\/pinoamisvaunut\/kasikayttoiset-ja-sahkoiset-pinoamisvaunut\/"},{"@type":"ListItem","position":6,"name":"Kevytnostin E100 A 100kg 1700mm"}]},{"@type":"WebSite","@id":"https:\/\/storitgroup.com\/fi\/#website","url":"https:\/\/storitgroup.com\/fi\/","name":"Storit","description":"","potentialAction":[{"@type":"SearchAction","target":{"@type":"EntryPoint","urlTemplate":"https:\/\/storitgroup.com\/fi\/?s={search_term_string}"},"query-input":{"@type":"PropertyValueSpecification","valueRequired":true,"valueName":"search_term_string"}}],"inLanguage":"fi"}]}},"_links":{"self":[{"href":"https:\/\/storitgroup.com\/fi\/wp-json\/wp\/v2\/product\/13863","targetHints":{"allow":["GET"]}}],"collection":[{"href":"https:\/\/storitgroup.com\/fi\/wp-json\/wp\/v2\/product"}],"about":[{"href":"https:\/\/storitgroup.com\/fi\/wp-json\/wp\/v2\/types\/product"}],"wp:featuredmedia":[{"embeddable":true,"href":"https:\/\/storitgroup.com\/fi\/wp-json\/wp\/v2\/media\/35288"}],"wp:attachment":[{"href":"https:\/\/storitgroup.com\/fi\/wp-json\/wp\/v2\/media?parent=13863"}],"wp:term":[{"taxonomy":"product_brand","embeddable":true,"href":"https:\/\/storitgroup.com\/fi\/wp-json\/wp\/v2\/product_brand?post=13863"},{"taxonomy":"product_cat","embeddable":true,"href":"https:\/\/storitgroup.com\/fi\/wp-json\/wp\/v2\/product_cat?post=13863"},{"taxonomy":"product_tag","embeddable":true,"href":"https:\/\/storitgroup.com\/fi\/wp-json\/wp\/v2\/product_tag?post=13863"}],"curies":[{"name":"wp","href":"https:\/\/api.w.org\/{rel}","templated":true}]}}