{"id":13859,"date":"2021-03-09T02:50:48","date_gmt":"2021-03-09T00:50:48","guid":{"rendered":"https:\/\/storitgroup.com\/?post_type=product&#038;p=13859"},"modified":"2026-04-09T14:36:16","modified_gmt":"2026-04-09T11:36:16","slug":"puolisahkoinen-kevytnostin-pl-1500-hst-el-400kg","status":"publish","type":"product","link":"https:\/\/storitgroup.com\/fi\/tuote\/puolisahkoinen-kevytnostin-pl-1500-hst-el-400kg\/","title":{"rendered":"Puolis\u00e4hk\u00f6inen kevytnostin PL-1500 HST-EL 400kg"},"content":{"rendered":"<p>T0040  nostokyky:\u00a0400 kg<br \/>   min \/ max nostokorkeus: 85 \/ 1500 mm<br \/>  kokonaiskorkeus: 1725 mm<br \/>  kokonaisleveys: 600 mm<br \/>  kokonaispituus: 1100 mm<br \/>  haarukoiden pituus: 650 mm<br \/>  haarukoiden leveys: 550 mm<br \/>  haarukkapy\u00f6r\u00e4t\/rullat:\u00a0\u00d8 75 x 40 mm, polyuretaani<br \/>  jarruilla ohjauspy\u00f6r\u00e4t:\u00a0\u00d8\u00a0127 x 40 mm, polyuretaani<br \/>  nostonopeus: 80 mm\/s<br \/>  akku: 12 V \/ 60 Ah<br \/>  moottori: 700 W<br \/>  paino\u00a0(akun kanssa): 126 kg.<\/p>\n","protected":false},"excerpt":{"rendered":"<p>T0040  nostokyky:\u00a0400 kg<br \/>\n   min \/ max nostokorkeus: 85 \/ 1500 mm<br \/>\n  kokonaiskorkeus: 1725 mm<\/p>\n","protected":false},"featured_media":35297,"template":"","meta":{"_acf_changed":false},"product_brand":[],"product_cat":[7043],"product_tag":[],"class_list":{"0":"post-13859","1":"product","2":"type-product","3":"status-publish","4":"has-post-thumbnail","6":"product_room-pieni-varasto","7":"product_room-nostovalinet","8":"product_cat-kasikayttoiset-ja-sahkoiset-pinoamisvaunut","10":"first","11":"onbackorder","12":"taxable","13":"shipping-taxable","14":"purchasable","15":"product-type-simple"},"acf":[],"yoast_head":"<!-- This site is optimized with the Yoast SEO plugin v27.3 - https:\/\/yoast.com\/product\/yoast-seo-wordpress\/ -->\n<title>Puolis\u00e4hk\u00f6inen kevytnostin PL-1500 HST-EL 400kg &#8226; Storit<\/title>\n<meta name=\"description\" content=\"Puolis\u00e4hk\u00f6inen kevytnostin PL-1500 HST-EL 400kg \u2014 kohtuulliseen hintaan. Toimitukset kaikkialle Suomeen! \u261b Tutustu tuotteeseen ja tilaa k\u00e4tev\u00e4sti STORIT-verkkokaupasta!\" \/>\n<meta name=\"robots\" content=\"index, follow, max-snippet:-1, max-image-preview:large, max-video-preview:-1\" \/>\n<link rel=\"canonical\" href=\"https:\/\/storitgroup.com\/fi\/tuote\/puolisahkoinen-kevytnostin-pl-1500-hst-el-400kg\/\" \/>\n<meta property=\"og:locale\" content=\"fi_FI\" \/>\n<meta property=\"og:type\" content=\"article\" \/>\n<meta property=\"og:title\" content=\"Puolis\u00e4hk\u00f6inen kevytnostin PL-1500 HST-EL 400kg &#8226; Storit\" \/>\n<meta property=\"og:description\" content=\"Puolis\u00e4hk\u00f6inen kevytnostin PL-1500 HST-EL 400kg \u2014 kohtuulliseen hintaan. Toimitukset kaikkialle Suomeen! \u261b Tutustu tuotteeseen ja tilaa k\u00e4tev\u00e4sti STORIT-verkkokaupasta!\" \/>\n<meta property=\"og:url\" content=\"https:\/\/storitgroup.com\/fi\/tuote\/puolisahkoinen-kevytnostin-pl-1500-hst-el-400kg\/\" \/>\n<meta property=\"og:site_name\" content=\"Storit\" \/>\n<meta property=\"article:modified_time\" content=\"2026-04-09T11:36:16+00:00\" \/>\n<meta property=\"og:image\" content=\"https:\/\/storitgroup.com\/uploads\/2021\/03\/poolelektriline-mini-virnastaja-pl-1500-hst-el-1-scaled-1.jpg\" \/>\n\t<meta property=\"og:image:width\" content=\"1920\" \/>\n\t<meta property=\"og:image:height\" content=\"1924\" \/>\n\t<meta property=\"og:image:type\" content=\"image\/jpeg\" \/>\n<meta name=\"twitter:card\" content=\"summary_large_image\" \/>\n<script type=\"application\/ld+json\" class=\"yoast-schema-graph\">{\"@context\":\"https:\\\/\\\/schema.org\",\"@graph\":[{\"@type\":[\"WebPage\",\"ItemPage\"],\"@id\":\"https:\\\/\\\/storitgroup.com\\\/fi\\\/tuote\\\/puolisahkoinen-kevytnostin-pl-1500-hst-el-400kg\\\/\",\"url\":\"https:\\\/\\\/storitgroup.com\\\/fi\\\/tuote\\\/puolisahkoinen-kevytnostin-pl-1500-hst-el-400kg\\\/\",\"name\":\"Puolis\u00e4hk\u00f6inen kevytnostin PL-1500 HST-EL 400kg &#8226; Storit\",\"isPartOf\":{\"@id\":\"https:\\\/\\\/storitgroup.com\\\/fi\\\/#website\"},\"primaryImageOfPage\":{\"@id\":\"https:\\\/\\\/storitgroup.com\\\/fi\\\/tuote\\\/puolisahkoinen-kevytnostin-pl-1500-hst-el-400kg\\\/#primaryimage\"},\"image\":{\"@id\":\"https:\\\/\\\/storitgroup.com\\\/fi\\\/tuote\\\/puolisahkoinen-kevytnostin-pl-1500-hst-el-400kg\\\/#primaryimage\"},\"thumbnailUrl\":\"https:\\\/\\\/storitgroup.com\\\/uploads\\\/2021\\\/03\\\/poolelektriline-mini-virnastaja-pl-1500-hst-el-1-scaled-1.jpg\",\"datePublished\":\"2021-03-09T00:50:48+00:00\",\"dateModified\":\"2026-04-09T11:36:16+00:00\",\"description\":\"Puolis\u00e4hk\u00f6inen kevytnostin PL-1500 HST-EL 400kg \u2014 kohtuulliseen hintaan. Toimitukset kaikkialle Suomeen! \u261b Tutustu tuotteeseen ja tilaa k\u00e4tev\u00e4sti STORIT-verkkokaupasta!\",\"breadcrumb\":{\"@id\":\"https:\\\/\\\/storitgroup.com\\\/fi\\\/tuote\\\/puolisahkoinen-kevytnostin-pl-1500-hst-el-400kg\\\/#breadcrumb\"},\"inLanguage\":\"fi\",\"potentialAction\":[{\"@type\":\"ReadAction\",\"target\":[\"https:\\\/\\\/storitgroup.com\\\/fi\\\/tuote\\\/puolisahkoinen-kevytnostin-pl-1500-hst-el-400kg\\\/\"]}]},{\"@type\":\"ImageObject\",\"inLanguage\":\"fi\",\"@id\":\"https:\\\/\\\/storitgroup.com\\\/fi\\\/tuote\\\/puolisahkoinen-kevytnostin-pl-1500-hst-el-400kg\\\/#primaryimage\",\"url\":\"https:\\\/\\\/storitgroup.com\\\/uploads\\\/2021\\\/03\\\/poolelektriline-mini-virnastaja-pl-1500-hst-el-1-scaled-1.jpg\",\"contentUrl\":\"https:\\\/\\\/storitgroup.com\\\/uploads\\\/2021\\\/03\\\/poolelektriline-mini-virnastaja-pl-1500-hst-el-1-scaled-1.jpg\",\"width\":1920,\"height\":1924},{\"@type\":\"BreadcrumbList\",\"@id\":\"https:\\\/\\\/storitgroup.com\\\/fi\\\/tuote\\\/puolisahkoinen-kevytnostin-pl-1500-hst-el-400kg\\\/#breadcrumb\",\"itemListElement\":[{\"@type\":\"ListItem\",\"position\":1,\"name\":\"Kotisivu\",\"item\":\"https:\\\/\\\/storitgroup.com\\\/fi\\\/\"},{\"@type\":\"ListItem\",\"position\":2,\"name\":\"Tuotteet\",\"item\":\"https:\\\/\\\/storitgroup.com\\\/fi\\\/tuotteet\\\/\"},{\"@type\":\"ListItem\",\"position\":3,\"name\":\"Varastotrukit, nostolavat, tarvikkeet\",\"item\":\"https:\\\/\\\/storitgroup.com\\\/fi\\\/varastotrukit-nostolavat-tarvikkeet\\\/\"},{\"@type\":\"ListItem\",\"position\":4,\"name\":\"Pinoamisvaunut\",\"item\":\"https:\\\/\\\/storitgroup.com\\\/fi\\\/varastotrukit-nostolavat-tarvikkeet\\\/pinoamisvaunut\\\/\"},{\"@type\":\"ListItem\",\"position\":5,\"name\":\"K\u00e4sik\u00e4ytt\u00f6iset ja s\u00e4hk\u00f6iset pinoamisvaunut\",\"item\":\"https:\\\/\\\/storitgroup.com\\\/fi\\\/varastotrukit-nostolavat-tarvikkeet\\\/pinoamisvaunut\\\/kasikayttoiset-ja-sahkoiset-pinoamisvaunut\\\/\"},{\"@type\":\"ListItem\",\"position\":6,\"name\":\"Puolis\u00e4hk\u00f6inen kevytnostin PL-1500 HST-EL 400kg\"}]},{\"@type\":\"WebSite\",\"@id\":\"https:\\\/\\\/storitgroup.com\\\/fi\\\/#website\",\"url\":\"https:\\\/\\\/storitgroup.com\\\/fi\\\/\",\"name\":\"Storit\",\"description\":\"\",\"potentialAction\":[{\"@type\":\"SearchAction\",\"target\":{\"@type\":\"EntryPoint\",\"urlTemplate\":\"https:\\\/\\\/storitgroup.com\\\/fi\\\/?s={search_term_string}\"},\"query-input\":{\"@type\":\"PropertyValueSpecification\",\"valueRequired\":true,\"valueName\":\"search_term_string\"}}],\"inLanguage\":\"fi\"}]}<\/script>\n<!-- \/ Yoast SEO plugin. -->","yoast_head_json":{"title":"Puolis\u00e4hk\u00f6inen kevytnostin PL-1500 HST-EL 400kg &#8226; Storit","description":"Puolis\u00e4hk\u00f6inen kevytnostin PL-1500 HST-EL 400kg \u2014 kohtuulliseen hintaan. Toimitukset kaikkialle Suomeen! \u261b Tutustu tuotteeseen ja tilaa k\u00e4tev\u00e4sti STORIT-verkkokaupasta!","robots":{"index":"index","follow":"follow","max-snippet":"max-snippet:-1","max-image-preview":"max-image-preview:large","max-video-preview":"max-video-preview:-1"},"canonical":"https:\/\/storitgroup.com\/fi\/tuote\/puolisahkoinen-kevytnostin-pl-1500-hst-el-400kg\/","og_locale":"fi_FI","og_type":"article","og_title":"Puolis\u00e4hk\u00f6inen kevytnostin PL-1500 HST-EL 400kg &#8226; Storit","og_description":"Puolis\u00e4hk\u00f6inen kevytnostin PL-1500 HST-EL 400kg \u2014 kohtuulliseen hintaan. Toimitukset kaikkialle Suomeen! \u261b Tutustu tuotteeseen ja tilaa k\u00e4tev\u00e4sti STORIT-verkkokaupasta!","og_url":"https:\/\/storitgroup.com\/fi\/tuote\/puolisahkoinen-kevytnostin-pl-1500-hst-el-400kg\/","og_site_name":"Storit","article_modified_time":"2026-04-09T11:36:16+00:00","og_image":[{"width":1920,"height":1924,"url":"https:\/\/storitgroup.com\/uploads\/2021\/03\/poolelektriline-mini-virnastaja-pl-1500-hst-el-1-scaled-1.jpg","type":"image\/jpeg"}],"twitter_card":"summary_large_image","schema":{"@context":"https:\/\/schema.org","@graph":[{"@type":["WebPage","ItemPage"],"@id":"https:\/\/storitgroup.com\/fi\/tuote\/puolisahkoinen-kevytnostin-pl-1500-hst-el-400kg\/","url":"https:\/\/storitgroup.com\/fi\/tuote\/puolisahkoinen-kevytnostin-pl-1500-hst-el-400kg\/","name":"Puolis\u00e4hk\u00f6inen kevytnostin PL-1500 HST-EL 400kg &#8226; Storit","isPartOf":{"@id":"https:\/\/storitgroup.com\/fi\/#website"},"primaryImageOfPage":{"@id":"https:\/\/storitgroup.com\/fi\/tuote\/puolisahkoinen-kevytnostin-pl-1500-hst-el-400kg\/#primaryimage"},"image":{"@id":"https:\/\/storitgroup.com\/fi\/tuote\/puolisahkoinen-kevytnostin-pl-1500-hst-el-400kg\/#primaryimage"},"thumbnailUrl":"https:\/\/storitgroup.com\/uploads\/2021\/03\/poolelektriline-mini-virnastaja-pl-1500-hst-el-1-scaled-1.jpg","datePublished":"2021-03-09T00:50:48+00:00","dateModified":"2026-04-09T11:36:16+00:00","description":"Puolis\u00e4hk\u00f6inen kevytnostin PL-1500 HST-EL 400kg \u2014 kohtuulliseen hintaan. Toimitukset kaikkialle Suomeen! \u261b Tutustu tuotteeseen ja tilaa k\u00e4tev\u00e4sti STORIT-verkkokaupasta!","breadcrumb":{"@id":"https:\/\/storitgroup.com\/fi\/tuote\/puolisahkoinen-kevytnostin-pl-1500-hst-el-400kg\/#breadcrumb"},"inLanguage":"fi","potentialAction":[{"@type":"ReadAction","target":["https:\/\/storitgroup.com\/fi\/tuote\/puolisahkoinen-kevytnostin-pl-1500-hst-el-400kg\/"]}]},{"@type":"ImageObject","inLanguage":"fi","@id":"https:\/\/storitgroup.com\/fi\/tuote\/puolisahkoinen-kevytnostin-pl-1500-hst-el-400kg\/#primaryimage","url":"https:\/\/storitgroup.com\/uploads\/2021\/03\/poolelektriline-mini-virnastaja-pl-1500-hst-el-1-scaled-1.jpg","contentUrl":"https:\/\/storitgroup.com\/uploads\/2021\/03\/poolelektriline-mini-virnastaja-pl-1500-hst-el-1-scaled-1.jpg","width":1920,"height":1924},{"@type":"BreadcrumbList","@id":"https:\/\/storitgroup.com\/fi\/tuote\/puolisahkoinen-kevytnostin-pl-1500-hst-el-400kg\/#breadcrumb","itemListElement":[{"@type":"ListItem","position":1,"name":"Kotisivu","item":"https:\/\/storitgroup.com\/fi\/"},{"@type":"ListItem","position":2,"name":"Tuotteet","item":"https:\/\/storitgroup.com\/fi\/tuotteet\/"},{"@type":"ListItem","position":3,"name":"Varastotrukit, nostolavat, tarvikkeet","item":"https:\/\/storitgroup.com\/fi\/varastotrukit-nostolavat-tarvikkeet\/"},{"@type":"ListItem","position":4,"name":"Pinoamisvaunut","item":"https:\/\/storitgroup.com\/fi\/varastotrukit-nostolavat-tarvikkeet\/pinoamisvaunut\/"},{"@type":"ListItem","position":5,"name":"K\u00e4sik\u00e4ytt\u00f6iset ja s\u00e4hk\u00f6iset pinoamisvaunut","item":"https:\/\/storitgroup.com\/fi\/varastotrukit-nostolavat-tarvikkeet\/pinoamisvaunut\/kasikayttoiset-ja-sahkoiset-pinoamisvaunut\/"},{"@type":"ListItem","position":6,"name":"Puolis\u00e4hk\u00f6inen kevytnostin PL-1500 HST-EL 400kg"}]},{"@type":"WebSite","@id":"https:\/\/storitgroup.com\/fi\/#website","url":"https:\/\/storitgroup.com\/fi\/","name":"Storit","description":"","potentialAction":[{"@type":"SearchAction","target":{"@type":"EntryPoint","urlTemplate":"https:\/\/storitgroup.com\/fi\/?s={search_term_string}"},"query-input":{"@type":"PropertyValueSpecification","valueRequired":true,"valueName":"search_term_string"}}],"inLanguage":"fi"}]}},"_links":{"self":[{"href":"https:\/\/storitgroup.com\/fi\/wp-json\/wp\/v2\/product\/13859","targetHints":{"allow":["GET"]}}],"collection":[{"href":"https:\/\/storitgroup.com\/fi\/wp-json\/wp\/v2\/product"}],"about":[{"href":"https:\/\/storitgroup.com\/fi\/wp-json\/wp\/v2\/types\/product"}],"wp:featuredmedia":[{"embeddable":true,"href":"https:\/\/storitgroup.com\/fi\/wp-json\/wp\/v2\/media\/35297"}],"wp:attachment":[{"href":"https:\/\/storitgroup.com\/fi\/wp-json\/wp\/v2\/media?parent=13859"}],"wp:term":[{"taxonomy":"product_brand","embeddable":true,"href":"https:\/\/storitgroup.com\/fi\/wp-json\/wp\/v2\/product_brand?post=13859"},{"taxonomy":"product_cat","embeddable":true,"href":"https:\/\/storitgroup.com\/fi\/wp-json\/wp\/v2\/product_cat?post=13859"},{"taxonomy":"product_tag","embeddable":true,"href":"https:\/\/storitgroup.com\/fi\/wp-json\/wp\/v2\/product_tag?post=13859"}],"curies":[{"name":"wp","href":"https:\/\/api.w.org\/{rel}","templated":true}]}}