{"id":13849,"date":"2021-03-09T02:50:43","date_gmt":"2021-03-09T00:50:43","guid":{"rendered":"https:\/\/storitgroup.com\/?post_type=product&#038;p=13849"},"modified":"2026-04-09T14:36:13","modified_gmt":"2026-04-09T11:36:13","slug":"kasikayttoinen-pinoamisvaunu-ergo-sivukallistuksella-800kg","status":"publish","type":"product","link":"https:\/\/storitgroup.com\/fi\/tuote\/kasikayttoinen-pinoamisvaunu-ergo-sivukallistuksella-800kg\/","title":{"rendered":"K\u00e4sik\u00e4ytt\u00f6inen pinoamisvaunu Ergo sivukallistuksella 800kg"},"content":{"rendered":"<p>T0330  nostokyky: 800 kg<br \/>  nostokorkeus: 900 mm<br \/>  min \/ max nostokorkeus:\u00a087 \/ 900 mm<br \/>  enimm\u00e4iskuormitus kallistuksessas: 400 kg  kokonaiskorkeus:\u00a01230 mm<br \/>  kokonaisleveys: 730 mm<br \/>  kokonaispituus: 1630 mm<br \/>  haarukoiden pituus: 1140 mm<br \/>  leveys haarukoiden yli: 540 mm<br \/>  haarukan leveys: 150 mm<br \/>  rullat: \u00d8 82 x 90 mm, tandem<br \/>  jarrulliset ohjauspy\u00f6r\u00e4t: \u00d8 200 x 50 mm<br \/>  k\u00e4\u00e4nt\u00f6ympyr\u00e4: 1500 mm<br \/>  kallistuskulma 40\u00b0:  jalka- ja k\u00e4sipumppu<br \/>  Paino: 218 kg.    Tukeva, toimiva pinoaja ergonomisella kallistuksella.\u00a0Lava nousee oikealle ty\u00f6korkeudelle ja sivukallistuksen ansiosta ty\u00f6skentely sujuu mukavasti ja ergonomisesti.  Rakenne on hyvin kompakti ja pinoaja soveltuu ahtaisiin tiloihin.<\/p>\n","protected":false},"excerpt":{"rendered":"<p>T0330  nostokyky: 800 kg<br \/>\n  nostokorkeus: 900 mm<br \/>\n  min \/ max nostokorkeus:\u00a087 \/ 900 mm<\/p>\n","protected":false},"featured_media":21121,"template":"","meta":{"_acf_changed":false},"product_brand":[],"product_cat":[7043],"product_tag":[],"class_list":{"0":"post-13849","1":"product","2":"type-product","3":"status-publish","4":"has-post-thumbnail","6":"product_room-pieni-varasto","7":"product_room-nostovalinet","8":"product_cat-kasikayttoiset-ja-sahkoiset-pinoamisvaunut","10":"first","11":"onbackorder","12":"taxable","13":"shipping-taxable","14":"purchasable","15":"product-type-simple"},"acf":[],"yoast_head":"<!-- This site is optimized with the Yoast SEO plugin v27.3 - https:\/\/yoast.com\/product\/yoast-seo-wordpress\/ -->\n<title>K\u00e4sik\u00e4ytt\u00f6inen pinoamisvaunu Ergo sivukallistuksella 800kg &#8226; Storit<\/title>\n<meta name=\"description\" content=\"K\u00e4sik\u00e4ytt\u00f6inen pinoamisvaunu Ergo sivukallistuksella 800kg \u2014 kohtuulliseen hintaan. Toimitukset kaikkialle Suomeen! \u261b Tutustu tuotteeseen ja tilaa k\u00e4tev\u00e4sti STORIT-verkkokaupasta!\" \/>\n<meta name=\"robots\" content=\"index, follow, max-snippet:-1, max-image-preview:large, max-video-preview:-1\" \/>\n<link rel=\"canonical\" href=\"https:\/\/storitgroup.com\/fi\/tuote\/kasikayttoinen-pinoamisvaunu-ergo-sivukallistuksella-800kg\/\" \/>\n<meta property=\"og:locale\" content=\"fi_FI\" \/>\n<meta property=\"og:type\" content=\"article\" \/>\n<meta property=\"og:title\" content=\"K\u00e4sik\u00e4ytt\u00f6inen pinoamisvaunu Ergo sivukallistuksella 800kg &#8226; Storit\" \/>\n<meta property=\"og:description\" content=\"K\u00e4sik\u00e4ytt\u00f6inen pinoamisvaunu Ergo sivukallistuksella 800kg \u2014 kohtuulliseen hintaan. Toimitukset kaikkialle Suomeen! \u261b Tutustu tuotteeseen ja tilaa k\u00e4tev\u00e4sti STORIT-verkkokaupasta!\" \/>\n<meta property=\"og:url\" content=\"https:\/\/storitgroup.com\/fi\/tuote\/kasikayttoinen-pinoamisvaunu-ergo-sivukallistuksella-800kg\/\" \/>\n<meta property=\"og:site_name\" content=\"Storit\" \/>\n<meta property=\"article:modified_time\" content=\"2026-04-09T11:36:13+00:00\" \/>\n<meta property=\"og:image\" content=\"https:\/\/storitgroup.com\/uploads\/2021\/03\/kulgkallutusega-manuaalne-virnastaja-ergo-1-1.png\" \/>\n\t<meta property=\"og:image:width\" content=\"646\" \/>\n\t<meta property=\"og:image:height\" content=\"646\" \/>\n\t<meta property=\"og:image:type\" content=\"image\/png\" \/>\n<meta name=\"twitter:card\" content=\"summary_large_image\" \/>\n<script type=\"application\/ld+json\" class=\"yoast-schema-graph\">{\"@context\":\"https:\\\/\\\/schema.org\",\"@graph\":[{\"@type\":[\"WebPage\",\"ItemPage\"],\"@id\":\"https:\\\/\\\/storitgroup.com\\\/fi\\\/tuote\\\/kasikayttoinen-pinoamisvaunu-ergo-sivukallistuksella-800kg\\\/\",\"url\":\"https:\\\/\\\/storitgroup.com\\\/fi\\\/tuote\\\/kasikayttoinen-pinoamisvaunu-ergo-sivukallistuksella-800kg\\\/\",\"name\":\"K\u00e4sik\u00e4ytt\u00f6inen pinoamisvaunu Ergo sivukallistuksella 800kg &#8226; Storit\",\"isPartOf\":{\"@id\":\"https:\\\/\\\/storitgroup.com\\\/fi\\\/#website\"},\"primaryImageOfPage\":{\"@id\":\"https:\\\/\\\/storitgroup.com\\\/fi\\\/tuote\\\/kasikayttoinen-pinoamisvaunu-ergo-sivukallistuksella-800kg\\\/#primaryimage\"},\"image\":{\"@id\":\"https:\\\/\\\/storitgroup.com\\\/fi\\\/tuote\\\/kasikayttoinen-pinoamisvaunu-ergo-sivukallistuksella-800kg\\\/#primaryimage\"},\"thumbnailUrl\":\"https:\\\/\\\/storitgroup.com\\\/uploads\\\/2021\\\/03\\\/kulgkallutusega-manuaalne-virnastaja-ergo-1-1.png\",\"datePublished\":\"2021-03-09T00:50:43+00:00\",\"dateModified\":\"2026-04-09T11:36:13+00:00\",\"description\":\"K\u00e4sik\u00e4ytt\u00f6inen pinoamisvaunu Ergo sivukallistuksella 800kg \u2014 kohtuulliseen hintaan. Toimitukset kaikkialle Suomeen! \u261b Tutustu tuotteeseen ja tilaa k\u00e4tev\u00e4sti STORIT-verkkokaupasta!\",\"breadcrumb\":{\"@id\":\"https:\\\/\\\/storitgroup.com\\\/fi\\\/tuote\\\/kasikayttoinen-pinoamisvaunu-ergo-sivukallistuksella-800kg\\\/#breadcrumb\"},\"inLanguage\":\"fi\",\"potentialAction\":[{\"@type\":\"ReadAction\",\"target\":[\"https:\\\/\\\/storitgroup.com\\\/fi\\\/tuote\\\/kasikayttoinen-pinoamisvaunu-ergo-sivukallistuksella-800kg\\\/\"]}]},{\"@type\":\"ImageObject\",\"inLanguage\":\"fi\",\"@id\":\"https:\\\/\\\/storitgroup.com\\\/fi\\\/tuote\\\/kasikayttoinen-pinoamisvaunu-ergo-sivukallistuksella-800kg\\\/#primaryimage\",\"url\":\"https:\\\/\\\/storitgroup.com\\\/uploads\\\/2021\\\/03\\\/kulgkallutusega-manuaalne-virnastaja-ergo-1-1.png\",\"contentUrl\":\"https:\\\/\\\/storitgroup.com\\\/uploads\\\/2021\\\/03\\\/kulgkallutusega-manuaalne-virnastaja-ergo-1-1.png\",\"width\":646,\"height\":646},{\"@type\":\"BreadcrumbList\",\"@id\":\"https:\\\/\\\/storitgroup.com\\\/fi\\\/tuote\\\/kasikayttoinen-pinoamisvaunu-ergo-sivukallistuksella-800kg\\\/#breadcrumb\",\"itemListElement\":[{\"@type\":\"ListItem\",\"position\":1,\"name\":\"Kotisivu\",\"item\":\"https:\\\/\\\/storitgroup.com\\\/fi\\\/\"},{\"@type\":\"ListItem\",\"position\":2,\"name\":\"Tuotteet\",\"item\":\"https:\\\/\\\/storitgroup.com\\\/fi\\\/tuotteet\\\/\"},{\"@type\":\"ListItem\",\"position\":3,\"name\":\"Varastotrukit, nostolavat, tarvikkeet\",\"item\":\"https:\\\/\\\/storitgroup.com\\\/fi\\\/varastotrukit-nostolavat-tarvikkeet\\\/\"},{\"@type\":\"ListItem\",\"position\":4,\"name\":\"Pinoamisvaunut\",\"item\":\"https:\\\/\\\/storitgroup.com\\\/fi\\\/varastotrukit-nostolavat-tarvikkeet\\\/pinoamisvaunut\\\/\"},{\"@type\":\"ListItem\",\"position\":5,\"name\":\"K\u00e4sik\u00e4ytt\u00f6iset ja s\u00e4hk\u00f6iset pinoamisvaunut\",\"item\":\"https:\\\/\\\/storitgroup.com\\\/fi\\\/varastotrukit-nostolavat-tarvikkeet\\\/pinoamisvaunut\\\/kasikayttoiset-ja-sahkoiset-pinoamisvaunut\\\/\"},{\"@type\":\"ListItem\",\"position\":6,\"name\":\"K\u00e4sik\u00e4ytt\u00f6inen pinoamisvaunu Ergo sivukallistuksella 800kg\"}]},{\"@type\":\"WebSite\",\"@id\":\"https:\\\/\\\/storitgroup.com\\\/fi\\\/#website\",\"url\":\"https:\\\/\\\/storitgroup.com\\\/fi\\\/\",\"name\":\"Storit\",\"description\":\"\",\"potentialAction\":[{\"@type\":\"SearchAction\",\"target\":{\"@type\":\"EntryPoint\",\"urlTemplate\":\"https:\\\/\\\/storitgroup.com\\\/fi\\\/?s={search_term_string}\"},\"query-input\":{\"@type\":\"PropertyValueSpecification\",\"valueRequired\":true,\"valueName\":\"search_term_string\"}}],\"inLanguage\":\"fi\"}]}<\/script>\n<!-- \/ Yoast SEO plugin. -->","yoast_head_json":{"title":"K\u00e4sik\u00e4ytt\u00f6inen pinoamisvaunu Ergo sivukallistuksella 800kg &#8226; Storit","description":"K\u00e4sik\u00e4ytt\u00f6inen pinoamisvaunu Ergo sivukallistuksella 800kg \u2014 kohtuulliseen hintaan. Toimitukset kaikkialle Suomeen! \u261b Tutustu tuotteeseen ja tilaa k\u00e4tev\u00e4sti STORIT-verkkokaupasta!","robots":{"index":"index","follow":"follow","max-snippet":"max-snippet:-1","max-image-preview":"max-image-preview:large","max-video-preview":"max-video-preview:-1"},"canonical":"https:\/\/storitgroup.com\/fi\/tuote\/kasikayttoinen-pinoamisvaunu-ergo-sivukallistuksella-800kg\/","og_locale":"fi_FI","og_type":"article","og_title":"K\u00e4sik\u00e4ytt\u00f6inen pinoamisvaunu Ergo sivukallistuksella 800kg &#8226; Storit","og_description":"K\u00e4sik\u00e4ytt\u00f6inen pinoamisvaunu Ergo sivukallistuksella 800kg \u2014 kohtuulliseen hintaan. Toimitukset kaikkialle Suomeen! \u261b Tutustu tuotteeseen ja tilaa k\u00e4tev\u00e4sti STORIT-verkkokaupasta!","og_url":"https:\/\/storitgroup.com\/fi\/tuote\/kasikayttoinen-pinoamisvaunu-ergo-sivukallistuksella-800kg\/","og_site_name":"Storit","article_modified_time":"2026-04-09T11:36:13+00:00","og_image":[{"width":646,"height":646,"url":"https:\/\/storitgroup.com\/uploads\/2021\/03\/kulgkallutusega-manuaalne-virnastaja-ergo-1-1.png","type":"image\/png"}],"twitter_card":"summary_large_image","schema":{"@context":"https:\/\/schema.org","@graph":[{"@type":["WebPage","ItemPage"],"@id":"https:\/\/storitgroup.com\/fi\/tuote\/kasikayttoinen-pinoamisvaunu-ergo-sivukallistuksella-800kg\/","url":"https:\/\/storitgroup.com\/fi\/tuote\/kasikayttoinen-pinoamisvaunu-ergo-sivukallistuksella-800kg\/","name":"K\u00e4sik\u00e4ytt\u00f6inen pinoamisvaunu Ergo sivukallistuksella 800kg &#8226; Storit","isPartOf":{"@id":"https:\/\/storitgroup.com\/fi\/#website"},"primaryImageOfPage":{"@id":"https:\/\/storitgroup.com\/fi\/tuote\/kasikayttoinen-pinoamisvaunu-ergo-sivukallistuksella-800kg\/#primaryimage"},"image":{"@id":"https:\/\/storitgroup.com\/fi\/tuote\/kasikayttoinen-pinoamisvaunu-ergo-sivukallistuksella-800kg\/#primaryimage"},"thumbnailUrl":"https:\/\/storitgroup.com\/uploads\/2021\/03\/kulgkallutusega-manuaalne-virnastaja-ergo-1-1.png","datePublished":"2021-03-09T00:50:43+00:00","dateModified":"2026-04-09T11:36:13+00:00","description":"K\u00e4sik\u00e4ytt\u00f6inen pinoamisvaunu Ergo sivukallistuksella 800kg \u2014 kohtuulliseen hintaan. Toimitukset kaikkialle Suomeen! \u261b Tutustu tuotteeseen ja tilaa k\u00e4tev\u00e4sti STORIT-verkkokaupasta!","breadcrumb":{"@id":"https:\/\/storitgroup.com\/fi\/tuote\/kasikayttoinen-pinoamisvaunu-ergo-sivukallistuksella-800kg\/#breadcrumb"},"inLanguage":"fi","potentialAction":[{"@type":"ReadAction","target":["https:\/\/storitgroup.com\/fi\/tuote\/kasikayttoinen-pinoamisvaunu-ergo-sivukallistuksella-800kg\/"]}]},{"@type":"ImageObject","inLanguage":"fi","@id":"https:\/\/storitgroup.com\/fi\/tuote\/kasikayttoinen-pinoamisvaunu-ergo-sivukallistuksella-800kg\/#primaryimage","url":"https:\/\/storitgroup.com\/uploads\/2021\/03\/kulgkallutusega-manuaalne-virnastaja-ergo-1-1.png","contentUrl":"https:\/\/storitgroup.com\/uploads\/2021\/03\/kulgkallutusega-manuaalne-virnastaja-ergo-1-1.png","width":646,"height":646},{"@type":"BreadcrumbList","@id":"https:\/\/storitgroup.com\/fi\/tuote\/kasikayttoinen-pinoamisvaunu-ergo-sivukallistuksella-800kg\/#breadcrumb","itemListElement":[{"@type":"ListItem","position":1,"name":"Kotisivu","item":"https:\/\/storitgroup.com\/fi\/"},{"@type":"ListItem","position":2,"name":"Tuotteet","item":"https:\/\/storitgroup.com\/fi\/tuotteet\/"},{"@type":"ListItem","position":3,"name":"Varastotrukit, nostolavat, tarvikkeet","item":"https:\/\/storitgroup.com\/fi\/varastotrukit-nostolavat-tarvikkeet\/"},{"@type":"ListItem","position":4,"name":"Pinoamisvaunut","item":"https:\/\/storitgroup.com\/fi\/varastotrukit-nostolavat-tarvikkeet\/pinoamisvaunut\/"},{"@type":"ListItem","position":5,"name":"K\u00e4sik\u00e4ytt\u00f6iset ja s\u00e4hk\u00f6iset pinoamisvaunut","item":"https:\/\/storitgroup.com\/fi\/varastotrukit-nostolavat-tarvikkeet\/pinoamisvaunut\/kasikayttoiset-ja-sahkoiset-pinoamisvaunut\/"},{"@type":"ListItem","position":6,"name":"K\u00e4sik\u00e4ytt\u00f6inen pinoamisvaunu Ergo sivukallistuksella 800kg"}]},{"@type":"WebSite","@id":"https:\/\/storitgroup.com\/fi\/#website","url":"https:\/\/storitgroup.com\/fi\/","name":"Storit","description":"","potentialAction":[{"@type":"SearchAction","target":{"@type":"EntryPoint","urlTemplate":"https:\/\/storitgroup.com\/fi\/?s={search_term_string}"},"query-input":{"@type":"PropertyValueSpecification","valueRequired":true,"valueName":"search_term_string"}}],"inLanguage":"fi"}]}},"_links":{"self":[{"href":"https:\/\/storitgroup.com\/fi\/wp-json\/wp\/v2\/product\/13849","targetHints":{"allow":["GET"]}}],"collection":[{"href":"https:\/\/storitgroup.com\/fi\/wp-json\/wp\/v2\/product"}],"about":[{"href":"https:\/\/storitgroup.com\/fi\/wp-json\/wp\/v2\/types\/product"}],"wp:featuredmedia":[{"embeddable":true,"href":"https:\/\/storitgroup.com\/fi\/wp-json\/wp\/v2\/media\/21121"}],"wp:attachment":[{"href":"https:\/\/storitgroup.com\/fi\/wp-json\/wp\/v2\/media?parent=13849"}],"wp:term":[{"taxonomy":"product_brand","embeddable":true,"href":"https:\/\/storitgroup.com\/fi\/wp-json\/wp\/v2\/product_brand?post=13849"},{"taxonomy":"product_cat","embeddable":true,"href":"https:\/\/storitgroup.com\/fi\/wp-json\/wp\/v2\/product_cat?post=13849"},{"taxonomy":"product_tag","embeddable":true,"href":"https:\/\/storitgroup.com\/fi\/wp-json\/wp\/v2\/product_tag?post=13849"}],"curies":[{"name":"wp","href":"https:\/\/api.w.org\/{rel}","templated":true}]}}