{"id":13839,"date":"2021-03-09T02:50:39","date_gmt":"2021-03-08T22:50:39","guid":{"rendered":"https:\/\/storitgroup.com\/?post_type=product&#038;p=13839"},"modified":"2026-04-10T18:15:58","modified_gmt":"2026-04-10T15:15:58","slug":"manuaalinen-pinoamisvaunu-sdj-10-1m-1000kg-1000mm","status":"publish","type":"product","link":"https:\/\/storitgroup.com\/fi\/tuote\/manuaalinen-pinoamisvaunu-sdj-10-1m-1000kg-1000mm\/","title":{"rendered":"Manuaalinen pinoamisvaunu SDJ-10 1M 1000kg 1000mm"},"content":{"rendered":"<p>Vahva ja tukeva manuaalinen pinoamisvaunu, jonka nostokapasiteetti on 1000 kg ja nostokorkeus 1000 mm<br \/>Manuaalisen pumppauksen lis\u00e4ksi sit\u00e4 voidaan pumpata my\u00f6s jalalla paremman ergonomian saavuttamiseksi<br \/>T\u00e4m\u00e4 v\u00e4hent\u00e4\u00e4 k\u00e4sien ja selk\u00e4lihasten rasitusta<br \/>Molemmissa ohjauspy\u00f6riss\u00e4 on jarrut<br \/>Yhden haarukan leveys: 170 mm<br \/>Py\u00f6r\u00e4t ja rullat: nailonia<br \/>K\u00e4\u00e4nt\u00f6s\u00e4de: 1380 mm<\/p>\n","protected":false},"excerpt":{"rendered":"<p>Vahva ja tukeva manuaalinen pinoamisvaunu, jonka nostokapasiteetti on 1000 kg ja nostokorkeus 1000 mm<br \/>\nManuaalisen pumppauksen lis\u00e4ksi sit\u00e4 voidaan pumpata my\u00f6s jalalla paremman ergonomian saavuttamiseksi<br \/>\nT\u00e4m\u00e4 v\u00e4hent\u00e4\u00e4 k\u00e4sien ja selk\u00e4lihasten rasitusta<\/p>\n","protected":false},"featured_media":35312,"template":"","meta":{"_acf_changed":false},"product_brand":[],"product_cat":[7043],"product_tag":[],"class_list":{"0":"post-13839","1":"product","2":"type-product","3":"status-publish","4":"has-post-thumbnail","6":"product_room-pieni-varasto","7":"product_room-nostovalinet","8":"product_cat-kasikayttoiset-ja-sahkoiset-pinoamisvaunut","10":"first","11":"onbackorder","12":"taxable","13":"shipping-taxable","14":"purchasable","15":"product-type-simple"},"acf":[],"yoast_head":"<!-- This site is optimized with the Yoast SEO plugin v27.3 - https:\/\/yoast.com\/product\/yoast-seo-wordpress\/ -->\n<title>Manuaalinen pinoamisvaunu SDJ-10 1M 1000kg 1000mm &#8226; Storit<\/title>\n<meta name=\"description\" content=\"Manuaalinen pinoamisvaunu SDJ-10 1M 1000kg 1000mm \u2014 kohtuulliseen hintaan. Toimitukset kaikkialle Suomeen! \u261b Tutustu tuotteeseen ja tilaa k\u00e4tev\u00e4sti STORIT-verkkokaupasta!\" \/>\n<meta name=\"robots\" content=\"index, follow, max-snippet:-1, max-image-preview:large, max-video-preview:-1\" \/>\n<link rel=\"canonical\" href=\"https:\/\/storitgroup.com\/fi\/tuote\/manuaalinen-pinoamisvaunu-sdj-10-1m-1000kg-1000mm\/\" \/>\n<meta property=\"og:locale\" content=\"fi_FI\" \/>\n<meta property=\"og:type\" content=\"article\" \/>\n<meta property=\"og:title\" content=\"Manuaalinen pinoamisvaunu SDJ-10 1M 1000kg 1000mm &#8226; Storit\" \/>\n<meta property=\"og:description\" content=\"Manuaalinen pinoamisvaunu SDJ-10 1M 1000kg 1000mm \u2014 kohtuulliseen hintaan. Toimitukset kaikkialle Suomeen! \u261b Tutustu tuotteeseen ja tilaa k\u00e4tev\u00e4sti STORIT-verkkokaupasta!\" \/>\n<meta property=\"og:url\" content=\"https:\/\/storitgroup.com\/fi\/tuote\/manuaalinen-pinoamisvaunu-sdj-10-1m-1000kg-1000mm\/\" \/>\n<meta property=\"og:site_name\" content=\"Storit\" \/>\n<meta property=\"article:modified_time\" content=\"2026-04-10T15:15:58+00:00\" \/>\n<meta property=\"og:image\" content=\"https:\/\/storitgroup.com\/uploads\/2021\/03\/manuaalne-virnastaja-sdj-10-1m-1-1.png\" \/>\n\t<meta property=\"og:image:width\" content=\"982\" \/>\n\t<meta property=\"og:image:height\" content=\"982\" \/>\n\t<meta property=\"og:image:type\" content=\"image\/png\" \/>\n<meta name=\"twitter:card\" content=\"summary_large_image\" \/>\n<meta name=\"twitter:label1\" content=\"Arvioitu lukuaika\" \/>\n\t<meta name=\"twitter:data1\" content=\"1 minuutti\" \/>\n<script type=\"application\/ld+json\" class=\"yoast-schema-graph\">{\"@context\":\"https:\\\/\\\/schema.org\",\"@graph\":[{\"@type\":[\"WebPage\",\"ItemPage\"],\"@id\":\"https:\\\/\\\/storitgroup.com\\\/fi\\\/tuote\\\/manuaalinen-pinoamisvaunu-sdj-10-1m-1000kg-1000mm\\\/\",\"url\":\"https:\\\/\\\/storitgroup.com\\\/fi\\\/tuote\\\/manuaalinen-pinoamisvaunu-sdj-10-1m-1000kg-1000mm\\\/\",\"name\":\"Manuaalinen pinoamisvaunu SDJ-10 1M 1000kg 1000mm &#8226; Storit\",\"isPartOf\":{\"@id\":\"https:\\\/\\\/storitgroup.com\\\/fi\\\/#website\"},\"primaryImageOfPage\":{\"@id\":\"https:\\\/\\\/storitgroup.com\\\/fi\\\/tuote\\\/manuaalinen-pinoamisvaunu-sdj-10-1m-1000kg-1000mm\\\/#primaryimage\"},\"image\":{\"@id\":\"https:\\\/\\\/storitgroup.com\\\/fi\\\/tuote\\\/manuaalinen-pinoamisvaunu-sdj-10-1m-1000kg-1000mm\\\/#primaryimage\"},\"thumbnailUrl\":\"https:\\\/\\\/storitgroup.com\\\/uploads\\\/2021\\\/03\\\/manuaalne-virnastaja-sdj-10-1m-1-1.png\",\"datePublished\":\"2021-03-08T22:50:39+00:00\",\"dateModified\":\"2026-04-10T15:15:58+00:00\",\"description\":\"Manuaalinen pinoamisvaunu SDJ-10 1M 1000kg 1000mm \u2014 kohtuulliseen hintaan. Toimitukset kaikkialle Suomeen! \u261b Tutustu tuotteeseen ja tilaa k\u00e4tev\u00e4sti STORIT-verkkokaupasta!\",\"breadcrumb\":{\"@id\":\"https:\\\/\\\/storitgroup.com\\\/fi\\\/tuote\\\/manuaalinen-pinoamisvaunu-sdj-10-1m-1000kg-1000mm\\\/#breadcrumb\"},\"inLanguage\":\"fi\",\"potentialAction\":[{\"@type\":\"ReadAction\",\"target\":[\"https:\\\/\\\/storitgroup.com\\\/fi\\\/tuote\\\/manuaalinen-pinoamisvaunu-sdj-10-1m-1000kg-1000mm\\\/\"]}]},{\"@type\":\"ImageObject\",\"inLanguage\":\"fi\",\"@id\":\"https:\\\/\\\/storitgroup.com\\\/fi\\\/tuote\\\/manuaalinen-pinoamisvaunu-sdj-10-1m-1000kg-1000mm\\\/#primaryimage\",\"url\":\"https:\\\/\\\/storitgroup.com\\\/uploads\\\/2021\\\/03\\\/manuaalne-virnastaja-sdj-10-1m-1-1.png\",\"contentUrl\":\"https:\\\/\\\/storitgroup.com\\\/uploads\\\/2021\\\/03\\\/manuaalne-virnastaja-sdj-10-1m-1-1.png\",\"width\":982,\"height\":982},{\"@type\":\"BreadcrumbList\",\"@id\":\"https:\\\/\\\/storitgroup.com\\\/fi\\\/tuote\\\/manuaalinen-pinoamisvaunu-sdj-10-1m-1000kg-1000mm\\\/#breadcrumb\",\"itemListElement\":[{\"@type\":\"ListItem\",\"position\":1,\"name\":\"Kotisivu\",\"item\":\"https:\\\/\\\/storitgroup.com\\\/fi\\\/\"},{\"@type\":\"ListItem\",\"position\":2,\"name\":\"Tuotteet\",\"item\":\"https:\\\/\\\/storitgroup.com\\\/fi\\\/tuotteet\\\/\"},{\"@type\":\"ListItem\",\"position\":3,\"name\":\"Varastotrukit, nostolavat, tarvikkeet\",\"item\":\"https:\\\/\\\/storitgroup.com\\\/fi\\\/varastotrukit-nostolavat-tarvikkeet\\\/\"},{\"@type\":\"ListItem\",\"position\":4,\"name\":\"Pinoamisvaunut\",\"item\":\"https:\\\/\\\/storitgroup.com\\\/fi\\\/varastotrukit-nostolavat-tarvikkeet\\\/pinoamisvaunut\\\/\"},{\"@type\":\"ListItem\",\"position\":5,\"name\":\"K\u00e4sik\u00e4ytt\u00f6iset ja s\u00e4hk\u00f6iset pinoamisvaunut\",\"item\":\"https:\\\/\\\/storitgroup.com\\\/fi\\\/varastotrukit-nostolavat-tarvikkeet\\\/pinoamisvaunut\\\/kasikayttoiset-ja-sahkoiset-pinoamisvaunut\\\/\"},{\"@type\":\"ListItem\",\"position\":6,\"name\":\"Manuaalinen pinoamisvaunu SDJ-10 1M 1000kg 1000mm\"}]},{\"@type\":\"WebSite\",\"@id\":\"https:\\\/\\\/storitgroup.com\\\/fi\\\/#website\",\"url\":\"https:\\\/\\\/storitgroup.com\\\/fi\\\/\",\"name\":\"Storit\",\"description\":\"\",\"potentialAction\":[{\"@type\":\"SearchAction\",\"target\":{\"@type\":\"EntryPoint\",\"urlTemplate\":\"https:\\\/\\\/storitgroup.com\\\/fi\\\/?s={search_term_string}\"},\"query-input\":{\"@type\":\"PropertyValueSpecification\",\"valueRequired\":true,\"valueName\":\"search_term_string\"}}],\"inLanguage\":\"fi\"}]}<\/script>\n<!-- \/ Yoast SEO plugin. -->","yoast_head_json":{"title":"Manuaalinen pinoamisvaunu SDJ-10 1M 1000kg 1000mm &#8226; Storit","description":"Manuaalinen pinoamisvaunu SDJ-10 1M 1000kg 1000mm \u2014 kohtuulliseen hintaan. Toimitukset kaikkialle Suomeen! \u261b Tutustu tuotteeseen ja tilaa k\u00e4tev\u00e4sti STORIT-verkkokaupasta!","robots":{"index":"index","follow":"follow","max-snippet":"max-snippet:-1","max-image-preview":"max-image-preview:large","max-video-preview":"max-video-preview:-1"},"canonical":"https:\/\/storitgroup.com\/fi\/tuote\/manuaalinen-pinoamisvaunu-sdj-10-1m-1000kg-1000mm\/","og_locale":"fi_FI","og_type":"article","og_title":"Manuaalinen pinoamisvaunu SDJ-10 1M 1000kg 1000mm &#8226; Storit","og_description":"Manuaalinen pinoamisvaunu SDJ-10 1M 1000kg 1000mm \u2014 kohtuulliseen hintaan. Toimitukset kaikkialle Suomeen! \u261b Tutustu tuotteeseen ja tilaa k\u00e4tev\u00e4sti STORIT-verkkokaupasta!","og_url":"https:\/\/storitgroup.com\/fi\/tuote\/manuaalinen-pinoamisvaunu-sdj-10-1m-1000kg-1000mm\/","og_site_name":"Storit","article_modified_time":"2026-04-10T15:15:58+00:00","og_image":[{"width":982,"height":982,"url":"https:\/\/storitgroup.com\/uploads\/2021\/03\/manuaalne-virnastaja-sdj-10-1m-1-1.png","type":"image\/png"}],"twitter_card":"summary_large_image","twitter_misc":{"Arvioitu lukuaika":"1 minuutti"},"schema":{"@context":"https:\/\/schema.org","@graph":[{"@type":["WebPage","ItemPage"],"@id":"https:\/\/storitgroup.com\/fi\/tuote\/manuaalinen-pinoamisvaunu-sdj-10-1m-1000kg-1000mm\/","url":"https:\/\/storitgroup.com\/fi\/tuote\/manuaalinen-pinoamisvaunu-sdj-10-1m-1000kg-1000mm\/","name":"Manuaalinen pinoamisvaunu SDJ-10 1M 1000kg 1000mm &#8226; Storit","isPartOf":{"@id":"https:\/\/storitgroup.com\/fi\/#website"},"primaryImageOfPage":{"@id":"https:\/\/storitgroup.com\/fi\/tuote\/manuaalinen-pinoamisvaunu-sdj-10-1m-1000kg-1000mm\/#primaryimage"},"image":{"@id":"https:\/\/storitgroup.com\/fi\/tuote\/manuaalinen-pinoamisvaunu-sdj-10-1m-1000kg-1000mm\/#primaryimage"},"thumbnailUrl":"https:\/\/storitgroup.com\/uploads\/2021\/03\/manuaalne-virnastaja-sdj-10-1m-1-1.png","datePublished":"2021-03-08T22:50:39+00:00","dateModified":"2026-04-10T15:15:58+00:00","description":"Manuaalinen pinoamisvaunu SDJ-10 1M 1000kg 1000mm \u2014 kohtuulliseen hintaan. Toimitukset kaikkialle Suomeen! \u261b Tutustu tuotteeseen ja tilaa k\u00e4tev\u00e4sti STORIT-verkkokaupasta!","breadcrumb":{"@id":"https:\/\/storitgroup.com\/fi\/tuote\/manuaalinen-pinoamisvaunu-sdj-10-1m-1000kg-1000mm\/#breadcrumb"},"inLanguage":"fi","potentialAction":[{"@type":"ReadAction","target":["https:\/\/storitgroup.com\/fi\/tuote\/manuaalinen-pinoamisvaunu-sdj-10-1m-1000kg-1000mm\/"]}]},{"@type":"ImageObject","inLanguage":"fi","@id":"https:\/\/storitgroup.com\/fi\/tuote\/manuaalinen-pinoamisvaunu-sdj-10-1m-1000kg-1000mm\/#primaryimage","url":"https:\/\/storitgroup.com\/uploads\/2021\/03\/manuaalne-virnastaja-sdj-10-1m-1-1.png","contentUrl":"https:\/\/storitgroup.com\/uploads\/2021\/03\/manuaalne-virnastaja-sdj-10-1m-1-1.png","width":982,"height":982},{"@type":"BreadcrumbList","@id":"https:\/\/storitgroup.com\/fi\/tuote\/manuaalinen-pinoamisvaunu-sdj-10-1m-1000kg-1000mm\/#breadcrumb","itemListElement":[{"@type":"ListItem","position":1,"name":"Kotisivu","item":"https:\/\/storitgroup.com\/fi\/"},{"@type":"ListItem","position":2,"name":"Tuotteet","item":"https:\/\/storitgroup.com\/fi\/tuotteet\/"},{"@type":"ListItem","position":3,"name":"Varastotrukit, nostolavat, tarvikkeet","item":"https:\/\/storitgroup.com\/fi\/varastotrukit-nostolavat-tarvikkeet\/"},{"@type":"ListItem","position":4,"name":"Pinoamisvaunut","item":"https:\/\/storitgroup.com\/fi\/varastotrukit-nostolavat-tarvikkeet\/pinoamisvaunut\/"},{"@type":"ListItem","position":5,"name":"K\u00e4sik\u00e4ytt\u00f6iset ja s\u00e4hk\u00f6iset pinoamisvaunut","item":"https:\/\/storitgroup.com\/fi\/varastotrukit-nostolavat-tarvikkeet\/pinoamisvaunut\/kasikayttoiset-ja-sahkoiset-pinoamisvaunut\/"},{"@type":"ListItem","position":6,"name":"Manuaalinen pinoamisvaunu SDJ-10 1M 1000kg 1000mm"}]},{"@type":"WebSite","@id":"https:\/\/storitgroup.com\/fi\/#website","url":"https:\/\/storitgroup.com\/fi\/","name":"Storit","description":"","potentialAction":[{"@type":"SearchAction","target":{"@type":"EntryPoint","urlTemplate":"https:\/\/storitgroup.com\/fi\/?s={search_term_string}"},"query-input":{"@type":"PropertyValueSpecification","valueRequired":true,"valueName":"search_term_string"}}],"inLanguage":"fi"}]}},"_links":{"self":[{"href":"https:\/\/storitgroup.com\/fi\/wp-json\/wp\/v2\/product\/13839","targetHints":{"allow":["GET"]}}],"collection":[{"href":"https:\/\/storitgroup.com\/fi\/wp-json\/wp\/v2\/product"}],"about":[{"href":"https:\/\/storitgroup.com\/fi\/wp-json\/wp\/v2\/types\/product"}],"wp:featuredmedia":[{"embeddable":true,"href":"https:\/\/storitgroup.com\/fi\/wp-json\/wp\/v2\/media\/35312"}],"wp:attachment":[{"href":"https:\/\/storitgroup.com\/fi\/wp-json\/wp\/v2\/media?parent=13839"}],"wp:term":[{"taxonomy":"product_brand","embeddable":true,"href":"https:\/\/storitgroup.com\/fi\/wp-json\/wp\/v2\/product_brand?post=13839"},{"taxonomy":"product_cat","embeddable":true,"href":"https:\/\/storitgroup.com\/fi\/wp-json\/wp\/v2\/product_cat?post=13839"},{"taxonomy":"product_tag","embeddable":true,"href":"https:\/\/storitgroup.com\/fi\/wp-json\/wp\/v2\/product_tag?post=13839"}],"curies":[{"name":"wp","href":"https:\/\/api.w.org\/{rel}","templated":true}]}}