{"id":13789,"date":"2021-03-09T02:50:01","date_gmt":"2021-03-09T00:50:01","guid":{"rendered":"https:\/\/storitgroup.com\/?post_type=product&#038;p=13789"},"modified":"2025-02-08T07:40:40","modified_gmt":"2025-02-08T05:40:40","slug":"nostohaarukka-cy-30-3000kg-1000mm","status":"publish","type":"product","link":"https:\/\/storitgroup.com\/fi\/tuote\/nostohaarukka-cy-30-3000kg-1000mm\/","title":{"rendered":"Nostohaarukka CY 30, 3000kg 1000mm"},"content":{"rendered":"<p>T0031  kantavuus: 3000 kg<br \/>  haarukoiden pituus: 1000 mm<br \/>  haarukoiden v\u00e4li s\u00e4\u00e4dett\u00e4v\u00e4, 5 astetta, 450 &#8211; 900 mm<br \/>  s\u00e4\u00e4dett\u00e4v\u00e4 korkeus, 3 astetta\u00a01720 &#8211; 2420 mm<br \/>   itsetasapainottava<br \/>  automaattisen itsetasapainon min kuormitus\u00a0&#8211; 600 kg<br \/>  paino: 280 kg.<\/p>\n","protected":false},"excerpt":{"rendered":"<p>T0031  kantavuus: 3000 kg<br \/>\n  haarukoiden pituus: 1000 mm<br \/>\n  haarukoiden v\u00e4li s\u00e4\u00e4dett\u00e4v\u00e4, 5 astetta, 450 &#8211; 900 mm<\/p>\n","protected":false},"featured_media":37285,"template":"","meta":{"_acf_changed":false},"product_brand":[],"product_cat":[7051],"product_tag":[],"class_list":{"0":"post-13789","1":"product","2":"type-product","3":"status-publish","4":"has-post-thumbnail","6":"product_room-varasto-pitkille-tavaroille-ja-levymateriaaleille","7":"product_room-pieni-varasto","8":"product_room-nostovalinet","9":"product_room-tavaroiden-logistiikka","10":"product_room-ulkoalue","11":"product_room-kuljetus-ja-logistiikka","12":"product_room-tynnyrien-ja-kaapeleiden-kasittely","13":"product_room-iso-varasto","14":"product_cat-nostolaitteiden-tarvikkeet","16":"first","17":"onbackorder","18":"taxable","19":"shipping-taxable","20":"purchasable","21":"product-type-simple"},"acf":[],"yoast_head":"<!-- This site is optimized with the Yoast SEO plugin v27.2 - https:\/\/yoast.com\/product\/yoast-seo-wordpress\/ -->\n<title>Nostohaarukka CY 30, 3000kg 1000mm &#8226; Storit<\/title>\n<meta name=\"description\" content=\"Nostohaarukka CY 30, 3000kg 1000mm \u2014 kohtuulliseen hintaan. Toimitukset kaikkialle Suomeen! \u261b Tutustu tuotteeseen ja tilaa k\u00e4tev\u00e4sti STORIT-verkkokaupasta!\" \/>\n<meta name=\"robots\" content=\"index, follow, max-snippet:-1, max-image-preview:large, max-video-preview:-1\" \/>\n<link rel=\"canonical\" href=\"https:\/\/storitgroup.com\/fi\/tuote\/nostohaarukka-cy-30-3000kg-1000mm\/\" \/>\n<meta property=\"og:locale\" content=\"fi_FI\" \/>\n<meta property=\"og:type\" content=\"article\" \/>\n<meta property=\"og:title\" content=\"Nostohaarukka CY 30, 3000kg 1000mm &#8226; Storit\" \/>\n<meta property=\"og:description\" content=\"Nostohaarukka CY 30, 3000kg 1000mm \u2014 kohtuulliseen hintaan. Toimitukset kaikkialle Suomeen! \u261b Tutustu tuotteeseen ja tilaa k\u00e4tev\u00e4sti STORIT-verkkokaupasta!\" \/>\n<meta property=\"og:url\" content=\"https:\/\/storitgroup.com\/fi\/tuote\/nostohaarukka-cy-30-3000kg-1000mm\/\" \/>\n<meta property=\"og:site_name\" content=\"Storit\" \/>\n<meta property=\"article:modified_time\" content=\"2025-02-08T05:40:40+00:00\" \/>\n<meta property=\"og:image\" content=\"https:\/\/storitgroup.com\/uploads\/2021\/06\/kraana-kahvlid-cy-30-1-scaled-2.jpg\" \/>\n\t<meta property=\"og:image:width\" content=\"1920\" \/>\n\t<meta property=\"og:image:height\" content=\"1925\" \/>\n\t<meta property=\"og:image:type\" content=\"image\/jpeg\" \/>\n<meta name=\"twitter:card\" content=\"summary_large_image\" \/>\n<script type=\"application\/ld+json\" class=\"yoast-schema-graph\">{\"@context\":\"https:\/\/schema.org\",\"@graph\":[{\"@type\":[\"WebPage\",\"ItemPage\"],\"@id\":\"https:\/\/storitgroup.com\/fi\/tuote\/nostohaarukka-cy-30-3000kg-1000mm\/\",\"url\":\"https:\/\/storitgroup.com\/fi\/tuote\/nostohaarukka-cy-30-3000kg-1000mm\/\",\"name\":\"Nostohaarukka CY 30, 3000kg 1000mm &#8226; Storit\",\"isPartOf\":{\"@id\":\"https:\/\/storitgroup.com\/fi\/#website\"},\"primaryImageOfPage\":{\"@id\":\"https:\/\/storitgroup.com\/fi\/tuote\/nostohaarukka-cy-30-3000kg-1000mm\/#primaryimage\"},\"image\":{\"@id\":\"https:\/\/storitgroup.com\/fi\/tuote\/nostohaarukka-cy-30-3000kg-1000mm\/#primaryimage\"},\"thumbnailUrl\":\"https:\/\/storitgroup.com\/uploads\/2021\/06\/kraana-kahvlid-cy-30-1-scaled-2.jpg\",\"datePublished\":\"2021-03-09T00:50:01+00:00\",\"dateModified\":\"2025-02-08T05:40:40+00:00\",\"description\":\"Nostohaarukka CY 30, 3000kg 1000mm \u2014 kohtuulliseen hintaan. Toimitukset kaikkialle Suomeen! \u261b Tutustu tuotteeseen ja tilaa k\u00e4tev\u00e4sti STORIT-verkkokaupasta!\",\"breadcrumb\":{\"@id\":\"https:\/\/storitgroup.com\/fi\/tuote\/nostohaarukka-cy-30-3000kg-1000mm\/#breadcrumb\"},\"inLanguage\":\"fi\",\"potentialAction\":[{\"@type\":\"ReadAction\",\"target\":[\"https:\/\/storitgroup.com\/fi\/tuote\/nostohaarukka-cy-30-3000kg-1000mm\/\"]}]},{\"@type\":\"ImageObject\",\"inLanguage\":\"fi\",\"@id\":\"https:\/\/storitgroup.com\/fi\/tuote\/nostohaarukka-cy-30-3000kg-1000mm\/#primaryimage\",\"url\":\"https:\/\/storitgroup.com\/uploads\/2021\/06\/kraana-kahvlid-cy-30-1-scaled-2.jpg\",\"contentUrl\":\"https:\/\/storitgroup.com\/uploads\/2021\/06\/kraana-kahvlid-cy-30-1-scaled-2.jpg\",\"width\":1920,\"height\":1925},{\"@type\":\"BreadcrumbList\",\"@id\":\"https:\/\/storitgroup.com\/fi\/tuote\/nostohaarukka-cy-30-3000kg-1000mm\/#breadcrumb\",\"itemListElement\":[{\"@type\":\"ListItem\",\"position\":1,\"name\":\"Kotisivu\",\"item\":\"https:\/\/storitgroup.com\/fi\/\"},{\"@type\":\"ListItem\",\"position\":2,\"name\":\"Tuotteet\",\"item\":\"https:\/\/storitgroup.com\/fi\/tuotteet\/\"},{\"@type\":\"ListItem\",\"position\":3,\"name\":\"Varastotrukit, nostolavat, tarvikkeet\",\"item\":\"https:\/\/storitgroup.com\/fi\/varastotrukit-nostolavat-tarvikkeet\/\"},{\"@type\":\"ListItem\",\"position\":4,\"name\":\"Nostolaitteiden tarvikkeet\",\"item\":\"https:\/\/storitgroup.com\/fi\/varastotrukit-nostolavat-tarvikkeet\/nostolaitteiden-tarvikkeet\/\"},{\"@type\":\"ListItem\",\"position\":5,\"name\":\"Nostohaarukka CY 30, 3000kg 1000mm\"}]},{\"@type\":\"WebSite\",\"@id\":\"https:\/\/storitgroup.com\/fi\/#website\",\"url\":\"https:\/\/storitgroup.com\/fi\/\",\"name\":\"Storit\",\"description\":\"\",\"potentialAction\":[{\"@type\":\"SearchAction\",\"target\":{\"@type\":\"EntryPoint\",\"urlTemplate\":\"https:\/\/storitgroup.com\/fi\/?s={search_term_string}\"},\"query-input\":{\"@type\":\"PropertyValueSpecification\",\"valueRequired\":true,\"valueName\":\"search_term_string\"}}],\"inLanguage\":\"fi\"}]}<\/script>\n<!-- \/ Yoast SEO plugin. -->","yoast_head_json":{"title":"Nostohaarukka CY 30, 3000kg 1000mm &#8226; Storit","description":"Nostohaarukka CY 30, 3000kg 1000mm \u2014 kohtuulliseen hintaan. Toimitukset kaikkialle Suomeen! \u261b Tutustu tuotteeseen ja tilaa k\u00e4tev\u00e4sti STORIT-verkkokaupasta!","robots":{"index":"index","follow":"follow","max-snippet":"max-snippet:-1","max-image-preview":"max-image-preview:large","max-video-preview":"max-video-preview:-1"},"canonical":"https:\/\/storitgroup.com\/fi\/tuote\/nostohaarukka-cy-30-3000kg-1000mm\/","og_locale":"fi_FI","og_type":"article","og_title":"Nostohaarukka CY 30, 3000kg 1000mm &#8226; Storit","og_description":"Nostohaarukka CY 30, 3000kg 1000mm \u2014 kohtuulliseen hintaan. Toimitukset kaikkialle Suomeen! \u261b Tutustu tuotteeseen ja tilaa k\u00e4tev\u00e4sti STORIT-verkkokaupasta!","og_url":"https:\/\/storitgroup.com\/fi\/tuote\/nostohaarukka-cy-30-3000kg-1000mm\/","og_site_name":"Storit","article_modified_time":"2025-02-08T05:40:40+00:00","og_image":[{"width":1920,"height":1925,"url":"https:\/\/storitgroup.com\/uploads\/2021\/06\/kraana-kahvlid-cy-30-1-scaled-2.jpg","type":"image\/jpeg"}],"twitter_card":"summary_large_image","schema":{"@context":"https:\/\/schema.org","@graph":[{"@type":["WebPage","ItemPage"],"@id":"https:\/\/storitgroup.com\/fi\/tuote\/nostohaarukka-cy-30-3000kg-1000mm\/","url":"https:\/\/storitgroup.com\/fi\/tuote\/nostohaarukka-cy-30-3000kg-1000mm\/","name":"Nostohaarukka CY 30, 3000kg 1000mm &#8226; Storit","isPartOf":{"@id":"https:\/\/storitgroup.com\/fi\/#website"},"primaryImageOfPage":{"@id":"https:\/\/storitgroup.com\/fi\/tuote\/nostohaarukka-cy-30-3000kg-1000mm\/#primaryimage"},"image":{"@id":"https:\/\/storitgroup.com\/fi\/tuote\/nostohaarukka-cy-30-3000kg-1000mm\/#primaryimage"},"thumbnailUrl":"https:\/\/storitgroup.com\/uploads\/2021\/06\/kraana-kahvlid-cy-30-1-scaled-2.jpg","datePublished":"2021-03-09T00:50:01+00:00","dateModified":"2025-02-08T05:40:40+00:00","description":"Nostohaarukka CY 30, 3000kg 1000mm \u2014 kohtuulliseen hintaan. Toimitukset kaikkialle Suomeen! \u261b Tutustu tuotteeseen ja tilaa k\u00e4tev\u00e4sti STORIT-verkkokaupasta!","breadcrumb":{"@id":"https:\/\/storitgroup.com\/fi\/tuote\/nostohaarukka-cy-30-3000kg-1000mm\/#breadcrumb"},"inLanguage":"fi","potentialAction":[{"@type":"ReadAction","target":["https:\/\/storitgroup.com\/fi\/tuote\/nostohaarukka-cy-30-3000kg-1000mm\/"]}]},{"@type":"ImageObject","inLanguage":"fi","@id":"https:\/\/storitgroup.com\/fi\/tuote\/nostohaarukka-cy-30-3000kg-1000mm\/#primaryimage","url":"https:\/\/storitgroup.com\/uploads\/2021\/06\/kraana-kahvlid-cy-30-1-scaled-2.jpg","contentUrl":"https:\/\/storitgroup.com\/uploads\/2021\/06\/kraana-kahvlid-cy-30-1-scaled-2.jpg","width":1920,"height":1925},{"@type":"BreadcrumbList","@id":"https:\/\/storitgroup.com\/fi\/tuote\/nostohaarukka-cy-30-3000kg-1000mm\/#breadcrumb","itemListElement":[{"@type":"ListItem","position":1,"name":"Kotisivu","item":"https:\/\/storitgroup.com\/fi\/"},{"@type":"ListItem","position":2,"name":"Tuotteet","item":"https:\/\/storitgroup.com\/fi\/tuotteet\/"},{"@type":"ListItem","position":3,"name":"Varastotrukit, nostolavat, tarvikkeet","item":"https:\/\/storitgroup.com\/fi\/varastotrukit-nostolavat-tarvikkeet\/"},{"@type":"ListItem","position":4,"name":"Nostolaitteiden tarvikkeet","item":"https:\/\/storitgroup.com\/fi\/varastotrukit-nostolavat-tarvikkeet\/nostolaitteiden-tarvikkeet\/"},{"@type":"ListItem","position":5,"name":"Nostohaarukka CY 30, 3000kg 1000mm"}]},{"@type":"WebSite","@id":"https:\/\/storitgroup.com\/fi\/#website","url":"https:\/\/storitgroup.com\/fi\/","name":"Storit","description":"","potentialAction":[{"@type":"SearchAction","target":{"@type":"EntryPoint","urlTemplate":"https:\/\/storitgroup.com\/fi\/?s={search_term_string}"},"query-input":{"@type":"PropertyValueSpecification","valueRequired":true,"valueName":"search_term_string"}}],"inLanguage":"fi"}]}},"_links":{"self":[{"href":"https:\/\/storitgroup.com\/fi\/wp-json\/wp\/v2\/product\/13789","targetHints":{"allow":["GET"]}}],"collection":[{"href":"https:\/\/storitgroup.com\/fi\/wp-json\/wp\/v2\/product"}],"about":[{"href":"https:\/\/storitgroup.com\/fi\/wp-json\/wp\/v2\/types\/product"}],"wp:featuredmedia":[{"embeddable":true,"href":"https:\/\/storitgroup.com\/fi\/wp-json\/wp\/v2\/media\/37285"}],"wp:attachment":[{"href":"https:\/\/storitgroup.com\/fi\/wp-json\/wp\/v2\/media?parent=13789"}],"wp:term":[{"taxonomy":"product_brand","embeddable":true,"href":"https:\/\/storitgroup.com\/fi\/wp-json\/wp\/v2\/product_brand?post=13789"},{"taxonomy":"product_cat","embeddable":true,"href":"https:\/\/storitgroup.com\/fi\/wp-json\/wp\/v2\/product_cat?post=13789"},{"taxonomy":"product_tag","embeddable":true,"href":"https:\/\/storitgroup.com\/fi\/wp-json\/wp\/v2\/product_tag?post=13789"}],"curies":[{"name":"wp","href":"https:\/\/api.w.org\/{rel}","templated":true}]}}