{"id":13719,"date":"2021-03-19T02:48:07","date_gmt":"2021-03-19T00:48:07","guid":{"rendered":"https:\/\/storitgroup.com\/?post_type=product&#038;p=13719"},"modified":"2026-04-03T20:17:10","modified_gmt":"2026-04-03T17:17:10","slug":"tyojakkara-sigma-stella-570-830mm-pu-vaahto-jalkatuki","status":"publish","type":"product","link":"https:\/\/storitgroup.com\/fi\/tuote\/tyojakkara-sigma-stella-570-830mm-pu-vaahto-jalkatuki\/","title":{"rendered":"Jakkara Sigma-Stella 560-820 mm, jalkarengas"},"content":{"rendered":"<p>Tehokas ja k\u00e4ytt\u00e4j\u00e4yst\u00e4v\u00e4llinen jakkara, joka tukee ja yksinkertaistaa p\u00e4ivitt\u00e4ist\u00e4 toimintaa. Polyuretaanivaahdosta valettu istuin varmistaa erinomaisen istumamukavuuden ja tarjoaa k\u00e4yt\u00e4nn\u00f6llisyytt\u00e4 ja kest\u00e4vyytt\u00e4 vaativimmissakin ymp\u00e4rist\u00f6iss\u00e4. Istuin on helppo puhdistaa ja kest\u00e4\u00e4 monia nesteit\u00e4 ja kemikaaleja.<\/p>\n<p>Istuin \u00d8 360 mm, PU-vaahto.<br \/>Ter\u00e4ksest\u00e4 pohja \u00d8 560 mm, liukurit.<br \/>S\u00e4\u00e4dett\u00e4v\u00e4 korkeus 560-820 mm.<br \/>Vaihtoehtoiset korkeudet 400-530 mm &amp; 490-680 mm.<\/p>\n","protected":false},"excerpt":{"rendered":"<p>Tehokas ja k\u00e4ytt\u00e4j\u00e4yst\u00e4v\u00e4llinen jakkara, joka tukee ja yksinkertaistaa p\u00e4ivitt\u00e4ist\u00e4 toimintaa. Polyuretaanivaahdosta valettu istuin varmistaa erinomaisen istumamukavuuden ja tarjoaa k\u00e4yt\u00e4nn\u00f6llisyytt\u00e4 ja kest\u00e4vyytt\u00e4 vaativimmissakin ymp\u00e4rist\u00f6iss\u00e4. Istuin on helppo puhdistaa ja kest\u00e4\u00e4 monia nesteit\u00e4 ja kemikaaleja.<\/p>\n<p>Istuin \u00d8 360 mm, PU-vaahto.<\/p>\n","protected":false},"featured_media":213229,"template":"","meta":{"_acf_changed":false},"product_brand":[],"product_cat":[7064],"product_tag":[],"class_list":{"0":"post-13719","1":"product","2":"type-product","3":"status-publish","4":"has-post-thumbnail","6":"product_room-teollisuus-ja-tuotanto-ergonomiset-tyopaikat-tyokaluvarasto","7":"product_room-kotitoimisto","8":"product_room-tyopaja-ja-autotalli","9":"product_room-kotiratkaisut","10":"product_room-ruuan-kasittely","11":"product_room-kuljetus-ja-logistiikka","12":"product_room-kaupankaynti-ja-myymalat","13":"product_room-arkisto-museo","14":"product_room-pakkaus","15":"product_room-kokoonpano-ja-keraily","16":"product_room-toimisto","17":"product_room-koulut-ja-paivakodit","18":"product_room-laakeyhtiot-ja-laboratoriot","19":"product_room-iso-varasto","20":"product_room-pieni-varasto","21":"product_cat-toimistotuolit","23":"first","24":"instock","25":"taxable","26":"shipping-taxable","27":"purchasable","28":"product-type-simple"},"acf":[],"yoast_head":"<!-- This site is optimized with the Yoast SEO plugin v27.2 - https:\/\/yoast.com\/product\/yoast-seo-wordpress\/ -->\n<title>Jakkara Sigma-Stella 560-820 mm, jalkarengas &#8226; Storit<\/title>\n<meta name=\"description\" content=\"Jakkara Sigma-Stella 560-820 mm, jalkarengas \u2014 kohtuulliseen hintaan. Toimitukset kaikkialle Suomeen! \u261b Tutustu tuotteeseen ja tilaa k\u00e4tev\u00e4sti STORIT-verkkokaupasta!\" \/>\n<meta name=\"robots\" content=\"index, follow, max-snippet:-1, max-image-preview:large, max-video-preview:-1\" \/>\n<link rel=\"canonical\" href=\"https:\/\/storitgroup.com\/fi\/tuote\/tyojakkara-sigma-stella-570-830mm-pu-vaahto-jalkatuki\/\" \/>\n<meta property=\"og:locale\" content=\"fi_FI\" \/>\n<meta property=\"og:type\" content=\"article\" \/>\n<meta property=\"og:title\" content=\"Jakkara Sigma-Stella 560-820 mm, jalkarengas &#8226; Storit\" \/>\n<meta property=\"og:description\" content=\"Jakkara Sigma-Stella 560-820 mm, jalkarengas \u2014 kohtuulliseen hintaan. Toimitukset kaikkialle Suomeen! \u261b Tutustu tuotteeseen ja tilaa k\u00e4tev\u00e4sti STORIT-verkkokaupasta!\" \/>\n<meta property=\"og:url\" content=\"https:\/\/storitgroup.com\/fi\/tuote\/tyojakkara-sigma-stella-570-830mm-pu-vaahto-jalkatuki\/\" \/>\n<meta property=\"og:site_name\" content=\"Storit\" \/>\n<meta property=\"article:modified_time\" content=\"2026-04-03T17:17:10+00:00\" \/>\n<meta property=\"og:image\" content=\"https:\/\/storitgroup.com\/uploads\/2021\/03\/13.-gl701001000.jpg\" \/>\n\t<meta property=\"og:image:width\" content=\"430\" \/>\n\t<meta property=\"og:image:height\" content=\"620\" \/>\n\t<meta property=\"og:image:type\" content=\"image\/jpeg\" \/>\n<meta name=\"twitter:card\" content=\"summary_large_image\" \/>\n<script type=\"application\/ld+json\" class=\"yoast-schema-graph\">{\"@context\":\"https:\/\/schema.org\",\"@graph\":[{\"@type\":[\"WebPage\",\"ItemPage\"],\"@id\":\"https:\/\/storitgroup.com\/fi\/tuote\/tyojakkara-sigma-stella-570-830mm-pu-vaahto-jalkatuki\/\",\"url\":\"https:\/\/storitgroup.com\/fi\/tuote\/tyojakkara-sigma-stella-570-830mm-pu-vaahto-jalkatuki\/\",\"name\":\"Jakkara Sigma-Stella 560-820 mm, jalkarengas &#8226; Storit\",\"isPartOf\":{\"@id\":\"https:\/\/storitgroup.com\/fi\/#website\"},\"primaryImageOfPage\":{\"@id\":\"https:\/\/storitgroup.com\/fi\/tuote\/tyojakkara-sigma-stella-570-830mm-pu-vaahto-jalkatuki\/#primaryimage\"},\"image\":{\"@id\":\"https:\/\/storitgroup.com\/fi\/tuote\/tyojakkara-sigma-stella-570-830mm-pu-vaahto-jalkatuki\/#primaryimage\"},\"thumbnailUrl\":\"https:\/\/storitgroup.com\/uploads\/2021\/03\/13.-gl701001000.jpg\",\"datePublished\":\"2021-03-19T00:48:07+00:00\",\"dateModified\":\"2026-04-03T17:17:10+00:00\",\"description\":\"Jakkara Sigma-Stella 560-820 mm, jalkarengas \u2014 kohtuulliseen hintaan. Toimitukset kaikkialle Suomeen! \u261b Tutustu tuotteeseen ja tilaa k\u00e4tev\u00e4sti STORIT-verkkokaupasta!\",\"breadcrumb\":{\"@id\":\"https:\/\/storitgroup.com\/fi\/tuote\/tyojakkara-sigma-stella-570-830mm-pu-vaahto-jalkatuki\/#breadcrumb\"},\"inLanguage\":\"fi\",\"potentialAction\":[{\"@type\":\"ReadAction\",\"target\":[\"https:\/\/storitgroup.com\/fi\/tuote\/tyojakkara-sigma-stella-570-830mm-pu-vaahto-jalkatuki\/\"]}]},{\"@type\":\"ImageObject\",\"inLanguage\":\"fi\",\"@id\":\"https:\/\/storitgroup.com\/fi\/tuote\/tyojakkara-sigma-stella-570-830mm-pu-vaahto-jalkatuki\/#primaryimage\",\"url\":\"https:\/\/storitgroup.com\/uploads\/2021\/03\/13.-gl701001000.jpg\",\"contentUrl\":\"https:\/\/storitgroup.com\/uploads\/2021\/03\/13.-gl701001000.jpg\",\"width\":430,\"height\":620},{\"@type\":\"BreadcrumbList\",\"@id\":\"https:\/\/storitgroup.com\/fi\/tuote\/tyojakkara-sigma-stella-570-830mm-pu-vaahto-jalkatuki\/#breadcrumb\",\"itemListElement\":[{\"@type\":\"ListItem\",\"position\":1,\"name\":\"Kotisivu\",\"item\":\"https:\/\/storitgroup.com\/fi\/\"},{\"@type\":\"ListItem\",\"position\":2,\"name\":\"Tuotteet\",\"item\":\"https:\/\/storitgroup.com\/fi\/tuotteet\/\"},{\"@type\":\"ListItem\",\"position\":3,\"name\":\"P\u00f6yd\u00e4t, tuolit, ty\u00f6kaluvarasto\",\"item\":\"https:\/\/storitgroup.com\/fi\/poydat-tuolit-tyokaluvarasto\/\"},{\"@type\":\"ListItem\",\"position\":4,\"name\":\"Toimistotuolit\",\"item\":\"https:\/\/storitgroup.com\/fi\/poydat-tuolit-tyokaluvarasto\/toimistotuolit\/\"},{\"@type\":\"ListItem\",\"position\":5,\"name\":\"Jakkara Sigma-Stella 560-820 mm, jalkarengas\"}]},{\"@type\":\"WebSite\",\"@id\":\"https:\/\/storitgroup.com\/fi\/#website\",\"url\":\"https:\/\/storitgroup.com\/fi\/\",\"name\":\"Storit\",\"description\":\"\",\"potentialAction\":[{\"@type\":\"SearchAction\",\"target\":{\"@type\":\"EntryPoint\",\"urlTemplate\":\"https:\/\/storitgroup.com\/fi\/?s={search_term_string}\"},\"query-input\":{\"@type\":\"PropertyValueSpecification\",\"valueRequired\":true,\"valueName\":\"search_term_string\"}}],\"inLanguage\":\"fi\"}]}<\/script>\n<!-- \/ Yoast SEO plugin. -->","yoast_head_json":{"title":"Jakkara Sigma-Stella 560-820 mm, jalkarengas &#8226; Storit","description":"Jakkara Sigma-Stella 560-820 mm, jalkarengas \u2014 kohtuulliseen hintaan. Toimitukset kaikkialle Suomeen! \u261b Tutustu tuotteeseen ja tilaa k\u00e4tev\u00e4sti STORIT-verkkokaupasta!","robots":{"index":"index","follow":"follow","max-snippet":"max-snippet:-1","max-image-preview":"max-image-preview:large","max-video-preview":"max-video-preview:-1"},"canonical":"https:\/\/storitgroup.com\/fi\/tuote\/tyojakkara-sigma-stella-570-830mm-pu-vaahto-jalkatuki\/","og_locale":"fi_FI","og_type":"article","og_title":"Jakkara Sigma-Stella 560-820 mm, jalkarengas &#8226; Storit","og_description":"Jakkara Sigma-Stella 560-820 mm, jalkarengas \u2014 kohtuulliseen hintaan. Toimitukset kaikkialle Suomeen! \u261b Tutustu tuotteeseen ja tilaa k\u00e4tev\u00e4sti STORIT-verkkokaupasta!","og_url":"https:\/\/storitgroup.com\/fi\/tuote\/tyojakkara-sigma-stella-570-830mm-pu-vaahto-jalkatuki\/","og_site_name":"Storit","article_modified_time":"2026-04-03T17:17:10+00:00","og_image":[{"width":430,"height":620,"url":"https:\/\/storitgroup.com\/uploads\/2021\/03\/13.-gl701001000.jpg","type":"image\/jpeg"}],"twitter_card":"summary_large_image","schema":{"@context":"https:\/\/schema.org","@graph":[{"@type":["WebPage","ItemPage"],"@id":"https:\/\/storitgroup.com\/fi\/tuote\/tyojakkara-sigma-stella-570-830mm-pu-vaahto-jalkatuki\/","url":"https:\/\/storitgroup.com\/fi\/tuote\/tyojakkara-sigma-stella-570-830mm-pu-vaahto-jalkatuki\/","name":"Jakkara Sigma-Stella 560-820 mm, jalkarengas &#8226; Storit","isPartOf":{"@id":"https:\/\/storitgroup.com\/fi\/#website"},"primaryImageOfPage":{"@id":"https:\/\/storitgroup.com\/fi\/tuote\/tyojakkara-sigma-stella-570-830mm-pu-vaahto-jalkatuki\/#primaryimage"},"image":{"@id":"https:\/\/storitgroup.com\/fi\/tuote\/tyojakkara-sigma-stella-570-830mm-pu-vaahto-jalkatuki\/#primaryimage"},"thumbnailUrl":"https:\/\/storitgroup.com\/uploads\/2021\/03\/13.-gl701001000.jpg","datePublished":"2021-03-19T00:48:07+00:00","dateModified":"2026-04-03T17:17:10+00:00","description":"Jakkara Sigma-Stella 560-820 mm, jalkarengas \u2014 kohtuulliseen hintaan. Toimitukset kaikkialle Suomeen! \u261b Tutustu tuotteeseen ja tilaa k\u00e4tev\u00e4sti STORIT-verkkokaupasta!","breadcrumb":{"@id":"https:\/\/storitgroup.com\/fi\/tuote\/tyojakkara-sigma-stella-570-830mm-pu-vaahto-jalkatuki\/#breadcrumb"},"inLanguage":"fi","potentialAction":[{"@type":"ReadAction","target":["https:\/\/storitgroup.com\/fi\/tuote\/tyojakkara-sigma-stella-570-830mm-pu-vaahto-jalkatuki\/"]}]},{"@type":"ImageObject","inLanguage":"fi","@id":"https:\/\/storitgroup.com\/fi\/tuote\/tyojakkara-sigma-stella-570-830mm-pu-vaahto-jalkatuki\/#primaryimage","url":"https:\/\/storitgroup.com\/uploads\/2021\/03\/13.-gl701001000.jpg","contentUrl":"https:\/\/storitgroup.com\/uploads\/2021\/03\/13.-gl701001000.jpg","width":430,"height":620},{"@type":"BreadcrumbList","@id":"https:\/\/storitgroup.com\/fi\/tuote\/tyojakkara-sigma-stella-570-830mm-pu-vaahto-jalkatuki\/#breadcrumb","itemListElement":[{"@type":"ListItem","position":1,"name":"Kotisivu","item":"https:\/\/storitgroup.com\/fi\/"},{"@type":"ListItem","position":2,"name":"Tuotteet","item":"https:\/\/storitgroup.com\/fi\/tuotteet\/"},{"@type":"ListItem","position":3,"name":"P\u00f6yd\u00e4t, tuolit, ty\u00f6kaluvarasto","item":"https:\/\/storitgroup.com\/fi\/poydat-tuolit-tyokaluvarasto\/"},{"@type":"ListItem","position":4,"name":"Toimistotuolit","item":"https:\/\/storitgroup.com\/fi\/poydat-tuolit-tyokaluvarasto\/toimistotuolit\/"},{"@type":"ListItem","position":5,"name":"Jakkara Sigma-Stella 560-820 mm, jalkarengas"}]},{"@type":"WebSite","@id":"https:\/\/storitgroup.com\/fi\/#website","url":"https:\/\/storitgroup.com\/fi\/","name":"Storit","description":"","potentialAction":[{"@type":"SearchAction","target":{"@type":"EntryPoint","urlTemplate":"https:\/\/storitgroup.com\/fi\/?s={search_term_string}"},"query-input":{"@type":"PropertyValueSpecification","valueRequired":true,"valueName":"search_term_string"}}],"inLanguage":"fi"}]}},"_links":{"self":[{"href":"https:\/\/storitgroup.com\/fi\/wp-json\/wp\/v2\/product\/13719","targetHints":{"allow":["GET"]}}],"collection":[{"href":"https:\/\/storitgroup.com\/fi\/wp-json\/wp\/v2\/product"}],"about":[{"href":"https:\/\/storitgroup.com\/fi\/wp-json\/wp\/v2\/types\/product"}],"wp:featuredmedia":[{"embeddable":true,"href":"https:\/\/storitgroup.com\/fi\/wp-json\/wp\/v2\/media\/213229"}],"wp:attachment":[{"href":"https:\/\/storitgroup.com\/fi\/wp-json\/wp\/v2\/media?parent=13719"}],"wp:term":[{"taxonomy":"product_brand","embeddable":true,"href":"https:\/\/storitgroup.com\/fi\/wp-json\/wp\/v2\/product_brand?post=13719"},{"taxonomy":"product_cat","embeddable":true,"href":"https:\/\/storitgroup.com\/fi\/wp-json\/wp\/v2\/product_cat?post=13719"},{"taxonomy":"product_tag","embeddable":true,"href":"https:\/\/storitgroup.com\/fi\/wp-json\/wp\/v2\/product_tag?post=13719"}],"curies":[{"name":"wp","href":"https:\/\/api.w.org\/{rel}","templated":true}]}}