{"id":13692,"date":"2021-03-18T02:45:08","date_gmt":"2021-03-18T00:45:08","guid":{"rendered":"https:\/\/storitgroup.com\/?post_type=product&#038;p=13692"},"modified":"2026-04-03T20:16:58","modified_gmt":"2026-04-03T17:16:58","slug":"tyotuoli-classic-630-890mm-pu-vaahto-jalkatuki-2","status":"publish","type":"product","link":"https:\/\/storitgroup.com\/fi\/tuote\/tyotuoli-classic-630-890mm-pu-vaahto-jalkatuki-2\/","title":{"rendered":"Ty\u00f6tuoli Classic-High 680-940 mm, jalkarengas"},"content":{"rendered":"<p>Universaalinen tuoli on k\u00e4yt\u00e4nn\u00f6llinen ja mukava, ja se tarjoaa optimaalisen tuen istuessa. Istuin ja selk\u00e4noja on valmistettu muotoillusta polyuretaanivaahdosta ter\u00e4svahvisteella ja ne on helppo puhdistaa. Tuoli on ihanteellinen my\u00f6s vaikeampiin ymp\u00e4rist\u00f6ihin, koska se kest\u00e4\u00e4 monia nesteit\u00e4 ja kemikaaleja. Euromatic-mekanismi mahdollistaa istuimen helpon s\u00e4\u00e4t\u00e4misen 12\u00b0 eteen ja 3\u00b0 taakse sek\u00e4 selk\u00e4nojan 16\u00b0 eteen ja 6\u00b0 taakse.<br \/>Istuin 420&#215;420 mm, PU-vaahto.<br \/>Selk\u00e4noja 310&#215;370 mm, PU-vaahto<br \/> Ter\u00e4sjalusta \u00d8 560 mm, liukurit. <br \/>Jalkarengas auttaa saamaan sopivan asennon istuessa.<br \/>S\u00e4\u00e4dett\u00e4v\u00e4 korkeus 680-940 mm.<br \/>Vaihtoehtoinen korkeus 610-800 mm.<\/p>\n<p>QR-koodilla voit visualisoida tuolin suoraan ymp\u00e4rist\u00f6\u00f6si. Skannaa se matkapuhelimellasi tai tabletillasi ja l\u00f6yd\u00e4 tuolin paras asento ja sijoitus huoneessa.https:\/\/www.globalstole.com\/media\/2072\/5110101.jpg?width=100&amp;height=100<\/p>\n","protected":false},"excerpt":{"rendered":"<p>Universaalinen tuoli on k\u00e4yt\u00e4nn\u00f6llinen ja mukava, ja se tarjoaa optimaalisen tuen istuessa. Istuin ja selk\u00e4noja on valmistettu muotoillusta polyuretaanivaahdosta ter\u00e4svahvisteella ja ne on helppo puhdistaa. Tuoli on ihanteellinen my\u00f6s vaikeampiin ymp\u00e4rist\u00f6ihin, koska se kest\u00e4\u00e4 monia nesteit\u00e4 ja kemikaaleja. Euromatic-mekanismi mahdollistaa istuimen helpon s\u00e4\u00e4t\u00e4misen 12\u00b0 eteen ja 3\u00b0 taakse sek\u00e4 selk\u00e4nojan 16\u00b0 eteen ja 6\u00b0 taakse.<br \/>\nIstuin 420&#215;420 mm, PU-vaahto.<br \/>\nSelk\u00e4noja 310&#215;370 mm, PU-vaahto<\/p>\n","protected":false},"featured_media":213440,"template":"","meta":{"_acf_changed":false},"product_brand":[],"product_cat":[7064],"product_tag":[],"class_list":{"0":"post-13692","1":"product","2":"type-product","3":"status-publish","4":"has-post-thumbnail","6":"product_room-kotitoimisto","7":"product_room-tyopaja-ja-autotalli","8":"product_room-kotiratkaisut","9":"product_room-ruuan-kasittely","10":"product_room-kuljetus-ja-logistiikka","11":"product_room-kaupankaynti-ja-myymalat","12":"product_room-arkisto-museo","13":"product_room-pakkaus","14":"product_room-kokoonpano-ja-keraily","15":"product_room-toimisto","16":"product_room-koulut-ja-paivakodit","17":"product_room-laakeyhtiot-ja-laboratoriot","18":"product_room-iso-varasto","19":"product_room-pieni-varasto","20":"product_room-teollisuus-ja-tuotanto-ergonomiset-tyopaikat-tyokaluvarasto","21":"product_cat-toimistotuolit","23":"first","24":"instock","25":"taxable","26":"shipping-taxable","27":"purchasable","28":"product-type-simple"},"acf":[],"yoast_head":"<!-- This site is optimized with the Yoast SEO plugin v27.2 - https:\/\/yoast.com\/product\/yoast-seo-wordpress\/ -->\n<title>Ty\u00f6tuoli Classic-High 680-940 mm, jalkarengas &#8226; Storit<\/title>\n<meta name=\"description\" content=\"Ty\u00f6tuoli Classic-High 680-940 mm, jalkarengas \u2014 kohtuulliseen hintaan. Toimitukset kaikkialle Suomeen! \u261b Tutustu tuotteeseen ja tilaa k\u00e4tev\u00e4sti STORIT-verkkokaupasta!\" \/>\n<meta name=\"robots\" content=\"index, follow, max-snippet:-1, max-image-preview:large, max-video-preview:-1\" \/>\n<link rel=\"canonical\" href=\"https:\/\/storitgroup.com\/fi\/tuote\/tyotuoli-classic-630-890mm-pu-vaahto-jalkatuki-2\/\" \/>\n<meta property=\"og:locale\" content=\"fi_FI\" \/>\n<meta property=\"og:type\" content=\"article\" \/>\n<meta property=\"og:title\" content=\"Ty\u00f6tuoli Classic-High 680-940 mm, jalkarengas &#8226; Storit\" \/>\n<meta property=\"og:description\" content=\"Ty\u00f6tuoli Classic-High 680-940 mm, jalkarengas \u2014 kohtuulliseen hintaan. Toimitukset kaikkialle Suomeen! \u261b Tutustu tuotteeseen ja tilaa k\u00e4tev\u00e4sti STORIT-verkkokaupasta!\" \/>\n<meta property=\"og:url\" content=\"https:\/\/storitgroup.com\/fi\/tuote\/tyotuoli-classic-630-890mm-pu-vaahto-jalkatuki-2\/\" \/>\n<meta property=\"og:site_name\" content=\"Storit\" \/>\n<meta property=\"article:modified_time\" content=\"2026-04-03T17:16:58+00:00\" \/>\n<meta property=\"og:image\" content=\"https:\/\/storitgroup.com\/uploads\/2021\/03\/31.-gl5110101.jpg\" \/>\n\t<meta property=\"og:image:width\" content=\"430\" \/>\n\t<meta property=\"og:image:height\" content=\"620\" \/>\n\t<meta property=\"og:image:type\" content=\"image\/jpeg\" \/>\n<meta name=\"twitter:card\" content=\"summary_large_image\" \/>\n<meta name=\"twitter:label1\" content=\"Arvioitu lukuaika\" \/>\n\t<meta name=\"twitter:data1\" content=\"1 minuutti\" \/>\n<script type=\"application\/ld+json\" class=\"yoast-schema-graph\">{\"@context\":\"https:\/\/schema.org\",\"@graph\":[{\"@type\":[\"WebPage\",\"ItemPage\"],\"@id\":\"https:\/\/storitgroup.com\/fi\/tuote\/tyotuoli-classic-630-890mm-pu-vaahto-jalkatuki-2\/\",\"url\":\"https:\/\/storitgroup.com\/fi\/tuote\/tyotuoli-classic-630-890mm-pu-vaahto-jalkatuki-2\/\",\"name\":\"Ty\u00f6tuoli Classic-High 680-940 mm, jalkarengas &#8226; Storit\",\"isPartOf\":{\"@id\":\"https:\/\/storitgroup.com\/fi\/#website\"},\"primaryImageOfPage\":{\"@id\":\"https:\/\/storitgroup.com\/fi\/tuote\/tyotuoli-classic-630-890mm-pu-vaahto-jalkatuki-2\/#primaryimage\"},\"image\":{\"@id\":\"https:\/\/storitgroup.com\/fi\/tuote\/tyotuoli-classic-630-890mm-pu-vaahto-jalkatuki-2\/#primaryimage\"},\"thumbnailUrl\":\"https:\/\/storitgroup.com\/uploads\/2021\/03\/31.-gl5110101.jpg\",\"datePublished\":\"2021-03-18T00:45:08+00:00\",\"dateModified\":\"2026-04-03T17:16:58+00:00\",\"description\":\"Ty\u00f6tuoli Classic-High 680-940 mm, jalkarengas \u2014 kohtuulliseen hintaan. Toimitukset kaikkialle Suomeen! \u261b Tutustu tuotteeseen ja tilaa k\u00e4tev\u00e4sti STORIT-verkkokaupasta!\",\"breadcrumb\":{\"@id\":\"https:\/\/storitgroup.com\/fi\/tuote\/tyotuoli-classic-630-890mm-pu-vaahto-jalkatuki-2\/#breadcrumb\"},\"inLanguage\":\"fi\",\"potentialAction\":[{\"@type\":\"ReadAction\",\"target\":[\"https:\/\/storitgroup.com\/fi\/tuote\/tyotuoli-classic-630-890mm-pu-vaahto-jalkatuki-2\/\"]}]},{\"@type\":\"ImageObject\",\"inLanguage\":\"fi\",\"@id\":\"https:\/\/storitgroup.com\/fi\/tuote\/tyotuoli-classic-630-890mm-pu-vaahto-jalkatuki-2\/#primaryimage\",\"url\":\"https:\/\/storitgroup.com\/uploads\/2021\/03\/31.-gl5110101.jpg\",\"contentUrl\":\"https:\/\/storitgroup.com\/uploads\/2021\/03\/31.-gl5110101.jpg\",\"width\":430,\"height\":620},{\"@type\":\"BreadcrumbList\",\"@id\":\"https:\/\/storitgroup.com\/fi\/tuote\/tyotuoli-classic-630-890mm-pu-vaahto-jalkatuki-2\/#breadcrumb\",\"itemListElement\":[{\"@type\":\"ListItem\",\"position\":1,\"name\":\"Kotisivu\",\"item\":\"https:\/\/storitgroup.com\/fi\/\"},{\"@type\":\"ListItem\",\"position\":2,\"name\":\"Tuotteet\",\"item\":\"https:\/\/storitgroup.com\/fi\/tuotteet\/\"},{\"@type\":\"ListItem\",\"position\":3,\"name\":\"P\u00f6yd\u00e4t, tuolit, ty\u00f6kaluvarasto\",\"item\":\"https:\/\/storitgroup.com\/fi\/poydat-tuolit-tyokaluvarasto\/\"},{\"@type\":\"ListItem\",\"position\":4,\"name\":\"Toimistotuolit\",\"item\":\"https:\/\/storitgroup.com\/fi\/poydat-tuolit-tyokaluvarasto\/toimistotuolit\/\"},{\"@type\":\"ListItem\",\"position\":5,\"name\":\"Ty\u00f6tuoli Classic-High 680-940 mm, jalkarengas\"}]},{\"@type\":\"WebSite\",\"@id\":\"https:\/\/storitgroup.com\/fi\/#website\",\"url\":\"https:\/\/storitgroup.com\/fi\/\",\"name\":\"Storit\",\"description\":\"\",\"potentialAction\":[{\"@type\":\"SearchAction\",\"target\":{\"@type\":\"EntryPoint\",\"urlTemplate\":\"https:\/\/storitgroup.com\/fi\/?s={search_term_string}\"},\"query-input\":{\"@type\":\"PropertyValueSpecification\",\"valueRequired\":true,\"valueName\":\"search_term_string\"}}],\"inLanguage\":\"fi\"}]}<\/script>\n<!-- \/ Yoast SEO plugin. -->","yoast_head_json":{"title":"Ty\u00f6tuoli Classic-High 680-940 mm, jalkarengas &#8226; Storit","description":"Ty\u00f6tuoli Classic-High 680-940 mm, jalkarengas \u2014 kohtuulliseen hintaan. Toimitukset kaikkialle Suomeen! \u261b Tutustu tuotteeseen ja tilaa k\u00e4tev\u00e4sti STORIT-verkkokaupasta!","robots":{"index":"index","follow":"follow","max-snippet":"max-snippet:-1","max-image-preview":"max-image-preview:large","max-video-preview":"max-video-preview:-1"},"canonical":"https:\/\/storitgroup.com\/fi\/tuote\/tyotuoli-classic-630-890mm-pu-vaahto-jalkatuki-2\/","og_locale":"fi_FI","og_type":"article","og_title":"Ty\u00f6tuoli Classic-High 680-940 mm, jalkarengas &#8226; Storit","og_description":"Ty\u00f6tuoli Classic-High 680-940 mm, jalkarengas \u2014 kohtuulliseen hintaan. Toimitukset kaikkialle Suomeen! \u261b Tutustu tuotteeseen ja tilaa k\u00e4tev\u00e4sti STORIT-verkkokaupasta!","og_url":"https:\/\/storitgroup.com\/fi\/tuote\/tyotuoli-classic-630-890mm-pu-vaahto-jalkatuki-2\/","og_site_name":"Storit","article_modified_time":"2026-04-03T17:16:58+00:00","og_image":[{"width":430,"height":620,"url":"https:\/\/storitgroup.com\/uploads\/2021\/03\/31.-gl5110101.jpg","type":"image\/jpeg"}],"twitter_card":"summary_large_image","twitter_misc":{"Arvioitu lukuaika":"1 minuutti"},"schema":{"@context":"https:\/\/schema.org","@graph":[{"@type":["WebPage","ItemPage"],"@id":"https:\/\/storitgroup.com\/fi\/tuote\/tyotuoli-classic-630-890mm-pu-vaahto-jalkatuki-2\/","url":"https:\/\/storitgroup.com\/fi\/tuote\/tyotuoli-classic-630-890mm-pu-vaahto-jalkatuki-2\/","name":"Ty\u00f6tuoli Classic-High 680-940 mm, jalkarengas &#8226; Storit","isPartOf":{"@id":"https:\/\/storitgroup.com\/fi\/#website"},"primaryImageOfPage":{"@id":"https:\/\/storitgroup.com\/fi\/tuote\/tyotuoli-classic-630-890mm-pu-vaahto-jalkatuki-2\/#primaryimage"},"image":{"@id":"https:\/\/storitgroup.com\/fi\/tuote\/tyotuoli-classic-630-890mm-pu-vaahto-jalkatuki-2\/#primaryimage"},"thumbnailUrl":"https:\/\/storitgroup.com\/uploads\/2021\/03\/31.-gl5110101.jpg","datePublished":"2021-03-18T00:45:08+00:00","dateModified":"2026-04-03T17:16:58+00:00","description":"Ty\u00f6tuoli Classic-High 680-940 mm, jalkarengas \u2014 kohtuulliseen hintaan. Toimitukset kaikkialle Suomeen! \u261b Tutustu tuotteeseen ja tilaa k\u00e4tev\u00e4sti STORIT-verkkokaupasta!","breadcrumb":{"@id":"https:\/\/storitgroup.com\/fi\/tuote\/tyotuoli-classic-630-890mm-pu-vaahto-jalkatuki-2\/#breadcrumb"},"inLanguage":"fi","potentialAction":[{"@type":"ReadAction","target":["https:\/\/storitgroup.com\/fi\/tuote\/tyotuoli-classic-630-890mm-pu-vaahto-jalkatuki-2\/"]}]},{"@type":"ImageObject","inLanguage":"fi","@id":"https:\/\/storitgroup.com\/fi\/tuote\/tyotuoli-classic-630-890mm-pu-vaahto-jalkatuki-2\/#primaryimage","url":"https:\/\/storitgroup.com\/uploads\/2021\/03\/31.-gl5110101.jpg","contentUrl":"https:\/\/storitgroup.com\/uploads\/2021\/03\/31.-gl5110101.jpg","width":430,"height":620},{"@type":"BreadcrumbList","@id":"https:\/\/storitgroup.com\/fi\/tuote\/tyotuoli-classic-630-890mm-pu-vaahto-jalkatuki-2\/#breadcrumb","itemListElement":[{"@type":"ListItem","position":1,"name":"Kotisivu","item":"https:\/\/storitgroup.com\/fi\/"},{"@type":"ListItem","position":2,"name":"Tuotteet","item":"https:\/\/storitgroup.com\/fi\/tuotteet\/"},{"@type":"ListItem","position":3,"name":"P\u00f6yd\u00e4t, tuolit, ty\u00f6kaluvarasto","item":"https:\/\/storitgroup.com\/fi\/poydat-tuolit-tyokaluvarasto\/"},{"@type":"ListItem","position":4,"name":"Toimistotuolit","item":"https:\/\/storitgroup.com\/fi\/poydat-tuolit-tyokaluvarasto\/toimistotuolit\/"},{"@type":"ListItem","position":5,"name":"Ty\u00f6tuoli Classic-High 680-940 mm, jalkarengas"}]},{"@type":"WebSite","@id":"https:\/\/storitgroup.com\/fi\/#website","url":"https:\/\/storitgroup.com\/fi\/","name":"Storit","description":"","potentialAction":[{"@type":"SearchAction","target":{"@type":"EntryPoint","urlTemplate":"https:\/\/storitgroup.com\/fi\/?s={search_term_string}"},"query-input":{"@type":"PropertyValueSpecification","valueRequired":true,"valueName":"search_term_string"}}],"inLanguage":"fi"}]}},"_links":{"self":[{"href":"https:\/\/storitgroup.com\/fi\/wp-json\/wp\/v2\/product\/13692","targetHints":{"allow":["GET"]}}],"collection":[{"href":"https:\/\/storitgroup.com\/fi\/wp-json\/wp\/v2\/product"}],"about":[{"href":"https:\/\/storitgroup.com\/fi\/wp-json\/wp\/v2\/types\/product"}],"wp:featuredmedia":[{"embeddable":true,"href":"https:\/\/storitgroup.com\/fi\/wp-json\/wp\/v2\/media\/213440"}],"wp:attachment":[{"href":"https:\/\/storitgroup.com\/fi\/wp-json\/wp\/v2\/media?parent=13692"}],"wp:term":[{"taxonomy":"product_brand","embeddable":true,"href":"https:\/\/storitgroup.com\/fi\/wp-json\/wp\/v2\/product_brand?post=13692"},{"taxonomy":"product_cat","embeddable":true,"href":"https:\/\/storitgroup.com\/fi\/wp-json\/wp\/v2\/product_cat?post=13692"},{"taxonomy":"product_tag","embeddable":true,"href":"https:\/\/storitgroup.com\/fi\/wp-json\/wp\/v2\/product_tag?post=13692"}],"curies":[{"name":"wp","href":"https:\/\/api.w.org\/{rel}","templated":true}]}}