{"id":13686,"date":"2021-03-19T02:47:51","date_gmt":"2021-03-19T00:47:51","guid":{"rendered":"https:\/\/storitgroup.com\/?post_type=product&#038;p=13686"},"modified":"2025-05-01T00:10:05","modified_gmt":"2025-04-30T21:10:05","slug":"tyotuoli-solid-alu-700-960mm-muovia-jalkatuki","status":"publish","type":"product","link":"https:\/\/storitgroup.com\/fi\/tuote\/tyotuoli-solid-alu-700-960mm-muovia-jalkatuki\/","title":{"rendered":"Ty\u00f6tuoli Solid-Alu61 650-910 mm, kroomattu jalkatuki"},"content":{"rendered":"<p>Iskunkest\u00e4v\u00e4st\u00e4 muovista valettu k\u00e4yt\u00e4nn\u00f6llinen ty\u00f6tuoli istuimella ja selk\u00e4nojalla, joka sopii hyvin \u00e4\u00e4rimm\u00e4isiin ymp\u00e4rist\u00f6ihin, kuten hitsaust\u00f6ihin. Euromatic-mekanismi mahdollistaa istuimen helpon s\u00e4\u00e4t\u00e4misen 12\u00b0 eteen ja 3\u00b0 taakse sek\u00e4 selk\u00e4nojan 16\u00b0 eteen ja 6\u00b0 taakse.<br \/>Istuin 420&#215;420 mm.<br \/>Selk\u00e4noja 310&#215;370 mm.<br \/>Alumiinijalusta \u00d8 610 mm, liukurit.<br \/>Kromattu jalkarengas.<br \/>S\u00e4\u00e4dett\u00e4v\u00e4 korkeus 650-910 mm.<br \/>Vaihtoehtoiset korkeudet 440-510 mm &amp; 490-620 mm &amp; 580-770 mm.<\/p>\n","protected":false},"excerpt":{"rendered":"<p>Iskunkest\u00e4v\u00e4st\u00e4 muovista valettu k\u00e4yt\u00e4nn\u00f6llinen ty\u00f6tuoli istuimella ja selk\u00e4nojalla, joka sopii hyvin \u00e4\u00e4rimm\u00e4isiin ymp\u00e4rist\u00f6ihin, kuten hitsaust\u00f6ihin. Euromatic-mekanismi mahdollistaa istuimen helpon s\u00e4\u00e4t\u00e4misen 12\u00b0 eteen ja 3\u00b0 taakse sek\u00e4 selk\u00e4nojan 16\u00b0 eteen ja 6\u00b0 taakse.<br \/>\nIstuin 420&#215;420 mm.<br \/>\nSelk\u00e4noja 310&#215;370 mm.<\/p>\n","protected":false},"featured_media":213410,"template":"","meta":{"_acf_changed":false},"product_brand":[],"product_cat":[7064],"product_tag":[],"class_list":{"0":"post-13686","1":"product","2":"type-product","3":"status-publish","4":"has-post-thumbnail","6":"product_room-kotitoimisto","7":"product_room-tyopaja-ja-autotalli","8":"product_room-kotiratkaisut","9":"product_room-ruuan-kasittely","10":"product_room-kuljetus-ja-logistiikka","11":"product_room-kaupankaynti-ja-myymalat","12":"product_room-arkisto-museo","13":"product_room-pakkaus","14":"product_room-kokoonpano-ja-keraily","15":"product_room-toimisto","16":"product_room-koulut-ja-paivakodit","17":"product_room-laakeyhtiot-ja-laboratoriot","18":"product_room-iso-varasto","19":"product_room-pieni-varasto","20":"product_room-teollisuus-ja-tuotanto-ergonomiset-tyopaikat-tyokaluvarasto","21":"product_cat-toimistotuolit","23":"first","24":"instock","25":"taxable","26":"shipping-taxable","27":"purchasable","28":"product-type-simple"},"acf":[],"yoast_head":"<!-- This site is optimized with the Yoast SEO plugin v27.3 - https:\/\/yoast.com\/product\/yoast-seo-wordpress\/ -->\n<title>Ty\u00f6tuoli Solid-Alu61 650-910 mm, kroomattu jalkatuki &#8226; Storit<\/title>\n<meta name=\"description\" content=\"Ty\u00f6tuoli Solid-Alu61 650-910 mm, kroomattu jalkatuki \u2014 kohtuulliseen hintaan. Toimitukset kaikkialle Suomeen! \u261b Tutustu tuotteeseen ja tilaa k\u00e4tev\u00e4sti STORIT-verkkokaupasta!\" \/>\n<meta name=\"robots\" content=\"index, follow, max-snippet:-1, max-image-preview:large, max-video-preview:-1\" \/>\n<link rel=\"canonical\" href=\"https:\/\/storitgroup.com\/fi\/tuote\/tyotuoli-solid-alu-700-960mm-muovia-jalkatuki\/\" \/>\n<meta property=\"og:locale\" content=\"fi_FI\" \/>\n<meta property=\"og:type\" content=\"article\" \/>\n<meta property=\"og:title\" content=\"Ty\u00f6tuoli Solid-Alu61 650-910 mm, kroomattu jalkatuki &#8226; Storit\" \/>\n<meta property=\"og:description\" content=\"Ty\u00f6tuoli Solid-Alu61 650-910 mm, kroomattu jalkatuki \u2014 kohtuulliseen hintaan. Toimitukset kaikkialle Suomeen! \u261b Tutustu tuotteeseen ja tilaa k\u00e4tev\u00e4sti STORIT-verkkokaupasta!\" \/>\n<meta property=\"og:url\" content=\"https:\/\/storitgroup.com\/fi\/tuote\/tyotuoli-solid-alu-700-960mm-muovia-jalkatuki\/\" \/>\n<meta property=\"og:site_name\" content=\"Storit\" \/>\n<meta property=\"article:modified_time\" content=\"2025-04-30T21:10:05+00:00\" \/>\n<meta property=\"og:image\" content=\"https:\/\/storitgroup.com\/uploads\/2021\/03\/28.-gl5010282.jpg\" \/>\n\t<meta property=\"og:image:width\" content=\"430\" \/>\n\t<meta property=\"og:image:height\" content=\"620\" \/>\n\t<meta property=\"og:image:type\" content=\"image\/jpeg\" \/>\n<meta name=\"twitter:card\" content=\"summary_large_image\" \/>\n<script type=\"application\/ld+json\" class=\"yoast-schema-graph\">{\"@context\":\"https:\\\/\\\/schema.org\",\"@graph\":[{\"@type\":[\"WebPage\",\"ItemPage\"],\"@id\":\"https:\\\/\\\/storitgroup.com\\\/fi\\\/tuote\\\/tyotuoli-solid-alu-700-960mm-muovia-jalkatuki\\\/\",\"url\":\"https:\\\/\\\/storitgroup.com\\\/fi\\\/tuote\\\/tyotuoli-solid-alu-700-960mm-muovia-jalkatuki\\\/\",\"name\":\"Ty\u00f6tuoli Solid-Alu61 650-910 mm, kroomattu jalkatuki &#8226; Storit\",\"isPartOf\":{\"@id\":\"https:\\\/\\\/storitgroup.com\\\/fi\\\/#website\"},\"primaryImageOfPage\":{\"@id\":\"https:\\\/\\\/storitgroup.com\\\/fi\\\/tuote\\\/tyotuoli-solid-alu-700-960mm-muovia-jalkatuki\\\/#primaryimage\"},\"image\":{\"@id\":\"https:\\\/\\\/storitgroup.com\\\/fi\\\/tuote\\\/tyotuoli-solid-alu-700-960mm-muovia-jalkatuki\\\/#primaryimage\"},\"thumbnailUrl\":\"https:\\\/\\\/storitgroup.com\\\/uploads\\\/2021\\\/03\\\/28.-gl5010282.jpg\",\"datePublished\":\"2021-03-19T00:47:51+00:00\",\"dateModified\":\"2025-04-30T21:10:05+00:00\",\"description\":\"Ty\u00f6tuoli Solid-Alu61 650-910 mm, kroomattu jalkatuki \u2014 kohtuulliseen hintaan. Toimitukset kaikkialle Suomeen! \u261b Tutustu tuotteeseen ja tilaa k\u00e4tev\u00e4sti STORIT-verkkokaupasta!\",\"breadcrumb\":{\"@id\":\"https:\\\/\\\/storitgroup.com\\\/fi\\\/tuote\\\/tyotuoli-solid-alu-700-960mm-muovia-jalkatuki\\\/#breadcrumb\"},\"inLanguage\":\"fi\",\"potentialAction\":[{\"@type\":\"ReadAction\",\"target\":[\"https:\\\/\\\/storitgroup.com\\\/fi\\\/tuote\\\/tyotuoli-solid-alu-700-960mm-muovia-jalkatuki\\\/\"]}]},{\"@type\":\"ImageObject\",\"inLanguage\":\"fi\",\"@id\":\"https:\\\/\\\/storitgroup.com\\\/fi\\\/tuote\\\/tyotuoli-solid-alu-700-960mm-muovia-jalkatuki\\\/#primaryimage\",\"url\":\"https:\\\/\\\/storitgroup.com\\\/uploads\\\/2021\\\/03\\\/28.-gl5010282.jpg\",\"contentUrl\":\"https:\\\/\\\/storitgroup.com\\\/uploads\\\/2021\\\/03\\\/28.-gl5010282.jpg\",\"width\":430,\"height\":620},{\"@type\":\"BreadcrumbList\",\"@id\":\"https:\\\/\\\/storitgroup.com\\\/fi\\\/tuote\\\/tyotuoli-solid-alu-700-960mm-muovia-jalkatuki\\\/#breadcrumb\",\"itemListElement\":[{\"@type\":\"ListItem\",\"position\":1,\"name\":\"Kotisivu\",\"item\":\"https:\\\/\\\/storitgroup.com\\\/fi\\\/\"},{\"@type\":\"ListItem\",\"position\":2,\"name\":\"Tuotteet\",\"item\":\"https:\\\/\\\/storitgroup.com\\\/fi\\\/tuotteet\\\/\"},{\"@type\":\"ListItem\",\"position\":3,\"name\":\"P\u00f6yd\u00e4t, tuolit, ty\u00f6kaluvarasto\",\"item\":\"https:\\\/\\\/storitgroup.com\\\/fi\\\/poydat-tuolit-tyokaluvarasto\\\/\"},{\"@type\":\"ListItem\",\"position\":4,\"name\":\"Toimistotuolit\",\"item\":\"https:\\\/\\\/storitgroup.com\\\/fi\\\/poydat-tuolit-tyokaluvarasto\\\/toimistotuolit\\\/\"},{\"@type\":\"ListItem\",\"position\":5,\"name\":\"Ty\u00f6tuoli Solid-Alu61 650-910 mm, kroomattu jalkatuki\"}]},{\"@type\":\"WebSite\",\"@id\":\"https:\\\/\\\/storitgroup.com\\\/fi\\\/#website\",\"url\":\"https:\\\/\\\/storitgroup.com\\\/fi\\\/\",\"name\":\"Storit\",\"description\":\"\",\"potentialAction\":[{\"@type\":\"SearchAction\",\"target\":{\"@type\":\"EntryPoint\",\"urlTemplate\":\"https:\\\/\\\/storitgroup.com\\\/fi\\\/?s={search_term_string}\"},\"query-input\":{\"@type\":\"PropertyValueSpecification\",\"valueRequired\":true,\"valueName\":\"search_term_string\"}}],\"inLanguage\":\"fi\"}]}<\/script>\n<!-- \/ Yoast SEO plugin. -->","yoast_head_json":{"title":"Ty\u00f6tuoli Solid-Alu61 650-910 mm, kroomattu jalkatuki &#8226; Storit","description":"Ty\u00f6tuoli Solid-Alu61 650-910 mm, kroomattu jalkatuki \u2014 kohtuulliseen hintaan. Toimitukset kaikkialle Suomeen! \u261b Tutustu tuotteeseen ja tilaa k\u00e4tev\u00e4sti STORIT-verkkokaupasta!","robots":{"index":"index","follow":"follow","max-snippet":"max-snippet:-1","max-image-preview":"max-image-preview:large","max-video-preview":"max-video-preview:-1"},"canonical":"https:\/\/storitgroup.com\/fi\/tuote\/tyotuoli-solid-alu-700-960mm-muovia-jalkatuki\/","og_locale":"fi_FI","og_type":"article","og_title":"Ty\u00f6tuoli Solid-Alu61 650-910 mm, kroomattu jalkatuki &#8226; Storit","og_description":"Ty\u00f6tuoli Solid-Alu61 650-910 mm, kroomattu jalkatuki \u2014 kohtuulliseen hintaan. Toimitukset kaikkialle Suomeen! \u261b Tutustu tuotteeseen ja tilaa k\u00e4tev\u00e4sti STORIT-verkkokaupasta!","og_url":"https:\/\/storitgroup.com\/fi\/tuote\/tyotuoli-solid-alu-700-960mm-muovia-jalkatuki\/","og_site_name":"Storit","article_modified_time":"2025-04-30T21:10:05+00:00","og_image":[{"width":430,"height":620,"url":"https:\/\/storitgroup.com\/uploads\/2021\/03\/28.-gl5010282.jpg","type":"image\/jpeg"}],"twitter_card":"summary_large_image","schema":{"@context":"https:\/\/schema.org","@graph":[{"@type":["WebPage","ItemPage"],"@id":"https:\/\/storitgroup.com\/fi\/tuote\/tyotuoli-solid-alu-700-960mm-muovia-jalkatuki\/","url":"https:\/\/storitgroup.com\/fi\/tuote\/tyotuoli-solid-alu-700-960mm-muovia-jalkatuki\/","name":"Ty\u00f6tuoli Solid-Alu61 650-910 mm, kroomattu jalkatuki &#8226; Storit","isPartOf":{"@id":"https:\/\/storitgroup.com\/fi\/#website"},"primaryImageOfPage":{"@id":"https:\/\/storitgroup.com\/fi\/tuote\/tyotuoli-solid-alu-700-960mm-muovia-jalkatuki\/#primaryimage"},"image":{"@id":"https:\/\/storitgroup.com\/fi\/tuote\/tyotuoli-solid-alu-700-960mm-muovia-jalkatuki\/#primaryimage"},"thumbnailUrl":"https:\/\/storitgroup.com\/uploads\/2021\/03\/28.-gl5010282.jpg","datePublished":"2021-03-19T00:47:51+00:00","dateModified":"2025-04-30T21:10:05+00:00","description":"Ty\u00f6tuoli Solid-Alu61 650-910 mm, kroomattu jalkatuki \u2014 kohtuulliseen hintaan. Toimitukset kaikkialle Suomeen! \u261b Tutustu tuotteeseen ja tilaa k\u00e4tev\u00e4sti STORIT-verkkokaupasta!","breadcrumb":{"@id":"https:\/\/storitgroup.com\/fi\/tuote\/tyotuoli-solid-alu-700-960mm-muovia-jalkatuki\/#breadcrumb"},"inLanguage":"fi","potentialAction":[{"@type":"ReadAction","target":["https:\/\/storitgroup.com\/fi\/tuote\/tyotuoli-solid-alu-700-960mm-muovia-jalkatuki\/"]}]},{"@type":"ImageObject","inLanguage":"fi","@id":"https:\/\/storitgroup.com\/fi\/tuote\/tyotuoli-solid-alu-700-960mm-muovia-jalkatuki\/#primaryimage","url":"https:\/\/storitgroup.com\/uploads\/2021\/03\/28.-gl5010282.jpg","contentUrl":"https:\/\/storitgroup.com\/uploads\/2021\/03\/28.-gl5010282.jpg","width":430,"height":620},{"@type":"BreadcrumbList","@id":"https:\/\/storitgroup.com\/fi\/tuote\/tyotuoli-solid-alu-700-960mm-muovia-jalkatuki\/#breadcrumb","itemListElement":[{"@type":"ListItem","position":1,"name":"Kotisivu","item":"https:\/\/storitgroup.com\/fi\/"},{"@type":"ListItem","position":2,"name":"Tuotteet","item":"https:\/\/storitgroup.com\/fi\/tuotteet\/"},{"@type":"ListItem","position":3,"name":"P\u00f6yd\u00e4t, tuolit, ty\u00f6kaluvarasto","item":"https:\/\/storitgroup.com\/fi\/poydat-tuolit-tyokaluvarasto\/"},{"@type":"ListItem","position":4,"name":"Toimistotuolit","item":"https:\/\/storitgroup.com\/fi\/poydat-tuolit-tyokaluvarasto\/toimistotuolit\/"},{"@type":"ListItem","position":5,"name":"Ty\u00f6tuoli Solid-Alu61 650-910 mm, kroomattu jalkatuki"}]},{"@type":"WebSite","@id":"https:\/\/storitgroup.com\/fi\/#website","url":"https:\/\/storitgroup.com\/fi\/","name":"Storit","description":"","potentialAction":[{"@type":"SearchAction","target":{"@type":"EntryPoint","urlTemplate":"https:\/\/storitgroup.com\/fi\/?s={search_term_string}"},"query-input":{"@type":"PropertyValueSpecification","valueRequired":true,"valueName":"search_term_string"}}],"inLanguage":"fi"}]}},"_links":{"self":[{"href":"https:\/\/storitgroup.com\/fi\/wp-json\/wp\/v2\/product\/13686","targetHints":{"allow":["GET"]}}],"collection":[{"href":"https:\/\/storitgroup.com\/fi\/wp-json\/wp\/v2\/product"}],"about":[{"href":"https:\/\/storitgroup.com\/fi\/wp-json\/wp\/v2\/types\/product"}],"wp:featuredmedia":[{"embeddable":true,"href":"https:\/\/storitgroup.com\/fi\/wp-json\/wp\/v2\/media\/213410"}],"wp:attachment":[{"href":"https:\/\/storitgroup.com\/fi\/wp-json\/wp\/v2\/media?parent=13686"}],"wp:term":[{"taxonomy":"product_brand","embeddable":true,"href":"https:\/\/storitgroup.com\/fi\/wp-json\/wp\/v2\/product_brand?post=13686"},{"taxonomy":"product_cat","embeddable":true,"href":"https:\/\/storitgroup.com\/fi\/wp-json\/wp\/v2\/product_cat?post=13686"},{"taxonomy":"product_tag","embeddable":true,"href":"https:\/\/storitgroup.com\/fi\/wp-json\/wp\/v2\/product_tag?post=13686"}],"curies":[{"name":"wp","href":"https:\/\/api.w.org\/{rel}","templated":true}]}}