{"id":13658,"date":"2021-03-19T02:47:39","date_gmt":"2021-03-19T00:47:39","guid":{"rendered":"https:\/\/storitgroup.com\/?post_type=product&#038;p=13658"},"modified":"2024-11-20T17:41:30","modified_gmt":"2024-11-20T15:41:30","slug":"pyorallinen-tyojakkara-micro-alu50-370-500mm-punainen-selkanoja","status":"publish","type":"product","link":"https:\/\/storitgroup.com\/fi\/tuote\/pyorallinen-tyojakkara-micro-alu50-370-500mm-punainen-selkanoja\/","title":{"rendered":"Py\u00f6r\u00e4llinen ty\u00f6jakkara Micro-Alu50, 370-500mm, punainen, selk\u00e4noja"},"content":{"rendered":"<p>Micro on mukava jakkara, joka sopii erinomaisesti esimerkiksi pienten lasten kanssa tekemisiss\u00e4 oleviin laitoksiin, joissa toimintaa on matalalla tasolla. Korkeus on s\u00e4\u00e4dett\u00e4viss\u00e4 ja helposti liikkuvien py\u00f6rien avulla voit liikkua nopeasti lattialla. Jakkara on tilattavissa eri v\u00e4reiss\u00e4, selk\u00e4nojalla tai ilman.<\/p>\n<p>Pehmustettu istuin \u00d8 330 mm ja selk\u00e4noja.<br \/>Alumiinijalusta \u00d8 500 mm.<br \/>5 helposti liikkuvaa py\u00f6r\u00e4\u00e4 \u00d8 50 mm .<br \/>S\u00e4\u00e4dett\u00e4v\u00e4 korkeus 370-500 mm.<br \/>Vaihtoehtoiset korkeudet 320-440 mm &amp; 460-650 mm.<\/p>\n","protected":false},"excerpt":{"rendered":"<p>Micro on mukava jakkara, joka sopii erinomaisesti esimerkiksi pienten lasten kanssa tekemisiss\u00e4 oleviin laitoksiin, joissa toimintaa on matalalla tasolla. Korkeus on s\u00e4\u00e4dett\u00e4viss\u00e4 ja helposti liikkuvien py\u00f6rien avulla voit liikkua nopeasti lattialla. Jakkara on tilattavissa eri v\u00e4reiss\u00e4, selk\u00e4nojalla tai ilman.<\/p>\n<p>Pehmustettu istuin \u00d8 330 mm ja selk\u00e4noja.<\/p>\n","protected":false},"featured_media":213540,"template":"","meta":{"_acf_changed":false},"product_brand":[],"product_cat":[7064],"product_tag":[],"class_list":{"0":"post-13658","1":"product","2":"type-product","3":"status-publish","4":"has-post-thumbnail","6":"product_room-kaupankaynti-ja-myymalat","7":"product_room-arkisto-museo","8":"product_room-pakkaus","9":"product_room-kokoonpano-ja-keraily","10":"product_room-toimisto","11":"product_room-koulut-ja-paivakodit","12":"product_room-laakeyhtiot-ja-laboratoriot","13":"product_room-iso-varasto","14":"product_room-pieni-varasto","15":"product_room-teollisuus-ja-tuotanto-ergonomiset-tyopaikat-tyokaluvarasto","16":"product_room-kotitoimisto","17":"product_room-tyopaja-ja-autotalli","18":"product_room-kotiratkaisut","19":"product_room-ruuan-kasittely","20":"product_room-kuljetus-ja-logistiikka","21":"product_cat-toimistotuolit","23":"first","24":"instock","25":"taxable","26":"shipping-taxable","27":"purchasable","28":"product-type-simple"},"acf":[],"yoast_head":"<!-- This site is optimized with the Yoast SEO plugin v27.2 - https:\/\/yoast.com\/product\/yoast-seo-wordpress\/ -->\n<title>Py\u00f6r\u00e4llinen ty\u00f6jakkara Micro-Alu50, 370-500mm, punainen, selk\u00e4noja &#8226; Storit<\/title>\n<meta name=\"description\" content=\"Py\u00f6r\u00e4llinen ty\u00f6jakkara Micro-Alu50, 370-500mm, punainen, selk\u00e4noja \u2014 kohtuulliseen hintaan. Toimitukset kaikkialle Suomeen! \u261b Tutustu tuotteeseen ja tilaa k\u00e4tev\u00e4sti STORIT-verkkokaupasta!\" \/>\n<meta name=\"robots\" content=\"index, follow, max-snippet:-1, max-image-preview:large, max-video-preview:-1\" \/>\n<link rel=\"canonical\" href=\"https:\/\/storitgroup.com\/fi\/tuote\/pyorallinen-tyojakkara-micro-alu50-370-500mm-punainen-selkanoja\/\" \/>\n<meta property=\"og:locale\" content=\"fi_FI\" \/>\n<meta property=\"og:type\" content=\"article\" \/>\n<meta property=\"og:title\" content=\"Py\u00f6r\u00e4llinen ty\u00f6jakkara Micro-Alu50, 370-500mm, punainen, selk\u00e4noja &#8226; Storit\" \/>\n<meta property=\"og:description\" content=\"Py\u00f6r\u00e4llinen ty\u00f6jakkara Micro-Alu50, 370-500mm, punainen, selk\u00e4noja \u2014 kohtuulliseen hintaan. Toimitukset kaikkialle Suomeen! \u261b Tutustu tuotteeseen ja tilaa k\u00e4tev\u00e4sti STORIT-verkkokaupasta!\" \/>\n<meta property=\"og:url\" content=\"https:\/\/storitgroup.com\/fi\/tuote\/pyorallinen-tyojakkara-micro-alu50-370-500mm-punainen-selkanoja\/\" \/>\n<meta property=\"og:site_name\" content=\"Storit\" \/>\n<meta property=\"article:modified_time\" content=\"2024-11-20T15:41:30+00:00\" \/>\n<meta property=\"og:image\" content=\"https:\/\/storitgroup.com\/uploads\/2021\/03\/41.-gl4032822282.jpg\" \/>\n\t<meta property=\"og:image:width\" content=\"429\" \/>\n\t<meta property=\"og:image:height\" content=\"621\" \/>\n\t<meta property=\"og:image:type\" content=\"image\/jpeg\" \/>\n<meta name=\"twitter:card\" content=\"summary_large_image\" \/>\n<script type=\"application\/ld+json\" class=\"yoast-schema-graph\">{\"@context\":\"https:\/\/schema.org\",\"@graph\":[{\"@type\":[\"WebPage\",\"ItemPage\"],\"@id\":\"https:\/\/storitgroup.com\/fi\/tuote\/pyorallinen-tyojakkara-micro-alu50-370-500mm-punainen-selkanoja\/\",\"url\":\"https:\/\/storitgroup.com\/fi\/tuote\/pyorallinen-tyojakkara-micro-alu50-370-500mm-punainen-selkanoja\/\",\"name\":\"Py\u00f6r\u00e4llinen ty\u00f6jakkara Micro-Alu50, 370-500mm, punainen, selk\u00e4noja &#8226; Storit\",\"isPartOf\":{\"@id\":\"https:\/\/storitgroup.com\/fi\/#website\"},\"primaryImageOfPage\":{\"@id\":\"https:\/\/storitgroup.com\/fi\/tuote\/pyorallinen-tyojakkara-micro-alu50-370-500mm-punainen-selkanoja\/#primaryimage\"},\"image\":{\"@id\":\"https:\/\/storitgroup.com\/fi\/tuote\/pyorallinen-tyojakkara-micro-alu50-370-500mm-punainen-selkanoja\/#primaryimage\"},\"thumbnailUrl\":\"https:\/\/storitgroup.com\/uploads\/2021\/03\/41.-gl4032822282.jpg\",\"datePublished\":\"2021-03-19T00:47:39+00:00\",\"dateModified\":\"2024-11-20T15:41:30+00:00\",\"description\":\"Py\u00f6r\u00e4llinen ty\u00f6jakkara Micro-Alu50, 370-500mm, punainen, selk\u00e4noja \u2014 kohtuulliseen hintaan. Toimitukset kaikkialle Suomeen! \u261b Tutustu tuotteeseen ja tilaa k\u00e4tev\u00e4sti STORIT-verkkokaupasta!\",\"breadcrumb\":{\"@id\":\"https:\/\/storitgroup.com\/fi\/tuote\/pyorallinen-tyojakkara-micro-alu50-370-500mm-punainen-selkanoja\/#breadcrumb\"},\"inLanguage\":\"fi\",\"potentialAction\":[{\"@type\":\"ReadAction\",\"target\":[\"https:\/\/storitgroup.com\/fi\/tuote\/pyorallinen-tyojakkara-micro-alu50-370-500mm-punainen-selkanoja\/\"]}]},{\"@type\":\"ImageObject\",\"inLanguage\":\"fi\",\"@id\":\"https:\/\/storitgroup.com\/fi\/tuote\/pyorallinen-tyojakkara-micro-alu50-370-500mm-punainen-selkanoja\/#primaryimage\",\"url\":\"https:\/\/storitgroup.com\/uploads\/2021\/03\/41.-gl4032822282.jpg\",\"contentUrl\":\"https:\/\/storitgroup.com\/uploads\/2021\/03\/41.-gl4032822282.jpg\",\"width\":429,\"height\":621},{\"@type\":\"BreadcrumbList\",\"@id\":\"https:\/\/storitgroup.com\/fi\/tuote\/pyorallinen-tyojakkara-micro-alu50-370-500mm-punainen-selkanoja\/#breadcrumb\",\"itemListElement\":[{\"@type\":\"ListItem\",\"position\":1,\"name\":\"Kotisivu\",\"item\":\"https:\/\/storitgroup.com\/fi\/\"},{\"@type\":\"ListItem\",\"position\":2,\"name\":\"Tuotteet\",\"item\":\"https:\/\/storitgroup.com\/fi\/tuotteet\/\"},{\"@type\":\"ListItem\",\"position\":3,\"name\":\"P\u00f6yd\u00e4t, tuolit, ty\u00f6kaluvarasto\",\"item\":\"https:\/\/storitgroup.com\/fi\/poydat-tuolit-tyokaluvarasto\/\"},{\"@type\":\"ListItem\",\"position\":4,\"name\":\"Toimistotuolit\",\"item\":\"https:\/\/storitgroup.com\/fi\/poydat-tuolit-tyokaluvarasto\/toimistotuolit\/\"},{\"@type\":\"ListItem\",\"position\":5,\"name\":\"Py\u00f6r\u00e4llinen ty\u00f6jakkara Micro-Alu50, 370-500mm, punainen, selk\u00e4noja\"}]},{\"@type\":\"WebSite\",\"@id\":\"https:\/\/storitgroup.com\/fi\/#website\",\"url\":\"https:\/\/storitgroup.com\/fi\/\",\"name\":\"Storit\",\"description\":\"\",\"potentialAction\":[{\"@type\":\"SearchAction\",\"target\":{\"@type\":\"EntryPoint\",\"urlTemplate\":\"https:\/\/storitgroup.com\/fi\/?s={search_term_string}\"},\"query-input\":{\"@type\":\"PropertyValueSpecification\",\"valueRequired\":true,\"valueName\":\"search_term_string\"}}],\"inLanguage\":\"fi\"}]}<\/script>\n<!-- \/ Yoast SEO plugin. -->","yoast_head_json":{"title":"Py\u00f6r\u00e4llinen ty\u00f6jakkara Micro-Alu50, 370-500mm, punainen, selk\u00e4noja &#8226; Storit","description":"Py\u00f6r\u00e4llinen ty\u00f6jakkara Micro-Alu50, 370-500mm, punainen, selk\u00e4noja \u2014 kohtuulliseen hintaan. Toimitukset kaikkialle Suomeen! \u261b Tutustu tuotteeseen ja tilaa k\u00e4tev\u00e4sti STORIT-verkkokaupasta!","robots":{"index":"index","follow":"follow","max-snippet":"max-snippet:-1","max-image-preview":"max-image-preview:large","max-video-preview":"max-video-preview:-1"},"canonical":"https:\/\/storitgroup.com\/fi\/tuote\/pyorallinen-tyojakkara-micro-alu50-370-500mm-punainen-selkanoja\/","og_locale":"fi_FI","og_type":"article","og_title":"Py\u00f6r\u00e4llinen ty\u00f6jakkara Micro-Alu50, 370-500mm, punainen, selk\u00e4noja &#8226; Storit","og_description":"Py\u00f6r\u00e4llinen ty\u00f6jakkara Micro-Alu50, 370-500mm, punainen, selk\u00e4noja \u2014 kohtuulliseen hintaan. Toimitukset kaikkialle Suomeen! \u261b Tutustu tuotteeseen ja tilaa k\u00e4tev\u00e4sti STORIT-verkkokaupasta!","og_url":"https:\/\/storitgroup.com\/fi\/tuote\/pyorallinen-tyojakkara-micro-alu50-370-500mm-punainen-selkanoja\/","og_site_name":"Storit","article_modified_time":"2024-11-20T15:41:30+00:00","og_image":[{"width":429,"height":621,"url":"https:\/\/storitgroup.com\/uploads\/2021\/03\/41.-gl4032822282.jpg","type":"image\/jpeg"}],"twitter_card":"summary_large_image","schema":{"@context":"https:\/\/schema.org","@graph":[{"@type":["WebPage","ItemPage"],"@id":"https:\/\/storitgroup.com\/fi\/tuote\/pyorallinen-tyojakkara-micro-alu50-370-500mm-punainen-selkanoja\/","url":"https:\/\/storitgroup.com\/fi\/tuote\/pyorallinen-tyojakkara-micro-alu50-370-500mm-punainen-selkanoja\/","name":"Py\u00f6r\u00e4llinen ty\u00f6jakkara Micro-Alu50, 370-500mm, punainen, selk\u00e4noja &#8226; Storit","isPartOf":{"@id":"https:\/\/storitgroup.com\/fi\/#website"},"primaryImageOfPage":{"@id":"https:\/\/storitgroup.com\/fi\/tuote\/pyorallinen-tyojakkara-micro-alu50-370-500mm-punainen-selkanoja\/#primaryimage"},"image":{"@id":"https:\/\/storitgroup.com\/fi\/tuote\/pyorallinen-tyojakkara-micro-alu50-370-500mm-punainen-selkanoja\/#primaryimage"},"thumbnailUrl":"https:\/\/storitgroup.com\/uploads\/2021\/03\/41.-gl4032822282.jpg","datePublished":"2021-03-19T00:47:39+00:00","dateModified":"2024-11-20T15:41:30+00:00","description":"Py\u00f6r\u00e4llinen ty\u00f6jakkara Micro-Alu50, 370-500mm, punainen, selk\u00e4noja \u2014 kohtuulliseen hintaan. Toimitukset kaikkialle Suomeen! \u261b Tutustu tuotteeseen ja tilaa k\u00e4tev\u00e4sti STORIT-verkkokaupasta!","breadcrumb":{"@id":"https:\/\/storitgroup.com\/fi\/tuote\/pyorallinen-tyojakkara-micro-alu50-370-500mm-punainen-selkanoja\/#breadcrumb"},"inLanguage":"fi","potentialAction":[{"@type":"ReadAction","target":["https:\/\/storitgroup.com\/fi\/tuote\/pyorallinen-tyojakkara-micro-alu50-370-500mm-punainen-selkanoja\/"]}]},{"@type":"ImageObject","inLanguage":"fi","@id":"https:\/\/storitgroup.com\/fi\/tuote\/pyorallinen-tyojakkara-micro-alu50-370-500mm-punainen-selkanoja\/#primaryimage","url":"https:\/\/storitgroup.com\/uploads\/2021\/03\/41.-gl4032822282.jpg","contentUrl":"https:\/\/storitgroup.com\/uploads\/2021\/03\/41.-gl4032822282.jpg","width":429,"height":621},{"@type":"BreadcrumbList","@id":"https:\/\/storitgroup.com\/fi\/tuote\/pyorallinen-tyojakkara-micro-alu50-370-500mm-punainen-selkanoja\/#breadcrumb","itemListElement":[{"@type":"ListItem","position":1,"name":"Kotisivu","item":"https:\/\/storitgroup.com\/fi\/"},{"@type":"ListItem","position":2,"name":"Tuotteet","item":"https:\/\/storitgroup.com\/fi\/tuotteet\/"},{"@type":"ListItem","position":3,"name":"P\u00f6yd\u00e4t, tuolit, ty\u00f6kaluvarasto","item":"https:\/\/storitgroup.com\/fi\/poydat-tuolit-tyokaluvarasto\/"},{"@type":"ListItem","position":4,"name":"Toimistotuolit","item":"https:\/\/storitgroup.com\/fi\/poydat-tuolit-tyokaluvarasto\/toimistotuolit\/"},{"@type":"ListItem","position":5,"name":"Py\u00f6r\u00e4llinen ty\u00f6jakkara Micro-Alu50, 370-500mm, punainen, selk\u00e4noja"}]},{"@type":"WebSite","@id":"https:\/\/storitgroup.com\/fi\/#website","url":"https:\/\/storitgroup.com\/fi\/","name":"Storit","description":"","potentialAction":[{"@type":"SearchAction","target":{"@type":"EntryPoint","urlTemplate":"https:\/\/storitgroup.com\/fi\/?s={search_term_string}"},"query-input":{"@type":"PropertyValueSpecification","valueRequired":true,"valueName":"search_term_string"}}],"inLanguage":"fi"}]}},"_links":{"self":[{"href":"https:\/\/storitgroup.com\/fi\/wp-json\/wp\/v2\/product\/13658","targetHints":{"allow":["GET"]}}],"collection":[{"href":"https:\/\/storitgroup.com\/fi\/wp-json\/wp\/v2\/product"}],"about":[{"href":"https:\/\/storitgroup.com\/fi\/wp-json\/wp\/v2\/types\/product"}],"wp:featuredmedia":[{"embeddable":true,"href":"https:\/\/storitgroup.com\/fi\/wp-json\/wp\/v2\/media\/213540"}],"wp:attachment":[{"href":"https:\/\/storitgroup.com\/fi\/wp-json\/wp\/v2\/media?parent=13658"}],"wp:term":[{"taxonomy":"product_brand","embeddable":true,"href":"https:\/\/storitgroup.com\/fi\/wp-json\/wp\/v2\/product_brand?post=13658"},{"taxonomy":"product_cat","embeddable":true,"href":"https:\/\/storitgroup.com\/fi\/wp-json\/wp\/v2\/product_cat?post=13658"},{"taxonomy":"product_tag","embeddable":true,"href":"https:\/\/storitgroup.com\/fi\/wp-json\/wp\/v2\/product_tag?post=13658"}],"curies":[{"name":"wp","href":"https:\/\/api.w.org\/{rel}","templated":true}]}}