{"id":13647,"date":"2021-03-19T02:47:35","date_gmt":"2021-03-19T00:47:35","guid":{"rendered":"https:\/\/storitgroup.com\/?post_type=product&#038;p=13647"},"modified":"2026-05-02T00:36:31","modified_gmt":"2026-05-01T21:36:31","slug":"tyojakkara-octopus-micro-540-730mm-punainen-selkanoja-ja-jalkatuki","status":"publish","type":"product","link":"https:\/\/storitgroup.com\/fi\/tuote\/tyojakkara-octopus-micro-540-730mm-punainen-selkanoja-ja-jalkatuki\/","title":{"rendered":"Ty\u00f6jakkara Micro-Octopus 520-710 mm, punainen, jalkarengas, selk\u00e4noja"},"content":{"rendered":"<p>Micro on mukava jakkara, joka sopii erinomaisesti esimerkiksi pienten lasten kanssa tekemisiss\u00e4 oleviin laitoksiin, joissa toimintaa on matalalla tasolla. Korkeus on s\u00e4\u00e4dett\u00e4viss\u00e4 ja helposti liikkuvien py\u00f6rien avulla voit liikkua nopeasti lattialla. Jakkara on tilattavissa eri v\u00e4reiss\u00e4, selk\u00e4nojalla tai ilman.<\/p>\n<p> Pehmustettu istuin \u00d8 330 mm, muovinen selk\u00e4noja.<br \/>Iskunkest\u00e4v\u00e4 muovijalusta \u00d8440 mm.<br \/>5 vapaasti liikkuvaa py\u00f6r\u00e4\u00e4 \u00d8 60 mm.<br \/>Ter\u00e4sjalkarengas. <br \/>S\u00e4\u00e4dett\u00e4v\u00e4 korkeus 520-710 mm.<\/p>\n","protected":false},"excerpt":{"rendered":"<p>Micro on mukava jakkara, joka sopii erinomaisesti esimerkiksi pienten lasten kanssa tekemisiss\u00e4 oleviin laitoksiin, joissa toimintaa on matalalla tasolla. Korkeus on s\u00e4\u00e4dett\u00e4viss\u00e4 ja helposti liikkuvien py\u00f6rien avulla voit liikkua nopeasti lattialla. Jakkara on tilattavissa eri v\u00e4reiss\u00e4, selk\u00e4nojalla tai ilman.<\/p>\n<p> Pehmustettu istuin \u00d8 330 mm, muovinen selk\u00e4noja.<\/p>\n","protected":false},"featured_media":213500,"template":"","meta":{"_acf_changed":false},"product_brand":[],"product_cat":[7064],"product_tag":[],"class_list":{"0":"post-13647","1":"product","2":"type-product","3":"status-publish","4":"has-post-thumbnail","6":"product_room-laakeyhtiot-ja-laboratoriot","7":"product_room-iso-varasto","8":"product_room-pieni-varasto","9":"product_room-teollisuus-ja-tuotanto-ergonomiset-tyopaikat-tyokaluvarasto","10":"product_room-kotitoimisto","11":"product_room-tyopaja-ja-autotalli","12":"product_room-kotiratkaisut","13":"product_room-ruuan-kasittely","14":"product_room-kuljetus-ja-logistiikka","15":"product_room-kaupankaynti-ja-myymalat","16":"product_room-arkisto-museo","17":"product_room-pakkaus","18":"product_room-kokoonpano-ja-keraily","19":"product_room-toimisto","20":"product_room-koulut-ja-paivakodit","21":"product_cat-toimistotuolit","23":"first","24":"onbackorder","25":"taxable","26":"shipping-taxable","27":"purchasable","28":"product-type-simple"},"acf":[],"yoast_head":"<!-- This site is optimized with the Yoast SEO plugin v27.4 - https:\/\/yoast.com\/product\/yoast-seo-wordpress\/ -->\n<title>Ty\u00f6jakkara Micro-Octopus 520-710 mm, punainen, jalkarengas, selk\u00e4noja &#8226; Storit<\/title>\n<meta name=\"description\" content=\"Ty\u00f6jakkara Micro-Octopus 520-710 mm, punainen, jalkarengas, selk\u00e4noja \u2014 kohtuulliseen hintaan. Toimitukset kaikkialle Suomeen! \u261b Tutustu tuotteeseen ja tilaa k\u00e4tev\u00e4sti STORIT-verkkokaupasta!\" \/>\n<meta name=\"robots\" content=\"index, follow, max-snippet:-1, max-image-preview:large, max-video-preview:-1\" \/>\n<link rel=\"canonical\" href=\"https:\/\/storitgroup.com\/fi\/tuote\/tyojakkara-octopus-micro-540-730mm-punainen-selkanoja-ja-jalkatuki\/\" \/>\n<meta property=\"og:locale\" content=\"fi_FI\" \/>\n<meta property=\"og:type\" content=\"article\" \/>\n<meta property=\"og:title\" content=\"Ty\u00f6jakkara Micro-Octopus 520-710 mm, punainen, jalkarengas, selk\u00e4noja &#8226; Storit\" \/>\n<meta property=\"og:description\" content=\"Ty\u00f6jakkara Micro-Octopus 520-710 mm, punainen, jalkarengas, selk\u00e4noja \u2014 kohtuulliseen hintaan. Toimitukset kaikkialle Suomeen! \u261b Tutustu tuotteeseen ja tilaa k\u00e4tev\u00e4sti STORIT-verkkokaupasta!\" \/>\n<meta property=\"og:url\" content=\"https:\/\/storitgroup.com\/fi\/tuote\/tyojakkara-octopus-micro-540-730mm-punainen-selkanoja-ja-jalkatuki\/\" \/>\n<meta property=\"og:site_name\" content=\"Storit\" \/>\n<meta property=\"article:modified_time\" content=\"2026-05-01T21:36:31+00:00\" \/>\n<meta property=\"og:image\" content=\"https:\/\/storitgroup.com\/uploads\/2021\/03\/37.-gl30228291001.jpg\" \/>\n\t<meta property=\"og:image:width\" content=\"430\" \/>\n\t<meta property=\"og:image:height\" content=\"621\" \/>\n\t<meta property=\"og:image:type\" content=\"image\/jpeg\" \/>\n<meta name=\"twitter:card\" content=\"summary_large_image\" \/>\n<script type=\"application\/ld+json\" class=\"yoast-schema-graph\">{\"@context\":\"https:\\\/\\\/schema.org\",\"@graph\":[{\"@type\":[\"WebPage\",\"ItemPage\"],\"@id\":\"https:\\\/\\\/storitgroup.com\\\/fi\\\/tuote\\\/tyojakkara-octopus-micro-540-730mm-punainen-selkanoja-ja-jalkatuki\\\/\",\"url\":\"https:\\\/\\\/storitgroup.com\\\/fi\\\/tuote\\\/tyojakkara-octopus-micro-540-730mm-punainen-selkanoja-ja-jalkatuki\\\/\",\"name\":\"Ty\u00f6jakkara Micro-Octopus 520-710 mm, punainen, jalkarengas, selk\u00e4noja &#8226; Storit\",\"isPartOf\":{\"@id\":\"https:\\\/\\\/storitgroup.com\\\/fi\\\/#website\"},\"primaryImageOfPage\":{\"@id\":\"https:\\\/\\\/storitgroup.com\\\/fi\\\/tuote\\\/tyojakkara-octopus-micro-540-730mm-punainen-selkanoja-ja-jalkatuki\\\/#primaryimage\"},\"image\":{\"@id\":\"https:\\\/\\\/storitgroup.com\\\/fi\\\/tuote\\\/tyojakkara-octopus-micro-540-730mm-punainen-selkanoja-ja-jalkatuki\\\/#primaryimage\"},\"thumbnailUrl\":\"https:\\\/\\\/storitgroup.com\\\/uploads\\\/2021\\\/03\\\/37.-gl30228291001.jpg\",\"datePublished\":\"2021-03-19T00:47:35+00:00\",\"dateModified\":\"2026-05-01T21:36:31+00:00\",\"description\":\"Ty\u00f6jakkara Micro-Octopus 520-710 mm, punainen, jalkarengas, selk\u00e4noja \u2014 kohtuulliseen hintaan. Toimitukset kaikkialle Suomeen! \u261b Tutustu tuotteeseen ja tilaa k\u00e4tev\u00e4sti STORIT-verkkokaupasta!\",\"breadcrumb\":{\"@id\":\"https:\\\/\\\/storitgroup.com\\\/fi\\\/tuote\\\/tyojakkara-octopus-micro-540-730mm-punainen-selkanoja-ja-jalkatuki\\\/#breadcrumb\"},\"inLanguage\":\"fi\",\"potentialAction\":[{\"@type\":\"ReadAction\",\"target\":[\"https:\\\/\\\/storitgroup.com\\\/fi\\\/tuote\\\/tyojakkara-octopus-micro-540-730mm-punainen-selkanoja-ja-jalkatuki\\\/\"]}]},{\"@type\":\"ImageObject\",\"inLanguage\":\"fi\",\"@id\":\"https:\\\/\\\/storitgroup.com\\\/fi\\\/tuote\\\/tyojakkara-octopus-micro-540-730mm-punainen-selkanoja-ja-jalkatuki\\\/#primaryimage\",\"url\":\"https:\\\/\\\/storitgroup.com\\\/uploads\\\/2021\\\/03\\\/37.-gl30228291001.jpg\",\"contentUrl\":\"https:\\\/\\\/storitgroup.com\\\/uploads\\\/2021\\\/03\\\/37.-gl30228291001.jpg\",\"width\":430,\"height\":621},{\"@type\":\"BreadcrumbList\",\"@id\":\"https:\\\/\\\/storitgroup.com\\\/fi\\\/tuote\\\/tyojakkara-octopus-micro-540-730mm-punainen-selkanoja-ja-jalkatuki\\\/#breadcrumb\",\"itemListElement\":[{\"@type\":\"ListItem\",\"position\":1,\"name\":\"Kotisivu\",\"item\":\"https:\\\/\\\/storitgroup.com\\\/fi\\\/\"},{\"@type\":\"ListItem\",\"position\":2,\"name\":\"Tuotteet\",\"item\":\"https:\\\/\\\/storitgroup.com\\\/fi\\\/tuotteet\\\/\"},{\"@type\":\"ListItem\",\"position\":3,\"name\":\"P\u00f6yd\u00e4t, tuolit, ty\u00f6kaluvarasto\",\"item\":\"https:\\\/\\\/storitgroup.com\\\/fi\\\/tuotteet\\\/poydat-tuolit-tyokaluvarasto\\\/\"},{\"@type\":\"ListItem\",\"position\":4,\"name\":\"Toimistotuolit\",\"item\":\"https:\\\/\\\/storitgroup.com\\\/fi\\\/tuotteet\\\/poydat-tuolit-tyokaluvarasto\\\/toimistotuolit\\\/\"},{\"@type\":\"ListItem\",\"position\":5,\"name\":\"Ty\u00f6jakkara Micro-Octopus 520-710 mm, punainen, jalkarengas, selk\u00e4noja\"}]},{\"@type\":\"WebSite\",\"@id\":\"https:\\\/\\\/storitgroup.com\\\/fi\\\/#website\",\"url\":\"https:\\\/\\\/storitgroup.com\\\/fi\\\/\",\"name\":\"Storit\",\"description\":\"\",\"potentialAction\":[{\"@type\":\"SearchAction\",\"target\":{\"@type\":\"EntryPoint\",\"urlTemplate\":\"https:\\\/\\\/storitgroup.com\\\/fi\\\/?s={search_term_string}\"},\"query-input\":{\"@type\":\"PropertyValueSpecification\",\"valueRequired\":true,\"valueName\":\"search_term_string\"}}],\"inLanguage\":\"fi\"}]}<\/script>\n<!-- \/ Yoast SEO plugin. -->","yoast_head_json":{"title":"Ty\u00f6jakkara Micro-Octopus 520-710 mm, punainen, jalkarengas, selk\u00e4noja &#8226; Storit","description":"Ty\u00f6jakkara Micro-Octopus 520-710 mm, punainen, jalkarengas, selk\u00e4noja \u2014 kohtuulliseen hintaan. Toimitukset kaikkialle Suomeen! \u261b Tutustu tuotteeseen ja tilaa k\u00e4tev\u00e4sti STORIT-verkkokaupasta!","robots":{"index":"index","follow":"follow","max-snippet":"max-snippet:-1","max-image-preview":"max-image-preview:large","max-video-preview":"max-video-preview:-1"},"canonical":"https:\/\/storitgroup.com\/fi\/tuote\/tyojakkara-octopus-micro-540-730mm-punainen-selkanoja-ja-jalkatuki\/","og_locale":"fi_FI","og_type":"article","og_title":"Ty\u00f6jakkara Micro-Octopus 520-710 mm, punainen, jalkarengas, selk\u00e4noja &#8226; Storit","og_description":"Ty\u00f6jakkara Micro-Octopus 520-710 mm, punainen, jalkarengas, selk\u00e4noja \u2014 kohtuulliseen hintaan. Toimitukset kaikkialle Suomeen! \u261b Tutustu tuotteeseen ja tilaa k\u00e4tev\u00e4sti STORIT-verkkokaupasta!","og_url":"https:\/\/storitgroup.com\/fi\/tuote\/tyojakkara-octopus-micro-540-730mm-punainen-selkanoja-ja-jalkatuki\/","og_site_name":"Storit","article_modified_time":"2026-05-01T21:36:31+00:00","og_image":[{"width":430,"height":621,"url":"https:\/\/storitgroup.com\/uploads\/2021\/03\/37.-gl30228291001.jpg","type":"image\/jpeg"}],"twitter_card":"summary_large_image","schema":{"@context":"https:\/\/schema.org","@graph":[{"@type":["WebPage","ItemPage"],"@id":"https:\/\/storitgroup.com\/fi\/tuote\/tyojakkara-octopus-micro-540-730mm-punainen-selkanoja-ja-jalkatuki\/","url":"https:\/\/storitgroup.com\/fi\/tuote\/tyojakkara-octopus-micro-540-730mm-punainen-selkanoja-ja-jalkatuki\/","name":"Ty\u00f6jakkara Micro-Octopus 520-710 mm, punainen, jalkarengas, selk\u00e4noja &#8226; Storit","isPartOf":{"@id":"https:\/\/storitgroup.com\/fi\/#website"},"primaryImageOfPage":{"@id":"https:\/\/storitgroup.com\/fi\/tuote\/tyojakkara-octopus-micro-540-730mm-punainen-selkanoja-ja-jalkatuki\/#primaryimage"},"image":{"@id":"https:\/\/storitgroup.com\/fi\/tuote\/tyojakkara-octopus-micro-540-730mm-punainen-selkanoja-ja-jalkatuki\/#primaryimage"},"thumbnailUrl":"https:\/\/storitgroup.com\/uploads\/2021\/03\/37.-gl30228291001.jpg","datePublished":"2021-03-19T00:47:35+00:00","dateModified":"2026-05-01T21:36:31+00:00","description":"Ty\u00f6jakkara Micro-Octopus 520-710 mm, punainen, jalkarengas, selk\u00e4noja \u2014 kohtuulliseen hintaan. Toimitukset kaikkialle Suomeen! \u261b Tutustu tuotteeseen ja tilaa k\u00e4tev\u00e4sti STORIT-verkkokaupasta!","breadcrumb":{"@id":"https:\/\/storitgroup.com\/fi\/tuote\/tyojakkara-octopus-micro-540-730mm-punainen-selkanoja-ja-jalkatuki\/#breadcrumb"},"inLanguage":"fi","potentialAction":[{"@type":"ReadAction","target":["https:\/\/storitgroup.com\/fi\/tuote\/tyojakkara-octopus-micro-540-730mm-punainen-selkanoja-ja-jalkatuki\/"]}]},{"@type":"ImageObject","inLanguage":"fi","@id":"https:\/\/storitgroup.com\/fi\/tuote\/tyojakkara-octopus-micro-540-730mm-punainen-selkanoja-ja-jalkatuki\/#primaryimage","url":"https:\/\/storitgroup.com\/uploads\/2021\/03\/37.-gl30228291001.jpg","contentUrl":"https:\/\/storitgroup.com\/uploads\/2021\/03\/37.-gl30228291001.jpg","width":430,"height":621},{"@type":"BreadcrumbList","@id":"https:\/\/storitgroup.com\/fi\/tuote\/tyojakkara-octopus-micro-540-730mm-punainen-selkanoja-ja-jalkatuki\/#breadcrumb","itemListElement":[{"@type":"ListItem","position":1,"name":"Kotisivu","item":"https:\/\/storitgroup.com\/fi\/"},{"@type":"ListItem","position":2,"name":"Tuotteet","item":"https:\/\/storitgroup.com\/fi\/tuotteet\/"},{"@type":"ListItem","position":3,"name":"P\u00f6yd\u00e4t, tuolit, ty\u00f6kaluvarasto","item":"https:\/\/storitgroup.com\/fi\/tuotteet\/poydat-tuolit-tyokaluvarasto\/"},{"@type":"ListItem","position":4,"name":"Toimistotuolit","item":"https:\/\/storitgroup.com\/fi\/tuotteet\/poydat-tuolit-tyokaluvarasto\/toimistotuolit\/"},{"@type":"ListItem","position":5,"name":"Ty\u00f6jakkara Micro-Octopus 520-710 mm, punainen, jalkarengas, selk\u00e4noja"}]},{"@type":"WebSite","@id":"https:\/\/storitgroup.com\/fi\/#website","url":"https:\/\/storitgroup.com\/fi\/","name":"Storit","description":"","potentialAction":[{"@type":"SearchAction","target":{"@type":"EntryPoint","urlTemplate":"https:\/\/storitgroup.com\/fi\/?s={search_term_string}"},"query-input":{"@type":"PropertyValueSpecification","valueRequired":true,"valueName":"search_term_string"}}],"inLanguage":"fi"}]}},"_links":{"self":[{"href":"https:\/\/storitgroup.com\/fi\/wp-json\/wp\/v2\/product\/13647","targetHints":{"allow":["GET"]}}],"collection":[{"href":"https:\/\/storitgroup.com\/fi\/wp-json\/wp\/v2\/product"}],"about":[{"href":"https:\/\/storitgroup.com\/fi\/wp-json\/wp\/v2\/types\/product"}],"wp:featuredmedia":[{"embeddable":true,"href":"https:\/\/storitgroup.com\/fi\/wp-json\/wp\/v2\/media\/213500"}],"wp:attachment":[{"href":"https:\/\/storitgroup.com\/fi\/wp-json\/wp\/v2\/media?parent=13647"}],"wp:term":[{"taxonomy":"product_brand","embeddable":true,"href":"https:\/\/storitgroup.com\/fi\/wp-json\/wp\/v2\/product_brand?post=13647"},{"taxonomy":"product_cat","embeddable":true,"href":"https:\/\/storitgroup.com\/fi\/wp-json\/wp\/v2\/product_cat?post=13647"},{"taxonomy":"product_tag","embeddable":true,"href":"https:\/\/storitgroup.com\/fi\/wp-json\/wp\/v2\/product_tag?post=13647"}],"curies":[{"name":"wp","href":"https:\/\/api.w.org\/{rel}","templated":true}]}}