{"id":13633,"date":"2021-03-19T02:47:28","date_gmt":"2021-03-19T00:47:28","guid":{"rendered":"https:\/\/storitgroup.com\/?post_type=product&#038;p=13633"},"modified":"2024-12-24T02:00:54","modified_gmt":"2024-12-24T00:00:54","slug":"seisomatuki-omega-octopus-620-880mm-pu-vaahto","status":"publish","type":"product","link":"https:\/\/storitgroup.com\/fi\/tuote\/seisomatuki-omega-octopus-620-880mm-pu-vaahto\/","title":{"rendered":"Seisomatuki Omega-Octopus 600-860 mm"},"content":{"rendered":"<p>Seisomatuessa Omega on suuri polyuretaaninen istuinpinta ja alasel\u00e4n tukiosa. Lannenikamat ovat sel\u00e4n osa, joka saa suurimman kuormituksen, mik\u00e4 on eritt\u00e4in t\u00e4rke\u00e4\u00e4 yll\u00e4pit\u00e4\u00e4 ja suojata. Lis\u00e4ksi Easy-Seat-mekanismi mahdollistaa istuimen kulmauksen asteittaisen s\u00e4\u00e4d\u00f6n 14\u00b0 eteenp\u00e4in ja 3\u00b0 taaksep\u00e4in, mik\u00e4 tekee tuen entist\u00e4 k\u00e4ytt\u00e4j\u00e4yst\u00e4v\u00e4llisemm\u00e4n. Istuin on helppo puhdistaa ja kest\u00e4\u00e4 monia nesteit\u00e4 ja kemikaaleja.<\/p>\n<p>Istuin 360x250x90 mm, PU-vaahto.<br \/>Pohja \u00d8 440 mm, iskunkest\u00e4v\u00e4 muovi, liukurit.<br \/>S\u00e4\u00e4dett\u00e4v\u00e4 korkeus 600-860 mm .<br \/>Vaihtoehtoiset korkeudet 390-460 mm &amp; 440-570 mm &amp; 530-720 mm.<\/p>\n","protected":false},"excerpt":{"rendered":"<p>Seisomatuessa Omega on suuri polyuretaaninen istuinpinta ja alasel\u00e4n tukiosa. Lannenikamat ovat sel\u00e4n osa, joka saa suurimman kuormituksen, mik\u00e4 on eritt\u00e4in t\u00e4rke\u00e4\u00e4 yll\u00e4pit\u00e4\u00e4 ja suojata. Lis\u00e4ksi Easy-Seat-mekanismi mahdollistaa istuimen kulmauksen asteittaisen s\u00e4\u00e4d\u00f6n 14\u00b0 eteenp\u00e4in ja 3\u00b0 taaksep\u00e4in, mik\u00e4 tekee tuen entist\u00e4 k\u00e4ytt\u00e4j\u00e4yst\u00e4v\u00e4llisemm\u00e4n. Istuin on helppo puhdistaa ja kest\u00e4\u00e4 monia nesteit\u00e4 ja kemikaaleja.<\/p>\n<p>Istuin 360x250x90 mm, PU-vaahto.<\/p>\n","protected":false},"featured_media":213254,"template":"","meta":{"_acf_changed":false},"product_brand":[],"product_cat":[7064],"product_tag":[],"class_list":{"0":"post-13633","1":"product","2":"type-product","3":"status-publish","4":"has-post-thumbnail","6":"product_room-pieni-varasto","7":"product_room-teollisuus-ja-tuotanto-ergonomiset-tyopaikat-tyokaluvarasto","8":"product_room-kotitoimisto","9":"product_room-tyopaja-ja-autotalli","10":"product_room-kotiratkaisut","11":"product_room-ruuan-kasittely","12":"product_room-kuljetus-ja-logistiikka","13":"product_room-kaupankaynti-ja-myymalat","14":"product_room-arkisto-museo","15":"product_room-pakkaus","16":"product_room-kokoonpano-ja-keraily","17":"product_room-toimisto","18":"product_room-koulut-ja-paivakodit","19":"product_room-laakeyhtiot-ja-laboratoriot","20":"product_room-iso-varasto","21":"product_cat-toimistotuolit","23":"first","24":"onbackorder","25":"taxable","26":"shipping-taxable","27":"purchasable","28":"product-type-simple"},"acf":[],"yoast_head":"<!-- This site is optimized with the Yoast SEO plugin v27.2 - https:\/\/yoast.com\/product\/yoast-seo-wordpress\/ -->\n<title>Seisomatuki Omega-Octopus 600-860 mm &#8226; Storit<\/title>\n<meta name=\"description\" content=\"Seisomatuki Omega-Octopus 600-860 mm \u2014 kohtuulliseen hintaan. Toimitukset kaikkialle Suomeen! \u261b Tutustu tuotteeseen ja tilaa k\u00e4tev\u00e4sti STORIT-verkkokaupasta!\" \/>\n<meta name=\"robots\" content=\"index, follow, max-snippet:-1, max-image-preview:large, max-video-preview:-1\" \/>\n<link rel=\"canonical\" href=\"https:\/\/storitgroup.com\/fi\/tuote\/seisomatuki-omega-octopus-620-880mm-pu-vaahto\/\" \/>\n<meta property=\"og:locale\" content=\"fi_FI\" \/>\n<meta property=\"og:type\" content=\"article\" \/>\n<meta property=\"og:title\" content=\"Seisomatuki Omega-Octopus 600-860 mm &#8226; Storit\" \/>\n<meta property=\"og:description\" content=\"Seisomatuki Omega-Octopus 600-860 mm \u2014 kohtuulliseen hintaan. Toimitukset kaikkialle Suomeen! \u261b Tutustu tuotteeseen ja tilaa k\u00e4tev\u00e4sti STORIT-verkkokaupasta!\" \/>\n<meta property=\"og:url\" content=\"https:\/\/storitgroup.com\/fi\/tuote\/seisomatuki-omega-octopus-620-880mm-pu-vaahto\/\" \/>\n<meta property=\"og:site_name\" content=\"Storit\" \/>\n<meta property=\"article:modified_time\" content=\"2024-12-24T00:00:54+00:00\" \/>\n<meta property=\"og:image\" content=\"https:\/\/storitgroup.com\/uploads\/2021\/03\/16.-gl30100400000.jpg\" \/>\n\t<meta property=\"og:image:width\" content=\"429\" \/>\n\t<meta property=\"og:image:height\" content=\"620\" \/>\n\t<meta property=\"og:image:type\" content=\"image\/jpeg\" \/>\n<meta name=\"twitter:card\" content=\"summary_large_image\" \/>\n<script type=\"application\/ld+json\" class=\"yoast-schema-graph\">{\"@context\":\"https:\/\/schema.org\",\"@graph\":[{\"@type\":[\"WebPage\",\"ItemPage\"],\"@id\":\"https:\/\/storitgroup.com\/fi\/tuote\/seisomatuki-omega-octopus-620-880mm-pu-vaahto\/\",\"url\":\"https:\/\/storitgroup.com\/fi\/tuote\/seisomatuki-omega-octopus-620-880mm-pu-vaahto\/\",\"name\":\"Seisomatuki Omega-Octopus 600-860 mm &#8226; Storit\",\"isPartOf\":{\"@id\":\"https:\/\/storitgroup.com\/fi\/#website\"},\"primaryImageOfPage\":{\"@id\":\"https:\/\/storitgroup.com\/fi\/tuote\/seisomatuki-omega-octopus-620-880mm-pu-vaahto\/#primaryimage\"},\"image\":{\"@id\":\"https:\/\/storitgroup.com\/fi\/tuote\/seisomatuki-omega-octopus-620-880mm-pu-vaahto\/#primaryimage\"},\"thumbnailUrl\":\"https:\/\/storitgroup.com\/uploads\/2021\/03\/16.-gl30100400000.jpg\",\"datePublished\":\"2021-03-19T00:47:28+00:00\",\"dateModified\":\"2024-12-24T00:00:54+00:00\",\"description\":\"Seisomatuki Omega-Octopus 600-860 mm \u2014 kohtuulliseen hintaan. Toimitukset kaikkialle Suomeen! \u261b Tutustu tuotteeseen ja tilaa k\u00e4tev\u00e4sti STORIT-verkkokaupasta!\",\"breadcrumb\":{\"@id\":\"https:\/\/storitgroup.com\/fi\/tuote\/seisomatuki-omega-octopus-620-880mm-pu-vaahto\/#breadcrumb\"},\"inLanguage\":\"fi\",\"potentialAction\":[{\"@type\":\"ReadAction\",\"target\":[\"https:\/\/storitgroup.com\/fi\/tuote\/seisomatuki-omega-octopus-620-880mm-pu-vaahto\/\"]}]},{\"@type\":\"ImageObject\",\"inLanguage\":\"fi\",\"@id\":\"https:\/\/storitgroup.com\/fi\/tuote\/seisomatuki-omega-octopus-620-880mm-pu-vaahto\/#primaryimage\",\"url\":\"https:\/\/storitgroup.com\/uploads\/2021\/03\/16.-gl30100400000.jpg\",\"contentUrl\":\"https:\/\/storitgroup.com\/uploads\/2021\/03\/16.-gl30100400000.jpg\",\"width\":429,\"height\":620},{\"@type\":\"BreadcrumbList\",\"@id\":\"https:\/\/storitgroup.com\/fi\/tuote\/seisomatuki-omega-octopus-620-880mm-pu-vaahto\/#breadcrumb\",\"itemListElement\":[{\"@type\":\"ListItem\",\"position\":1,\"name\":\"Kotisivu\",\"item\":\"https:\/\/storitgroup.com\/fi\/\"},{\"@type\":\"ListItem\",\"position\":2,\"name\":\"Tuotteet\",\"item\":\"https:\/\/storitgroup.com\/fi\/tuotteet\/\"},{\"@type\":\"ListItem\",\"position\":3,\"name\":\"P\u00f6yd\u00e4t, tuolit, ty\u00f6kaluvarasto\",\"item\":\"https:\/\/storitgroup.com\/fi\/poydat-tuolit-tyokaluvarasto\/\"},{\"@type\":\"ListItem\",\"position\":4,\"name\":\"Toimistotuolit\",\"item\":\"https:\/\/storitgroup.com\/fi\/poydat-tuolit-tyokaluvarasto\/toimistotuolit\/\"},{\"@type\":\"ListItem\",\"position\":5,\"name\":\"Seisomatuki Omega-Octopus 600-860 mm\"}]},{\"@type\":\"WebSite\",\"@id\":\"https:\/\/storitgroup.com\/fi\/#website\",\"url\":\"https:\/\/storitgroup.com\/fi\/\",\"name\":\"Storit\",\"description\":\"\",\"potentialAction\":[{\"@type\":\"SearchAction\",\"target\":{\"@type\":\"EntryPoint\",\"urlTemplate\":\"https:\/\/storitgroup.com\/fi\/?s={search_term_string}\"},\"query-input\":{\"@type\":\"PropertyValueSpecification\",\"valueRequired\":true,\"valueName\":\"search_term_string\"}}],\"inLanguage\":\"fi\"}]}<\/script>\n<!-- \/ Yoast SEO plugin. -->","yoast_head_json":{"title":"Seisomatuki Omega-Octopus 600-860 mm &#8226; Storit","description":"Seisomatuki Omega-Octopus 600-860 mm \u2014 kohtuulliseen hintaan. Toimitukset kaikkialle Suomeen! \u261b Tutustu tuotteeseen ja tilaa k\u00e4tev\u00e4sti STORIT-verkkokaupasta!","robots":{"index":"index","follow":"follow","max-snippet":"max-snippet:-1","max-image-preview":"max-image-preview:large","max-video-preview":"max-video-preview:-1"},"canonical":"https:\/\/storitgroup.com\/fi\/tuote\/seisomatuki-omega-octopus-620-880mm-pu-vaahto\/","og_locale":"fi_FI","og_type":"article","og_title":"Seisomatuki Omega-Octopus 600-860 mm &#8226; Storit","og_description":"Seisomatuki Omega-Octopus 600-860 mm \u2014 kohtuulliseen hintaan. Toimitukset kaikkialle Suomeen! \u261b Tutustu tuotteeseen ja tilaa k\u00e4tev\u00e4sti STORIT-verkkokaupasta!","og_url":"https:\/\/storitgroup.com\/fi\/tuote\/seisomatuki-omega-octopus-620-880mm-pu-vaahto\/","og_site_name":"Storit","article_modified_time":"2024-12-24T00:00:54+00:00","og_image":[{"width":429,"height":620,"url":"https:\/\/storitgroup.com\/uploads\/2021\/03\/16.-gl30100400000.jpg","type":"image\/jpeg"}],"twitter_card":"summary_large_image","schema":{"@context":"https:\/\/schema.org","@graph":[{"@type":["WebPage","ItemPage"],"@id":"https:\/\/storitgroup.com\/fi\/tuote\/seisomatuki-omega-octopus-620-880mm-pu-vaahto\/","url":"https:\/\/storitgroup.com\/fi\/tuote\/seisomatuki-omega-octopus-620-880mm-pu-vaahto\/","name":"Seisomatuki Omega-Octopus 600-860 mm &#8226; Storit","isPartOf":{"@id":"https:\/\/storitgroup.com\/fi\/#website"},"primaryImageOfPage":{"@id":"https:\/\/storitgroup.com\/fi\/tuote\/seisomatuki-omega-octopus-620-880mm-pu-vaahto\/#primaryimage"},"image":{"@id":"https:\/\/storitgroup.com\/fi\/tuote\/seisomatuki-omega-octopus-620-880mm-pu-vaahto\/#primaryimage"},"thumbnailUrl":"https:\/\/storitgroup.com\/uploads\/2021\/03\/16.-gl30100400000.jpg","datePublished":"2021-03-19T00:47:28+00:00","dateModified":"2024-12-24T00:00:54+00:00","description":"Seisomatuki Omega-Octopus 600-860 mm \u2014 kohtuulliseen hintaan. Toimitukset kaikkialle Suomeen! \u261b Tutustu tuotteeseen ja tilaa k\u00e4tev\u00e4sti STORIT-verkkokaupasta!","breadcrumb":{"@id":"https:\/\/storitgroup.com\/fi\/tuote\/seisomatuki-omega-octopus-620-880mm-pu-vaahto\/#breadcrumb"},"inLanguage":"fi","potentialAction":[{"@type":"ReadAction","target":["https:\/\/storitgroup.com\/fi\/tuote\/seisomatuki-omega-octopus-620-880mm-pu-vaahto\/"]}]},{"@type":"ImageObject","inLanguage":"fi","@id":"https:\/\/storitgroup.com\/fi\/tuote\/seisomatuki-omega-octopus-620-880mm-pu-vaahto\/#primaryimage","url":"https:\/\/storitgroup.com\/uploads\/2021\/03\/16.-gl30100400000.jpg","contentUrl":"https:\/\/storitgroup.com\/uploads\/2021\/03\/16.-gl30100400000.jpg","width":429,"height":620},{"@type":"BreadcrumbList","@id":"https:\/\/storitgroup.com\/fi\/tuote\/seisomatuki-omega-octopus-620-880mm-pu-vaahto\/#breadcrumb","itemListElement":[{"@type":"ListItem","position":1,"name":"Kotisivu","item":"https:\/\/storitgroup.com\/fi\/"},{"@type":"ListItem","position":2,"name":"Tuotteet","item":"https:\/\/storitgroup.com\/fi\/tuotteet\/"},{"@type":"ListItem","position":3,"name":"P\u00f6yd\u00e4t, tuolit, ty\u00f6kaluvarasto","item":"https:\/\/storitgroup.com\/fi\/poydat-tuolit-tyokaluvarasto\/"},{"@type":"ListItem","position":4,"name":"Toimistotuolit","item":"https:\/\/storitgroup.com\/fi\/poydat-tuolit-tyokaluvarasto\/toimistotuolit\/"},{"@type":"ListItem","position":5,"name":"Seisomatuki Omega-Octopus 600-860 mm"}]},{"@type":"WebSite","@id":"https:\/\/storitgroup.com\/fi\/#website","url":"https:\/\/storitgroup.com\/fi\/","name":"Storit","description":"","potentialAction":[{"@type":"SearchAction","target":{"@type":"EntryPoint","urlTemplate":"https:\/\/storitgroup.com\/fi\/?s={search_term_string}"},"query-input":{"@type":"PropertyValueSpecification","valueRequired":true,"valueName":"search_term_string"}}],"inLanguage":"fi"}]}},"_links":{"self":[{"href":"https:\/\/storitgroup.com\/fi\/wp-json\/wp\/v2\/product\/13633","targetHints":{"allow":["GET"]}}],"collection":[{"href":"https:\/\/storitgroup.com\/fi\/wp-json\/wp\/v2\/product"}],"about":[{"href":"https:\/\/storitgroup.com\/fi\/wp-json\/wp\/v2\/types\/product"}],"wp:featuredmedia":[{"embeddable":true,"href":"https:\/\/storitgroup.com\/fi\/wp-json\/wp\/v2\/media\/213254"}],"wp:attachment":[{"href":"https:\/\/storitgroup.com\/fi\/wp-json\/wp\/v2\/media?parent=13633"}],"wp:term":[{"taxonomy":"product_brand","embeddable":true,"href":"https:\/\/storitgroup.com\/fi\/wp-json\/wp\/v2\/product_brand?post=13633"},{"taxonomy":"product_cat","embeddable":true,"href":"https:\/\/storitgroup.com\/fi\/wp-json\/wp\/v2\/product_cat?post=13633"},{"taxonomy":"product_tag","embeddable":true,"href":"https:\/\/storitgroup.com\/fi\/wp-json\/wp\/v2\/product_tag?post=13633"}],"curies":[{"name":"wp","href":"https:\/\/api.w.org\/{rel}","templated":true}]}}