{"id":13580,"date":"2021-03-19T02:46:57","date_gmt":"2021-03-18T22:46:57","guid":{"rendered":"https:\/\/storitgroup.com\/?post_type=product&#038;p=13580"},"modified":"2026-04-03T20:16:03","modified_gmt":"2026-04-03T17:16:03","slug":"pvc-300-x-3mm-lm-kohokuvio","status":"publish","type":"product","link":"https:\/\/storitgroup.com\/fi\/tuote\/pvc-300-x-3mm-lm-kohokuvio\/","title":{"rendered":"PVC 300&#215;3 mm Relief, kohokuvio"},"content":{"rendered":"<p>PVC-lamelliverho auttaa s\u00e4\u00e4st\u00e4m\u00e4\u00e4n energiakustannuksissa!<br \/>L\u00e4mp\u00f6tilan sieto: -15\u00b0C &#8211; +50\u00b0C.<br \/>Rulla: 50 metri\u00e4, hinta per metri.<\/p>\n<p> PVC-nauhaverho est\u00e4\u00e4 kylm\u00e4\u00e4- ja\/tai l\u00e4mp\u00f6h\u00e4vi\u00f6n rakennuksissa ja tiloissa, joissa ei ole ovia tai ei ole k\u00e4yt\u00e4nn\u00f6llist\u00e4 avata ja sulkea niit\u00e4 jatkuvasti. Kohokuvioitu verho on k\u00e4tev\u00e4 k\u00e4ytett\u00e4v\u00e4ksi raskaan liikenteen aukoissa, koska se kest\u00e4\u00e4 paremmin naarmuja. PVC-verho on kuin sein\u00e4, joka erottaa eri huoneet ja suojaa niit\u00e4 melulta, p\u00f6lylt\u00e4, roiskeilta tai kipin\u00f6ilt\u00e4.<\/p>\n<p>Leikkaamme nauhat, kiinnityslevyn tai ripustustankon ikkuna- tai oviaukon kokoisiksi ja valmistelemme PVC-nauhojen p\u00e4\u00e4t.<\/p>\n<p>Pyyd\u00e4 tarjousta, l\u00e4het\u00e4mme vastauksen nopeasti!<\/p>\n","protected":false},"excerpt":{"rendered":"<p>PVC-lamelliverho auttaa s\u00e4\u00e4st\u00e4m\u00e4\u00e4n energiakustannuksissa!<br \/>\nL\u00e4mp\u00f6tilan sieto: -15\u00b0C &#8211; +50\u00b0C.<br \/>\nRulla: 50 metri\u00e4, hinta per metri.<\/p>\n","protected":false},"featured_media":199729,"template":"","meta":{"_acf_changed":false},"product_brand":[],"product_cat":[7099],"product_tag":[],"class_list":{"0":"post-13580","1":"product","2":"type-product","3":"status-publish","4":"has-post-thumbnail","6":"product_room-ruuan-kasittely","7":"product_room-kaupankaynti-ja-myymalat","8":"product_room-iso-varasto","9":"product_room-pieni-varasto","10":"product_room-kiinteistokehitys","11":"product_room-kuljetus-ja-logistiikka","12":"product_cat-pvc-verhot","14":"first","15":"instock","16":"taxable","17":"shipping-taxable","18":"purchasable","19":"product-type-simple"},"acf":[],"yoast_head":"<!-- This site is optimized with the Yoast SEO plugin v27.2 - https:\/\/yoast.com\/product\/yoast-seo-wordpress\/ -->\n<title>PVC 300x3 mm Relief, kohokuvio &#8226; Storit<\/title>\n<meta name=\"description\" content=\"PVC 300x3 mm Relief, kohokuvio \u2014 kohtuulliseen hintaan. Toimitukset kaikkialle Suomeen! \u261b Tutustu tuotteeseen ja tilaa k\u00e4tev\u00e4sti STORIT-verkkokaupasta!\" \/>\n<meta name=\"robots\" content=\"index, follow, max-snippet:-1, max-image-preview:large, max-video-preview:-1\" \/>\n<link rel=\"canonical\" href=\"https:\/\/storitgroup.com\/fi\/tuote\/pvc-300-x-3mm-lm-kohokuvio\/\" \/>\n<meta property=\"og:locale\" content=\"fi_FI\" \/>\n<meta property=\"og:type\" content=\"article\" \/>\n<meta property=\"og:title\" content=\"PVC 300x3 mm Relief, kohokuvio &#8226; Storit\" \/>\n<meta property=\"og:description\" content=\"PVC 300x3 mm Relief, kohokuvio \u2014 kohtuulliseen hintaan. Toimitukset kaikkialle Suomeen! \u261b Tutustu tuotteeseen ja tilaa k\u00e4tev\u00e4sti STORIT-verkkokaupasta!\" \/>\n<meta property=\"og:url\" content=\"https:\/\/storitgroup.com\/fi\/tuote\/pvc-300-x-3mm-lm-kohokuvio\/\" \/>\n<meta property=\"og:site_name\" content=\"Storit\" \/>\n<meta property=\"article:modified_time\" content=\"2026-04-03T17:16:03+00:00\" \/>\n<meta property=\"og:image\" content=\"https:\/\/storitgroup.com\/uploads\/2021\/03\/7-300x3_reljeef-1.jpg\" \/>\n\t<meta property=\"og:image:width\" content=\"415\" \/>\n\t<meta property=\"og:image:height\" content=\"434\" \/>\n\t<meta property=\"og:image:type\" content=\"image\/jpeg\" \/>\n<meta name=\"twitter:card\" content=\"summary_large_image\" \/>\n<meta name=\"twitter:label1\" content=\"Arvioitu lukuaika\" \/>\n\t<meta name=\"twitter:data1\" content=\"1 minuutti\" \/>\n<script type=\"application\/ld+json\" class=\"yoast-schema-graph\">{\"@context\":\"https:\/\/schema.org\",\"@graph\":[{\"@type\":[\"WebPage\",\"ItemPage\"],\"@id\":\"https:\/\/storitgroup.com\/fi\/tuote\/pvc-300-x-3mm-lm-kohokuvio\/\",\"url\":\"https:\/\/storitgroup.com\/fi\/tuote\/pvc-300-x-3mm-lm-kohokuvio\/\",\"name\":\"PVC 300x3 mm Relief, kohokuvio &#8226; Storit\",\"isPartOf\":{\"@id\":\"https:\/\/storitgroup.com\/fi\/#website\"},\"primaryImageOfPage\":{\"@id\":\"https:\/\/storitgroup.com\/fi\/tuote\/pvc-300-x-3mm-lm-kohokuvio\/#primaryimage\"},\"image\":{\"@id\":\"https:\/\/storitgroup.com\/fi\/tuote\/pvc-300-x-3mm-lm-kohokuvio\/#primaryimage\"},\"thumbnailUrl\":\"https:\/\/storitgroup.com\/uploads\/2021\/03\/7-300x3_reljeef-1.jpg\",\"datePublished\":\"2021-03-18T22:46:57+00:00\",\"dateModified\":\"2026-04-03T17:16:03+00:00\",\"description\":\"PVC 300x3 mm Relief, kohokuvio \u2014 kohtuulliseen hintaan. Toimitukset kaikkialle Suomeen! \u261b Tutustu tuotteeseen ja tilaa k\u00e4tev\u00e4sti STORIT-verkkokaupasta!\",\"breadcrumb\":{\"@id\":\"https:\/\/storitgroup.com\/fi\/tuote\/pvc-300-x-3mm-lm-kohokuvio\/#breadcrumb\"},\"inLanguage\":\"fi\",\"potentialAction\":[{\"@type\":\"ReadAction\",\"target\":[\"https:\/\/storitgroup.com\/fi\/tuote\/pvc-300-x-3mm-lm-kohokuvio\/\"]}]},{\"@type\":\"ImageObject\",\"inLanguage\":\"fi\",\"@id\":\"https:\/\/storitgroup.com\/fi\/tuote\/pvc-300-x-3mm-lm-kohokuvio\/#primaryimage\",\"url\":\"https:\/\/storitgroup.com\/uploads\/2021\/03\/7-300x3_reljeef-1.jpg\",\"contentUrl\":\"https:\/\/storitgroup.com\/uploads\/2021\/03\/7-300x3_reljeef-1.jpg\",\"width\":415,\"height\":434},{\"@type\":\"BreadcrumbList\",\"@id\":\"https:\/\/storitgroup.com\/fi\/tuote\/pvc-300-x-3mm-lm-kohokuvio\/#breadcrumb\",\"itemListElement\":[{\"@type\":\"ListItem\",\"position\":1,\"name\":\"Kotisivu\",\"item\":\"https:\/\/storitgroup.com\/fi\/\"},{\"@type\":\"ListItem\",\"position\":2,\"name\":\"Tuotteet\",\"item\":\"https:\/\/storitgroup.com\/fi\/tuotteet\/\"},{\"@type\":\"ListItem\",\"position\":3,\"name\":\"PVC-verhot\",\"item\":\"https:\/\/storitgroup.com\/fi\/pvc-verhot-2\/\"},{\"@type\":\"ListItem\",\"position\":4,\"name\":\"PVC verhot\",\"item\":\"https:\/\/storitgroup.com\/fi\/pvc-verhot-2\/pvc-verhot\/\"},{\"@type\":\"ListItem\",\"position\":5,\"name\":\"PVC 300&#215;3 mm Relief, kohokuvio\"}]},{\"@type\":\"WebSite\",\"@id\":\"https:\/\/storitgroup.com\/fi\/#website\",\"url\":\"https:\/\/storitgroup.com\/fi\/\",\"name\":\"Storit\",\"description\":\"\",\"potentialAction\":[{\"@type\":\"SearchAction\",\"target\":{\"@type\":\"EntryPoint\",\"urlTemplate\":\"https:\/\/storitgroup.com\/fi\/?s={search_term_string}\"},\"query-input\":{\"@type\":\"PropertyValueSpecification\",\"valueRequired\":true,\"valueName\":\"search_term_string\"}}],\"inLanguage\":\"fi\"}]}<\/script>\n<!-- \/ Yoast SEO plugin. -->","yoast_head_json":{"title":"PVC 300x3 mm Relief, kohokuvio &#8226; Storit","description":"PVC 300x3 mm Relief, kohokuvio \u2014 kohtuulliseen hintaan. Toimitukset kaikkialle Suomeen! \u261b Tutustu tuotteeseen ja tilaa k\u00e4tev\u00e4sti STORIT-verkkokaupasta!","robots":{"index":"index","follow":"follow","max-snippet":"max-snippet:-1","max-image-preview":"max-image-preview:large","max-video-preview":"max-video-preview:-1"},"canonical":"https:\/\/storitgroup.com\/fi\/tuote\/pvc-300-x-3mm-lm-kohokuvio\/","og_locale":"fi_FI","og_type":"article","og_title":"PVC 300x3 mm Relief, kohokuvio &#8226; Storit","og_description":"PVC 300x3 mm Relief, kohokuvio \u2014 kohtuulliseen hintaan. Toimitukset kaikkialle Suomeen! \u261b Tutustu tuotteeseen ja tilaa k\u00e4tev\u00e4sti STORIT-verkkokaupasta!","og_url":"https:\/\/storitgroup.com\/fi\/tuote\/pvc-300-x-3mm-lm-kohokuvio\/","og_site_name":"Storit","article_modified_time":"2026-04-03T17:16:03+00:00","og_image":[{"width":415,"height":434,"url":"https:\/\/storitgroup.com\/uploads\/2021\/03\/7-300x3_reljeef-1.jpg","type":"image\/jpeg"}],"twitter_card":"summary_large_image","twitter_misc":{"Arvioitu lukuaika":"1 minuutti"},"schema":{"@context":"https:\/\/schema.org","@graph":[{"@type":["WebPage","ItemPage"],"@id":"https:\/\/storitgroup.com\/fi\/tuote\/pvc-300-x-3mm-lm-kohokuvio\/","url":"https:\/\/storitgroup.com\/fi\/tuote\/pvc-300-x-3mm-lm-kohokuvio\/","name":"PVC 300x3 mm Relief, kohokuvio &#8226; Storit","isPartOf":{"@id":"https:\/\/storitgroup.com\/fi\/#website"},"primaryImageOfPage":{"@id":"https:\/\/storitgroup.com\/fi\/tuote\/pvc-300-x-3mm-lm-kohokuvio\/#primaryimage"},"image":{"@id":"https:\/\/storitgroup.com\/fi\/tuote\/pvc-300-x-3mm-lm-kohokuvio\/#primaryimage"},"thumbnailUrl":"https:\/\/storitgroup.com\/uploads\/2021\/03\/7-300x3_reljeef-1.jpg","datePublished":"2021-03-18T22:46:57+00:00","dateModified":"2026-04-03T17:16:03+00:00","description":"PVC 300x3 mm Relief, kohokuvio \u2014 kohtuulliseen hintaan. Toimitukset kaikkialle Suomeen! \u261b Tutustu tuotteeseen ja tilaa k\u00e4tev\u00e4sti STORIT-verkkokaupasta!","breadcrumb":{"@id":"https:\/\/storitgroup.com\/fi\/tuote\/pvc-300-x-3mm-lm-kohokuvio\/#breadcrumb"},"inLanguage":"fi","potentialAction":[{"@type":"ReadAction","target":["https:\/\/storitgroup.com\/fi\/tuote\/pvc-300-x-3mm-lm-kohokuvio\/"]}]},{"@type":"ImageObject","inLanguage":"fi","@id":"https:\/\/storitgroup.com\/fi\/tuote\/pvc-300-x-3mm-lm-kohokuvio\/#primaryimage","url":"https:\/\/storitgroup.com\/uploads\/2021\/03\/7-300x3_reljeef-1.jpg","contentUrl":"https:\/\/storitgroup.com\/uploads\/2021\/03\/7-300x3_reljeef-1.jpg","width":415,"height":434},{"@type":"BreadcrumbList","@id":"https:\/\/storitgroup.com\/fi\/tuote\/pvc-300-x-3mm-lm-kohokuvio\/#breadcrumb","itemListElement":[{"@type":"ListItem","position":1,"name":"Kotisivu","item":"https:\/\/storitgroup.com\/fi\/"},{"@type":"ListItem","position":2,"name":"Tuotteet","item":"https:\/\/storitgroup.com\/fi\/tuotteet\/"},{"@type":"ListItem","position":3,"name":"PVC-verhot","item":"https:\/\/storitgroup.com\/fi\/pvc-verhot-2\/"},{"@type":"ListItem","position":4,"name":"PVC verhot","item":"https:\/\/storitgroup.com\/fi\/pvc-verhot-2\/pvc-verhot\/"},{"@type":"ListItem","position":5,"name":"PVC 300&#215;3 mm Relief, kohokuvio"}]},{"@type":"WebSite","@id":"https:\/\/storitgroup.com\/fi\/#website","url":"https:\/\/storitgroup.com\/fi\/","name":"Storit","description":"","potentialAction":[{"@type":"SearchAction","target":{"@type":"EntryPoint","urlTemplate":"https:\/\/storitgroup.com\/fi\/?s={search_term_string}"},"query-input":{"@type":"PropertyValueSpecification","valueRequired":true,"valueName":"search_term_string"}}],"inLanguage":"fi"}]}},"_links":{"self":[{"href":"https:\/\/storitgroup.com\/fi\/wp-json\/wp\/v2\/product\/13580","targetHints":{"allow":["GET"]}}],"collection":[{"href":"https:\/\/storitgroup.com\/fi\/wp-json\/wp\/v2\/product"}],"about":[{"href":"https:\/\/storitgroup.com\/fi\/wp-json\/wp\/v2\/types\/product"}],"wp:featuredmedia":[{"embeddable":true,"href":"https:\/\/storitgroup.com\/fi\/wp-json\/wp\/v2\/media\/199729"}],"wp:attachment":[{"href":"https:\/\/storitgroup.com\/fi\/wp-json\/wp\/v2\/media?parent=13580"}],"wp:term":[{"taxonomy":"product_brand","embeddable":true,"href":"https:\/\/storitgroup.com\/fi\/wp-json\/wp\/v2\/product_brand?post=13580"},{"taxonomy":"product_cat","embeddable":true,"href":"https:\/\/storitgroup.com\/fi\/wp-json\/wp\/v2\/product_cat?post=13580"},{"taxonomy":"product_tag","embeddable":true,"href":"https:\/\/storitgroup.com\/fi\/wp-json\/wp\/v2\/product_tag?post=13580"}],"curies":[{"name":"wp","href":"https:\/\/api.w.org\/{rel}","templated":true}]}}