{"id":13549,"date":"2021-03-09T02:49:10","date_gmt":"2021-03-08T22:49:10","guid":{"rendered":"https:\/\/storitgroup.com\/?post_type=product&#038;p=13549"},"modified":"2026-04-03T19:40:37","modified_gmt":"2026-04-03T16:40:37","slug":"sahkokayttoinen-saksihaarukkavaunu-staxx-ehls1500n-1150mm-ql-p-p","status":"publish","type":"product","link":"https:\/\/storitgroup.com\/fi\/tuote\/sahkokayttoinen-saksihaarukkavaunu-staxx-ehls1500n-1150mm-ql-p-p\/","title":{"rendered":"Puolis\u00e4hk\u00f6k\u00e4ytt\u00f6inen saksihaarukkavaunu Storit EHLS1500N 1150mm QL P\/P"},"content":{"rendered":"<p>T0342  nostokyky:\u00a01500 kg<br \/>nostokorkeus: 800 mm<br \/>  pikanosto (Quick Lift)<br \/>  min \/ max haarukoiden korkeus: 85 \/ 800 mm<br \/>haarukkapituus: 1150 mm<br \/>leveys haarukoiden yli: 540 mm<br \/>haarukan mitat: 160 x 50 mm (l x h)<br \/>ohjauspy\u00f6r\u00e4t: \u00d8 180 x 50 mm,\u00a0polyuretaani (P)<br \/>haarukkapy\u00f6r\u00e4t: \u00d8 50 x 75 mm, polyuretaani (P) \/\u00a0single (S)<br \/>  PPS<br \/>  yksiosainen nostosylinteri<br \/>  akku: 12 V \/ 60 Ah<br \/>  integroitu\u00a0akkulaturi<br \/>  latausj\u00e4nnite: 220 \u200b\u200bV<br \/>  nostomoottori: 0,8 kW<br \/>  paino: 174 kg.    Kaikki Liftstar EHLS-sarjan akkuk\u00e4ytt\u00f6iset saksihaarukkavaunut:        Malli  Koodi  Nosto-  kyky  (kg)  Nosto-  korkeus  (mm)  Hinta \u20ac  (alv 0%)<\/p>\n","protected":false},"excerpt":{"rendered":"<p>T0342  nostokyky:\u00a01500 kg<br \/>\nnostokorkeus: 800 mm<br \/>\n  pikanosto (Quick Lift)<\/p>\n","protected":false},"featured_media":205829,"template":"","meta":{"_acf_changed":false},"product_brand":[],"product_cat":[7041],"product_tag":[],"class_list":{"0":"post-13549","1":"product","2":"type-product","3":"status-publish","4":"has-post-thumbnail","6":"product_room-tyopaja-ja-autotalli","7":"product_room-teollisuus-ja-tuotanto-ergonomiset-tyopaikat-tyokaluvarasto","8":"product_room-nostovalinet","9":"product_room-kokoonpano-ja-keraily","10":"product_cat-saksihaarukkavaunut","12":"first","13":"onbackorder","14":"taxable","15":"shipping-taxable","16":"purchasable","17":"product-type-simple"},"acf":[],"yoast_head":"<!-- This site is optimized with the Yoast SEO plugin v27.2 - https:\/\/yoast.com\/product\/yoast-seo-wordpress\/ -->\n<title>Puolis\u00e4hk\u00f6k\u00e4ytt\u00f6inen saksihaarukkavaunu Storit EHLS1500N 1150mm QL P\/P &#8226; Storit<\/title>\n<meta name=\"description\" content=\"Puolis\u00e4hk\u00f6k\u00e4ytt\u00f6inen saksihaarukkavaunu Storit EHLS1500N 1150mm QL P\/P \u2014 kohtuulliseen hintaan. Toimitukset kaikkialle Suomeen! \u261b Tutustu tuotteeseen ja tilaa k\u00e4tev\u00e4sti STORIT-verkkokaupasta!\" \/>\n<meta name=\"robots\" content=\"index, follow, max-snippet:-1, max-image-preview:large, max-video-preview:-1\" \/>\n<link rel=\"canonical\" href=\"https:\/\/storitgroup.com\/fi\/tuote\/sahkokayttoinen-saksihaarukkavaunu-staxx-ehls1500n-1150mm-ql-p-p\/\" \/>\n<meta property=\"og:locale\" content=\"fi_FI\" \/>\n<meta property=\"og:type\" content=\"article\" \/>\n<meta property=\"og:title\" content=\"Puolis\u00e4hk\u00f6k\u00e4ytt\u00f6inen saksihaarukkavaunu Storit EHLS1500N 1150mm QL P\/P &#8226; Storit\" \/>\n<meta property=\"og:description\" content=\"Puolis\u00e4hk\u00f6k\u00e4ytt\u00f6inen saksihaarukkavaunu Storit EHLS1500N 1150mm QL P\/P \u2014 kohtuulliseen hintaan. Toimitukset kaikkialle Suomeen! \u261b Tutustu tuotteeseen ja tilaa k\u00e4tev\u00e4sti STORIT-verkkokaupasta!\" \/>\n<meta property=\"og:url\" content=\"https:\/\/storitgroup.com\/fi\/tuote\/sahkokayttoinen-saksihaarukkavaunu-staxx-ehls1500n-1150mm-ql-p-p\/\" \/>\n<meta property=\"og:site_name\" content=\"Storit\" \/>\n<meta property=\"article:modified_time\" content=\"2026-04-03T16:40:37+00:00\" \/>\n<meta property=\"og:image\" content=\"https:\/\/storitgroup.com\/uploads\/2021\/03\/img_9118-photoroom.png-photoroom.png\" \/>\n\t<meta property=\"og:image:width\" content=\"960\" \/>\n\t<meta property=\"og:image:height\" content=\"1280\" \/>\n\t<meta property=\"og:image:type\" content=\"image\/png\" \/>\n<meta name=\"twitter:card\" content=\"summary_large_image\" \/>\n<script type=\"application\/ld+json\" class=\"yoast-schema-graph\">{\"@context\":\"https:\/\/schema.org\",\"@graph\":[{\"@type\":[\"WebPage\",\"ItemPage\"],\"@id\":\"https:\/\/storitgroup.com\/fi\/tuote\/sahkokayttoinen-saksihaarukkavaunu-staxx-ehls1500n-1150mm-ql-p-p\/\",\"url\":\"https:\/\/storitgroup.com\/fi\/tuote\/sahkokayttoinen-saksihaarukkavaunu-staxx-ehls1500n-1150mm-ql-p-p\/\",\"name\":\"Puolis\u00e4hk\u00f6k\u00e4ytt\u00f6inen saksihaarukkavaunu Storit EHLS1500N 1150mm QL P\/P &#8226; Storit\",\"isPartOf\":{\"@id\":\"https:\/\/storitgroup.com\/fi\/#website\"},\"primaryImageOfPage\":{\"@id\":\"https:\/\/storitgroup.com\/fi\/tuote\/sahkokayttoinen-saksihaarukkavaunu-staxx-ehls1500n-1150mm-ql-p-p\/#primaryimage\"},\"image\":{\"@id\":\"https:\/\/storitgroup.com\/fi\/tuote\/sahkokayttoinen-saksihaarukkavaunu-staxx-ehls1500n-1150mm-ql-p-p\/#primaryimage\"},\"thumbnailUrl\":\"https:\/\/storitgroup.com\/uploads\/2021\/03\/img_9118-photoroom.png-photoroom.png\",\"datePublished\":\"2021-03-08T22:49:10+00:00\",\"dateModified\":\"2026-04-03T16:40:37+00:00\",\"description\":\"Puolis\u00e4hk\u00f6k\u00e4ytt\u00f6inen saksihaarukkavaunu Storit EHLS1500N 1150mm QL P\/P \u2014 kohtuulliseen hintaan. Toimitukset kaikkialle Suomeen! \u261b Tutustu tuotteeseen ja tilaa k\u00e4tev\u00e4sti STORIT-verkkokaupasta!\",\"breadcrumb\":{\"@id\":\"https:\/\/storitgroup.com\/fi\/tuote\/sahkokayttoinen-saksihaarukkavaunu-staxx-ehls1500n-1150mm-ql-p-p\/#breadcrumb\"},\"inLanguage\":\"fi\",\"potentialAction\":[{\"@type\":\"ReadAction\",\"target\":[\"https:\/\/storitgroup.com\/fi\/tuote\/sahkokayttoinen-saksihaarukkavaunu-staxx-ehls1500n-1150mm-ql-p-p\/\"]}]},{\"@type\":\"ImageObject\",\"inLanguage\":\"fi\",\"@id\":\"https:\/\/storitgroup.com\/fi\/tuote\/sahkokayttoinen-saksihaarukkavaunu-staxx-ehls1500n-1150mm-ql-p-p\/#primaryimage\",\"url\":\"https:\/\/storitgroup.com\/uploads\/2021\/03\/img_9118-photoroom.png-photoroom.png\",\"contentUrl\":\"https:\/\/storitgroup.com\/uploads\/2021\/03\/img_9118-photoroom.png-photoroom.png\",\"width\":960,\"height\":1280},{\"@type\":\"BreadcrumbList\",\"@id\":\"https:\/\/storitgroup.com\/fi\/tuote\/sahkokayttoinen-saksihaarukkavaunu-staxx-ehls1500n-1150mm-ql-p-p\/#breadcrumb\",\"itemListElement\":[{\"@type\":\"ListItem\",\"position\":1,\"name\":\"Kotisivu\",\"item\":\"https:\/\/storitgroup.com\/fi\/\"},{\"@type\":\"ListItem\",\"position\":2,\"name\":\"Tuotteet\",\"item\":\"https:\/\/storitgroup.com\/fi\/tuotteet\/\"},{\"@type\":\"ListItem\",\"position\":3,\"name\":\"Varastotrukit, nostolavat, tarvikkeet\",\"item\":\"https:\/\/storitgroup.com\/fi\/varastotrukit-nostolavat-tarvikkeet\/\"},{\"@type\":\"ListItem\",\"position\":4,\"name\":\"Haarukkavaunut, pumppuk\u00e4rryt ja lavansiirt\u00e4j\u00e4t\",\"item\":\"https:\/\/storitgroup.com\/fi\/varastotrukit-nostolavat-tarvikkeet\/haarukkavaunut-pumppukarryt-ja-lavansiirtajat\/\"},{\"@type\":\"ListItem\",\"position\":5,\"name\":\"Saksihaarukkavaunut\",\"item\":\"https:\/\/storitgroup.com\/fi\/varastotrukit-nostolavat-tarvikkeet\/haarukkavaunut-pumppukarryt-ja-lavansiirtajat\/saksihaarukkavaunut\/\"},{\"@type\":\"ListItem\",\"position\":6,\"name\":\"Puolis\u00e4hk\u00f6k\u00e4ytt\u00f6inen saksihaarukkavaunu Storit EHLS1500N 1150mm QL P\/P\"}]},{\"@type\":\"WebSite\",\"@id\":\"https:\/\/storitgroup.com\/fi\/#website\",\"url\":\"https:\/\/storitgroup.com\/fi\/\",\"name\":\"Storit\",\"description\":\"\",\"potentialAction\":[{\"@type\":\"SearchAction\",\"target\":{\"@type\":\"EntryPoint\",\"urlTemplate\":\"https:\/\/storitgroup.com\/fi\/?s={search_term_string}\"},\"query-input\":{\"@type\":\"PropertyValueSpecification\",\"valueRequired\":true,\"valueName\":\"search_term_string\"}}],\"inLanguage\":\"fi\"}]}<\/script>\n<!-- \/ Yoast SEO plugin. -->","yoast_head_json":{"title":"Puolis\u00e4hk\u00f6k\u00e4ytt\u00f6inen saksihaarukkavaunu Storit EHLS1500N 1150mm QL P\/P &#8226; Storit","description":"Puolis\u00e4hk\u00f6k\u00e4ytt\u00f6inen saksihaarukkavaunu Storit EHLS1500N 1150mm QL P\/P \u2014 kohtuulliseen hintaan. Toimitukset kaikkialle Suomeen! \u261b Tutustu tuotteeseen ja tilaa k\u00e4tev\u00e4sti STORIT-verkkokaupasta!","robots":{"index":"index","follow":"follow","max-snippet":"max-snippet:-1","max-image-preview":"max-image-preview:large","max-video-preview":"max-video-preview:-1"},"canonical":"https:\/\/storitgroup.com\/fi\/tuote\/sahkokayttoinen-saksihaarukkavaunu-staxx-ehls1500n-1150mm-ql-p-p\/","og_locale":"fi_FI","og_type":"article","og_title":"Puolis\u00e4hk\u00f6k\u00e4ytt\u00f6inen saksihaarukkavaunu Storit EHLS1500N 1150mm QL P\/P &#8226; Storit","og_description":"Puolis\u00e4hk\u00f6k\u00e4ytt\u00f6inen saksihaarukkavaunu Storit EHLS1500N 1150mm QL P\/P \u2014 kohtuulliseen hintaan. Toimitukset kaikkialle Suomeen! \u261b Tutustu tuotteeseen ja tilaa k\u00e4tev\u00e4sti STORIT-verkkokaupasta!","og_url":"https:\/\/storitgroup.com\/fi\/tuote\/sahkokayttoinen-saksihaarukkavaunu-staxx-ehls1500n-1150mm-ql-p-p\/","og_site_name":"Storit","article_modified_time":"2026-04-03T16:40:37+00:00","og_image":[{"width":960,"height":1280,"url":"https:\/\/storitgroup.com\/uploads\/2021\/03\/img_9118-photoroom.png-photoroom.png","type":"image\/png"}],"twitter_card":"summary_large_image","schema":{"@context":"https:\/\/schema.org","@graph":[{"@type":["WebPage","ItemPage"],"@id":"https:\/\/storitgroup.com\/fi\/tuote\/sahkokayttoinen-saksihaarukkavaunu-staxx-ehls1500n-1150mm-ql-p-p\/","url":"https:\/\/storitgroup.com\/fi\/tuote\/sahkokayttoinen-saksihaarukkavaunu-staxx-ehls1500n-1150mm-ql-p-p\/","name":"Puolis\u00e4hk\u00f6k\u00e4ytt\u00f6inen saksihaarukkavaunu Storit EHLS1500N 1150mm QL P\/P &#8226; Storit","isPartOf":{"@id":"https:\/\/storitgroup.com\/fi\/#website"},"primaryImageOfPage":{"@id":"https:\/\/storitgroup.com\/fi\/tuote\/sahkokayttoinen-saksihaarukkavaunu-staxx-ehls1500n-1150mm-ql-p-p\/#primaryimage"},"image":{"@id":"https:\/\/storitgroup.com\/fi\/tuote\/sahkokayttoinen-saksihaarukkavaunu-staxx-ehls1500n-1150mm-ql-p-p\/#primaryimage"},"thumbnailUrl":"https:\/\/storitgroup.com\/uploads\/2021\/03\/img_9118-photoroom.png-photoroom.png","datePublished":"2021-03-08T22:49:10+00:00","dateModified":"2026-04-03T16:40:37+00:00","description":"Puolis\u00e4hk\u00f6k\u00e4ytt\u00f6inen saksihaarukkavaunu Storit EHLS1500N 1150mm QL P\/P \u2014 kohtuulliseen hintaan. Toimitukset kaikkialle Suomeen! \u261b Tutustu tuotteeseen ja tilaa k\u00e4tev\u00e4sti STORIT-verkkokaupasta!","breadcrumb":{"@id":"https:\/\/storitgroup.com\/fi\/tuote\/sahkokayttoinen-saksihaarukkavaunu-staxx-ehls1500n-1150mm-ql-p-p\/#breadcrumb"},"inLanguage":"fi","potentialAction":[{"@type":"ReadAction","target":["https:\/\/storitgroup.com\/fi\/tuote\/sahkokayttoinen-saksihaarukkavaunu-staxx-ehls1500n-1150mm-ql-p-p\/"]}]},{"@type":"ImageObject","inLanguage":"fi","@id":"https:\/\/storitgroup.com\/fi\/tuote\/sahkokayttoinen-saksihaarukkavaunu-staxx-ehls1500n-1150mm-ql-p-p\/#primaryimage","url":"https:\/\/storitgroup.com\/uploads\/2021\/03\/img_9118-photoroom.png-photoroom.png","contentUrl":"https:\/\/storitgroup.com\/uploads\/2021\/03\/img_9118-photoroom.png-photoroom.png","width":960,"height":1280},{"@type":"BreadcrumbList","@id":"https:\/\/storitgroup.com\/fi\/tuote\/sahkokayttoinen-saksihaarukkavaunu-staxx-ehls1500n-1150mm-ql-p-p\/#breadcrumb","itemListElement":[{"@type":"ListItem","position":1,"name":"Kotisivu","item":"https:\/\/storitgroup.com\/fi\/"},{"@type":"ListItem","position":2,"name":"Tuotteet","item":"https:\/\/storitgroup.com\/fi\/tuotteet\/"},{"@type":"ListItem","position":3,"name":"Varastotrukit, nostolavat, tarvikkeet","item":"https:\/\/storitgroup.com\/fi\/varastotrukit-nostolavat-tarvikkeet\/"},{"@type":"ListItem","position":4,"name":"Haarukkavaunut, pumppuk\u00e4rryt ja lavansiirt\u00e4j\u00e4t","item":"https:\/\/storitgroup.com\/fi\/varastotrukit-nostolavat-tarvikkeet\/haarukkavaunut-pumppukarryt-ja-lavansiirtajat\/"},{"@type":"ListItem","position":5,"name":"Saksihaarukkavaunut","item":"https:\/\/storitgroup.com\/fi\/varastotrukit-nostolavat-tarvikkeet\/haarukkavaunut-pumppukarryt-ja-lavansiirtajat\/saksihaarukkavaunut\/"},{"@type":"ListItem","position":6,"name":"Puolis\u00e4hk\u00f6k\u00e4ytt\u00f6inen saksihaarukkavaunu Storit EHLS1500N 1150mm QL P\/P"}]},{"@type":"WebSite","@id":"https:\/\/storitgroup.com\/fi\/#website","url":"https:\/\/storitgroup.com\/fi\/","name":"Storit","description":"","potentialAction":[{"@type":"SearchAction","target":{"@type":"EntryPoint","urlTemplate":"https:\/\/storitgroup.com\/fi\/?s={search_term_string}"},"query-input":{"@type":"PropertyValueSpecification","valueRequired":true,"valueName":"search_term_string"}}],"inLanguage":"fi"}]}},"_links":{"self":[{"href":"https:\/\/storitgroup.com\/fi\/wp-json\/wp\/v2\/product\/13549","targetHints":{"allow":["GET"]}}],"collection":[{"href":"https:\/\/storitgroup.com\/fi\/wp-json\/wp\/v2\/product"}],"about":[{"href":"https:\/\/storitgroup.com\/fi\/wp-json\/wp\/v2\/types\/product"}],"wp:featuredmedia":[{"embeddable":true,"href":"https:\/\/storitgroup.com\/fi\/wp-json\/wp\/v2\/media\/205829"}],"wp:attachment":[{"href":"https:\/\/storitgroup.com\/fi\/wp-json\/wp\/v2\/media?parent=13549"}],"wp:term":[{"taxonomy":"product_brand","embeddable":true,"href":"https:\/\/storitgroup.com\/fi\/wp-json\/wp\/v2\/product_brand?post=13549"},{"taxonomy":"product_cat","embeddable":true,"href":"https:\/\/storitgroup.com\/fi\/wp-json\/wp\/v2\/product_cat?post=13549"},{"taxonomy":"product_tag","embeddable":true,"href":"https:\/\/storitgroup.com\/fi\/wp-json\/wp\/v2\/product_tag?post=13549"}],"curies":[{"name":"wp","href":"https:\/\/api.w.org\/{rel}","templated":true}]}}