{"id":13517,"date":"2021-03-09T00:48:52","date_gmt":"2021-03-08T22:48:52","guid":{"rendered":"https:\/\/storitgroup.com\/?post_type=product&#038;p=13517"},"modified":"2026-04-24T17:55:25","modified_gmt":"2026-04-24T14:55:25","slug":"puolisahkoinen-pinoamisvaunu-staxx-dyc-15-25","status":"publish","type":"product","link":"https:\/\/storitgroup.com\/fi\/tuote\/puolisahkoinen-pinoamisvaunu-staxx-dyc-15-25\/","title":{"rendered":"Puolis\u00e4hk\u00f6inen pinoamisvaunu Staxx DYC 15-25"},"content":{"rendered":"<p>K\u00e4sik\u00e4ytt\u00f6inen pinontavaunu LiftStar DYC<br \/>akkunostolla, 1500 kg, 2500 mm,<br \/>nosto s\u00e4hk\u00f6voimalla, siirtyminen manuaalinen<br \/>kaksiosainen masto<br \/>nostokyky 1500 kg<br \/>nostokorkeus 2500 mm<br \/>haarukoiden pituus 1150 mm<br \/>leveys haarukoiden yli 550 mm<br \/>akku: 120 ah, sis\u00e4inen lataaja<br \/>v\u00e4ri: RAL 1003 keltainen ja musta<br \/>takuu 12 kk<\/p>\n","protected":false},"excerpt":{"rendered":"<p>K\u00e4sik\u00e4ytt\u00f6inen pinontavaunu LiftStar DYC<br \/>\nakkunostolla, 1500 kg, 2500 mm,<br \/>\nnosto s\u00e4hk\u00f6voimalla, siirtyminen manuaalinen<\/p>\n","protected":false},"featured_media":204775,"template":"","meta":{"_acf_changed":false},"product_brand":[],"product_cat":[7043],"product_tag":[8096],"class_list":{"0":"post-13517","1":"product","2":"type-product","3":"status-publish","4":"has-post-thumbnail","6":"product_room-pieni-varasto","7":"product_room-nostovalinet","8":"product_cat-kasikayttoiset-ja-sahkoiset-pinoamisvaunut","9":"product_tag-kuukauden-tarjoukset","11":"first","12":"onbackorder","13":"taxable","14":"shipping-taxable","15":"purchasable","16":"product-type-simple"},"acf":[],"yoast_head":"<!-- This site is optimized with the Yoast SEO plugin v27.4 - https:\/\/yoast.com\/product\/yoast-seo-wordpress\/ -->\n<title>Puolis\u00e4hk\u00f6inen pinoamisvaunu Staxx DYC 15-25 &#8226; Storit<\/title>\n<meta name=\"description\" content=\"Puolis\u00e4hk\u00f6inen pinoamisvaunu Staxx DYC 15-25 \u2014 kohtuulliseen hintaan. Toimitukset kaikkialle Suomeen! \u261b Tutustu tuotteeseen ja tilaa k\u00e4tev\u00e4sti STORIT-verkkokaupasta!\" \/>\n<meta name=\"robots\" content=\"index, follow, max-snippet:-1, max-image-preview:large, max-video-preview:-1\" \/>\n<link rel=\"canonical\" href=\"https:\/\/storitgroup.com\/fi\/tuote\/puolisahkoinen-pinoamisvaunu-staxx-dyc-15-25\/\" \/>\n<meta property=\"og:locale\" content=\"fi_FI\" \/>\n<meta property=\"og:type\" content=\"article\" \/>\n<meta property=\"og:title\" content=\"Puolis\u00e4hk\u00f6inen pinoamisvaunu Staxx DYC 15-25 &#8226; Storit\" \/>\n<meta property=\"og:description\" content=\"Puolis\u00e4hk\u00f6inen pinoamisvaunu Staxx DYC 15-25 \u2014 kohtuulliseen hintaan. Toimitukset kaikkialle Suomeen! \u261b Tutustu tuotteeseen ja tilaa k\u00e4tev\u00e4sti STORIT-verkkokaupasta!\" \/>\n<meta property=\"og:url\" content=\"https:\/\/storitgroup.com\/fi\/tuote\/puolisahkoinen-pinoamisvaunu-staxx-dyc-15-25\/\" \/>\n<meta property=\"og:site_name\" content=\"Storit\" \/>\n<meta property=\"article:modified_time\" content=\"2026-04-24T14:55:25+00:00\" \/>\n<meta property=\"og:image\" content=\"https:\/\/storitgroup.com\/uploads\/2021\/03\/poolelektriline-virnastaja-liftstar-dyc15pu-seeria-1-1-2-11111111.jpg\" \/>\n\t<meta property=\"og:image:width\" content=\"384\" \/>\n\t<meta property=\"og:image:height\" content=\"640\" \/>\n\t<meta property=\"og:image:type\" content=\"image\/jpeg\" \/>\n<meta name=\"twitter:card\" content=\"summary_large_image\" \/>\n<script type=\"application\/ld+json\" class=\"yoast-schema-graph\">{\"@context\":\"https:\\\/\\\/schema.org\",\"@graph\":[{\"@type\":[\"WebPage\",\"ItemPage\"],\"@id\":\"https:\\\/\\\/storitgroup.com\\\/fi\\\/tuote\\\/puolisahkoinen-pinoamisvaunu-staxx-dyc-15-25\\\/\",\"url\":\"https:\\\/\\\/storitgroup.com\\\/fi\\\/tuote\\\/puolisahkoinen-pinoamisvaunu-staxx-dyc-15-25\\\/\",\"name\":\"Puolis\u00e4hk\u00f6inen pinoamisvaunu Staxx DYC 15-25 &#8226; Storit\",\"isPartOf\":{\"@id\":\"https:\\\/\\\/storitgroup.com\\\/fi\\\/#website\"},\"primaryImageOfPage\":{\"@id\":\"https:\\\/\\\/storitgroup.com\\\/fi\\\/tuote\\\/puolisahkoinen-pinoamisvaunu-staxx-dyc-15-25\\\/#primaryimage\"},\"image\":{\"@id\":\"https:\\\/\\\/storitgroup.com\\\/fi\\\/tuote\\\/puolisahkoinen-pinoamisvaunu-staxx-dyc-15-25\\\/#primaryimage\"},\"thumbnailUrl\":\"https:\\\/\\\/storitgroup.com\\\/uploads\\\/2021\\\/03\\\/poolelektriline-virnastaja-liftstar-dyc15pu-seeria-1-1-2-11111111.jpg\",\"datePublished\":\"2021-03-08T22:48:52+00:00\",\"dateModified\":\"2026-04-24T14:55:25+00:00\",\"description\":\"Puolis\u00e4hk\u00f6inen pinoamisvaunu Staxx DYC 15-25 \u2014 kohtuulliseen hintaan. Toimitukset kaikkialle Suomeen! \u261b Tutustu tuotteeseen ja tilaa k\u00e4tev\u00e4sti STORIT-verkkokaupasta!\",\"breadcrumb\":{\"@id\":\"https:\\\/\\\/storitgroup.com\\\/fi\\\/tuote\\\/puolisahkoinen-pinoamisvaunu-staxx-dyc-15-25\\\/#breadcrumb\"},\"inLanguage\":\"fi\",\"potentialAction\":[{\"@type\":\"ReadAction\",\"target\":[\"https:\\\/\\\/storitgroup.com\\\/fi\\\/tuote\\\/puolisahkoinen-pinoamisvaunu-staxx-dyc-15-25\\\/\"]}]},{\"@type\":\"ImageObject\",\"inLanguage\":\"fi\",\"@id\":\"https:\\\/\\\/storitgroup.com\\\/fi\\\/tuote\\\/puolisahkoinen-pinoamisvaunu-staxx-dyc-15-25\\\/#primaryimage\",\"url\":\"https:\\\/\\\/storitgroup.com\\\/uploads\\\/2021\\\/03\\\/poolelektriline-virnastaja-liftstar-dyc15pu-seeria-1-1-2-11111111.jpg\",\"contentUrl\":\"https:\\\/\\\/storitgroup.com\\\/uploads\\\/2021\\\/03\\\/poolelektriline-virnastaja-liftstar-dyc15pu-seeria-1-1-2-11111111.jpg\",\"width\":384,\"height\":640},{\"@type\":\"BreadcrumbList\",\"@id\":\"https:\\\/\\\/storitgroup.com\\\/fi\\\/tuote\\\/puolisahkoinen-pinoamisvaunu-staxx-dyc-15-25\\\/#breadcrumb\",\"itemListElement\":[{\"@type\":\"ListItem\",\"position\":1,\"name\":\"Kotisivu\",\"item\":\"https:\\\/\\\/storitgroup.com\\\/fi\\\/\"},{\"@type\":\"ListItem\",\"position\":2,\"name\":\"Tuotteet\",\"item\":\"https:\\\/\\\/storitgroup.com\\\/fi\\\/tuotteet\\\/\"},{\"@type\":\"ListItem\",\"position\":3,\"name\":\"Varastotrukit, nostolavat, tarvikkeet\",\"item\":\"https:\\\/\\\/storitgroup.com\\\/fi\\\/tuotteet\\\/varastotrukit-nostolavat-tarvikkeet\\\/\"},{\"@type\":\"ListItem\",\"position\":4,\"name\":\"Pinoamisvaunut\",\"item\":\"https:\\\/\\\/storitgroup.com\\\/fi\\\/tuotteet\\\/varastotrukit-nostolavat-tarvikkeet\\\/pinoamisvaunut\\\/\"},{\"@type\":\"ListItem\",\"position\":5,\"name\":\"K\u00e4sik\u00e4ytt\u00f6iset ja s\u00e4hk\u00f6iset pinoamisvaunut\",\"item\":\"https:\\\/\\\/storitgroup.com\\\/fi\\\/tuotteet\\\/varastotrukit-nostolavat-tarvikkeet\\\/pinoamisvaunut\\\/kasikayttoiset-ja-sahkoiset-pinoamisvaunut\\\/\"},{\"@type\":\"ListItem\",\"position\":6,\"name\":\"Puolis\u00e4hk\u00f6inen pinoamisvaunu Staxx DYC 15-25\"}]},{\"@type\":\"WebSite\",\"@id\":\"https:\\\/\\\/storitgroup.com\\\/fi\\\/#website\",\"url\":\"https:\\\/\\\/storitgroup.com\\\/fi\\\/\",\"name\":\"Storit\",\"description\":\"\",\"potentialAction\":[{\"@type\":\"SearchAction\",\"target\":{\"@type\":\"EntryPoint\",\"urlTemplate\":\"https:\\\/\\\/storitgroup.com\\\/fi\\\/?s={search_term_string}\"},\"query-input\":{\"@type\":\"PropertyValueSpecification\",\"valueRequired\":true,\"valueName\":\"search_term_string\"}}],\"inLanguage\":\"fi\"}]}<\/script>\n<!-- \/ Yoast SEO plugin. -->","yoast_head_json":{"title":"Puolis\u00e4hk\u00f6inen pinoamisvaunu Staxx DYC 15-25 &#8226; Storit","description":"Puolis\u00e4hk\u00f6inen pinoamisvaunu Staxx DYC 15-25 \u2014 kohtuulliseen hintaan. Toimitukset kaikkialle Suomeen! \u261b Tutustu tuotteeseen ja tilaa k\u00e4tev\u00e4sti STORIT-verkkokaupasta!","robots":{"index":"index","follow":"follow","max-snippet":"max-snippet:-1","max-image-preview":"max-image-preview:large","max-video-preview":"max-video-preview:-1"},"canonical":"https:\/\/storitgroup.com\/fi\/tuote\/puolisahkoinen-pinoamisvaunu-staxx-dyc-15-25\/","og_locale":"fi_FI","og_type":"article","og_title":"Puolis\u00e4hk\u00f6inen pinoamisvaunu Staxx DYC 15-25 &#8226; Storit","og_description":"Puolis\u00e4hk\u00f6inen pinoamisvaunu Staxx DYC 15-25 \u2014 kohtuulliseen hintaan. Toimitukset kaikkialle Suomeen! \u261b Tutustu tuotteeseen ja tilaa k\u00e4tev\u00e4sti STORIT-verkkokaupasta!","og_url":"https:\/\/storitgroup.com\/fi\/tuote\/puolisahkoinen-pinoamisvaunu-staxx-dyc-15-25\/","og_site_name":"Storit","article_modified_time":"2026-04-24T14:55:25+00:00","og_image":[{"width":384,"height":640,"url":"https:\/\/storitgroup.com\/uploads\/2021\/03\/poolelektriline-virnastaja-liftstar-dyc15pu-seeria-1-1-2-11111111.jpg","type":"image\/jpeg"}],"twitter_card":"summary_large_image","schema":{"@context":"https:\/\/schema.org","@graph":[{"@type":["WebPage","ItemPage"],"@id":"https:\/\/storitgroup.com\/fi\/tuote\/puolisahkoinen-pinoamisvaunu-staxx-dyc-15-25\/","url":"https:\/\/storitgroup.com\/fi\/tuote\/puolisahkoinen-pinoamisvaunu-staxx-dyc-15-25\/","name":"Puolis\u00e4hk\u00f6inen pinoamisvaunu Staxx DYC 15-25 &#8226; Storit","isPartOf":{"@id":"https:\/\/storitgroup.com\/fi\/#website"},"primaryImageOfPage":{"@id":"https:\/\/storitgroup.com\/fi\/tuote\/puolisahkoinen-pinoamisvaunu-staxx-dyc-15-25\/#primaryimage"},"image":{"@id":"https:\/\/storitgroup.com\/fi\/tuote\/puolisahkoinen-pinoamisvaunu-staxx-dyc-15-25\/#primaryimage"},"thumbnailUrl":"https:\/\/storitgroup.com\/uploads\/2021\/03\/poolelektriline-virnastaja-liftstar-dyc15pu-seeria-1-1-2-11111111.jpg","datePublished":"2021-03-08T22:48:52+00:00","dateModified":"2026-04-24T14:55:25+00:00","description":"Puolis\u00e4hk\u00f6inen pinoamisvaunu Staxx DYC 15-25 \u2014 kohtuulliseen hintaan. Toimitukset kaikkialle Suomeen! \u261b Tutustu tuotteeseen ja tilaa k\u00e4tev\u00e4sti STORIT-verkkokaupasta!","breadcrumb":{"@id":"https:\/\/storitgroup.com\/fi\/tuote\/puolisahkoinen-pinoamisvaunu-staxx-dyc-15-25\/#breadcrumb"},"inLanguage":"fi","potentialAction":[{"@type":"ReadAction","target":["https:\/\/storitgroup.com\/fi\/tuote\/puolisahkoinen-pinoamisvaunu-staxx-dyc-15-25\/"]}]},{"@type":"ImageObject","inLanguage":"fi","@id":"https:\/\/storitgroup.com\/fi\/tuote\/puolisahkoinen-pinoamisvaunu-staxx-dyc-15-25\/#primaryimage","url":"https:\/\/storitgroup.com\/uploads\/2021\/03\/poolelektriline-virnastaja-liftstar-dyc15pu-seeria-1-1-2-11111111.jpg","contentUrl":"https:\/\/storitgroup.com\/uploads\/2021\/03\/poolelektriline-virnastaja-liftstar-dyc15pu-seeria-1-1-2-11111111.jpg","width":384,"height":640},{"@type":"BreadcrumbList","@id":"https:\/\/storitgroup.com\/fi\/tuote\/puolisahkoinen-pinoamisvaunu-staxx-dyc-15-25\/#breadcrumb","itemListElement":[{"@type":"ListItem","position":1,"name":"Kotisivu","item":"https:\/\/storitgroup.com\/fi\/"},{"@type":"ListItem","position":2,"name":"Tuotteet","item":"https:\/\/storitgroup.com\/fi\/tuotteet\/"},{"@type":"ListItem","position":3,"name":"Varastotrukit, nostolavat, tarvikkeet","item":"https:\/\/storitgroup.com\/fi\/tuotteet\/varastotrukit-nostolavat-tarvikkeet\/"},{"@type":"ListItem","position":4,"name":"Pinoamisvaunut","item":"https:\/\/storitgroup.com\/fi\/tuotteet\/varastotrukit-nostolavat-tarvikkeet\/pinoamisvaunut\/"},{"@type":"ListItem","position":5,"name":"K\u00e4sik\u00e4ytt\u00f6iset ja s\u00e4hk\u00f6iset pinoamisvaunut","item":"https:\/\/storitgroup.com\/fi\/tuotteet\/varastotrukit-nostolavat-tarvikkeet\/pinoamisvaunut\/kasikayttoiset-ja-sahkoiset-pinoamisvaunut\/"},{"@type":"ListItem","position":6,"name":"Puolis\u00e4hk\u00f6inen pinoamisvaunu Staxx DYC 15-25"}]},{"@type":"WebSite","@id":"https:\/\/storitgroup.com\/fi\/#website","url":"https:\/\/storitgroup.com\/fi\/","name":"Storit","description":"","potentialAction":[{"@type":"SearchAction","target":{"@type":"EntryPoint","urlTemplate":"https:\/\/storitgroup.com\/fi\/?s={search_term_string}"},"query-input":{"@type":"PropertyValueSpecification","valueRequired":true,"valueName":"search_term_string"}}],"inLanguage":"fi"}]}},"_links":{"self":[{"href":"https:\/\/storitgroup.com\/fi\/wp-json\/wp\/v2\/product\/13517","targetHints":{"allow":["GET"]}}],"collection":[{"href":"https:\/\/storitgroup.com\/fi\/wp-json\/wp\/v2\/product"}],"about":[{"href":"https:\/\/storitgroup.com\/fi\/wp-json\/wp\/v2\/types\/product"}],"wp:featuredmedia":[{"embeddable":true,"href":"https:\/\/storitgroup.com\/fi\/wp-json\/wp\/v2\/media\/204775"}],"wp:attachment":[{"href":"https:\/\/storitgroup.com\/fi\/wp-json\/wp\/v2\/media?parent=13517"}],"wp:term":[{"taxonomy":"product_brand","embeddable":true,"href":"https:\/\/storitgroup.com\/fi\/wp-json\/wp\/v2\/product_brand?post=13517"},{"taxonomy":"product_cat","embeddable":true,"href":"https:\/\/storitgroup.com\/fi\/wp-json\/wp\/v2\/product_cat?post=13517"},{"taxonomy":"product_tag","embeddable":true,"href":"https:\/\/storitgroup.com\/fi\/wp-json\/wp\/v2\/product_tag?post=13517"}],"curies":[{"name":"wp","href":"https:\/\/api.w.org\/{rel}","templated":true}]}}