{"id":13337,"date":"2021-03-08T10:40:05","date_gmt":"2021-03-08T08:40:05","guid":{"rendered":"https:\/\/storitgroup.com\/?post_type=product&#038;p=13337"},"modified":"2026-04-03T18:30:09","modified_gmt":"2026-04-03T15:30:09","slug":"hyllylaatikko-500-x-115-x-100mm-sininen","status":"publish","type":"product","link":"https:\/\/storitgroup.com\/fi\/tuote\/hyllylaatikko-500-x-115-x-100mm-sininen\/","title":{"rendered":"Hyllylaatikko 500x115x100 mm, sininen"},"content":{"rendered":"<p>K\u00e4yt\u00e4nn\u00f6llinen ja monipuolinen s\u00e4ilytysratkaisu pienten osien s\u00e4ilytt\u00e4miseen. N\u00e4m\u00e4 on erityisesti suunniteltu varmistamaan sujuva ja tehokas ty\u00f6skentely.<br \/>Varastolaatikot ovat helposti varastoitavissa ja mahdollistavat pienten osien s\u00e4ilytt\u00e4misen j\u00e4rjestyksess\u00e4 ja helposti saatavilla olevassa paikassa. Laatikoiden yhteensopivuus mahdollistaa niiden pinottavuuden p\u00e4\u00e4llekk\u00e4in, vaikka laatikoiden syvyys vaihtelee. T\u00e4m\u00e4 antaa mahdollisuuden optimoida tilaa ja k\u00e4ytt\u00e4\u00e4 s\u00e4ilytyspintaa tehokkaasti.<br \/>Varastolaatikon sis\u00e4osan voi jakaa erillisiin lokeroihin, syvyydest\u00e4 riippuen 4, 6 tai 8 v\u00e4lisein\u00e4ll\u00e4, luoden useita pienempi\u00e4 jaotteluita. T\u00e4m\u00e4 auttaa pit\u00e4m\u00e4\u00e4n osat erill\u00e4\u00e4n ja suojattuina sek\u00e4 helpottaa niiden nopeaa l\u00f6yt\u00e4mist\u00e4 ja k\u00e4ytt\u00f6\u00e4.<br \/>L\u00e4mp\u00f6tilankest\u00e4vyys -10 \u00b0C:st\u00e4 +40 \u00b0C:seen mahdollistaa niiden k\u00e4yt\u00f6n erilaisissa ymp\u00e4rist\u00f6olosuhteissa.<br \/>Varastolaatikoita voidaan k\u00e4ytt\u00e4\u00e4 menestyksekk\u00e4\u00e4sti kokoonpanolinjoilla, teknisess\u00e4 kunnossapidossa, kaupoissa ja monissa muissa paikoissa, joissa tarvitaan pienten osien s\u00e4ilytt\u00e4mist\u00e4 ja j\u00e4rjest\u00e4mist\u00e4.<\/p>\n","protected":false},"excerpt":{"rendered":"<p>K\u00e4yt\u00e4nn\u00f6llinen ja monipuolinen s\u00e4ilytysratkaisu pienten osien s\u00e4ilytt\u00e4miseen. N\u00e4m\u00e4 on erityisesti suunniteltu varmistamaan sujuva ja tehokas ty\u00f6skentely.<br \/>\nVarastolaatikot ovat helposti varastoitavissa ja mahdollistavat pienten osien s\u00e4ilytt\u00e4misen j\u00e4rjestyksess\u00e4 ja helposti saatavilla olevassa paikassa. Laatikoiden yhteensopivuus mahdollistaa niiden pinottavuuden p\u00e4\u00e4llekk\u00e4in, vaikka laatikoiden syvyys vaihtelee. T\u00e4m\u00e4 antaa mahdollisuuden optimoida tilaa ja k\u00e4ytt\u00e4\u00e4 s\u00e4ilytyspintaa tehokkaasti.<br \/>\nVarastolaatikon sis\u00e4osan voi jakaa erillisiin lokeroihin, syvyydest\u00e4 riippuen 4, 6 tai 8 v\u00e4lisein\u00e4ll\u00e4, luoden useita pienempi\u00e4 jaotteluita. T\u00e4m\u00e4 auttaa pit\u00e4m\u00e4\u00e4n osat erill\u00e4\u00e4n ja suojattuina sek\u00e4 helpottaa niiden nopeaa l\u00f6yt\u00e4mist\u00e4 ja k\u00e4ytt\u00f6\u00e4.<\/p>\n","protected":false},"featured_media":208940,"template":"","meta":{"_acf_changed":false},"product_brand":[],"product_cat":[7210],"product_tag":[],"class_list":{"0":"post-13337","1":"product","2":"type-product","3":"status-publish","4":"has-post-thumbnail","6":"product_room-kompaktit-varastot","7":"product_room-tyopaja-ja-autotalli","8":"product_room-pieni-varasto","9":"product_room-kotiratkaisut","10":"product_cat-sailytyslaatikot-schoeller","12":"first","13":"instock","14":"taxable","15":"shipping-taxable","16":"purchasable","17":"product-type-simple"},"acf":[],"yoast_head":"<!-- This site is optimized with the Yoast SEO plugin v27.2 - https:\/\/yoast.com\/product\/yoast-seo-wordpress\/ -->\n<title>Hyllylaatikko 500x115x100 mm, sininen &#8226; Storit<\/title>\n<meta name=\"description\" content=\"Hyllylaatikko 500x115x100 mm, sininen \u2014 kohtuulliseen hintaan. Toimitukset kaikkialle Suomeen! \u261b Tutustu tuotteeseen ja tilaa k\u00e4tev\u00e4sti STORIT-verkkokaupasta!\" \/>\n<meta name=\"robots\" content=\"index, follow, max-snippet:-1, max-image-preview:large, max-video-preview:-1\" \/>\n<link rel=\"canonical\" href=\"https:\/\/storitgroup.com\/fi\/tuote\/hyllylaatikko-500-x-115-x-100mm-sininen\/\" \/>\n<meta property=\"og:locale\" content=\"fi_FI\" \/>\n<meta property=\"og:type\" content=\"article\" \/>\n<meta property=\"og:title\" content=\"Hyllylaatikko 500x115x100 mm, sininen &#8226; Storit\" \/>\n<meta property=\"og:description\" content=\"Hyllylaatikko 500x115x100 mm, sininen \u2014 kohtuulliseen hintaan. Toimitukset kaikkialle Suomeen! \u261b Tutustu tuotteeseen ja tilaa k\u00e4tev\u00e4sti STORIT-verkkokaupasta!\" \/>\n<meta property=\"og:url\" content=\"https:\/\/storitgroup.com\/fi\/tuote\/hyllylaatikko-500-x-115-x-100mm-sininen\/\" \/>\n<meta property=\"og:site_name\" content=\"Storit\" \/>\n<meta property=\"article:modified_time\" content=\"2026-04-03T15:30:09+00:00\" \/>\n<meta property=\"og:image\" content=\"https:\/\/storitgroup.com\/uploads\/2021\/03\/11.-9121_1.jpg\" \/>\n\t<meta property=\"og:image:width\" content=\"882\" \/>\n\t<meta property=\"og:image:height\" content=\"597\" \/>\n\t<meta property=\"og:image:type\" content=\"image\/jpeg\" \/>\n<meta name=\"twitter:card\" content=\"summary_large_image\" \/>\n<meta name=\"twitter:label1\" content=\"Arvioitu lukuaika\" \/>\n\t<meta name=\"twitter:data1\" content=\"1 minuutti\" \/>\n<script type=\"application\/ld+json\" class=\"yoast-schema-graph\">{\"@context\":\"https:\/\/schema.org\",\"@graph\":[{\"@type\":[\"WebPage\",\"ItemPage\"],\"@id\":\"https:\/\/storitgroup.com\/fi\/tuote\/hyllylaatikko-500-x-115-x-100mm-sininen\/\",\"url\":\"https:\/\/storitgroup.com\/fi\/tuote\/hyllylaatikko-500-x-115-x-100mm-sininen\/\",\"name\":\"Hyllylaatikko 500x115x100 mm, sininen &#8226; Storit\",\"isPartOf\":{\"@id\":\"https:\/\/storitgroup.com\/fi\/#website\"},\"primaryImageOfPage\":{\"@id\":\"https:\/\/storitgroup.com\/fi\/tuote\/hyllylaatikko-500-x-115-x-100mm-sininen\/#primaryimage\"},\"image\":{\"@id\":\"https:\/\/storitgroup.com\/fi\/tuote\/hyllylaatikko-500-x-115-x-100mm-sininen\/#primaryimage\"},\"thumbnailUrl\":\"https:\/\/storitgroup.com\/uploads\/2021\/03\/11.-9121_1.jpg\",\"datePublished\":\"2021-03-08T08:40:05+00:00\",\"dateModified\":\"2026-04-03T15:30:09+00:00\",\"description\":\"Hyllylaatikko 500x115x100 mm, sininen \u2014 kohtuulliseen hintaan. Toimitukset kaikkialle Suomeen! \u261b Tutustu tuotteeseen ja tilaa k\u00e4tev\u00e4sti STORIT-verkkokaupasta!\",\"breadcrumb\":{\"@id\":\"https:\/\/storitgroup.com\/fi\/tuote\/hyllylaatikko-500-x-115-x-100mm-sininen\/#breadcrumb\"},\"inLanguage\":\"fi\",\"potentialAction\":[{\"@type\":\"ReadAction\",\"target\":[\"https:\/\/storitgroup.com\/fi\/tuote\/hyllylaatikko-500-x-115-x-100mm-sininen\/\"]}]},{\"@type\":\"ImageObject\",\"inLanguage\":\"fi\",\"@id\":\"https:\/\/storitgroup.com\/fi\/tuote\/hyllylaatikko-500-x-115-x-100mm-sininen\/#primaryimage\",\"url\":\"https:\/\/storitgroup.com\/uploads\/2021\/03\/11.-9121_1.jpg\",\"contentUrl\":\"https:\/\/storitgroup.com\/uploads\/2021\/03\/11.-9121_1.jpg\",\"width\":882,\"height\":597},{\"@type\":\"BreadcrumbList\",\"@id\":\"https:\/\/storitgroup.com\/fi\/tuote\/hyllylaatikko-500-x-115-x-100mm-sininen\/#breadcrumb\",\"itemListElement\":[{\"@type\":\"ListItem\",\"position\":1,\"name\":\"Kotisivu\",\"item\":\"https:\/\/storitgroup.com\/fi\/\"},{\"@type\":\"ListItem\",\"position\":2,\"name\":\"Tuotteet\",\"item\":\"https:\/\/storitgroup.com\/fi\/tuotteet\/\"},{\"@type\":\"ListItem\",\"position\":3,\"name\":\"Varastolaatikot, s\u00e4ilytyslaatikot\",\"item\":\"https:\/\/storitgroup.com\/fi\/varastolaatikot-sailytyslaatikot\/\"},{\"@type\":\"ListItem\",\"position\":4,\"name\":\"S\u00e4ilytyslaatikot, telinelaatikot (sadonkorjuulaatikot)\",\"item\":\"https:\/\/storitgroup.com\/fi\/varastolaatikot-sailytyslaatikot\/sailytyslaatikot-telinelaatikot-sadonkorjuulaatikot\/\"},{\"@type\":\"ListItem\",\"position\":5,\"name\":\"S\u00e4ilytyslaatikot: SCHOELLER\",\"item\":\"https:\/\/storitgroup.com\/fi\/varastolaatikot-sailytyslaatikot\/sailytyslaatikot-telinelaatikot-sadonkorjuulaatikot\/sailytyslaatikot-schoeller\/\"},{\"@type\":\"ListItem\",\"position\":6,\"name\":\"Hyllylaatikko 500x115x100 mm, sininen\"}]},{\"@type\":\"WebSite\",\"@id\":\"https:\/\/storitgroup.com\/fi\/#website\",\"url\":\"https:\/\/storitgroup.com\/fi\/\",\"name\":\"Storit\",\"description\":\"\",\"potentialAction\":[{\"@type\":\"SearchAction\",\"target\":{\"@type\":\"EntryPoint\",\"urlTemplate\":\"https:\/\/storitgroup.com\/fi\/?s={search_term_string}\"},\"query-input\":{\"@type\":\"PropertyValueSpecification\",\"valueRequired\":true,\"valueName\":\"search_term_string\"}}],\"inLanguage\":\"fi\"}]}<\/script>\n<!-- \/ Yoast SEO plugin. -->","yoast_head_json":{"title":"Hyllylaatikko 500x115x100 mm, sininen &#8226; Storit","description":"Hyllylaatikko 500x115x100 mm, sininen \u2014 kohtuulliseen hintaan. Toimitukset kaikkialle Suomeen! \u261b Tutustu tuotteeseen ja tilaa k\u00e4tev\u00e4sti STORIT-verkkokaupasta!","robots":{"index":"index","follow":"follow","max-snippet":"max-snippet:-1","max-image-preview":"max-image-preview:large","max-video-preview":"max-video-preview:-1"},"canonical":"https:\/\/storitgroup.com\/fi\/tuote\/hyllylaatikko-500-x-115-x-100mm-sininen\/","og_locale":"fi_FI","og_type":"article","og_title":"Hyllylaatikko 500x115x100 mm, sininen &#8226; Storit","og_description":"Hyllylaatikko 500x115x100 mm, sininen \u2014 kohtuulliseen hintaan. Toimitukset kaikkialle Suomeen! \u261b Tutustu tuotteeseen ja tilaa k\u00e4tev\u00e4sti STORIT-verkkokaupasta!","og_url":"https:\/\/storitgroup.com\/fi\/tuote\/hyllylaatikko-500-x-115-x-100mm-sininen\/","og_site_name":"Storit","article_modified_time":"2026-04-03T15:30:09+00:00","og_image":[{"width":882,"height":597,"url":"https:\/\/storitgroup.com\/uploads\/2021\/03\/11.-9121_1.jpg","type":"image\/jpeg"}],"twitter_card":"summary_large_image","twitter_misc":{"Arvioitu lukuaika":"1 minuutti"},"schema":{"@context":"https:\/\/schema.org","@graph":[{"@type":["WebPage","ItemPage"],"@id":"https:\/\/storitgroup.com\/fi\/tuote\/hyllylaatikko-500-x-115-x-100mm-sininen\/","url":"https:\/\/storitgroup.com\/fi\/tuote\/hyllylaatikko-500-x-115-x-100mm-sininen\/","name":"Hyllylaatikko 500x115x100 mm, sininen &#8226; Storit","isPartOf":{"@id":"https:\/\/storitgroup.com\/fi\/#website"},"primaryImageOfPage":{"@id":"https:\/\/storitgroup.com\/fi\/tuote\/hyllylaatikko-500-x-115-x-100mm-sininen\/#primaryimage"},"image":{"@id":"https:\/\/storitgroup.com\/fi\/tuote\/hyllylaatikko-500-x-115-x-100mm-sininen\/#primaryimage"},"thumbnailUrl":"https:\/\/storitgroup.com\/uploads\/2021\/03\/11.-9121_1.jpg","datePublished":"2021-03-08T08:40:05+00:00","dateModified":"2026-04-03T15:30:09+00:00","description":"Hyllylaatikko 500x115x100 mm, sininen \u2014 kohtuulliseen hintaan. Toimitukset kaikkialle Suomeen! \u261b Tutustu tuotteeseen ja tilaa k\u00e4tev\u00e4sti STORIT-verkkokaupasta!","breadcrumb":{"@id":"https:\/\/storitgroup.com\/fi\/tuote\/hyllylaatikko-500-x-115-x-100mm-sininen\/#breadcrumb"},"inLanguage":"fi","potentialAction":[{"@type":"ReadAction","target":["https:\/\/storitgroup.com\/fi\/tuote\/hyllylaatikko-500-x-115-x-100mm-sininen\/"]}]},{"@type":"ImageObject","inLanguage":"fi","@id":"https:\/\/storitgroup.com\/fi\/tuote\/hyllylaatikko-500-x-115-x-100mm-sininen\/#primaryimage","url":"https:\/\/storitgroup.com\/uploads\/2021\/03\/11.-9121_1.jpg","contentUrl":"https:\/\/storitgroup.com\/uploads\/2021\/03\/11.-9121_1.jpg","width":882,"height":597},{"@type":"BreadcrumbList","@id":"https:\/\/storitgroup.com\/fi\/tuote\/hyllylaatikko-500-x-115-x-100mm-sininen\/#breadcrumb","itemListElement":[{"@type":"ListItem","position":1,"name":"Kotisivu","item":"https:\/\/storitgroup.com\/fi\/"},{"@type":"ListItem","position":2,"name":"Tuotteet","item":"https:\/\/storitgroup.com\/fi\/tuotteet\/"},{"@type":"ListItem","position":3,"name":"Varastolaatikot, s\u00e4ilytyslaatikot","item":"https:\/\/storitgroup.com\/fi\/varastolaatikot-sailytyslaatikot\/"},{"@type":"ListItem","position":4,"name":"S\u00e4ilytyslaatikot, telinelaatikot (sadonkorjuulaatikot)","item":"https:\/\/storitgroup.com\/fi\/varastolaatikot-sailytyslaatikot\/sailytyslaatikot-telinelaatikot-sadonkorjuulaatikot\/"},{"@type":"ListItem","position":5,"name":"S\u00e4ilytyslaatikot: SCHOELLER","item":"https:\/\/storitgroup.com\/fi\/varastolaatikot-sailytyslaatikot\/sailytyslaatikot-telinelaatikot-sadonkorjuulaatikot\/sailytyslaatikot-schoeller\/"},{"@type":"ListItem","position":6,"name":"Hyllylaatikko 500x115x100 mm, sininen"}]},{"@type":"WebSite","@id":"https:\/\/storitgroup.com\/fi\/#website","url":"https:\/\/storitgroup.com\/fi\/","name":"Storit","description":"","potentialAction":[{"@type":"SearchAction","target":{"@type":"EntryPoint","urlTemplate":"https:\/\/storitgroup.com\/fi\/?s={search_term_string}"},"query-input":{"@type":"PropertyValueSpecification","valueRequired":true,"valueName":"search_term_string"}}],"inLanguage":"fi"}]}},"_links":{"self":[{"href":"https:\/\/storitgroup.com\/fi\/wp-json\/wp\/v2\/product\/13337","targetHints":{"allow":["GET"]}}],"collection":[{"href":"https:\/\/storitgroup.com\/fi\/wp-json\/wp\/v2\/product"}],"about":[{"href":"https:\/\/storitgroup.com\/fi\/wp-json\/wp\/v2\/types\/product"}],"wp:featuredmedia":[{"embeddable":true,"href":"https:\/\/storitgroup.com\/fi\/wp-json\/wp\/v2\/media\/208940"}],"wp:attachment":[{"href":"https:\/\/storitgroup.com\/fi\/wp-json\/wp\/v2\/media?parent=13337"}],"wp:term":[{"taxonomy":"product_brand","embeddable":true,"href":"https:\/\/storitgroup.com\/fi\/wp-json\/wp\/v2\/product_brand?post=13337"},{"taxonomy":"product_cat","embeddable":true,"href":"https:\/\/storitgroup.com\/fi\/wp-json\/wp\/v2\/product_cat?post=13337"},{"taxonomy":"product_tag","embeddable":true,"href":"https:\/\/storitgroup.com\/fi\/wp-json\/wp\/v2\/product_tag?post=13337"}],"curies":[{"name":"wp","href":"https:\/\/api.w.org\/{rel}","templated":true}]}}