{"id":13303,"date":"2021-03-09T02:45:56","date_gmt":"2021-03-08T22:45:56","guid":{"rendered":"https:\/\/storitgroup.com\/?post_type=product&#038;p=13303"},"modified":"2024-11-20T17:12:33","modified_gmt":"2024-11-20T15:12:33","slug":"muovilaatikko-600-x-400-x-150mm-punainen","status":"publish","type":"product","link":"https:\/\/storitgroup.com\/fi\/tuote\/muovilaatikko-600-x-400-x-150mm-punainen\/","title":{"rendered":"Leipurin laatikko 600x400x150 mm, Virgin punainen"},"content":{"rendered":"<p>Pinottavat leipomolaatikot ovat ihanteellisia vastaleivottujen tuotteiden laadun s\u00e4ilytt\u00e4miseen. Rei\u00b4itetty suunnittelu varmistaa maksimaalisen j\u00e4\u00e4hdytyksen, est\u00e4\u00e4 kondensaation muodostumisen ja pit\u00e4\u00e4 tuoreen tuotteen parhaassa mahdollisessa kunnossa. Tasaiset sein\u00e4t takaavat parhaan mahdollisen puhtauden, sill\u00e4 niiss\u00e4 ei ole nurkkia, joihin murut tai muut pienet hiukkaset voisivat kerty\u00e4. <\/p>\n<p>L\u00e4mp\u00f6tilankesto: -35\u00b0C &#8211; +60\u00b0C, sallittu pesul\u00e4mp\u00f6tila enint\u00e4\u00e4n 90\u00b0C. <br \/>Sis\u00e4mitat: 560x360x130 mm.<\/p>\n","protected":false},"excerpt":{"rendered":"<p>Pinottavat leipomolaatikot ovat ihanteellisia vastaleivottujen tuotteiden laadun s\u00e4ilytt\u00e4miseen. Rei\u00b4itetty suunnittelu varmistaa maksimaalisen j\u00e4\u00e4hdytyksen, est\u00e4\u00e4 kondensaation muodostumisen ja pit\u00e4\u00e4 tuoreen tuotteen parhaassa mahdollisessa kunnossa. Tasaiset sein\u00e4t takaavat parhaan mahdollisen puhtauden, sill\u00e4 niiss\u00e4 ei ole nurkkia, joihin murut tai muut pienet hiukkaset voisivat kerty\u00e4. <\/p>\n<p>L\u00e4mp\u00f6tilankesto: -35\u00b0C &#8211; +60\u00b0C, sallittu pesul\u00e4mp\u00f6tila enint\u00e4\u00e4n 90\u00b0C. <\/p>\n","protected":false},"featured_media":212190,"template":"","meta":{"_acf_changed":false},"product_brand":[],"product_cat":[7102],"product_tag":[],"class_list":{"0":"post-13303","1":"product","2":"type-product","3":"status-publish","4":"has-post-thumbnail","6":"product_room-ruuan-kasittely","7":"product_room-kaupankaynti-ja-myymalat","8":"product_room-iso-varasto","9":"product_room-pieni-varasto","10":"product_room-kotiratkaisut","11":"product_cat-muovilaatikot-muovisailiot","13":"first","14":"onbackorder","15":"taxable","16":"shipping-taxable","17":"purchasable","18":"product-type-simple"},"acf":[],"yoast_head":"<!-- This site is optimized with the Yoast SEO plugin v27.2 - https:\/\/yoast.com\/product\/yoast-seo-wordpress\/ -->\n<title>Leipurin laatikko 600x400x150 mm, Virgin punainen &#8226; Storit<\/title>\n<meta name=\"description\" content=\"Leipurin laatikko 600x400x150 mm, Virgin punainen \u2014 kohtuulliseen hintaan. Toimitukset kaikkialle Suomeen! \u261b Tutustu tuotteeseen ja tilaa k\u00e4tev\u00e4sti STORIT-verkkokaupasta!\" \/>\n<meta name=\"robots\" content=\"index, follow, max-snippet:-1, max-image-preview:large, max-video-preview:-1\" \/>\n<link rel=\"canonical\" href=\"https:\/\/storitgroup.com\/fi\/tuote\/muovilaatikko-600-x-400-x-150mm-punainen\/\" \/>\n<meta property=\"og:locale\" content=\"fi_FI\" \/>\n<meta property=\"og:type\" content=\"article\" \/>\n<meta property=\"og:title\" content=\"Leipurin laatikko 600x400x150 mm, Virgin punainen &#8226; Storit\" \/>\n<meta property=\"og:description\" content=\"Leipurin laatikko 600x400x150 mm, Virgin punainen \u2014 kohtuulliseen hintaan. Toimitukset kaikkialle Suomeen! \u261b Tutustu tuotteeseen ja tilaa k\u00e4tev\u00e4sti STORIT-verkkokaupasta!\" \/>\n<meta property=\"og:url\" content=\"https:\/\/storitgroup.com\/fi\/tuote\/muovilaatikko-600-x-400-x-150mm-punainen\/\" \/>\n<meta property=\"og:site_name\" content=\"Storit\" \/>\n<meta property=\"article:modified_time\" content=\"2024-11-20T15:12:33+00:00\" \/>\n<meta property=\"og:image\" content=\"https:\/\/storitgroup.com\/uploads\/2021\/03\/16.-5866.jpg\" \/>\n\t<meta property=\"og:image:width\" content=\"606\" \/>\n\t<meta property=\"og:image:height\" content=\"451\" \/>\n\t<meta property=\"og:image:type\" content=\"image\/jpeg\" \/>\n<meta name=\"twitter:card\" content=\"summary_large_image\" \/>\n<script type=\"application\/ld+json\" class=\"yoast-schema-graph\">{\"@context\":\"https:\/\/schema.org\",\"@graph\":[{\"@type\":[\"WebPage\",\"ItemPage\"],\"@id\":\"https:\/\/storitgroup.com\/fi\/tuote\/muovilaatikko-600-x-400-x-150mm-punainen\/\",\"url\":\"https:\/\/storitgroup.com\/fi\/tuote\/muovilaatikko-600-x-400-x-150mm-punainen\/\",\"name\":\"Leipurin laatikko 600x400x150 mm, Virgin punainen &#8226; Storit\",\"isPartOf\":{\"@id\":\"https:\/\/storitgroup.com\/fi\/#website\"},\"primaryImageOfPage\":{\"@id\":\"https:\/\/storitgroup.com\/fi\/tuote\/muovilaatikko-600-x-400-x-150mm-punainen\/#primaryimage\"},\"image\":{\"@id\":\"https:\/\/storitgroup.com\/fi\/tuote\/muovilaatikko-600-x-400-x-150mm-punainen\/#primaryimage\"},\"thumbnailUrl\":\"https:\/\/storitgroup.com\/uploads\/2021\/03\/16.-5866.jpg\",\"datePublished\":\"2021-03-08T22:45:56+00:00\",\"dateModified\":\"2024-11-20T15:12:33+00:00\",\"description\":\"Leipurin laatikko 600x400x150 mm, Virgin punainen \u2014 kohtuulliseen hintaan. Toimitukset kaikkialle Suomeen! \u261b Tutustu tuotteeseen ja tilaa k\u00e4tev\u00e4sti STORIT-verkkokaupasta!\",\"breadcrumb\":{\"@id\":\"https:\/\/storitgroup.com\/fi\/tuote\/muovilaatikko-600-x-400-x-150mm-punainen\/#breadcrumb\"},\"inLanguage\":\"fi\",\"potentialAction\":[{\"@type\":\"ReadAction\",\"target\":[\"https:\/\/storitgroup.com\/fi\/tuote\/muovilaatikko-600-x-400-x-150mm-punainen\/\"]}]},{\"@type\":\"ImageObject\",\"inLanguage\":\"fi\",\"@id\":\"https:\/\/storitgroup.com\/fi\/tuote\/muovilaatikko-600-x-400-x-150mm-punainen\/#primaryimage\",\"url\":\"https:\/\/storitgroup.com\/uploads\/2021\/03\/16.-5866.jpg\",\"contentUrl\":\"https:\/\/storitgroup.com\/uploads\/2021\/03\/16.-5866.jpg\",\"width\":606,\"height\":451},{\"@type\":\"BreadcrumbList\",\"@id\":\"https:\/\/storitgroup.com\/fi\/tuote\/muovilaatikko-600-x-400-x-150mm-punainen\/#breadcrumb\",\"itemListElement\":[{\"@type\":\"ListItem\",\"position\":1,\"name\":\"Kotisivu\",\"item\":\"https:\/\/storitgroup.com\/fi\/\"},{\"@type\":\"ListItem\",\"position\":2,\"name\":\"Tuotteet\",\"item\":\"https:\/\/storitgroup.com\/fi\/tuotteet\/\"},{\"@type\":\"ListItem\",\"position\":3,\"name\":\"Varastolaatikot, s\u00e4ilytyslaatikot\",\"item\":\"https:\/\/storitgroup.com\/fi\/varastolaatikot-sailytyslaatikot\/\"},{\"@type\":\"ListItem\",\"position\":4,\"name\":\"Muovilaatikot, muovis\u00e4ili\u00f6t\",\"item\":\"https:\/\/storitgroup.com\/fi\/varastolaatikot-sailytyslaatikot\/muovilaatikot-muovisailiot\/\"},{\"@type\":\"ListItem\",\"position\":5,\"name\":\"Leipurin laatikko 600x400x150 mm, Virgin punainen\"}]},{\"@type\":\"WebSite\",\"@id\":\"https:\/\/storitgroup.com\/fi\/#website\",\"url\":\"https:\/\/storitgroup.com\/fi\/\",\"name\":\"Storit\",\"description\":\"\",\"potentialAction\":[{\"@type\":\"SearchAction\",\"target\":{\"@type\":\"EntryPoint\",\"urlTemplate\":\"https:\/\/storitgroup.com\/fi\/?s={search_term_string}\"},\"query-input\":{\"@type\":\"PropertyValueSpecification\",\"valueRequired\":true,\"valueName\":\"search_term_string\"}}],\"inLanguage\":\"fi\"}]}<\/script>\n<!-- \/ Yoast SEO plugin. -->","yoast_head_json":{"title":"Leipurin laatikko 600x400x150 mm, Virgin punainen &#8226; Storit","description":"Leipurin laatikko 600x400x150 mm, Virgin punainen \u2014 kohtuulliseen hintaan. Toimitukset kaikkialle Suomeen! \u261b Tutustu tuotteeseen ja tilaa k\u00e4tev\u00e4sti STORIT-verkkokaupasta!","robots":{"index":"index","follow":"follow","max-snippet":"max-snippet:-1","max-image-preview":"max-image-preview:large","max-video-preview":"max-video-preview:-1"},"canonical":"https:\/\/storitgroup.com\/fi\/tuote\/muovilaatikko-600-x-400-x-150mm-punainen\/","og_locale":"fi_FI","og_type":"article","og_title":"Leipurin laatikko 600x400x150 mm, Virgin punainen &#8226; Storit","og_description":"Leipurin laatikko 600x400x150 mm, Virgin punainen \u2014 kohtuulliseen hintaan. Toimitukset kaikkialle Suomeen! \u261b Tutustu tuotteeseen ja tilaa k\u00e4tev\u00e4sti STORIT-verkkokaupasta!","og_url":"https:\/\/storitgroup.com\/fi\/tuote\/muovilaatikko-600-x-400-x-150mm-punainen\/","og_site_name":"Storit","article_modified_time":"2024-11-20T15:12:33+00:00","og_image":[{"width":606,"height":451,"url":"https:\/\/storitgroup.com\/uploads\/2021\/03\/16.-5866.jpg","type":"image\/jpeg"}],"twitter_card":"summary_large_image","schema":{"@context":"https:\/\/schema.org","@graph":[{"@type":["WebPage","ItemPage"],"@id":"https:\/\/storitgroup.com\/fi\/tuote\/muovilaatikko-600-x-400-x-150mm-punainen\/","url":"https:\/\/storitgroup.com\/fi\/tuote\/muovilaatikko-600-x-400-x-150mm-punainen\/","name":"Leipurin laatikko 600x400x150 mm, Virgin punainen &#8226; Storit","isPartOf":{"@id":"https:\/\/storitgroup.com\/fi\/#website"},"primaryImageOfPage":{"@id":"https:\/\/storitgroup.com\/fi\/tuote\/muovilaatikko-600-x-400-x-150mm-punainen\/#primaryimage"},"image":{"@id":"https:\/\/storitgroup.com\/fi\/tuote\/muovilaatikko-600-x-400-x-150mm-punainen\/#primaryimage"},"thumbnailUrl":"https:\/\/storitgroup.com\/uploads\/2021\/03\/16.-5866.jpg","datePublished":"2021-03-08T22:45:56+00:00","dateModified":"2024-11-20T15:12:33+00:00","description":"Leipurin laatikko 600x400x150 mm, Virgin punainen \u2014 kohtuulliseen hintaan. Toimitukset kaikkialle Suomeen! \u261b Tutustu tuotteeseen ja tilaa k\u00e4tev\u00e4sti STORIT-verkkokaupasta!","breadcrumb":{"@id":"https:\/\/storitgroup.com\/fi\/tuote\/muovilaatikko-600-x-400-x-150mm-punainen\/#breadcrumb"},"inLanguage":"fi","potentialAction":[{"@type":"ReadAction","target":["https:\/\/storitgroup.com\/fi\/tuote\/muovilaatikko-600-x-400-x-150mm-punainen\/"]}]},{"@type":"ImageObject","inLanguage":"fi","@id":"https:\/\/storitgroup.com\/fi\/tuote\/muovilaatikko-600-x-400-x-150mm-punainen\/#primaryimage","url":"https:\/\/storitgroup.com\/uploads\/2021\/03\/16.-5866.jpg","contentUrl":"https:\/\/storitgroup.com\/uploads\/2021\/03\/16.-5866.jpg","width":606,"height":451},{"@type":"BreadcrumbList","@id":"https:\/\/storitgroup.com\/fi\/tuote\/muovilaatikko-600-x-400-x-150mm-punainen\/#breadcrumb","itemListElement":[{"@type":"ListItem","position":1,"name":"Kotisivu","item":"https:\/\/storitgroup.com\/fi\/"},{"@type":"ListItem","position":2,"name":"Tuotteet","item":"https:\/\/storitgroup.com\/fi\/tuotteet\/"},{"@type":"ListItem","position":3,"name":"Varastolaatikot, s\u00e4ilytyslaatikot","item":"https:\/\/storitgroup.com\/fi\/varastolaatikot-sailytyslaatikot\/"},{"@type":"ListItem","position":4,"name":"Muovilaatikot, muovis\u00e4ili\u00f6t","item":"https:\/\/storitgroup.com\/fi\/varastolaatikot-sailytyslaatikot\/muovilaatikot-muovisailiot\/"},{"@type":"ListItem","position":5,"name":"Leipurin laatikko 600x400x150 mm, Virgin punainen"}]},{"@type":"WebSite","@id":"https:\/\/storitgroup.com\/fi\/#website","url":"https:\/\/storitgroup.com\/fi\/","name":"Storit","description":"","potentialAction":[{"@type":"SearchAction","target":{"@type":"EntryPoint","urlTemplate":"https:\/\/storitgroup.com\/fi\/?s={search_term_string}"},"query-input":{"@type":"PropertyValueSpecification","valueRequired":true,"valueName":"search_term_string"}}],"inLanguage":"fi"}]}},"_links":{"self":[{"href":"https:\/\/storitgroup.com\/fi\/wp-json\/wp\/v2\/product\/13303","targetHints":{"allow":["GET"]}}],"collection":[{"href":"https:\/\/storitgroup.com\/fi\/wp-json\/wp\/v2\/product"}],"about":[{"href":"https:\/\/storitgroup.com\/fi\/wp-json\/wp\/v2\/types\/product"}],"wp:featuredmedia":[{"embeddable":true,"href":"https:\/\/storitgroup.com\/fi\/wp-json\/wp\/v2\/media\/212190"}],"wp:attachment":[{"href":"https:\/\/storitgroup.com\/fi\/wp-json\/wp\/v2\/media?parent=13303"}],"wp:term":[{"taxonomy":"product_brand","embeddable":true,"href":"https:\/\/storitgroup.com\/fi\/wp-json\/wp\/v2\/product_brand?post=13303"},{"taxonomy":"product_cat","embeddable":true,"href":"https:\/\/storitgroup.com\/fi\/wp-json\/wp\/v2\/product_cat?post=13303"},{"taxonomy":"product_tag","embeddable":true,"href":"https:\/\/storitgroup.com\/fi\/wp-json\/wp\/v2\/product_tag?post=13303"}],"curies":[{"name":"wp","href":"https:\/\/api.w.org\/{rel}","templated":true}]}}