{"id":13294,"date":"2021-03-09T02:45:49","date_gmt":"2021-03-08T22:45:49","guid":{"rendered":"https:\/\/storitgroup.com\/?post_type=product&#038;p=13294"},"modified":"2025-01-01T00:10:04","modified_gmt":"2024-12-31T22:10:04","slug":"muovilaatikko-600-x-400-x-230mm-punainen","status":"publish","type":"product","link":"https:\/\/storitgroup.com\/fi\/tuote\/muovilaatikko-600-x-400-x-230mm-punainen\/","title":{"rendered":"Muovilaatikko 600x400x230 mm, Virgin punainen, rei\u00b4itetty"},"content":{"rendered":"<p>Muovilaatikot on suunniteltu erilaisten tuoteryhmien kuljetukseen ja s\u00e4ilytykseen. Niit\u00e4 l\u00f6ytyy p\u00e4\u00e4asiassa kasvihuoneista ja pelloilta hedelmien ja vihannesten ker\u00e4\u00e4misen yhteydess\u00e4, mutta my\u00f6s elintarviketeollisuudessa pakattujen lihatuotteiden toimituksissa. Sen rei\u00b4itetyt sivut ja pohja varmistavat hyv\u00e4n ilmanvaihdon, ja vahva polyeteeni (HDPE) suojaa tuotteita ulkoisilta mekaanisilta iskuilta.<\/p>\n<p>L\u00e4mp\u00f6tilankesto: -35\u00b0C &#8211; +60\u00b0C, sallittu pesul\u00e4mp\u00f6tila enint\u00e4\u00e4n 90\u00b0C.<br \/>Sis\u00e4mitat: 564x364x200 mm.<\/p>\n","protected":false},"excerpt":{"rendered":"<p>Muovilaatikot on suunniteltu erilaisten tuoteryhmien kuljetukseen ja s\u00e4ilytykseen. Niit\u00e4 l\u00f6ytyy p\u00e4\u00e4asiassa kasvihuoneista ja pelloilta hedelmien ja vihannesten ker\u00e4\u00e4misen yhteydess\u00e4, mutta my\u00f6s elintarviketeollisuudessa pakattujen lihatuotteiden toimituksissa. Sen rei\u00b4itetyt sivut ja pohja varmistavat hyv\u00e4n ilmanvaihdon, ja vahva polyeteeni (HDPE) suojaa tuotteita ulkoisilta mekaanisilta iskuilta.<\/p>\n<p>L\u00e4mp\u00f6tilankesto: -35\u00b0C &#8211; +60\u00b0C, sallittu pesul\u00e4mp\u00f6tila enint\u00e4\u00e4n 90\u00b0C.<\/p>\n","protected":false},"featured_media":212215,"template":"","meta":{"_acf_changed":false},"product_brand":[],"product_cat":[7109],"product_tag":[],"class_list":{"0":"post-13294","1":"product","2":"type-product","3":"status-publish","4":"has-post-thumbnail","6":"product_room-ruuan-kasittely","7":"product_room-kaupankaynti-ja-myymalat","8":"product_room-iso-varasto","9":"product_room-pieni-varasto","10":"product_room-kotiratkaisut","11":"product_cat-loytonurkkaus","13":"first","14":"instock","15":"taxable","16":"shipping-taxable","17":"purchasable","18":"product-type-simple"},"acf":[],"yoast_head":"<!-- This site is optimized with the Yoast SEO plugin v27.3 - https:\/\/yoast.com\/product\/yoast-seo-wordpress\/ -->\n<title>Muovilaatikko 600x400x230 mm, Virgin punainen, rei\u00b4itetty &#8226; Storit<\/title>\n<meta name=\"description\" content=\"Muovilaatikko 600x400x230 mm, Virgin punainen, rei\u00b4itetty \u2014 kohtuulliseen hintaan. Toimitukset kaikkialle Suomeen! \u261b Tutustu tuotteeseen ja tilaa k\u00e4tev\u00e4sti STORIT-verkkokaupasta!\" \/>\n<meta name=\"robots\" content=\"index, follow, max-snippet:-1, max-image-preview:large, max-video-preview:-1\" \/>\n<link rel=\"canonical\" href=\"https:\/\/storitgroup.com\/fi\/tuote\/muovilaatikko-600-x-400-x-230mm-punainen\/\" \/>\n<meta property=\"og:locale\" content=\"fi_FI\" \/>\n<meta property=\"og:type\" content=\"article\" \/>\n<meta property=\"og:title\" content=\"Muovilaatikko 600x400x230 mm, Virgin punainen, rei\u00b4itetty &#8226; Storit\" \/>\n<meta property=\"og:description\" content=\"Muovilaatikko 600x400x230 mm, Virgin punainen, rei\u00b4itetty \u2014 kohtuulliseen hintaan. Toimitukset kaikkialle Suomeen! \u261b Tutustu tuotteeseen ja tilaa k\u00e4tev\u00e4sti STORIT-verkkokaupasta!\" \/>\n<meta property=\"og:url\" content=\"https:\/\/storitgroup.com\/fi\/tuote\/muovilaatikko-600-x-400-x-230mm-punainen\/\" \/>\n<meta property=\"og:site_name\" content=\"Storit\" \/>\n<meta property=\"article:modified_time\" content=\"2024-12-31T22:10:04+00:00\" \/>\n<meta property=\"og:image\" content=\"https:\/\/storitgroup.com\/uploads\/2021\/03\/18.-5100.jpg\" \/>\n\t<meta property=\"og:image:width\" content=\"602\" \/>\n\t<meta property=\"og:image:height\" content=\"450\" \/>\n\t<meta property=\"og:image:type\" content=\"image\/jpeg\" \/>\n<meta name=\"twitter:card\" content=\"summary_large_image\" \/>\n<script type=\"application\/ld+json\" class=\"yoast-schema-graph\">{\"@context\":\"https:\\\/\\\/schema.org\",\"@graph\":[{\"@type\":[\"WebPage\",\"ItemPage\"],\"@id\":\"https:\\\/\\\/storitgroup.com\\\/fi\\\/tuote\\\/muovilaatikko-600-x-400-x-230mm-punainen\\\/\",\"url\":\"https:\\\/\\\/storitgroup.com\\\/fi\\\/tuote\\\/muovilaatikko-600-x-400-x-230mm-punainen\\\/\",\"name\":\"Muovilaatikko 600x400x230 mm, Virgin punainen, rei\u00b4itetty &#8226; Storit\",\"isPartOf\":{\"@id\":\"https:\\\/\\\/storitgroup.com\\\/fi\\\/#website\"},\"primaryImageOfPage\":{\"@id\":\"https:\\\/\\\/storitgroup.com\\\/fi\\\/tuote\\\/muovilaatikko-600-x-400-x-230mm-punainen\\\/#primaryimage\"},\"image\":{\"@id\":\"https:\\\/\\\/storitgroup.com\\\/fi\\\/tuote\\\/muovilaatikko-600-x-400-x-230mm-punainen\\\/#primaryimage\"},\"thumbnailUrl\":\"https:\\\/\\\/storitgroup.com\\\/uploads\\\/2021\\\/03\\\/18.-5100.jpg\",\"datePublished\":\"2021-03-08T22:45:49+00:00\",\"dateModified\":\"2024-12-31T22:10:04+00:00\",\"description\":\"Muovilaatikko 600x400x230 mm, Virgin punainen, rei\u00b4itetty \u2014 kohtuulliseen hintaan. Toimitukset kaikkialle Suomeen! \u261b Tutustu tuotteeseen ja tilaa k\u00e4tev\u00e4sti STORIT-verkkokaupasta!\",\"breadcrumb\":{\"@id\":\"https:\\\/\\\/storitgroup.com\\\/fi\\\/tuote\\\/muovilaatikko-600-x-400-x-230mm-punainen\\\/#breadcrumb\"},\"inLanguage\":\"fi\",\"potentialAction\":[{\"@type\":\"ReadAction\",\"target\":[\"https:\\\/\\\/storitgroup.com\\\/fi\\\/tuote\\\/muovilaatikko-600-x-400-x-230mm-punainen\\\/\"]}]},{\"@type\":\"ImageObject\",\"inLanguage\":\"fi\",\"@id\":\"https:\\\/\\\/storitgroup.com\\\/fi\\\/tuote\\\/muovilaatikko-600-x-400-x-230mm-punainen\\\/#primaryimage\",\"url\":\"https:\\\/\\\/storitgroup.com\\\/uploads\\\/2021\\\/03\\\/18.-5100.jpg\",\"contentUrl\":\"https:\\\/\\\/storitgroup.com\\\/uploads\\\/2021\\\/03\\\/18.-5100.jpg\",\"width\":602,\"height\":450},{\"@type\":\"BreadcrumbList\",\"@id\":\"https:\\\/\\\/storitgroup.com\\\/fi\\\/tuote\\\/muovilaatikko-600-x-400-x-230mm-punainen\\\/#breadcrumb\",\"itemListElement\":[{\"@type\":\"ListItem\",\"position\":1,\"name\":\"Kotisivu\",\"item\":\"https:\\\/\\\/storitgroup.com\\\/fi\\\/\"},{\"@type\":\"ListItem\",\"position\":2,\"name\":\"Tuotteet\",\"item\":\"https:\\\/\\\/storitgroup.com\\\/fi\\\/tuotteet\\\/\"},{\"@type\":\"ListItem\",\"position\":3,\"name\":\"L\u00f6yt\u00f6nurkkaus\",\"item\":\"https:\\\/\\\/storitgroup.com\\\/fi\\\/tuotteet\\\/loytonurkkaus\\\/\"},{\"@type\":\"ListItem\",\"position\":4,\"name\":\"Muovilaatikko 600x400x230 mm, Virgin punainen, rei\u00b4itetty\"}]},{\"@type\":\"WebSite\",\"@id\":\"https:\\\/\\\/storitgroup.com\\\/fi\\\/#website\",\"url\":\"https:\\\/\\\/storitgroup.com\\\/fi\\\/\",\"name\":\"Storit\",\"description\":\"\",\"potentialAction\":[{\"@type\":\"SearchAction\",\"target\":{\"@type\":\"EntryPoint\",\"urlTemplate\":\"https:\\\/\\\/storitgroup.com\\\/fi\\\/?s={search_term_string}\"},\"query-input\":{\"@type\":\"PropertyValueSpecification\",\"valueRequired\":true,\"valueName\":\"search_term_string\"}}],\"inLanguage\":\"fi\"}]}<\/script>\n<!-- \/ Yoast SEO plugin. -->","yoast_head_json":{"title":"Muovilaatikko 600x400x230 mm, Virgin punainen, rei\u00b4itetty &#8226; Storit","description":"Muovilaatikko 600x400x230 mm, Virgin punainen, rei\u00b4itetty \u2014 kohtuulliseen hintaan. Toimitukset kaikkialle Suomeen! \u261b Tutustu tuotteeseen ja tilaa k\u00e4tev\u00e4sti STORIT-verkkokaupasta!","robots":{"index":"index","follow":"follow","max-snippet":"max-snippet:-1","max-image-preview":"max-image-preview:large","max-video-preview":"max-video-preview:-1"},"canonical":"https:\/\/storitgroup.com\/fi\/tuote\/muovilaatikko-600-x-400-x-230mm-punainen\/","og_locale":"fi_FI","og_type":"article","og_title":"Muovilaatikko 600x400x230 mm, Virgin punainen, rei\u00b4itetty &#8226; Storit","og_description":"Muovilaatikko 600x400x230 mm, Virgin punainen, rei\u00b4itetty \u2014 kohtuulliseen hintaan. Toimitukset kaikkialle Suomeen! \u261b Tutustu tuotteeseen ja tilaa k\u00e4tev\u00e4sti STORIT-verkkokaupasta!","og_url":"https:\/\/storitgroup.com\/fi\/tuote\/muovilaatikko-600-x-400-x-230mm-punainen\/","og_site_name":"Storit","article_modified_time":"2024-12-31T22:10:04+00:00","og_image":[{"width":602,"height":450,"url":"https:\/\/storitgroup.com\/uploads\/2021\/03\/18.-5100.jpg","type":"image\/jpeg"}],"twitter_card":"summary_large_image","schema":{"@context":"https:\/\/schema.org","@graph":[{"@type":["WebPage","ItemPage"],"@id":"https:\/\/storitgroup.com\/fi\/tuote\/muovilaatikko-600-x-400-x-230mm-punainen\/","url":"https:\/\/storitgroup.com\/fi\/tuote\/muovilaatikko-600-x-400-x-230mm-punainen\/","name":"Muovilaatikko 600x400x230 mm, Virgin punainen, rei\u00b4itetty &#8226; Storit","isPartOf":{"@id":"https:\/\/storitgroup.com\/fi\/#website"},"primaryImageOfPage":{"@id":"https:\/\/storitgroup.com\/fi\/tuote\/muovilaatikko-600-x-400-x-230mm-punainen\/#primaryimage"},"image":{"@id":"https:\/\/storitgroup.com\/fi\/tuote\/muovilaatikko-600-x-400-x-230mm-punainen\/#primaryimage"},"thumbnailUrl":"https:\/\/storitgroup.com\/uploads\/2021\/03\/18.-5100.jpg","datePublished":"2021-03-08T22:45:49+00:00","dateModified":"2024-12-31T22:10:04+00:00","description":"Muovilaatikko 600x400x230 mm, Virgin punainen, rei\u00b4itetty \u2014 kohtuulliseen hintaan. Toimitukset kaikkialle Suomeen! \u261b Tutustu tuotteeseen ja tilaa k\u00e4tev\u00e4sti STORIT-verkkokaupasta!","breadcrumb":{"@id":"https:\/\/storitgroup.com\/fi\/tuote\/muovilaatikko-600-x-400-x-230mm-punainen\/#breadcrumb"},"inLanguage":"fi","potentialAction":[{"@type":"ReadAction","target":["https:\/\/storitgroup.com\/fi\/tuote\/muovilaatikko-600-x-400-x-230mm-punainen\/"]}]},{"@type":"ImageObject","inLanguage":"fi","@id":"https:\/\/storitgroup.com\/fi\/tuote\/muovilaatikko-600-x-400-x-230mm-punainen\/#primaryimage","url":"https:\/\/storitgroup.com\/uploads\/2021\/03\/18.-5100.jpg","contentUrl":"https:\/\/storitgroup.com\/uploads\/2021\/03\/18.-5100.jpg","width":602,"height":450},{"@type":"BreadcrumbList","@id":"https:\/\/storitgroup.com\/fi\/tuote\/muovilaatikko-600-x-400-x-230mm-punainen\/#breadcrumb","itemListElement":[{"@type":"ListItem","position":1,"name":"Kotisivu","item":"https:\/\/storitgroup.com\/fi\/"},{"@type":"ListItem","position":2,"name":"Tuotteet","item":"https:\/\/storitgroup.com\/fi\/tuotteet\/"},{"@type":"ListItem","position":3,"name":"L\u00f6yt\u00f6nurkkaus","item":"https:\/\/storitgroup.com\/fi\/tuotteet\/loytonurkkaus\/"},{"@type":"ListItem","position":4,"name":"Muovilaatikko 600x400x230 mm, Virgin punainen, rei\u00b4itetty"}]},{"@type":"WebSite","@id":"https:\/\/storitgroup.com\/fi\/#website","url":"https:\/\/storitgroup.com\/fi\/","name":"Storit","description":"","potentialAction":[{"@type":"SearchAction","target":{"@type":"EntryPoint","urlTemplate":"https:\/\/storitgroup.com\/fi\/?s={search_term_string}"},"query-input":{"@type":"PropertyValueSpecification","valueRequired":true,"valueName":"search_term_string"}}],"inLanguage":"fi"}]}},"_links":{"self":[{"href":"https:\/\/storitgroup.com\/fi\/wp-json\/wp\/v2\/product\/13294","targetHints":{"allow":["GET"]}}],"collection":[{"href":"https:\/\/storitgroup.com\/fi\/wp-json\/wp\/v2\/product"}],"about":[{"href":"https:\/\/storitgroup.com\/fi\/wp-json\/wp\/v2\/types\/product"}],"wp:featuredmedia":[{"embeddable":true,"href":"https:\/\/storitgroup.com\/fi\/wp-json\/wp\/v2\/media\/212215"}],"wp:attachment":[{"href":"https:\/\/storitgroup.com\/fi\/wp-json\/wp\/v2\/media?parent=13294"}],"wp:term":[{"taxonomy":"product_brand","embeddable":true,"href":"https:\/\/storitgroup.com\/fi\/wp-json\/wp\/v2\/product_brand?post=13294"},{"taxonomy":"product_cat","embeddable":true,"href":"https:\/\/storitgroup.com\/fi\/wp-json\/wp\/v2\/product_cat?post=13294"},{"taxonomy":"product_tag","embeddable":true,"href":"https:\/\/storitgroup.com\/fi\/wp-json\/wp\/v2\/product_tag?post=13294"}],"curies":[{"name":"wp","href":"https:\/\/api.w.org\/{rel}","templated":true}]}}