{"id":13292,"date":"2021-03-09T02:45:48","date_gmt":"2021-03-08T22:45:48","guid":{"rendered":"https:\/\/storitgroup.com\/?post_type=product&#038;p=13292"},"modified":"2026-04-24T08:56:16","modified_gmt":"2026-04-24T05:56:16","slug":"muovilaatikko-600-x-400-x-300mm-punainen","status":"publish","type":"product","link":"https:\/\/storitgroup.com\/fi\/tuote\/muovilaatikko-600-x-400-x-300mm-punainen\/","title":{"rendered":"Muovilaatikko 600x400x300mm, punainen"},"content":{"rendered":"<p>Muovilaatikoiden k\u00e4ytt\u00f6ala on eritt\u00e4in laaja, aina kotitalouksista logistiikkayrityksiin ja suuriin teollisuusyrityksiin asti. Polyeteenist\u00e4 (HDPE) valmistetut laatikot ovat kevyit\u00e4, mutta samalla vahvoja ja kest\u00e4vi\u00e4. Laatikoita on mahdollista pinota p\u00e4\u00e4llekk\u00e4in siten, ett\u00e4 niiden sis\u00e4ll\u00e4 oleva tavara ei vahingoitu. K\u00e4\u00e4nt\u00e4m\u00e4ll\u00e4 laatikoita toisiaan kohtaan 180\u00b0 niiden pystyakselinsa ymp\u00e4ri, niit\u00e4 voidaan s\u00e4ilytt\u00e4\u00e4 sis\u00e4kk\u00e4in tilan s\u00e4\u00e4st\u00e4miseksi. Muovia on helppo puhdistaa, mik\u00e4 takaa niiden pitk\u00e4ik\u00e4isyyden ja hygieenisen k\u00e4yt\u00f6n. Laatikoissa olevista kahvoista on helppo nostaa ja k\u00e4tev\u00e4 kuljettaa. Lis\u00e4ksi muovilaatikot ovat ymp\u00e4rist\u00f6yst\u00e4v\u00e4llinen valinta, koska ne ovat uudelleenk\u00e4ytett\u00e4vi\u00e4, ja kierr\u00e4tett\u00e4v\u00e4\u00e4 materiaalia voidaan k\u00e4ytt\u00e4\u00e4 uudelleen k\u00e4yt\u00f6n j\u00e4lkeen.<\/p>\n<p>L\u00e4mp\u00f6tilankesto: -35 \u00b0C &#8211; +60 \u00b0C, pesul\u00e4mp\u00f6tila jopa 90 \u00b0C.<\/p>\n<p>Sis\u00e4mitat: 540x340x285 mm<\/p>\n","protected":false},"excerpt":{"rendered":"<p>Muovilaatikoiden k\u00e4ytt\u00f6ala on eritt\u00e4in laaja, aina kotitalouksista logistiikkayrityksiin ja suuriin teollisuusyrityksiin asti. Polyeteenist\u00e4 (HDPE) valmistetut laatikot ovat kevyit\u00e4, mutta samalla vahvoja ja kest\u00e4vi\u00e4. Laatikoita on mahdollista pinota p\u00e4\u00e4llekk\u00e4in siten, ett\u00e4 niiden sis\u00e4ll\u00e4 oleva tavara ei vahingoitu. K\u00e4\u00e4nt\u00e4m\u00e4ll\u00e4 laatikoita toisiaan kohtaan 180\u00b0 niiden pystyakselinsa ymp\u00e4ri, niit\u00e4 voidaan s\u00e4ilytt\u00e4\u00e4 sis\u00e4kk\u00e4in tilan s\u00e4\u00e4st\u00e4miseksi. Muovia on helppo puhdistaa, mik\u00e4 takaa niiden pitk\u00e4ik\u00e4isyyden ja hygieenisen k\u00e4yt\u00f6n. Laatikoissa olevista kahvoista on helppo nostaa ja k\u00e4tev\u00e4 kuljettaa. Lis\u00e4ksi muovilaatikot ovat ymp\u00e4rist\u00f6yst\u00e4v\u00e4llinen valinta, koska ne ovat uudelleenk\u00e4ytett\u00e4vi\u00e4, ja kierr\u00e4tett\u00e4v\u00e4\u00e4 materiaalia voidaan k\u00e4ytt\u00e4\u00e4 uudelleen k\u00e4yt\u00f6n j\u00e4lkeen.<\/p>\n<p>L\u00e4mp\u00f6tilankesto: -35 \u00b0C &#8211; +60 \u00b0C, pesul\u00e4mp\u00f6tila jopa 90 \u00b0C.<\/p>\n","protected":false},"featured_media":212115,"template":"","meta":{"_acf_changed":false},"product_brand":[],"product_cat":[7102],"product_tag":[],"class_list":{"0":"post-13292","1":"product","2":"type-product","3":"status-publish","4":"has-post-thumbnail","6":"product_room-kotiratkaisut","7":"product_room-ruuan-kasittely","8":"product_room-kaupankaynti-ja-myymalat","9":"product_room-iso-varasto","10":"product_room-pieni-varasto","11":"product_cat-muovilaatikot-muovisailiot","13":"first","14":"instock","15":"taxable","16":"shipping-taxable","17":"purchasable","18":"product-type-simple"},"acf":[],"yoast_head":"<!-- This site is optimized with the Yoast SEO plugin v27.4 - https:\/\/yoast.com\/product\/yoast-seo-wordpress\/ -->\n<title>Muovilaatikko 600x400x300mm, punainen &#8226; Storit<\/title>\n<meta name=\"description\" content=\"Muovilaatikko 600x400x300mm, punainen \u2014 kohtuulliseen hintaan. Toimitukset kaikkialle Suomeen! \u261b Tutustu tuotteeseen ja tilaa k\u00e4tev\u00e4sti STORIT-verkkokaupasta!\" \/>\n<meta name=\"robots\" content=\"index, follow, max-snippet:-1, max-image-preview:large, max-video-preview:-1\" \/>\n<link rel=\"canonical\" href=\"https:\/\/storitgroup.com\/fi\/tuote\/muovilaatikko-600-x-400-x-300mm-punainen\/\" \/>\n<meta property=\"og:locale\" content=\"fi_FI\" \/>\n<meta property=\"og:type\" content=\"article\" \/>\n<meta property=\"og:title\" content=\"Muovilaatikko 600x400x300mm, punainen &#8226; Storit\" \/>\n<meta property=\"og:description\" content=\"Muovilaatikko 600x400x300mm, punainen \u2014 kohtuulliseen hintaan. Toimitukset kaikkialle Suomeen! \u261b Tutustu tuotteeseen ja tilaa k\u00e4tev\u00e4sti STORIT-verkkokaupasta!\" \/>\n<meta property=\"og:url\" content=\"https:\/\/storitgroup.com\/fi\/tuote\/muovilaatikko-600-x-400-x-300mm-punainen\/\" \/>\n<meta property=\"og:site_name\" content=\"Storit\" \/>\n<meta property=\"article:modified_time\" content=\"2026-04-24T05:56:16+00:00\" \/>\n<meta property=\"og:image\" content=\"https:\/\/storitgroup.com\/uploads\/2021\/03\/9.-5000.jpg\" \/>\n\t<meta property=\"og:image:width\" content=\"601\" \/>\n\t<meta property=\"og:image:height\" content=\"450\" \/>\n\t<meta property=\"og:image:type\" content=\"image\/jpeg\" \/>\n<meta name=\"twitter:card\" content=\"summary_large_image\" \/>\n<meta name=\"twitter:label1\" content=\"Arvioitu lukuaika\" \/>\n\t<meta name=\"twitter:data1\" content=\"1 minuutti\" \/>\n<script type=\"application\/ld+json\" class=\"yoast-schema-graph\">{\"@context\":\"https:\\\/\\\/schema.org\",\"@graph\":[{\"@type\":[\"WebPage\",\"ItemPage\"],\"@id\":\"https:\\\/\\\/storitgroup.com\\\/fi\\\/tuote\\\/muovilaatikko-600-x-400-x-300mm-punainen\\\/\",\"url\":\"https:\\\/\\\/storitgroup.com\\\/fi\\\/tuote\\\/muovilaatikko-600-x-400-x-300mm-punainen\\\/\",\"name\":\"Muovilaatikko 600x400x300mm, punainen &#8226; Storit\",\"isPartOf\":{\"@id\":\"https:\\\/\\\/storitgroup.com\\\/fi\\\/#website\"},\"primaryImageOfPage\":{\"@id\":\"https:\\\/\\\/storitgroup.com\\\/fi\\\/tuote\\\/muovilaatikko-600-x-400-x-300mm-punainen\\\/#primaryimage\"},\"image\":{\"@id\":\"https:\\\/\\\/storitgroup.com\\\/fi\\\/tuote\\\/muovilaatikko-600-x-400-x-300mm-punainen\\\/#primaryimage\"},\"thumbnailUrl\":\"https:\\\/\\\/storitgroup.com\\\/uploads\\\/2021\\\/03\\\/9.-5000.jpg\",\"datePublished\":\"2021-03-08T22:45:48+00:00\",\"dateModified\":\"2026-04-24T05:56:16+00:00\",\"description\":\"Muovilaatikko 600x400x300mm, punainen \u2014 kohtuulliseen hintaan. Toimitukset kaikkialle Suomeen! \u261b Tutustu tuotteeseen ja tilaa k\u00e4tev\u00e4sti STORIT-verkkokaupasta!\",\"breadcrumb\":{\"@id\":\"https:\\\/\\\/storitgroup.com\\\/fi\\\/tuote\\\/muovilaatikko-600-x-400-x-300mm-punainen\\\/#breadcrumb\"},\"inLanguage\":\"fi\",\"potentialAction\":[{\"@type\":\"ReadAction\",\"target\":[\"https:\\\/\\\/storitgroup.com\\\/fi\\\/tuote\\\/muovilaatikko-600-x-400-x-300mm-punainen\\\/\"]}]},{\"@type\":\"ImageObject\",\"inLanguage\":\"fi\",\"@id\":\"https:\\\/\\\/storitgroup.com\\\/fi\\\/tuote\\\/muovilaatikko-600-x-400-x-300mm-punainen\\\/#primaryimage\",\"url\":\"https:\\\/\\\/storitgroup.com\\\/uploads\\\/2021\\\/03\\\/9.-5000.jpg\",\"contentUrl\":\"https:\\\/\\\/storitgroup.com\\\/uploads\\\/2021\\\/03\\\/9.-5000.jpg\",\"width\":601,\"height\":450},{\"@type\":\"BreadcrumbList\",\"@id\":\"https:\\\/\\\/storitgroup.com\\\/fi\\\/tuote\\\/muovilaatikko-600-x-400-x-300mm-punainen\\\/#breadcrumb\",\"itemListElement\":[{\"@type\":\"ListItem\",\"position\":1,\"name\":\"Kotisivu\",\"item\":\"https:\\\/\\\/storitgroup.com\\\/fi\\\/\"},{\"@type\":\"ListItem\",\"position\":2,\"name\":\"Tuotteet\",\"item\":\"https:\\\/\\\/storitgroup.com\\\/fi\\\/tuotteet\\\/\"},{\"@type\":\"ListItem\",\"position\":3,\"name\":\"Varastolaatikot, s\u00e4ilytyslaatikot\",\"item\":\"https:\\\/\\\/storitgroup.com\\\/fi\\\/tuotteet\\\/varastolaatikot-sailytyslaatikot\\\/\"},{\"@type\":\"ListItem\",\"position\":4,\"name\":\"Muovilaatikot, muovis\u00e4ili\u00f6t\",\"item\":\"https:\\\/\\\/storitgroup.com\\\/fi\\\/tuotteet\\\/varastolaatikot-sailytyslaatikot\\\/muovilaatikot-muovisailiot\\\/\"},{\"@type\":\"ListItem\",\"position\":5,\"name\":\"Muovilaatikko 600x400x300mm, punainen\"}]},{\"@type\":\"WebSite\",\"@id\":\"https:\\\/\\\/storitgroup.com\\\/fi\\\/#website\",\"url\":\"https:\\\/\\\/storitgroup.com\\\/fi\\\/\",\"name\":\"Storit\",\"description\":\"\",\"potentialAction\":[{\"@type\":\"SearchAction\",\"target\":{\"@type\":\"EntryPoint\",\"urlTemplate\":\"https:\\\/\\\/storitgroup.com\\\/fi\\\/?s={search_term_string}\"},\"query-input\":{\"@type\":\"PropertyValueSpecification\",\"valueRequired\":true,\"valueName\":\"search_term_string\"}}],\"inLanguage\":\"fi\"}]}<\/script>\n<!-- \/ Yoast SEO plugin. -->","yoast_head_json":{"title":"Muovilaatikko 600x400x300mm, punainen &#8226; Storit","description":"Muovilaatikko 600x400x300mm, punainen \u2014 kohtuulliseen hintaan. Toimitukset kaikkialle Suomeen! \u261b Tutustu tuotteeseen ja tilaa k\u00e4tev\u00e4sti STORIT-verkkokaupasta!","robots":{"index":"index","follow":"follow","max-snippet":"max-snippet:-1","max-image-preview":"max-image-preview:large","max-video-preview":"max-video-preview:-1"},"canonical":"https:\/\/storitgroup.com\/fi\/tuote\/muovilaatikko-600-x-400-x-300mm-punainen\/","og_locale":"fi_FI","og_type":"article","og_title":"Muovilaatikko 600x400x300mm, punainen &#8226; Storit","og_description":"Muovilaatikko 600x400x300mm, punainen \u2014 kohtuulliseen hintaan. Toimitukset kaikkialle Suomeen! \u261b Tutustu tuotteeseen ja tilaa k\u00e4tev\u00e4sti STORIT-verkkokaupasta!","og_url":"https:\/\/storitgroup.com\/fi\/tuote\/muovilaatikko-600-x-400-x-300mm-punainen\/","og_site_name":"Storit","article_modified_time":"2026-04-24T05:56:16+00:00","og_image":[{"width":601,"height":450,"url":"https:\/\/storitgroup.com\/uploads\/2021\/03\/9.-5000.jpg","type":"image\/jpeg"}],"twitter_card":"summary_large_image","twitter_misc":{"Arvioitu lukuaika":"1 minuutti"},"schema":{"@context":"https:\/\/schema.org","@graph":[{"@type":["WebPage","ItemPage"],"@id":"https:\/\/storitgroup.com\/fi\/tuote\/muovilaatikko-600-x-400-x-300mm-punainen\/","url":"https:\/\/storitgroup.com\/fi\/tuote\/muovilaatikko-600-x-400-x-300mm-punainen\/","name":"Muovilaatikko 600x400x300mm, punainen &#8226; Storit","isPartOf":{"@id":"https:\/\/storitgroup.com\/fi\/#website"},"primaryImageOfPage":{"@id":"https:\/\/storitgroup.com\/fi\/tuote\/muovilaatikko-600-x-400-x-300mm-punainen\/#primaryimage"},"image":{"@id":"https:\/\/storitgroup.com\/fi\/tuote\/muovilaatikko-600-x-400-x-300mm-punainen\/#primaryimage"},"thumbnailUrl":"https:\/\/storitgroup.com\/uploads\/2021\/03\/9.-5000.jpg","datePublished":"2021-03-08T22:45:48+00:00","dateModified":"2026-04-24T05:56:16+00:00","description":"Muovilaatikko 600x400x300mm, punainen \u2014 kohtuulliseen hintaan. Toimitukset kaikkialle Suomeen! \u261b Tutustu tuotteeseen ja tilaa k\u00e4tev\u00e4sti STORIT-verkkokaupasta!","breadcrumb":{"@id":"https:\/\/storitgroup.com\/fi\/tuote\/muovilaatikko-600-x-400-x-300mm-punainen\/#breadcrumb"},"inLanguage":"fi","potentialAction":[{"@type":"ReadAction","target":["https:\/\/storitgroup.com\/fi\/tuote\/muovilaatikko-600-x-400-x-300mm-punainen\/"]}]},{"@type":"ImageObject","inLanguage":"fi","@id":"https:\/\/storitgroup.com\/fi\/tuote\/muovilaatikko-600-x-400-x-300mm-punainen\/#primaryimage","url":"https:\/\/storitgroup.com\/uploads\/2021\/03\/9.-5000.jpg","contentUrl":"https:\/\/storitgroup.com\/uploads\/2021\/03\/9.-5000.jpg","width":601,"height":450},{"@type":"BreadcrumbList","@id":"https:\/\/storitgroup.com\/fi\/tuote\/muovilaatikko-600-x-400-x-300mm-punainen\/#breadcrumb","itemListElement":[{"@type":"ListItem","position":1,"name":"Kotisivu","item":"https:\/\/storitgroup.com\/fi\/"},{"@type":"ListItem","position":2,"name":"Tuotteet","item":"https:\/\/storitgroup.com\/fi\/tuotteet\/"},{"@type":"ListItem","position":3,"name":"Varastolaatikot, s\u00e4ilytyslaatikot","item":"https:\/\/storitgroup.com\/fi\/tuotteet\/varastolaatikot-sailytyslaatikot\/"},{"@type":"ListItem","position":4,"name":"Muovilaatikot, muovis\u00e4ili\u00f6t","item":"https:\/\/storitgroup.com\/fi\/tuotteet\/varastolaatikot-sailytyslaatikot\/muovilaatikot-muovisailiot\/"},{"@type":"ListItem","position":5,"name":"Muovilaatikko 600x400x300mm, punainen"}]},{"@type":"WebSite","@id":"https:\/\/storitgroup.com\/fi\/#website","url":"https:\/\/storitgroup.com\/fi\/","name":"Storit","description":"","potentialAction":[{"@type":"SearchAction","target":{"@type":"EntryPoint","urlTemplate":"https:\/\/storitgroup.com\/fi\/?s={search_term_string}"},"query-input":{"@type":"PropertyValueSpecification","valueRequired":true,"valueName":"search_term_string"}}],"inLanguage":"fi"}]}},"_links":{"self":[{"href":"https:\/\/storitgroup.com\/fi\/wp-json\/wp\/v2\/product\/13292","targetHints":{"allow":["GET"]}}],"collection":[{"href":"https:\/\/storitgroup.com\/fi\/wp-json\/wp\/v2\/product"}],"about":[{"href":"https:\/\/storitgroup.com\/fi\/wp-json\/wp\/v2\/types\/product"}],"wp:featuredmedia":[{"embeddable":true,"href":"https:\/\/storitgroup.com\/fi\/wp-json\/wp\/v2\/media\/212115"}],"wp:attachment":[{"href":"https:\/\/storitgroup.com\/fi\/wp-json\/wp\/v2\/media?parent=13292"}],"wp:term":[{"taxonomy":"product_brand","embeddable":true,"href":"https:\/\/storitgroup.com\/fi\/wp-json\/wp\/v2\/product_brand?post=13292"},{"taxonomy":"product_cat","embeddable":true,"href":"https:\/\/storitgroup.com\/fi\/wp-json\/wp\/v2\/product_cat?post=13292"},{"taxonomy":"product_tag","embeddable":true,"href":"https:\/\/storitgroup.com\/fi\/wp-json\/wp\/v2\/product_tag?post=13292"}],"curies":[{"name":"wp","href":"https:\/\/api.w.org\/{rel}","templated":true}]}}