{"id":13288,"date":"2021-03-09T02:45:44","date_gmt":"2021-03-09T00:45:44","guid":{"rendered":"https:\/\/storitgroup.com\/?post_type=product&#038;p=13288"},"modified":"2026-04-03T18:01:34","modified_gmt":"2026-04-03T15:01:34","slug":"hyllylaatikon-jakaja-188-x-80mm-sininen","status":"publish","type":"product","link":"https:\/\/storitgroup.com\/fi\/tuote\/hyllylaatikon-jakaja-188-x-80mm-sininen\/","title":{"rendered":"Tilanjakaja Schoellerin ottolaatikkoihin leveyksell\u00e4 188 mm"},"content":{"rendered":"<p>Jakaja hyllylaatikossa mahdollistaa erilaisten pikkutavaroiden s\u00e4ilytt\u00e4misen ilman niiden sekoittumista kesken\u00e4\u00e4n.<\/p>\n","protected":false},"excerpt":{"rendered":"<p>Jakaja hyllylaatikossa mahdollistaa erilaisten pikkutavaroiden s\u00e4ilytt\u00e4misen ilman niiden sekoittumista kesken\u00e4\u00e4n.<\/p>\n","protected":false},"featured_media":208890,"template":"","meta":{"_acf_changed":false},"product_brand":[],"product_cat":[7210],"product_tag":[],"class_list":{"0":"post-13288","1":"product","2":"type-product","3":"status-publish","4":"has-post-thumbnail","6":"product_room-tyopaja-ja-autotalli","7":"product_room-pieni-varasto","8":"product_room-kotiratkaisut","9":"product_room-kompaktit-varastot","10":"product_cat-sailytyslaatikot-schoeller","12":"first","13":"instock","14":"taxable","15":"shipping-taxable","16":"purchasable","17":"product-type-simple"},"acf":[],"yoast_head":"<!-- This site is optimized with the Yoast SEO plugin v27.2 - https:\/\/yoast.com\/product\/yoast-seo-wordpress\/ -->\n<title>Tilanjakaja Schoellerin ottolaatikkoihin leveyksell\u00e4 188 mm &#8226; Storit<\/title>\n<meta name=\"description\" content=\"Tilanjakaja Schoellerin ottolaatikkoihin leveyksell\u00e4 188 mm \u2014 kohtuulliseen hintaan. Toimitukset kaikkialle Suomeen! \u261b Tutustu tuotteeseen ja tilaa k\u00e4tev\u00e4sti STORIT-verkkokaupasta!\" \/>\n<meta name=\"robots\" content=\"index, follow, max-snippet:-1, max-image-preview:large, max-video-preview:-1\" \/>\n<link rel=\"canonical\" href=\"https:\/\/storitgroup.com\/fi\/tuote\/hyllylaatikon-jakaja-188-x-80mm-sininen\/\" \/>\n<meta property=\"og:locale\" content=\"fi_FI\" \/>\n<meta property=\"og:type\" content=\"article\" \/>\n<meta property=\"og:title\" content=\"Tilanjakaja Schoellerin ottolaatikkoihin leveyksell\u00e4 188 mm &#8226; Storit\" \/>\n<meta property=\"og:description\" content=\"Tilanjakaja Schoellerin ottolaatikkoihin leveyksell\u00e4 188 mm \u2014 kohtuulliseen hintaan. Toimitukset kaikkialle Suomeen! \u261b Tutustu tuotteeseen ja tilaa k\u00e4tev\u00e4sti STORIT-verkkokaupasta!\" \/>\n<meta property=\"og:url\" content=\"https:\/\/storitgroup.com\/fi\/tuote\/hyllylaatikon-jakaja-188-x-80mm-sininen\/\" \/>\n<meta property=\"og:site_name\" content=\"Storit\" \/>\n<meta property=\"article:modified_time\" content=\"2026-04-03T15:01:34+00:00\" \/>\n<meta property=\"og:image\" content=\"https:\/\/storitgroup.com\/uploads\/2021\/03\/8.-4534_1.jpg\" \/>\n\t<meta property=\"og:image:width\" content=\"880\" \/>\n\t<meta property=\"og:image:height\" content=\"598\" \/>\n\t<meta property=\"og:image:type\" content=\"image\/jpeg\" \/>\n<meta name=\"twitter:card\" content=\"summary_large_image\" \/>\n<script type=\"application\/ld+json\" class=\"yoast-schema-graph\">{\"@context\":\"https:\/\/schema.org\",\"@graph\":[{\"@type\":[\"WebPage\",\"ItemPage\"],\"@id\":\"https:\/\/storitgroup.com\/fi\/tuote\/hyllylaatikon-jakaja-188-x-80mm-sininen\/\",\"url\":\"https:\/\/storitgroup.com\/fi\/tuote\/hyllylaatikon-jakaja-188-x-80mm-sininen\/\",\"name\":\"Tilanjakaja Schoellerin ottolaatikkoihin leveyksell\u00e4 188 mm &#8226; Storit\",\"isPartOf\":{\"@id\":\"https:\/\/storitgroup.com\/fi\/#website\"},\"primaryImageOfPage\":{\"@id\":\"https:\/\/storitgroup.com\/fi\/tuote\/hyllylaatikon-jakaja-188-x-80mm-sininen\/#primaryimage\"},\"image\":{\"@id\":\"https:\/\/storitgroup.com\/fi\/tuote\/hyllylaatikon-jakaja-188-x-80mm-sininen\/#primaryimage\"},\"thumbnailUrl\":\"https:\/\/storitgroup.com\/uploads\/2021\/03\/8.-4534_1.jpg\",\"datePublished\":\"2021-03-09T00:45:44+00:00\",\"dateModified\":\"2026-04-03T15:01:34+00:00\",\"description\":\"Tilanjakaja Schoellerin ottolaatikkoihin leveyksell\u00e4 188 mm \u2014 kohtuulliseen hintaan. Toimitukset kaikkialle Suomeen! \u261b Tutustu tuotteeseen ja tilaa k\u00e4tev\u00e4sti STORIT-verkkokaupasta!\",\"breadcrumb\":{\"@id\":\"https:\/\/storitgroup.com\/fi\/tuote\/hyllylaatikon-jakaja-188-x-80mm-sininen\/#breadcrumb\"},\"inLanguage\":\"fi\",\"potentialAction\":[{\"@type\":\"ReadAction\",\"target\":[\"https:\/\/storitgroup.com\/fi\/tuote\/hyllylaatikon-jakaja-188-x-80mm-sininen\/\"]}]},{\"@type\":\"ImageObject\",\"inLanguage\":\"fi\",\"@id\":\"https:\/\/storitgroup.com\/fi\/tuote\/hyllylaatikon-jakaja-188-x-80mm-sininen\/#primaryimage\",\"url\":\"https:\/\/storitgroup.com\/uploads\/2021\/03\/8.-4534_1.jpg\",\"contentUrl\":\"https:\/\/storitgroup.com\/uploads\/2021\/03\/8.-4534_1.jpg\",\"width\":880,\"height\":598},{\"@type\":\"BreadcrumbList\",\"@id\":\"https:\/\/storitgroup.com\/fi\/tuote\/hyllylaatikon-jakaja-188-x-80mm-sininen\/#breadcrumb\",\"itemListElement\":[{\"@type\":\"ListItem\",\"position\":1,\"name\":\"Kotisivu\",\"item\":\"https:\/\/storitgroup.com\/fi\/\"},{\"@type\":\"ListItem\",\"position\":2,\"name\":\"Tuotteet\",\"item\":\"https:\/\/storitgroup.com\/fi\/tuotteet\/\"},{\"@type\":\"ListItem\",\"position\":3,\"name\":\"Varastolaatikot, s\u00e4ilytyslaatikot\",\"item\":\"https:\/\/storitgroup.com\/fi\/varastolaatikot-sailytyslaatikot\/\"},{\"@type\":\"ListItem\",\"position\":4,\"name\":\"S\u00e4ilytyslaatikot, telinelaatikot (sadonkorjuulaatikot)\",\"item\":\"https:\/\/storitgroup.com\/fi\/varastolaatikot-sailytyslaatikot\/sailytyslaatikot-telinelaatikot-sadonkorjuulaatikot\/\"},{\"@type\":\"ListItem\",\"position\":5,\"name\":\"S\u00e4ilytyslaatikot: SCHOELLER\",\"item\":\"https:\/\/storitgroup.com\/fi\/varastolaatikot-sailytyslaatikot\/sailytyslaatikot-telinelaatikot-sadonkorjuulaatikot\/sailytyslaatikot-schoeller\/\"},{\"@type\":\"ListItem\",\"position\":6,\"name\":\"Tilanjakaja Schoellerin ottolaatikkoihin leveyksell\u00e4 188 mm\"}]},{\"@type\":\"WebSite\",\"@id\":\"https:\/\/storitgroup.com\/fi\/#website\",\"url\":\"https:\/\/storitgroup.com\/fi\/\",\"name\":\"Storit\",\"description\":\"\",\"potentialAction\":[{\"@type\":\"SearchAction\",\"target\":{\"@type\":\"EntryPoint\",\"urlTemplate\":\"https:\/\/storitgroup.com\/fi\/?s={search_term_string}\"},\"query-input\":{\"@type\":\"PropertyValueSpecification\",\"valueRequired\":true,\"valueName\":\"search_term_string\"}}],\"inLanguage\":\"fi\"}]}<\/script>\n<!-- \/ Yoast SEO plugin. -->","yoast_head_json":{"title":"Tilanjakaja Schoellerin ottolaatikkoihin leveyksell\u00e4 188 mm &#8226; Storit","description":"Tilanjakaja Schoellerin ottolaatikkoihin leveyksell\u00e4 188 mm \u2014 kohtuulliseen hintaan. Toimitukset kaikkialle Suomeen! \u261b Tutustu tuotteeseen ja tilaa k\u00e4tev\u00e4sti STORIT-verkkokaupasta!","robots":{"index":"index","follow":"follow","max-snippet":"max-snippet:-1","max-image-preview":"max-image-preview:large","max-video-preview":"max-video-preview:-1"},"canonical":"https:\/\/storitgroup.com\/fi\/tuote\/hyllylaatikon-jakaja-188-x-80mm-sininen\/","og_locale":"fi_FI","og_type":"article","og_title":"Tilanjakaja Schoellerin ottolaatikkoihin leveyksell\u00e4 188 mm &#8226; Storit","og_description":"Tilanjakaja Schoellerin ottolaatikkoihin leveyksell\u00e4 188 mm \u2014 kohtuulliseen hintaan. Toimitukset kaikkialle Suomeen! \u261b Tutustu tuotteeseen ja tilaa k\u00e4tev\u00e4sti STORIT-verkkokaupasta!","og_url":"https:\/\/storitgroup.com\/fi\/tuote\/hyllylaatikon-jakaja-188-x-80mm-sininen\/","og_site_name":"Storit","article_modified_time":"2026-04-03T15:01:34+00:00","og_image":[{"width":880,"height":598,"url":"https:\/\/storitgroup.com\/uploads\/2021\/03\/8.-4534_1.jpg","type":"image\/jpeg"}],"twitter_card":"summary_large_image","schema":{"@context":"https:\/\/schema.org","@graph":[{"@type":["WebPage","ItemPage"],"@id":"https:\/\/storitgroup.com\/fi\/tuote\/hyllylaatikon-jakaja-188-x-80mm-sininen\/","url":"https:\/\/storitgroup.com\/fi\/tuote\/hyllylaatikon-jakaja-188-x-80mm-sininen\/","name":"Tilanjakaja Schoellerin ottolaatikkoihin leveyksell\u00e4 188 mm &#8226; Storit","isPartOf":{"@id":"https:\/\/storitgroup.com\/fi\/#website"},"primaryImageOfPage":{"@id":"https:\/\/storitgroup.com\/fi\/tuote\/hyllylaatikon-jakaja-188-x-80mm-sininen\/#primaryimage"},"image":{"@id":"https:\/\/storitgroup.com\/fi\/tuote\/hyllylaatikon-jakaja-188-x-80mm-sininen\/#primaryimage"},"thumbnailUrl":"https:\/\/storitgroup.com\/uploads\/2021\/03\/8.-4534_1.jpg","datePublished":"2021-03-09T00:45:44+00:00","dateModified":"2026-04-03T15:01:34+00:00","description":"Tilanjakaja Schoellerin ottolaatikkoihin leveyksell\u00e4 188 mm \u2014 kohtuulliseen hintaan. Toimitukset kaikkialle Suomeen! \u261b Tutustu tuotteeseen ja tilaa k\u00e4tev\u00e4sti STORIT-verkkokaupasta!","breadcrumb":{"@id":"https:\/\/storitgroup.com\/fi\/tuote\/hyllylaatikon-jakaja-188-x-80mm-sininen\/#breadcrumb"},"inLanguage":"fi","potentialAction":[{"@type":"ReadAction","target":["https:\/\/storitgroup.com\/fi\/tuote\/hyllylaatikon-jakaja-188-x-80mm-sininen\/"]}]},{"@type":"ImageObject","inLanguage":"fi","@id":"https:\/\/storitgroup.com\/fi\/tuote\/hyllylaatikon-jakaja-188-x-80mm-sininen\/#primaryimage","url":"https:\/\/storitgroup.com\/uploads\/2021\/03\/8.-4534_1.jpg","contentUrl":"https:\/\/storitgroup.com\/uploads\/2021\/03\/8.-4534_1.jpg","width":880,"height":598},{"@type":"BreadcrumbList","@id":"https:\/\/storitgroup.com\/fi\/tuote\/hyllylaatikon-jakaja-188-x-80mm-sininen\/#breadcrumb","itemListElement":[{"@type":"ListItem","position":1,"name":"Kotisivu","item":"https:\/\/storitgroup.com\/fi\/"},{"@type":"ListItem","position":2,"name":"Tuotteet","item":"https:\/\/storitgroup.com\/fi\/tuotteet\/"},{"@type":"ListItem","position":3,"name":"Varastolaatikot, s\u00e4ilytyslaatikot","item":"https:\/\/storitgroup.com\/fi\/varastolaatikot-sailytyslaatikot\/"},{"@type":"ListItem","position":4,"name":"S\u00e4ilytyslaatikot, telinelaatikot (sadonkorjuulaatikot)","item":"https:\/\/storitgroup.com\/fi\/varastolaatikot-sailytyslaatikot\/sailytyslaatikot-telinelaatikot-sadonkorjuulaatikot\/"},{"@type":"ListItem","position":5,"name":"S\u00e4ilytyslaatikot: SCHOELLER","item":"https:\/\/storitgroup.com\/fi\/varastolaatikot-sailytyslaatikot\/sailytyslaatikot-telinelaatikot-sadonkorjuulaatikot\/sailytyslaatikot-schoeller\/"},{"@type":"ListItem","position":6,"name":"Tilanjakaja Schoellerin ottolaatikkoihin leveyksell\u00e4 188 mm"}]},{"@type":"WebSite","@id":"https:\/\/storitgroup.com\/fi\/#website","url":"https:\/\/storitgroup.com\/fi\/","name":"Storit","description":"","potentialAction":[{"@type":"SearchAction","target":{"@type":"EntryPoint","urlTemplate":"https:\/\/storitgroup.com\/fi\/?s={search_term_string}"},"query-input":{"@type":"PropertyValueSpecification","valueRequired":true,"valueName":"search_term_string"}}],"inLanguage":"fi"}]}},"_links":{"self":[{"href":"https:\/\/storitgroup.com\/fi\/wp-json\/wp\/v2\/product\/13288","targetHints":{"allow":["GET"]}}],"collection":[{"href":"https:\/\/storitgroup.com\/fi\/wp-json\/wp\/v2\/product"}],"about":[{"href":"https:\/\/storitgroup.com\/fi\/wp-json\/wp\/v2\/types\/product"}],"wp:featuredmedia":[{"embeddable":true,"href":"https:\/\/storitgroup.com\/fi\/wp-json\/wp\/v2\/media\/208890"}],"wp:attachment":[{"href":"https:\/\/storitgroup.com\/fi\/wp-json\/wp\/v2\/media?parent=13288"}],"wp:term":[{"taxonomy":"product_brand","embeddable":true,"href":"https:\/\/storitgroup.com\/fi\/wp-json\/wp\/v2\/product_brand?post=13288"},{"taxonomy":"product_cat","embeddable":true,"href":"https:\/\/storitgroup.com\/fi\/wp-json\/wp\/v2\/product_cat?post=13288"},{"taxonomy":"product_tag","embeddable":true,"href":"https:\/\/storitgroup.com\/fi\/wp-json\/wp\/v2\/product_tag?post=13288"}],"curies":[{"name":"wp","href":"https:\/\/api.w.org\/{rel}","templated":true}]}}