{"id":25876,"date":"2021-06-08T06:46:37","date_gmt":"2021-06-08T06:46:37","guid":{"rendered":"https:\/\/storitgroup.com\/?page_id=25876"},"modified":"2021-10-08T13:44:16","modified_gmt":"2021-10-08T10:44:16","slug":"kuinka-osta-e-kaupasta","status":"publish","type":"page","link":"https:\/\/storitgroup.com\/fi\/kuinka-osta-e-kaupasta\/","title":{"rendered":"N\u00e4in ostat verkkokaupasta"},"content":{"rendered":"\n<ol class=\"wp-block-list\" type=\"1\"><li>Storit verkkosivulle voi kirjautua tai rekister\u00f6ity\u00e4 k\u00e4ytt\u00e4j\u00e4ksi (n\u00e4in saat paremmat hinnat). Sivun oikeassa yl\u00e4kulmassa on kohta, josta voi kirjautua sis\u00e4\u00e4n\/rekister\u00f6ity\u00e4 k\u00e4ytt\u00e4j\u00e4ksi.<\/li><li>Valitse sopiva tuote.<\/li><li>Kun olet varma, ett\u00e4 tuote vastaa toiveitasi, lis\u00e4\u00e4 se ostoskoriin \u2013 painike &#8221;Lis\u00e4\u00e4 ostoskoriin&#8221;. My\u00f6hemmin voit muuttaa\/perua valintasi klikkaamalla &#8221;Ostoskori&#8221;-painiketta. N\u00e4et ostoskorisi koko ajan sivun oikeassa yl\u00e4kulmassa.<\/li><li>Jos olet saanut Storit kampanjan yhteydess\u00e4 alennuskupongin, sy\u00f6t\u00e4 kuponkikoodi ostoskori-n\u00e4kym\u00e4ss\u00e4 olevaan ruutuun (vasen alakulma).<\/li><li>Kun olet valinnut tuotteet, jatka valikkoon &#8221;Osta&#8221;<\/li><li>T\u00e4yt\u00e4 maksajan tietojen kaikki pakolliset kent\u00e4t. Valitse maksutapa. (Jos haluat maksaa verkkopankissa, valitse sen pankin linkki, josta haluat tehd\u00e4 siirron. Voit maksaa tuotteet verkkopankissa tai luottokortilla).<\/li><li>Kun tiedot on sy\u00f6tetty oikein ja olet tutustunut myyntiehtoihin, napsauta painiketta &#8221;Siirry maksamaan&#8221;.<\/li><li>Tilauksen l\u00e4hett\u00e4misen j\u00e4lkeen sinulle toimitetaan lasku.<\/li><\/ol>\n\n\n\n<p>Jos tarvitset verkkokaupan ostoprosessissa apua, soita +358 400 99 7595 ja autamme joka askeleella!<\/p>\n","protected":false},"excerpt":{"rendered":"<p>Storit verkkosivulle voi kirjautua tai rekister\u00f6ity\u00e4 k\u00e4ytt\u00e4j\u00e4ksi (n\u00e4in saat paremmat hinnat). Sivun oikeassa yl\u00e4kulmassa on kohta, josta voi kirjautua sis\u00e4\u00e4n\/rekister\u00f6ity\u00e4 k\u00e4ytt\u00e4j\u00e4ksi. Valitse sopiva tuote. Kun olet varma, ett\u00e4 tuote vastaa toiveitasi, lis\u00e4\u00e4 se ostoskoriin \u2013 painike &#8221;Lis\u00e4\u00e4 ostoskoriin&#8221;. My\u00f6hemmin voit muuttaa\/perua valintasi klikkaamalla &#8221;Ostoskori&#8221;-painiketta. N\u00e4et ostoskorisi koko ajan sivun oikeassa yl\u00e4kulmassa. Jos olet saanut Storit [&hellip;]<\/p>\n","protected":false},"author":12870,"featured_media":0,"parent":0,"menu_order":999999999,"comment_status":"closed","ping_status":"closed","template":"","meta":{"_acf_changed":false,"footnotes":""},"class_list":["post-25876","page","type-page","status-publish","hentry"],"acf":[],"yoast_head":"<!-- This site is optimized with the Yoast SEO plugin v27.3 - https:\/\/yoast.com\/product\/yoast-seo-wordpress\/ -->\n<title>N\u00e4in ostat verkkokaupasta &#8226; Storit<\/title>\n<meta name=\"robots\" content=\"index, follow, max-snippet:-1, max-image-preview:large, max-video-preview:-1\" \/>\n<link rel=\"canonical\" href=\"https:\/\/storitgroup.com\/fi\/kuinka-osta-e-kaupasta\/\" \/>\n<meta property=\"og:locale\" content=\"fi_FI\" \/>\n<meta property=\"og:type\" content=\"article\" \/>\n<meta property=\"og:title\" content=\"N\u00e4in ostat verkkokaupasta &#8226; Storit\" \/>\n<meta property=\"og:description\" content=\"Storit verkkosivulle voi kirjautua tai rekister\u00f6ity\u00e4 k\u00e4ytt\u00e4j\u00e4ksi (n\u00e4in saat paremmat hinnat). Sivun oikeassa yl\u00e4kulmassa on kohta, josta voi kirjautua sis\u00e4\u00e4n\/rekister\u00f6ity\u00e4 k\u00e4ytt\u00e4j\u00e4ksi. Valitse sopiva tuote. Kun olet varma, ett\u00e4 tuote vastaa toiveitasi, lis\u00e4\u00e4 se ostoskoriin \u2013 painike &#8221;Lis\u00e4\u00e4 ostoskoriin&#8221;. My\u00f6hemmin voit muuttaa\/perua valintasi klikkaamalla &#8221;Ostoskori&#8221;-painiketta. N\u00e4et ostoskorisi koko ajan sivun oikeassa yl\u00e4kulmassa. Jos olet saanut Storit [&hellip;]\" \/>\n<meta property=\"og:url\" content=\"https:\/\/storitgroup.com\/fi\/kuinka-osta-e-kaupasta\/\" \/>\n<meta property=\"og:site_name\" content=\"Storit\" \/>\n<meta property=\"article:modified_time\" content=\"2021-10-08T10:44:16+00:00\" \/>\n<meta name=\"twitter:card\" content=\"summary_large_image\" \/>\n<meta name=\"twitter:label1\" content=\"Arvioitu lukuaika\" \/>\n\t<meta name=\"twitter:data1\" content=\"1 minuutti\" \/>\n<script type=\"application\/ld+json\" class=\"yoast-schema-graph\">{\"@context\":\"https:\\\/\\\/schema.org\",\"@graph\":[{\"@type\":\"WebPage\",\"@id\":\"https:\\\/\\\/storitgroup.com\\\/fi\\\/kuinka-osta-e-kaupasta\\\/\",\"url\":\"https:\\\/\\\/storitgroup.com\\\/fi\\\/kuinka-osta-e-kaupasta\\\/\",\"name\":\"N\u00e4in ostat verkkokaupasta &#8226; Storit\",\"isPartOf\":{\"@id\":\"https:\\\/\\\/storitgroup.com\\\/fi\\\/#website\"},\"datePublished\":\"2021-06-08T06:46:37+00:00\",\"dateModified\":\"2021-10-08T10:44:16+00:00\",\"breadcrumb\":{\"@id\":\"https:\\\/\\\/storitgroup.com\\\/fi\\\/kuinka-osta-e-kaupasta\\\/#breadcrumb\"},\"inLanguage\":\"fi\",\"potentialAction\":[{\"@type\":\"ReadAction\",\"target\":[\"https:\\\/\\\/storitgroup.com\\\/fi\\\/kuinka-osta-e-kaupasta\\\/\"]}]},{\"@type\":\"BreadcrumbList\",\"@id\":\"https:\\\/\\\/storitgroup.com\\\/fi\\\/kuinka-osta-e-kaupasta\\\/#breadcrumb\",\"itemListElement\":[{\"@type\":\"ListItem\",\"position\":1,\"name\":\"Kotisivu\",\"item\":\"https:\\\/\\\/storitgroup.com\\\/fi\\\/\"},{\"@type\":\"ListItem\",\"position\":2,\"name\":\"N\u00e4in ostat verkkokaupasta\"}]},{\"@type\":\"WebSite\",\"@id\":\"https:\\\/\\\/storitgroup.com\\\/fi\\\/#website\",\"url\":\"https:\\\/\\\/storitgroup.com\\\/fi\\\/\",\"name\":\"Storit\",\"description\":\"\",\"potentialAction\":[{\"@type\":\"SearchAction\",\"target\":{\"@type\":\"EntryPoint\",\"urlTemplate\":\"https:\\\/\\\/storitgroup.com\\\/fi\\\/?s={search_term_string}\"},\"query-input\":{\"@type\":\"PropertyValueSpecification\",\"valueRequired\":true,\"valueName\":\"search_term_string\"}}],\"inLanguage\":\"fi\"}]}<\/script>\n<!-- \/ Yoast SEO plugin. -->","yoast_head_json":{"title":"N\u00e4in ostat verkkokaupasta &#8226; Storit","robots":{"index":"index","follow":"follow","max-snippet":"max-snippet:-1","max-image-preview":"max-image-preview:large","max-video-preview":"max-video-preview:-1"},"canonical":"https:\/\/storitgroup.com\/fi\/kuinka-osta-e-kaupasta\/","og_locale":"fi_FI","og_type":"article","og_title":"N\u00e4in ostat verkkokaupasta &#8226; Storit","og_description":"Storit verkkosivulle voi kirjautua tai rekister\u00f6ity\u00e4 k\u00e4ytt\u00e4j\u00e4ksi (n\u00e4in saat paremmat hinnat). Sivun oikeassa yl\u00e4kulmassa on kohta, josta voi kirjautua sis\u00e4\u00e4n\/rekister\u00f6ity\u00e4 k\u00e4ytt\u00e4j\u00e4ksi. Valitse sopiva tuote. Kun olet varma, ett\u00e4 tuote vastaa toiveitasi, lis\u00e4\u00e4 se ostoskoriin \u2013 painike &#8221;Lis\u00e4\u00e4 ostoskoriin&#8221;. My\u00f6hemmin voit muuttaa\/perua valintasi klikkaamalla &#8221;Ostoskori&#8221;-painiketta. N\u00e4et ostoskorisi koko ajan sivun oikeassa yl\u00e4kulmassa. Jos olet saanut Storit [&hellip;]","og_url":"https:\/\/storitgroup.com\/fi\/kuinka-osta-e-kaupasta\/","og_site_name":"Storit","article_modified_time":"2021-10-08T10:44:16+00:00","twitter_card":"summary_large_image","twitter_misc":{"Arvioitu lukuaika":"1 minuutti"},"schema":{"@context":"https:\/\/schema.org","@graph":[{"@type":"WebPage","@id":"https:\/\/storitgroup.com\/fi\/kuinka-osta-e-kaupasta\/","url":"https:\/\/storitgroup.com\/fi\/kuinka-osta-e-kaupasta\/","name":"N\u00e4in ostat verkkokaupasta &#8226; Storit","isPartOf":{"@id":"https:\/\/storitgroup.com\/fi\/#website"},"datePublished":"2021-06-08T06:46:37+00:00","dateModified":"2021-10-08T10:44:16+00:00","breadcrumb":{"@id":"https:\/\/storitgroup.com\/fi\/kuinka-osta-e-kaupasta\/#breadcrumb"},"inLanguage":"fi","potentialAction":[{"@type":"ReadAction","target":["https:\/\/storitgroup.com\/fi\/kuinka-osta-e-kaupasta\/"]}]},{"@type":"BreadcrumbList","@id":"https:\/\/storitgroup.com\/fi\/kuinka-osta-e-kaupasta\/#breadcrumb","itemListElement":[{"@type":"ListItem","position":1,"name":"Kotisivu","item":"https:\/\/storitgroup.com\/fi\/"},{"@type":"ListItem","position":2,"name":"N\u00e4in ostat verkkokaupasta"}]},{"@type":"WebSite","@id":"https:\/\/storitgroup.com\/fi\/#website","url":"https:\/\/storitgroup.com\/fi\/","name":"Storit","description":"","potentialAction":[{"@type":"SearchAction","target":{"@type":"EntryPoint","urlTemplate":"https:\/\/storitgroup.com\/fi\/?s={search_term_string}"},"query-input":{"@type":"PropertyValueSpecification","valueRequired":true,"valueName":"search_term_string"}}],"inLanguage":"fi"}]}},"_links":{"self":[{"href":"https:\/\/storitgroup.com\/fi\/wp-json\/wp\/v2\/pages\/25876","targetHints":{"allow":["GET"]}}],"collection":[{"href":"https:\/\/storitgroup.com\/fi\/wp-json\/wp\/v2\/pages"}],"about":[{"href":"https:\/\/storitgroup.com\/fi\/wp-json\/wp\/v2\/types\/page"}],"author":[{"embeddable":true,"href":"https:\/\/storitgroup.com\/fi\/wp-json\/wp\/v2\/users\/12870"}],"replies":[{"embeddable":true,"href":"https:\/\/storitgroup.com\/fi\/wp-json\/wp\/v2\/comments?post=25876"}],"version-history":[{"count":0,"href":"https:\/\/storitgroup.com\/fi\/wp-json\/wp\/v2\/pages\/25876\/revisions"}],"wp:attachment":[{"href":"https:\/\/storitgroup.com\/fi\/wp-json\/wp\/v2\/media?parent=25876"}],"curies":[{"name":"wp","href":"https:\/\/api.w.org\/{rel}","templated":true}]}}