{"id":25601,"date":"2021-03-01T13:08:39","date_gmt":"2021-03-01T13:08:39","guid":{"rendered":"https:\/\/storitgroup.com\/privaatsuspoliitika\/"},"modified":"2021-08-26T16:15:10","modified_gmt":"2021-08-26T13:15:10","slug":"tietosuojakaytanto","status":"publish","type":"page","link":"https:\/\/storitgroup.com\/fi\/tietosuojakaytanto\/","title":{"rendered":"Tietosuojak\u00e4yt\u00e4nt\u00f6"},"content":{"rendered":"\n<p><\/p>\n\n\n\n<p>Laomaailma AS:n hallituksen 08.05.2020 hyv\u00e4ksym\u00e4<\/p>\n\n\n\n<p><strong>N\u00e4m\u00e4 tietosuojak\u00e4yt\u00e4nn\u00f6n periaatteet (j\u00e4ljemp\u00e4n\u00e4 periaatteet) selvitt\u00e4v\u00e4t, miten Laomaailm AS ker\u00e4\u00e4, k\u00e4ytt\u00e4\u00e4 ja v\u00e4litt\u00e4\u00e4 henkil\u00f6tietojasi sinun ja Laomaailm AS:n v\u00e4lisess\u00e4 asiakassuhteessa.<\/strong><strong><\/strong><\/p>\n\n\n\n<ol class=\"wp-block-list\" type=\"1\"><li><a href=\"https:\/\/storitgroup.com\/privaatsuspoliitika\/#vastutav\">Rekisterinpit\u00e4j\u00e4<\/a><\/li><li><a href=\"https:\/\/storitgroup.com\/privaatsuspoliitika\/#kogume_kasutame\">Mit\u00e4 tietoja ker\u00e4\u00e4mme ja k\u00e4yt\u00e4mme?<\/a><\/li><li><a href=\"https:\/\/storitgroup.com\/privaatsuspoliitika\/#isikuandmete_tootlemise\">Henkil\u00f6tietojen k\u00e4sittelyn tarkoitus ja oikeusperusta<\/a><\/li><li><a href=\"https:\/\/storitgroup.com\/privaatsuspoliitika\/#isikuandmete_edastamine\">Henkil\u00f6tietojen siirt\u00e4minen ja julkaiseminen<\/a><\/li><li><a href=\"https:\/\/storitgroup.com\/privaatsuspoliitika\/#kypsised\">Ev\u00e4steet<\/a><\/li><li><a href=\"https:\/\/storitgroup.com\/privaatsuspoliitika\/#isikuandmete_sailitamine\">Henkil\u00f6tietojen s\u00e4ilytt\u00e4minen<\/a><\/li><li><a href=\"https:\/\/storitgroup.com\/privaatsuspoliitika\/#oigused\">Oikeutesi<\/a><\/li><li><a href=\"https:\/\/storitgroup.com\/privaatsuspoliitika\/#turvalisus\">Turvallisuus<\/a><\/li><\/ol>\n\n\n\n<p><strong>1. Rekisterinpit\u00e4j\u00e4<\/strong><strong><\/strong><\/p>\n\n\n\n<p>Henkil\u00f6tietojesi rekisterinpit\u00e4j\u00e4 voimassa olevan henkil\u00f6tietosuojalain mukaisesti on Laomaailm AS (j\u00e4ljemp\u00e4n\u00e4 Storit). Storit k\u00e4sittelee henkil\u00f6tietojasi n\u00e4iden periaatteiden sek\u00e4 voimassa olevan henkil\u00f6tietosuojalain ja asetusten mukaisesti.<\/p>\n\n\n\n<p>Rekisterinpit\u00e4j\u00e4n ja tietosuojavastaavan yhteystiedot:<br>Laomaailm AS<br>Rekisterinumero: 10077541<br>Osoite: Linam\u00e4e 2, T\u00e4nassilma k\u00fcla, 76 406, Saku vald, Harjumaa, Viro<br>Puhelin:\u00a0<a href=\"tel:+372%20659%203050\">+372 659 3050<\/a><br>S\u00e4hk\u00f6posti:\u00a0<a href=\"mailto:info@laomaailm.ee\">info@storit.fi<\/a><\/p>\n\n\n\n<p><strong>2. Mit\u00e4 tietoja ker\u00e4\u00e4mme ja k\u00e4yt\u00e4mme?<\/strong><strong><\/strong><\/p>\n\n\n\n<p>Storit ker\u00e4\u00e4 henkil\u00f6tietojasi alla kuvatuilla tavoilla. Yleens\u00e4 annat henkil\u00f6tietosi Storitille itse, kun ostat tai vuokraat laitteita tai olet muulla tavalla vuorovaikutuksessa Varastomaailman kanssa (esimerkiksi verkkokaupan tai asiakaspalvelun kautta). Storit voi my\u00f6s ker\u00e4t\u00e4 henkil\u00f6tietojasi ulkoisista l\u00e4hteist\u00e4, kuten julkisista tietokannoista (yritysrekisteri, luottotietokanta).<\/p>\n\n\n\n<p>Henkil\u00f6tiedot, joita Storit ker\u00e4\u00e4, ovat muun muassa seuraavat:<\/p>\n\n\n\n<p>yleiset henkil\u00f6tiedot, kuten nimi, syntym\u00e4aika ja henkil\u00f6tunnus, henkil\u00f6llisyystodistuksen tiedot ja kopio;<\/p>\n\n\n\n<p>yhteystiedot, esimerkiksi s\u00e4hk\u00f6postiosoite, osoite ja puhelinnumero. Yritysasiakkaiden osalta my\u00f6s henkil\u00f6n ty\u00f6teht\u00e4v\u00e4 ja yhteystiedot edustetussa yrityksess\u00e4 ja tiedot valtuutuksesta (edustusoikeus);<\/p>\n\n\n\n<p>asiakassuhteisiin liittyv\u00e4t tiedot, mukaan lukien asiakaskontaktit, asiakaskyselyt ja vastaukset, Varastomaailman tarjoamaa palvelua koskeva palaute ja asiakastutkimukset, laskutus- ja maksutiedot, tiedot vuokratuista laitteista ja kanssasi tehdyn sopimuksen tiedot;<\/p>\n\n\n\n<p>maksukykyarvio ja velkatiedot;<\/p>\n\n\n\n<p>ja muut tiedot, jotka on ker\u00e4tty tai luotu sopimuksen t\u00e4ytt\u00e4misen yhteydess\u00e4.<\/p>\n\n\n\n<p><strong>3. Henkil\u00f6tietojen k\u00e4sittelyn oikeusperusta<\/strong><strong><\/strong><\/p>\n\n\n\n<p>Storit k\u00e4sittelee henkil\u00f6tietoja seuraavin tavoin ja Euroopan parlamentin ja neuvoston asetuksen (EU) 2016\/679, annettu 27 p\u00e4iv\u00e4n\u00e4 huhtikuuta 2016, luonnollisten henkil\u00f6iden suojelusta henkil\u00f6tietojen k\u00e4sittelyss\u00e4 sek\u00e4 n\u00e4iden tietojen vapaasta liikkuvuudesta ja direktiivin 95\/46\/EY kumoamisesta (yleinen tietosuoja-asetus) artiklan 6.1 kohdan a (suostumus henkil\u00f6tietojen k\u00e4sittelyyn), b (sopimuksen t\u00e4yt\u00e4nt\u00f6\u00f6npanoa tai sopimuksen tekemist\u00e4 edelt\u00e4vien toimenpiteiden toteuttamiseksi), c (rekisterinpit\u00e4j\u00e4n lakis\u00e4\u00e4teisten velvoitteiden noudattamiseksi) ja f (oikeutettujen etujen) perusteella.<\/p>\n\n\n\n<p>Storit k\u00e4sittelee ja ker\u00e4\u00e4 henkil\u00f6tietoja:<\/p>\n\n\n\n<p>mahdollistaakseen palvelujen tarjoamisen, sopimuksen t\u00e4ytt\u00e4misen tai valmistelun ja hallitakseen ja yll\u00e4pit\u00e4\u00e4kseen asiakassuhteita sinun ja\/tai edustamasi yrityksen kanssa. Henkil\u00f6tietojen k\u00e4sittely t\u00e4ss\u00e4 tarkoituksessa perustuu osapuolten v\u00e4liseen sopimukseen tai Storitin oikeutettuun etuun. Storit pyrkii k\u00e4sittelem\u00e4\u00e4n kaikkia henkil\u00f6tietoja tarkoitukseen sopivalla, oikeudenmukaisella ja tehokkaalla tavalla;<\/p>\n\n\n\n<p>ilmoittaakseen asiakkaille s\u00e4hk\u00f6postitse Storitin uusista tuotteista ja\/tai palveluista, pyyt\u00e4\u00e4kseen palautetta tai v\u00e4litt\u00e4\u00e4kseen muita tarpeellisia tietoja Storitin tuotteista ja\/tai palveluista. Henkil\u00f6tietojen k\u00e4sittely t\u00e4h\u00e4n tarkoitukseen perustuu Storitin oikeutettuun etuun antaa asiakkaille tarvittavia tietoja Storitista, mainostaa tuotteita ja\/tai palveluita ja tehostaa Storitin liiketoimintamallia. Voit milloin tahansa perua t\u00e4ss\u00e4 kuvatut markkinointiviestit l\u00e4hett\u00e4m\u00e4ll\u00e4 Storitille s\u00e4hk\u00f6postia aiheesta;<\/p>\n\n\n\n<p>parantaakseen Storitin tuotteiden ja\/tai palveluiden laatua ja kehitt\u00e4\u00e4kseen uusia tuotteita ja\/tai palveluita. Henkil\u00f6tietojen k\u00e4sittely n\u00e4ihin tarkoituksiin perustuu Storitin oikeutettuun etuun, ett\u00e4 Storitilla olisi riitt\u00e4v\u00e4sti asiaankuuluvaa tietoa tuotteiden ja\/tai palveluiden kehitt\u00e4miseen;<\/p>\n\n\n\n<p>t\u00e4ytt\u00e4\u00e4kseen kirjanpito- ja verolains\u00e4\u00e4d\u00e4nn\u00f6n mukaiset velvoitteensa. T\u00e4ss\u00e4 tapauksessa henkil\u00f6tietojen k\u00e4sittelyn perustana ovat lakis\u00e4\u00e4teiset vaatimukset, joiden mukaan yrityksen on s\u00e4ilytett\u00e4v\u00e4 tietyt kirjanpitotiedot;<\/p>\n\n\n\n<p>arvioidakseen sinun tai edustamasi yrityksen maksukyky\u00e4. Storit tekee t\u00e4m\u00e4n arvioinnin hallitakseen tietoja veloistasi Storitille sek\u00e4 maksukykypotentiaalistasi. Jos Storitin laskuja ei ole maksettu ajoissa tai tuotteita palautettu m\u00e4\u00e4r\u00e4tyss\u00e4 ajassa, voimme k\u00e4sitell\u00e4 henkil\u00f6tietoja julkaistaksemme asiaankuuluvia tietoja velallisten tietokannoissa, oikeudellisia palveluita tarjoaville sek\u00e4 tietokannoissa, joiden tavoitteena on tehostaa velkojen perint\u00e4\u00e4 lain mukaisesti. T\u00e4ss\u00e4 tapauksessa Storitin henkil\u00f6tietojen k\u00e4sittely perustuu oikeutettuun etuun varmistaa Storitin liiketoiminnan toimivuus sek\u00e4 suojella yrityksen liiketoiminnan etuja ja kiinnostusta saada maksu tuotteista ja\/tai palveluista;<\/p>\n\n\n\n<p>ja seuratakseen Storitin oikeutettua etuja esitt\u00e4\u00e4, k\u00e4sitell\u00e4 tai puolustaa oikeudellisia vaateita, jotka nousevat Storitin kanssa solmitusta sopimuksesta.<\/p>\n\n\n\n<p><strong>4. Henkil\u00f6tietojen siirt\u00e4minen ja julkaiseminen<\/strong><strong><\/strong><\/p>\n\n\n\n<p>Storit voi luovuttaa henkil\u00f6tietojasi kolmansille osapuolille:<\/p>\n\n\n\n<p>jos lains\u00e4\u00e4d\u00e4nt\u00f6 sallii tai vaatii sit\u00e4, esim. toimivaltaisten viranomaisten vaatimuksesta tai oikeudenk\u00e4yntiin liittyen;<\/p>\n\n\n\n<p>jos Storitin luotettavat palveluntarjoajat tarjoavat Storitin nimiss\u00e4 palveluita Storitin ohjeiden mukaisesti. Henkil\u00f6tietojesi k\u00e4sittelyst\u00e4 vastaa my\u00f6s siin\u00e4 tapauksessa Storit;<\/p>\n\n\n\n<p>jos on tarpeen tehostaa velkojen perint\u00e4menettely\u00e4;<\/p>\n\n\n\n<p>Storitin yhdistymisen, haltuunoton tai Storitin yrityksen tai sen osan myynnin yhteydess\u00e4;<\/p>\n\n\n\n<p>ja jos Storit hyv\u00e4ss\u00e4 uskossa olettaa, ett\u00e4 julkaiseminen on v\u00e4ltt\u00e4m\u00e4t\u00f6nt\u00e4 oikeuksiesi suojaamiseksi, sinun tai muiden turvallisuuden vuoksi, petosten tutkimiseksi tai viranomaisten tiedusteluihin vastaamiseksi.<\/p>\n\n\n\n<p>Storit voi julkistaa henkil\u00f6tietoja:<\/p>\n\n\n\n<p>Storitin ty\u00f6ntekij\u00f6ille, jotka vastaavat asiakasyhteisty\u00f6st\u00e4 ja asiakassuhteista, sek\u00e4 ty\u00f6ntekij\u00f6ille kirjanpidossa, IT-huollossa, liiketoiminnan analysoinnissa ja liiketoiminnan suunnittelussa;<\/p>\n\n\n\n<p>asiakassuhteiden hallintaan k\u00e4ytett\u00e4vien IT-j\u00e4rjestelmien toimittajille ja tilintarkastajille;<\/p>\n\n\n\n<p>henkil\u00f6ille, jotka auttavat Storitia k\u00e4ytt\u00e4m\u00e4\u00e4n sopimuksenmukaisia oikeuksia (esim. velkojen perint\u00e4palvelut, juridiset konsultit, luottotietoyritykset jne.);<\/p>\n\n\n\n<p>Viron tasavallan valtion virastoille ja tuomioistuimille, mik\u00e4li t\u00e4llaista tiedonsiirtoa vaaditaan lailla;<\/p>\n\n\n\n<p>Rahoituslaitoksille;<\/p>\n\n\n\n<p>Storitin valtuutetuille ty\u00f6ntekij\u00f6ille ja muille henkil\u00f6ille, jotka osallistuvat sopimuksen t\u00e4ytt\u00e4miseen;<\/p>\n\n\n\n<p>mahdollisiin yhdistymisiin, haltuunottoihin tai Storitin omaisuuden t\u00e4ydelliseen tai osittaiseen myyntiin liittyville osapuolille.<\/p>\n\n\n\n<p>Storit ei luovuta henkil\u00f6tietojasi Euroopan unionin ja Euroopan talousalueen ulkopuolelle.<\/p>\n\n\n\n<p>Laomaailm AS on henkil\u00f6tietorekisterin pit\u00e4j\u00e4. <\/p>\n\n\n\n<p><\/p>\n\n\n\n<p><strong>5. Ev\u00e4steet<\/strong><strong><\/strong><\/p>\n\n\n\n<p>Storit k\u00e4ytt\u00e4\u00e4 verkkosivustollaan www.storitgroup.com my\u00f6s ev\u00e4steit\u00e4 tai vastaavia ty\u00f6kaluja. Ev\u00e4steet ovat pieni\u00e4 tekstitiedostoja, jotka sijoitetaan laitteellesi ker\u00e4\u00e4m\u00e4\u00e4n ja muistamaan tarvittavia tietoja, verkkosivun toiminnan parantamiseksi ja k\u00e4yt\u00f6n helpottamiseksi. Voimme k\u00e4ytt\u00e4\u00e4 ev\u00e4steit\u00e4 ja muita vastaavia ty\u00f6kaluja my\u00f6s tilastollisiin tarkoituksiin ker\u00e4t\u00e4ksemme anonyymej\u00e4 kokonaistilastoja esim. verkkosivuston k\u00e4yt\u00f6st\u00e4, jotta voimme ymm\u00e4rt\u00e4\u00e4, miten k\u00e4ytt\u00e4j\u00e4t k\u00e4ytt\u00e4v\u00e4t verkkosivua, ja parantaaksemme k\u00e4ytt\u00f6kokemusta.<\/p>\n\n\n\n<p>Voit est\u00e4\u00e4 ev\u00e4steiden k\u00e4yt\u00f6n verkkoselaimellasi, rajoittaa niiden k\u00e4ytt\u00f6\u00e4 tai poistaa ev\u00e4steet selaimestasi. Koska ev\u00e4steet ovat t\u00e4rkeit\u00e4 verkkosivuston toiminnalle, voi ev\u00e4steiden k\u00e4yt\u00f6n rajoittaminen vaikuttaa verkkosivun toimintaan.<\/p>\n\n\n\n<p><strong>6. Henkil\u00f6tietojen s\u00e4ilytt\u00e4minen<\/strong><strong><\/strong><\/p>\n\n\n\n<p>Storit s\u00e4ilytt\u00e4\u00e4 ker\u00e4ttyj\u00e4 henkil\u00f6tietoja vain niin kauan, kuin se on n\u00e4iss\u00e4 periaatteissa kuvattujen tavoitteiden saavuttamiseksi tarpeellista tai lain mukaista.<\/p>\n\n\n\n<p>Suurin osa henkil\u00f6tiedoistasi s\u00e4ilytet\u00e4\u00e4n sinun ja Varastomaailman v\u00e4lisen asiakassuhteen loppuun asti. Tiettyj\u00e4 henkil\u00f6tietoja voidaan s\u00e4ilytt\u00e4\u00e4 my\u00f6s asiakassuhteen p\u00e4\u00e4ttymisen j\u00e4lkeen, mik\u00e4li voimassa oleva lains\u00e4\u00e4d\u00e4nt\u00f6 sit\u00e4 vaatii tai sen sallii. Esimerkiksi kirjanpidon perusasiakirjoja s\u00e4ilyt\u00e4mme lains\u00e4\u00e4d\u00e4nn\u00f6n mukaisesti 7 vuoden ajan kyseisen tilikauden p\u00e4\u00e4ttymisen j\u00e4lkeen. Kun henkil\u00f6tietojesi s\u00e4ilytt\u00e4mist\u00e4 ei en\u00e4\u00e4 vaadita laissa tai jommankumman osapuolen oikeuksien tai velvollisuuksien kannalta, poistamme henkil\u00f6tietosi.<\/p>\n\n\n\n<p><strong>7. Oikeutesi<\/strong><strong><\/strong><\/p>\n\n\n\n<p>Perustellusta syyst\u00e4 jokaisella on oikeus tutustua Storitin k\u00e4sittelemiin henkil\u00f6tietoihin. Sinulla on milloin tahansa kirjallisen ilmoituksen perusteella oikeus tutustua, korjata, p\u00e4ivitt\u00e4\u00e4, muuttaa tai poistaa tietojasi. Pyyd\u00e4mme kuitenkin ottamaan huomioon, ett\u00e4 tiettyj\u00e4 tietoja, jotka ovat t\u00e4ss\u00e4 kuvattujen tavoitteiden saavuttamiseksi ehdottoman v\u00e4ltt\u00e4m\u00e4tt\u00f6mi\u00e4 tai lain edellytt\u00e4mi\u00e4, Storit ei voi poistaa.<\/p>\n\n\n\n<p>Sinulla on oikeus vastustaa tiettyj\u00e4 k\u00e4sittelyj\u00e4. Sinulla on oikeus rajoittaa tietojesi k\u00e4sittely\u00e4 henkil\u00f6tietosuojalain perusteella.<\/p>\n\n\n\n<p>Sinulla on henkil\u00f6tietosuojalaissa s\u00e4\u00e4detyin ehdoin oikeus tietojen siirtoon eli oikeus saada omat henkil\u00f6tiedot koneellisesti luettavassa muodossa ja siirt\u00e4\u00e4 ne oman harkintasi mukaan toiselle vastaavalle rekisterinpit\u00e4j\u00e4lle, mik\u00e4li se on Storitin k\u00e4ytt\u00e4mien IT-j\u00e4rjestelmien osalta mahdollista ilman lis\u00e4kustannuksia.<\/p>\n\n\n\n<p><strong>8. Turvallisuus<\/strong><strong><\/strong><\/p>\n\n\n\n<p>Storit k\u00e4ytt\u00e4\u00e4 aina asianmukaisia teknisi\u00e4 ja organisatorisia turvatoimenpiteit\u00e4 (mukaan lukien fyysiset, s\u00e4hk\u00f6iset ja hallinnolliset) henkil\u00f6tietojen suojaamiseksi katoamiselta, h\u00e4vi\u00e4miselt\u00e4, v\u00e4\u00e4rink\u00e4yt\u00f6lt\u00e4 ja luvattomalta k\u00e4yt\u00f6lt\u00e4 tai paljastamiselta.<\/p>\n\n\n\n<p>Vaikka Storit pyrkii suojaamaan henkil\u00f6tietojen turvallisuutta kaikin mahdollisin toimin, ei mik\u00e4\u00e4n j\u00e4rjestelm\u00e4 pysty ohittamaan t\u00e4ydellisesti kaikkia mahdollisia turvallisuusriskej\u00e4. Jos turvallisuusriskej\u00e4 ilmenee, Storit ottaa k\u00e4ytt\u00f6\u00f6n kaikki mahdolliset toimenpiteet niiden v\u00e4litt\u00f6m\u00e4ksi poistamiseksi.<\/p>\n\n\n\n<p>8. K\u00e4yt\u00e4mme Klarnaa kaupan ostotapahtuman (check-out) tarjoajana. T\u00e4m\u00e4 tarkoittaa sit\u00e4, ett\u00e4 saatamme siirt\u00e4\u00e4 henkil\u00f6tietojasi yhteys- ja tilaustietojen muodossa Klarnalle, kun kaupan ostotapahtuma on ladattu, jotta Klarna voi hallinnoida ostostasi. Siirrettyj\u00e4 henkil\u00f6tietojasi k\u00e4sitell\u00e4\u00e4n<a href=\"https:\/\/www.klarna.com\/international\/privacy-policy\/\">Klarnan oman tietosuojailmoituksen<\/a>\u00a0mukaisesti.<\/p>\n","protected":false},"excerpt":{"rendered":"<p>Laomaailma AS:n hallituksen 08.05.2020 hyv\u00e4ksym\u00e4 N\u00e4m\u00e4 tietosuojak\u00e4yt\u00e4nn\u00f6n periaatteet (j\u00e4ljemp\u00e4n\u00e4 periaatteet) selvitt\u00e4v\u00e4t, miten Laomaailm AS ker\u00e4\u00e4, k\u00e4ytt\u00e4\u00e4 ja v\u00e4litt\u00e4\u00e4 henkil\u00f6tietojasi sinun ja Laomaailm AS:n v\u00e4lisess\u00e4 asiakassuhteessa. Rekisterinpit\u00e4j\u00e4 Mit\u00e4 tietoja ker\u00e4\u00e4mme ja k\u00e4yt\u00e4mme? Henkil\u00f6tietojen k\u00e4sittelyn tarkoitus ja oikeusperusta Henkil\u00f6tietojen siirt\u00e4minen ja julkaiseminen Ev\u00e4steet Henkil\u00f6tietojen s\u00e4ilytt\u00e4minen Oikeutesi Turvallisuus 1. Rekisterinpit\u00e4j\u00e4 Henkil\u00f6tietojesi rekisterinpit\u00e4j\u00e4 voimassa olevan henkil\u00f6tietosuojalain mukaisesti on Laomaailm [&hellip;]<\/p>\n","protected":false},"author":1,"featured_media":0,"parent":0,"menu_order":999999999,"comment_status":"closed","ping_status":"closed","template":"page-templates\/privacypolicy.php","meta":{"_acf_changed":false,"footnotes":""},"class_list":["post-25601","page","type-page","status-publish","hentry"],"acf":[],"yoast_head":"<!-- This site is optimized with the Yoast SEO plugin v27.3 - https:\/\/yoast.com\/product\/yoast-seo-wordpress\/ -->\n<title>Tietosuojak\u00e4yt\u00e4nt\u00f6 &#8226; Storit<\/title>\n<meta name=\"robots\" content=\"index, follow, max-snippet:-1, max-image-preview:large, max-video-preview:-1\" \/>\n<link rel=\"canonical\" href=\"https:\/\/storitgroup.com\/fi\/tietosuojakaytanto\/\" \/>\n<meta property=\"og:locale\" content=\"fi_FI\" \/>\n<meta property=\"og:type\" content=\"article\" \/>\n<meta property=\"og:title\" content=\"Tietosuojak\u00e4yt\u00e4nt\u00f6 &#8226; Storit\" \/>\n<meta property=\"og:description\" content=\"Laomaailma AS:n hallituksen 08.05.2020 hyv\u00e4ksym\u00e4 N\u00e4m\u00e4 tietosuojak\u00e4yt\u00e4nn\u00f6n periaatteet (j\u00e4ljemp\u00e4n\u00e4 periaatteet) selvitt\u00e4v\u00e4t, miten Laomaailm AS ker\u00e4\u00e4, k\u00e4ytt\u00e4\u00e4 ja v\u00e4litt\u00e4\u00e4 henkil\u00f6tietojasi sinun ja Laomaailm AS:n v\u00e4lisess\u00e4 asiakassuhteessa. Rekisterinpit\u00e4j\u00e4 Mit\u00e4 tietoja ker\u00e4\u00e4mme ja k\u00e4yt\u00e4mme? Henkil\u00f6tietojen k\u00e4sittelyn tarkoitus ja oikeusperusta Henkil\u00f6tietojen siirt\u00e4minen ja julkaiseminen Ev\u00e4steet Henkil\u00f6tietojen s\u00e4ilytt\u00e4minen Oikeutesi Turvallisuus 1. Rekisterinpit\u00e4j\u00e4 Henkil\u00f6tietojesi rekisterinpit\u00e4j\u00e4 voimassa olevan henkil\u00f6tietosuojalain mukaisesti on Laomaailm [&hellip;]\" \/>\n<meta property=\"og:url\" content=\"https:\/\/storitgroup.com\/fi\/tietosuojakaytanto\/\" \/>\n<meta property=\"og:site_name\" content=\"Storit\" \/>\n<meta property=\"article:modified_time\" content=\"2021-08-26T13:15:10+00:00\" \/>\n<meta name=\"twitter:card\" content=\"summary_large_image\" \/>\n<meta name=\"twitter:label1\" content=\"Arvioitu lukuaika\" \/>\n\t<meta name=\"twitter:data1\" content=\"5 minuuttia\" \/>\n<script type=\"application\/ld+json\" class=\"yoast-schema-graph\">{\"@context\":\"https:\\\/\\\/schema.org\",\"@graph\":[{\"@type\":\"WebPage\",\"@id\":\"https:\\\/\\\/storitgroup.com\\\/fi\\\/tietosuojakaytanto\\\/\",\"url\":\"https:\\\/\\\/storitgroup.com\\\/fi\\\/tietosuojakaytanto\\\/\",\"name\":\"Tietosuojak\u00e4yt\u00e4nt\u00f6 &#8226; Storit\",\"isPartOf\":{\"@id\":\"https:\\\/\\\/storitgroup.com\\\/fi\\\/#website\"},\"datePublished\":\"2021-03-01T13:08:39+00:00\",\"dateModified\":\"2021-08-26T13:15:10+00:00\",\"breadcrumb\":{\"@id\":\"https:\\\/\\\/storitgroup.com\\\/fi\\\/tietosuojakaytanto\\\/#breadcrumb\"},\"inLanguage\":\"fi\",\"potentialAction\":[{\"@type\":\"ReadAction\",\"target\":[\"https:\\\/\\\/storitgroup.com\\\/fi\\\/tietosuojakaytanto\\\/\"]}]},{\"@type\":\"BreadcrumbList\",\"@id\":\"https:\\\/\\\/storitgroup.com\\\/fi\\\/tietosuojakaytanto\\\/#breadcrumb\",\"itemListElement\":[{\"@type\":\"ListItem\",\"position\":1,\"name\":\"Kotisivu\",\"item\":\"https:\\\/\\\/storitgroup.com\\\/fi\\\/\"},{\"@type\":\"ListItem\",\"position\":2,\"name\":\"Tietosuojak\u00e4yt\u00e4nt\u00f6\"}]},{\"@type\":\"WebSite\",\"@id\":\"https:\\\/\\\/storitgroup.com\\\/fi\\\/#website\",\"url\":\"https:\\\/\\\/storitgroup.com\\\/fi\\\/\",\"name\":\"Storit\",\"description\":\"\",\"potentialAction\":[{\"@type\":\"SearchAction\",\"target\":{\"@type\":\"EntryPoint\",\"urlTemplate\":\"https:\\\/\\\/storitgroup.com\\\/fi\\\/?s={search_term_string}\"},\"query-input\":{\"@type\":\"PropertyValueSpecification\",\"valueRequired\":true,\"valueName\":\"search_term_string\"}}],\"inLanguage\":\"fi\"}]}<\/script>\n<!-- \/ Yoast SEO plugin. -->","yoast_head_json":{"title":"Tietosuojak\u00e4yt\u00e4nt\u00f6 &#8226; Storit","robots":{"index":"index","follow":"follow","max-snippet":"max-snippet:-1","max-image-preview":"max-image-preview:large","max-video-preview":"max-video-preview:-1"},"canonical":"https:\/\/storitgroup.com\/fi\/tietosuojakaytanto\/","og_locale":"fi_FI","og_type":"article","og_title":"Tietosuojak\u00e4yt\u00e4nt\u00f6 &#8226; Storit","og_description":"Laomaailma AS:n hallituksen 08.05.2020 hyv\u00e4ksym\u00e4 N\u00e4m\u00e4 tietosuojak\u00e4yt\u00e4nn\u00f6n periaatteet (j\u00e4ljemp\u00e4n\u00e4 periaatteet) selvitt\u00e4v\u00e4t, miten Laomaailm AS ker\u00e4\u00e4, k\u00e4ytt\u00e4\u00e4 ja v\u00e4litt\u00e4\u00e4 henkil\u00f6tietojasi sinun ja Laomaailm AS:n v\u00e4lisess\u00e4 asiakassuhteessa. Rekisterinpit\u00e4j\u00e4 Mit\u00e4 tietoja ker\u00e4\u00e4mme ja k\u00e4yt\u00e4mme? Henkil\u00f6tietojen k\u00e4sittelyn tarkoitus ja oikeusperusta Henkil\u00f6tietojen siirt\u00e4minen ja julkaiseminen Ev\u00e4steet Henkil\u00f6tietojen s\u00e4ilytt\u00e4minen Oikeutesi Turvallisuus 1. Rekisterinpit\u00e4j\u00e4 Henkil\u00f6tietojesi rekisterinpit\u00e4j\u00e4 voimassa olevan henkil\u00f6tietosuojalain mukaisesti on Laomaailm [&hellip;]","og_url":"https:\/\/storitgroup.com\/fi\/tietosuojakaytanto\/","og_site_name":"Storit","article_modified_time":"2021-08-26T13:15:10+00:00","twitter_card":"summary_large_image","twitter_misc":{"Arvioitu lukuaika":"5 minuuttia"},"schema":{"@context":"https:\/\/schema.org","@graph":[{"@type":"WebPage","@id":"https:\/\/storitgroup.com\/fi\/tietosuojakaytanto\/","url":"https:\/\/storitgroup.com\/fi\/tietosuojakaytanto\/","name":"Tietosuojak\u00e4yt\u00e4nt\u00f6 &#8226; Storit","isPartOf":{"@id":"https:\/\/storitgroup.com\/fi\/#website"},"datePublished":"2021-03-01T13:08:39+00:00","dateModified":"2021-08-26T13:15:10+00:00","breadcrumb":{"@id":"https:\/\/storitgroup.com\/fi\/tietosuojakaytanto\/#breadcrumb"},"inLanguage":"fi","potentialAction":[{"@type":"ReadAction","target":["https:\/\/storitgroup.com\/fi\/tietosuojakaytanto\/"]}]},{"@type":"BreadcrumbList","@id":"https:\/\/storitgroup.com\/fi\/tietosuojakaytanto\/#breadcrumb","itemListElement":[{"@type":"ListItem","position":1,"name":"Kotisivu","item":"https:\/\/storitgroup.com\/fi\/"},{"@type":"ListItem","position":2,"name":"Tietosuojak\u00e4yt\u00e4nt\u00f6"}]},{"@type":"WebSite","@id":"https:\/\/storitgroup.com\/fi\/#website","url":"https:\/\/storitgroup.com\/fi\/","name":"Storit","description":"","potentialAction":[{"@type":"SearchAction","target":{"@type":"EntryPoint","urlTemplate":"https:\/\/storitgroup.com\/fi\/?s={search_term_string}"},"query-input":{"@type":"PropertyValueSpecification","valueRequired":true,"valueName":"search_term_string"}}],"inLanguage":"fi"}]}},"_links":{"self":[{"href":"https:\/\/storitgroup.com\/fi\/wp-json\/wp\/v2\/pages\/25601","targetHints":{"allow":["GET"]}}],"collection":[{"href":"https:\/\/storitgroup.com\/fi\/wp-json\/wp\/v2\/pages"}],"about":[{"href":"https:\/\/storitgroup.com\/fi\/wp-json\/wp\/v2\/types\/page"}],"author":[{"embeddable":true,"href":"https:\/\/storitgroup.com\/fi\/wp-json\/wp\/v2\/users\/1"}],"replies":[{"embeddable":true,"href":"https:\/\/storitgroup.com\/fi\/wp-json\/wp\/v2\/comments?post=25601"}],"version-history":[{"count":0,"href":"https:\/\/storitgroup.com\/fi\/wp-json\/wp\/v2\/pages\/25601\/revisions"}],"wp:attachment":[{"href":"https:\/\/storitgroup.com\/fi\/wp-json\/wp\/v2\/media?parent=25601"}],"curies":[{"name":"wp","href":"https:\/\/api.w.org\/{rel}","templated":true}]}}