{"id":25583,"date":"2021-05-27T12:09:40","date_gmt":"2021-05-27T12:09:40","guid":{"rendered":"https:\/\/storitgroup.com\/ettevottest\/"},"modified":"2024-01-04T16:26:03","modified_gmt":"2024-01-04T14:26:03","slug":"yrityksesta","status":"publish","type":"page","link":"https:\/\/storitgroup.com\/fi\/yrityksesta\/","title":{"rendered":"Meist\u00e4"},"content":{"rendered":"\n<h2 class=\"wp-block-heading main_h2\">Tavoitteenamme on auttaa yrityksi\u00e4 saamaan kaikki kuutiometrit tuottamaan! Olemme kiitollisia asiakkaillemme, jotka ovat luottaneet meihin 30 vuoden ajan saadakseen selkeytt\u00e4 ja tehokkuutta liiketoimintaansa.<br><\/h2>\n\n\n\n<div class=\"wp-block-columns first_block is-layout-flex wp-container-core-columns-is-layout-9d6595d7 wp-block-columns-is-layout-flex\">\n<div class=\"wp-block-column is-layout-flow wp-block-column-is-layout-flow\" style=\"flex-basis:60%\">\n<h2 class=\"wp-block-heading\">30 vuotta tehokkaita ratkaisuja <\/h2>\n\n\n\n<p>Tied\u00e4mme kuinka paljon rahaa ja aikaa tehoton varasto voi vied\u00e4. Tavoitteemme on auttaa suuria sek\u00e4 pieni\u00e4 yrityksi\u00e4 tehostamaan varastojensa ja tuotantotilojensa toimintaa.<\/p>\n\n\n\n<p>Storit on Vastuu Groupin &#8221;luotettava kumppani&#8221;- j\u00e4sen, mik\u00e4 antaa asiakkaillemme vahvan luottamuksen yhteisty\u00f6h\u00f6n kanssamme.  Storit Groupilla on my\u00f6s yksi Viron korkeimmista luottoluokituksista.<\/p>\n\n\n\n<p>Kansainv\u00e4listymisen seurauksena yrityksen nimeksi vaihtui kes\u00e4kuussa 2021 Storit. <\/p>\n<\/div>\n\n\n\n<div class=\"wp-block-column is-layout-flow wp-block-column-is-layout-flow\" style=\"flex-basis:40%\">\n<figure class=\"wp-block-image size-large is-resized\"><img loading=\"lazy\" decoding=\"async\" width=\"658\" height=\"424\" src=\"https:\/\/storitgroup.com\/uploads\/2021\/05\/lao_ette_pilt_1.png\" alt=\"lao_ette_pilt_1\" class=\"wp-image-19222\" style=\"width:658px;height:424px\"\/><\/figure>\n<\/div>\n<\/div>\n\n\n\n<div class=\"wp-block-columns visioon_block is-layout-flex wp-container-core-columns-is-layout-9d6595d7 wp-block-columns-is-layout-flex\">\n<div class=\"wp-block-column is-layout-flow wp-block-column-is-layout-flow\">\n<h3 class=\"wp-block-heading\">Visiomme<\/h3>\n\n\n\n<p>Haluamme olla Pohjoismaiden ammattimaisin ja luotettavin kumppani yrityksille, jotka tarvitsevat sis\u00e4logistiikan tuotteita sek\u00e4 konsultointipalveluja. <\/p>\n<\/div>\n\n\n\n<div class=\"wp-block-column is-layout-flow wp-block-column-is-layout-flow\">\n<h3 class=\"wp-block-heading\">Teht\u00e4v\u00e4mme<\/h3>\n\n\n\n<p>Tarjoamme asiakasl\u00e4ht\u00f6isesti tehokkaita ratkaisuja  varasto- ja tuotantotilojen maksimaaliseen hy\u00f6dynt\u00e4miseen. <\/p>\n<\/div>\n<\/div>\n\n\n\n<div class=\"wp-block-columns second_block is-layout-flex wp-container-core-columns-is-layout-9d6595d7 wp-block-columns-is-layout-flex\">\n<div class=\"wp-block-column is-layout-flow wp-block-column-is-layout-flow\" style=\"flex-basis:40%\">\n<figure class=\"wp-block-image size-large\"><img loading=\"lazy\" decoding=\"async\" width=\"656\" height=\"428\" src=\"https:\/\/storitgroup.com\/uploads\/2021\/05\/lao_ette_pilt_2.png\" alt=\"\" class=\"wp-image-19250\"\/><\/figure>\n<\/div>\n\n\n\n<div class=\"wp-block-column is-layout-flow wp-block-column-is-layout-flow\" style=\"flex-basis:60%\">\n<h2 class=\"wp-block-heading\">Toteutus <\/h2>\n\n\n\n<p>Tied\u00e4mme, ett\u00e4 pelkk\u00e4 hyllyjen asentaminen ja nostolaitteiden ostaminen eiv\u00e4t tuo odotettuja tuloksia varastoon. On t\u00e4rke\u00e4\u00e4 luoda hyvin suunniteltu j\u00e4rjestelm\u00e4, joka tekee tavaroiden varastoinnista sek\u00e4 siirt\u00e4misest\u00e4 tehokasta ja turvallista. <\/p>\n\n\n\n<p>30 vuoden kokemuksen perusteella autamme luomaan ratkaisun, joka sopii t\u00e4ydellisesti yrityksesi tarpeisiin. Suunnittelemme AutoCad-suunnitteluohjelmalla kustannustehokkaimman pohjaratkaisun tilan optimoimiseksi.<br>Toimitamme ja asennamme tarvittavat tuotteet, sek\u00e4 huolehdimme poistettavien hyllyjen ja tarvikkeiden kierr\u00e4tyksest\u00e4. <\/p>\n<\/div>\n<\/div>\n","protected":false},"excerpt":{"rendered":"<p>Tavoitteenamme on auttaa yrityksi\u00e4 saamaan kaikki kuutiometrit tuottamaan! Olemme kiitollisia asiakkaillemme, jotka ovat luottaneet meihin 30 vuoden ajan saadakseen selkeytt\u00e4 ja tehokkuutta liiketoimintaansa. 30 vuotta tehokkaita ratkaisuja Tied\u00e4mme kuinka paljon rahaa ja aikaa tehoton varasto voi vied\u00e4. Tavoitteemme on auttaa suuria sek\u00e4 pieni\u00e4 yrityksi\u00e4 tehostamaan varastojensa ja tuotantotilojensa toimintaa. Storit on Vastuu Groupin &#8221;luotettava kumppani&#8221;- [&hellip;]<\/p>\n","protected":false},"author":1,"featured_media":0,"parent":0,"menu_order":999999999,"comment_status":"closed","ping_status":"closed","template":"page-templates\/ettevottest.php","meta":{"_acf_changed":false,"footnotes":""},"class_list":["post-25583","page","type-page","status-publish","hentry"],"acf":[],"yoast_head":"<!-- This site is optimized with the Yoast SEO plugin v27.4 - https:\/\/yoast.com\/product\/yoast-seo-wordpress\/ -->\n<title>Meist\u00e4 &#8226; Storit<\/title>\n<meta name=\"robots\" content=\"index, follow, max-snippet:-1, max-image-preview:large, max-video-preview:-1\" \/>\n<link rel=\"canonical\" href=\"https:\/\/storitgroup.com\/fi\/yrityksesta\/\" \/>\n<meta property=\"og:locale\" content=\"fi_FI\" \/>\n<meta property=\"og:type\" content=\"article\" \/>\n<meta property=\"og:title\" content=\"Meist\u00e4 &#8226; Storit\" \/>\n<meta property=\"og:description\" content=\"Tavoitteenamme on auttaa yrityksi\u00e4 saamaan kaikki kuutiometrit tuottamaan! Olemme kiitollisia asiakkaillemme, jotka ovat luottaneet meihin 30 vuoden ajan saadakseen selkeytt\u00e4 ja tehokkuutta liiketoimintaansa. 30 vuotta tehokkaita ratkaisuja Tied\u00e4mme kuinka paljon rahaa ja aikaa tehoton varasto voi vied\u00e4. Tavoitteemme on auttaa suuria sek\u00e4 pieni\u00e4 yrityksi\u00e4 tehostamaan varastojensa ja tuotantotilojensa toimintaa. Storit on Vastuu Groupin &#8221;luotettava kumppani&#8221;- [&hellip;]\" \/>\n<meta property=\"og:url\" content=\"https:\/\/storitgroup.com\/fi\/yrityksesta\/\" \/>\n<meta property=\"og:site_name\" content=\"Storit\" \/>\n<meta property=\"article:modified_time\" content=\"2024-01-04T14:26:03+00:00\" \/>\n<meta property=\"og:image\" content=\"https:\/\/storitgroup.com\/uploads\/2021\/05\/lao_ette_pilt_1.png\" \/>\n<meta name=\"twitter:card\" content=\"summary_large_image\" \/>\n<meta name=\"twitter:label1\" content=\"Arvioitu lukuaika\" \/>\n\t<meta name=\"twitter:data1\" content=\"2 minuuttia\" \/>\n<script type=\"application\/ld+json\" class=\"yoast-schema-graph\">{\"@context\":\"https:\\\/\\\/schema.org\",\"@graph\":[{\"@type\":\"WebPage\",\"@id\":\"https:\\\/\\\/storitgroup.com\\\/fi\\\/yrityksesta\\\/\",\"url\":\"https:\\\/\\\/storitgroup.com\\\/fi\\\/yrityksesta\\\/\",\"name\":\"Meist\u00e4 &#8226; Storit\",\"isPartOf\":{\"@id\":\"https:\\\/\\\/storitgroup.com\\\/fi\\\/#website\"},\"primaryImageOfPage\":{\"@id\":\"https:\\\/\\\/storitgroup.com\\\/fi\\\/yrityksesta\\\/#primaryimage\"},\"image\":{\"@id\":\"https:\\\/\\\/storitgroup.com\\\/fi\\\/yrityksesta\\\/#primaryimage\"},\"thumbnailUrl\":\"https:\\\/\\\/storitgroup.com\\\/uploads\\\/2021\\\/05\\\/lao_ette_pilt_1.png\",\"datePublished\":\"2021-05-27T12:09:40+00:00\",\"dateModified\":\"2024-01-04T14:26:03+00:00\",\"breadcrumb\":{\"@id\":\"https:\\\/\\\/storitgroup.com\\\/fi\\\/yrityksesta\\\/#breadcrumb\"},\"inLanguage\":\"fi\",\"potentialAction\":[{\"@type\":\"ReadAction\",\"target\":[\"https:\\\/\\\/storitgroup.com\\\/fi\\\/yrityksesta\\\/\"]}]},{\"@type\":\"ImageObject\",\"inLanguage\":\"fi\",\"@id\":\"https:\\\/\\\/storitgroup.com\\\/fi\\\/yrityksesta\\\/#primaryimage\",\"url\":\"https:\\\/\\\/storitgroup.com\\\/uploads\\\/2021\\\/05\\\/lao_ette_pilt_1.png\",\"contentUrl\":\"https:\\\/\\\/storitgroup.com\\\/uploads\\\/2021\\\/05\\\/lao_ette_pilt_1.png\"},{\"@type\":\"BreadcrumbList\",\"@id\":\"https:\\\/\\\/storitgroup.com\\\/fi\\\/yrityksesta\\\/#breadcrumb\",\"itemListElement\":[{\"@type\":\"ListItem\",\"position\":1,\"name\":\"Kotisivu\",\"item\":\"https:\\\/\\\/storitgroup.com\\\/fi\\\/\"},{\"@type\":\"ListItem\",\"position\":2,\"name\":\"Meist\u00e4\"}]},{\"@type\":\"WebSite\",\"@id\":\"https:\\\/\\\/storitgroup.com\\\/fi\\\/#website\",\"url\":\"https:\\\/\\\/storitgroup.com\\\/fi\\\/\",\"name\":\"Storit\",\"description\":\"\",\"potentialAction\":[{\"@type\":\"SearchAction\",\"target\":{\"@type\":\"EntryPoint\",\"urlTemplate\":\"https:\\\/\\\/storitgroup.com\\\/fi\\\/?s={search_term_string}\"},\"query-input\":{\"@type\":\"PropertyValueSpecification\",\"valueRequired\":true,\"valueName\":\"search_term_string\"}}],\"inLanguage\":\"fi\"}]}<\/script>\n<!-- \/ Yoast SEO plugin. -->","yoast_head_json":{"title":"Meist\u00e4 &#8226; Storit","robots":{"index":"index","follow":"follow","max-snippet":"max-snippet:-1","max-image-preview":"max-image-preview:large","max-video-preview":"max-video-preview:-1"},"canonical":"https:\/\/storitgroup.com\/fi\/yrityksesta\/","og_locale":"fi_FI","og_type":"article","og_title":"Meist\u00e4 &#8226; Storit","og_description":"Tavoitteenamme on auttaa yrityksi\u00e4 saamaan kaikki kuutiometrit tuottamaan! Olemme kiitollisia asiakkaillemme, jotka ovat luottaneet meihin 30 vuoden ajan saadakseen selkeytt\u00e4 ja tehokkuutta liiketoimintaansa. 30 vuotta tehokkaita ratkaisuja Tied\u00e4mme kuinka paljon rahaa ja aikaa tehoton varasto voi vied\u00e4. Tavoitteemme on auttaa suuria sek\u00e4 pieni\u00e4 yrityksi\u00e4 tehostamaan varastojensa ja tuotantotilojensa toimintaa. Storit on Vastuu Groupin &#8221;luotettava kumppani&#8221;- [&hellip;]","og_url":"https:\/\/storitgroup.com\/fi\/yrityksesta\/","og_site_name":"Storit","article_modified_time":"2024-01-04T14:26:03+00:00","og_image":[{"url":"https:\/\/storitgroup.com\/uploads\/2021\/05\/lao_ette_pilt_1.png","type":"","width":"","height":""}],"twitter_card":"summary_large_image","twitter_misc":{"Arvioitu lukuaika":"2 minuuttia"},"schema":{"@context":"https:\/\/schema.org","@graph":[{"@type":"WebPage","@id":"https:\/\/storitgroup.com\/fi\/yrityksesta\/","url":"https:\/\/storitgroup.com\/fi\/yrityksesta\/","name":"Meist\u00e4 &#8226; Storit","isPartOf":{"@id":"https:\/\/storitgroup.com\/fi\/#website"},"primaryImageOfPage":{"@id":"https:\/\/storitgroup.com\/fi\/yrityksesta\/#primaryimage"},"image":{"@id":"https:\/\/storitgroup.com\/fi\/yrityksesta\/#primaryimage"},"thumbnailUrl":"https:\/\/storitgroup.com\/uploads\/2021\/05\/lao_ette_pilt_1.png","datePublished":"2021-05-27T12:09:40+00:00","dateModified":"2024-01-04T14:26:03+00:00","breadcrumb":{"@id":"https:\/\/storitgroup.com\/fi\/yrityksesta\/#breadcrumb"},"inLanguage":"fi","potentialAction":[{"@type":"ReadAction","target":["https:\/\/storitgroup.com\/fi\/yrityksesta\/"]}]},{"@type":"ImageObject","inLanguage":"fi","@id":"https:\/\/storitgroup.com\/fi\/yrityksesta\/#primaryimage","url":"https:\/\/storitgroup.com\/uploads\/2021\/05\/lao_ette_pilt_1.png","contentUrl":"https:\/\/storitgroup.com\/uploads\/2021\/05\/lao_ette_pilt_1.png"},{"@type":"BreadcrumbList","@id":"https:\/\/storitgroup.com\/fi\/yrityksesta\/#breadcrumb","itemListElement":[{"@type":"ListItem","position":1,"name":"Kotisivu","item":"https:\/\/storitgroup.com\/fi\/"},{"@type":"ListItem","position":2,"name":"Meist\u00e4"}]},{"@type":"WebSite","@id":"https:\/\/storitgroup.com\/fi\/#website","url":"https:\/\/storitgroup.com\/fi\/","name":"Storit","description":"","potentialAction":[{"@type":"SearchAction","target":{"@type":"EntryPoint","urlTemplate":"https:\/\/storitgroup.com\/fi\/?s={search_term_string}"},"query-input":{"@type":"PropertyValueSpecification","valueRequired":true,"valueName":"search_term_string"}}],"inLanguage":"fi"}]}},"_links":{"self":[{"href":"https:\/\/storitgroup.com\/fi\/wp-json\/wp\/v2\/pages\/25583","targetHints":{"allow":["GET"]}}],"collection":[{"href":"https:\/\/storitgroup.com\/fi\/wp-json\/wp\/v2\/pages"}],"about":[{"href":"https:\/\/storitgroup.com\/fi\/wp-json\/wp\/v2\/types\/page"}],"author":[{"embeddable":true,"href":"https:\/\/storitgroup.com\/fi\/wp-json\/wp\/v2\/users\/1"}],"replies":[{"embeddable":true,"href":"https:\/\/storitgroup.com\/fi\/wp-json\/wp\/v2\/comments?post=25583"}],"version-history":[{"count":0,"href":"https:\/\/storitgroup.com\/fi\/wp-json\/wp\/v2\/pages\/25583\/revisions"}],"wp:attachment":[{"href":"https:\/\/storitgroup.com\/fi\/wp-json\/wp\/v2\/media?parent=25583"}],"curies":[{"name":"wp","href":"https:\/\/api.w.org\/{rel}","templated":true}]}}