{"id":25556,"date":"2021-05-19T13:30:35","date_gmt":"2021-05-19T10:30:35","guid":{"rendered":"https:\/\/storitgroup.com\/muugitingimused\/"},"modified":"2025-02-04T09:35:38","modified_gmt":"2025-02-04T07:35:38","slug":"myyntiehdot","status":"publish","type":"page","link":"https:\/\/storitgroup.com\/fi\/myyntiehdot\/","title":{"rendered":"Myyntiehdot"},"content":{"rendered":"\n<p><strong>Hinnat<\/strong><\/p>\n\n\n\n<p>Hinnat ovat ilman arvonlis\u00e4veroa ja vapaasti&nbsp;<strong>Storit<\/strong>&nbsp;(virallinen nimi Storit Oy)&nbsp;keskusvarastossa Tallinnassa.  <br>Hintoihin lis\u00e4t\u00e4\u00e4n alv 24%. <\/p>\n\n\n\n<p><strong>Toimitusehdot<\/strong><br>Noudatamme toimituksissamme Pohjoismaisia (NL 01) ja INCOTERMS -toimitusehtoja.<br>Asiakkaan noutaessa tilauksensa keskusvarastoltamme (Linam\u00e4e 2, T\u00e4nassilma k\u00fcla, Saku vald, Viro) toimitusehto on FCA (Free Carrier), jolloin asiakas vastaa itse rahdista, kuljetusvakuutuksesta ja mahdollisista kuljetusvaurioista.<br>Toimitamme tuotteita kuljetusyhti\u00f6n toimesta my\u00f6s suoraan asiakkaan ulko-ovelle.<\/p>\n\n\n\n<p>Jos asiakas tilaa ostoskorissa tavaroille kuljetuksen, lis\u00e4t\u00e4\u00e4n laskuun rahtikustannukset<strong>&nbsp;15%&nbsp;<\/strong>ostoskorin summasta, mutta v\u00e4hint\u00e4\u00e4n<strong>&nbsp;69 \u20ac*<\/strong>. Lasku tekem\u00e4st\u00e4si tilauksesta l\u00e4hetet\u00e4\u00e4n antamaasi s\u00e4hk\u00f6postiosoitteeseen. Ennen toimitusta teihin otetaan yhteytt\u00e4 ja vahvistetaan toimitusp\u00e4iv\u00e4 ja muut yksityiskohdat.<br>* Postinumeroille&nbsp;alulla <strong>80-99<\/strong>&nbsp;lasketaan toimituksen hinta erikseen jokaisen tilauksen perusteella.<br>Toimitus rahtivapaasti&nbsp;<strong>yli 1500 \u20ac<\/strong>&nbsp;<strong>verkkokaupassa<\/strong> tehdyille tavaratilauksille. Rahtivapaus on voimassa ainoastaan verkkokaupassa ilmoitetulla normaalihinnoilla. Rahtivapaus ei ole voimassa vastapainotrukeille, toimitus sopimuksen mukaan.<\/p>\n\n\n\n<p>Suurin osa verkkokaupan valikoimassa olevia tuotteita l\u00f6ytyy keskusvarastostamme ja toimitetaan perille 3-8 arkip\u00e4iv\u00e4ss\u00e4. Asiakaspalvelumme ottaa teihin heti yhteytt\u00e4, jos tilaamianne tuotteita ei syyst\u00e4 tai toisesta ole heti saatavilla varastosta. L\u00f6yd\u00e4mme kuitenkin varmasti molempia osapuolia tyydytt\u00e4v\u00e4n ratkaisun.<br>Ei-varastotuotteiden toimitusaika on luokkaa 2-6 viikkoa. Otamme yhteytt\u00e4 tilausen\/kyselyn j\u00e4lkeen toimitusajan tarkentamiseksi.<\/p>\n\n\n\n<p><strong>Tarjouspyynt\u00f6<\/strong><\/p>\n\n\n\n<p>Jos suunnittelet suurempaa ostosta tai sinulla on erikoistoivomuksia, voit l\u00e4hett\u00e4\u00e4 verkkokauppamme sivuilta my\u00f6s tarjouspyynn\u00f6n. Ensiksi t\u00e4ytyy poimia ostoskoriin kaikki sinua kiinnostavat tuotteet ja k\u00e4ytt\u00e4\u00e4 \u201dPyyd\u00e4 tarjous\u201d vaihtoehtoa. L\u00e4hett\u00e4m\u00e4si tarjouspyynt\u00f6korin sis\u00e4ll\u00f6n perusteella teemme sinulle henkil\u00f6kohtaisen tarjouksen mahdollisimman pian. Paluupostissa saatte alustavan yhteenvedon tarjouspyynt\u00f6nne sis\u00e4lt\u00e4mist\u00e4 tuotteista sek\u00e4 yrityksemme yhteystiedot.<br>Rahti ja toimitukset katutasolle tai lastauslaiturille. &nbsp;Maksullisia asennus- ja kantopalveluja voi tilata tilauksen teon yhteydess\u00e4.<\/p>\n\n\n\n<p><strong>Maksuehdot<\/strong><\/p>\n\n\n\n<p>Laskulla 10 pv netto sen j\u00e4lkeen, kun yrityksen luottokelpoisuus on tarkistettu. Yksityisasiakkaille toimitamme tuotteita vain ennakkomaksulla. Nopein tapaa tavaran saamiseksi on maksaa lasku v\u00e4litt\u00f6m\u00e4sti pankkisiirron kautta. Maksettuasi laskun l\u00e4het\u00e4 yst\u00e4v\u00e4llisesti kuitti osoitteeseen tai info@storit.fi.<br>Saatuamme suorituksen aloitamme v\u00e4litt\u00f6m\u00e4sti toimituksen valmistelut.<br>Toistaiseksi verkkokaupassamme ei voi maksaa pankkikortilla.<\/p>\n\n\n\n<p><strong>Omistusoikeus<\/strong><br>Storit&nbsp;pid\u00e4tt\u00e4\u00e4 omistusoikeuden myytyihin tuotteisiin kunnes lasku on suoritettu kokonaan.<\/p>\n\n\n\n<p><strong>Takuu<\/strong><\/p>\n\n\n\n<p>Storit Oy suorittaa takuukorjauksia kaikille myymilleen laitteille (jatkossa Laitteet). Takuuaika on 1 vuosi Laitteen ostop\u00e4iv\u00e4st\u00e4 l\u00e4htien.<\/p>\n\n\n\n<ol start=\"5\" class=\"wp-block-list\">\n<li>Takuu<br>Kaikki Storit Oy:n myym\u00e4t tuotteet ovat valmistajan takuun alaisia. T\u00e4m\u00e4 on yleens\u00e4 12 kuukautta tuotteen ostop\u00e4iv\u00e4st\u00e4, paitsi jos laskussa toisin mainitaan.<br>Storit Oy suorittaa takuukorjaukset kaikille myydyille laitteille\/tuotteille (j\u00e4ljemp\u00e4n\u00e4 Laitteet\/tuotteet).<br>5.1 Vastuu ja takuu<br>Takuu sis\u00e4lt\u00e4\u00e4 korjaukset ja valmistusvirheellisten osien vaihdon. Takuu on voimassa, jos laitetta\/tuotetta on huollettu s\u00e4\u00e4nn\u00f6llisesti valmistajan antamien ohjeiden mukaisesti. Suositeltu laitteen\/tuotteen huoltotiheys on 1-2 kertaa vuodessa laitteen\/tuotteen k\u00e4ytt\u00f6tiheydest\u00e4 ja ymp\u00e4rist\u00f6olosuhteista riippuen. Takuu on voimassa, jos Laitteen sarjanumeroita ei ole muutettu eik\u00e4 laitetta ole purettu (tiivisteet ehj\u00e4t). Takuu sis\u00e4lt\u00e4\u00e4 matkakulut, jos Laite\/tuotetta asennetaan tai korjataan paikan p\u00e4\u00e4ll\u00e4.<br>5.2 Takuu ei kata vikoja, jotka ovat aiheutuneet<br>laitteen\/tuotteen siirt\u00e4misest\u00e4 ja muista vahingossa tapahtuneista vaurioista; Laitteen\/tuotteen huolimaton tai tahaton varastointi ja k\u00e4ytt\u00f6 sek\u00e4 ylikuormitus; Laitteen\/tuotteen asennus- ja k\u00e4ytt\u00f6ohjeiden sek\u00e4 turvallisuusvaatimusten noudattamatta j\u00e4tt\u00e4minen.<br>5.3 Takuu ei ole voimassa<br>Jos valtuuttamaton henkil\u00f6 tai huoltoyhti\u00f6 on korjannut laitteen; Storit Oy:st\u00e4 riippumattomista syist\u00e4 (ilkivalta, salama, vesi, tulipalo, s\u00e4hk\u00f6verkon j\u00e4nnitteen muutokset, s\u00e4hk\u00f6staattinen s\u00e4hk\u00f6, oikosulku jne.); Jos Laitteessa\/tuotteessa on k\u00e4ytetty kulutusosia, joita valmistaja ei hyv\u00e4ksy (\u00f6ljyt, rasvat).<br>5.4 Ei takuuta<br>Laitteen\/tuotteen toiminnan kannalta merkityksett\u00f6mien virheiden (naarmut jne.) korjaus tai osien vaihto normaalin kulumisen vuoksi; Puhdistus, huolto, laitteen k\u00e4yt\u00f6n opettaminen; Laitteen ohjelmistovirheiden aiheuttamien virheiden poistaminen; lamppujen ja lamppujen hinta.<br>5.5 Toimenpiteet vian sattuessa<br>Mik\u00e4li takuuaikana ilmenee toimintah\u00e4iri\u00f6, Asiakkaan on v\u00e4litt\u00f6m\u00e4sti ilmoitettava viasta Storit Oy:lle. Ilmoita mahdollisimman tarkasti, mist\u00e4 tuotteesta on kyse (tuotteen malli, sarjanumero), ostop\u00e4iv\u00e4m\u00e4\u00e4r\u00e4 (laskunumero), vian luonne ja tilanne, jossa vika ilmeni. Takuuajan p\u00e4\u00e4tytty\u00e4 ei takuuaikana ilmoitettuun vikaan voida vedota, ellei siit\u00e4 ole kirjallisesti kirjattu. Ep\u00e4selviss\u00e4 tilanteissa asiakkaan tulee aina ennen kaikkea neuvotella Storit Oy:n kanssa takuun laajuudesta, mahdollisesta korjausvelvollisuudesta ja siit\u00e4, voidaanko laite korjata k\u00e4ytt\u00f6paikalla tai huoltokorjaamossa.<\/li>\n<\/ol>\n\n\n\n<p><strong>Vastuu ja takuu<\/strong><\/p>\n\n\n\n<p>Takuu sis\u00e4lt\u00e4\u00e4 korjauksen ja viallisten osien vaihtamisen. Takuu on voimassa, mik\u00e4li Laitetta on huollettu s\u00e4\u00e4nn\u00f6llisesti valmistajan ohjeiden mukaisesti. Laitteen suositeltava huoltotiheys on 1\u20132 kertaa vuodessa riippuen laitteen k\u00e4ytt\u00f6tiheydest\u00e4 ja ymp\u00e4rist\u00f6olosuhteista. Takuu on voimassa, jos Laitteen sarjanumeroita ei ole muutettu eik\u00e4 Laitetta ole purettu (sinetit ovat ehji\u00e4). Takuu sis\u00e4lt\u00e4\u00e4 matkakulut, mik\u00e4li Laite on asennettu tai kiinnitetty paikan p\u00e4\u00e4lle.<\/p>\n\n\n\n<p><strong>Takuu ei kata virheit\u00e4, joiden syyn\u00e4 on<\/strong><\/p>\n\n\n\n<p>Laitteen siirt\u00e4minen tai muut satunnaiset vahingot; Laitteen huolimaton tai v\u00e4\u00e4r\u00e4 s\u00e4ilytys ja k\u00e4ytt\u00f6 tai ylikuormitus; Laitteen asennus- ja k\u00e4ytt\u00f6ohjeiden ja turvallisuusvaatimusten noudattamatta j\u00e4tt\u00e4minen.<\/p>\n\n\n\n<p><strong>Takuu ei ole voimassa<\/strong><\/p>\n\n\n\n<p>Jos Laitetta on korjannut valtuuttamaton henkil\u00f6 tai huoltoyritys; Storit Oy:st\u00e4 riippumattomista syist\u00e4 (ilkivalta, ukkonen, vesi, tulipalo, j\u00e4nnitteen muutokset s\u00e4hk\u00f6verkossa, s\u00e4hk\u00f6staattisuus, oikosulut jne.); jos Laitteessa on k\u00e4ytetty muita kuin valmistajan hyv\u00e4ksymi\u00e4 valmisteita (\u00f6ljyt, voiteluaineet).<\/p>\n\n\n\n<p><strong>Takuu ei sis\u00e4ll\u00e4<\/strong><\/p>\n\n\n\n<p>Laitteen k\u00e4yt\u00f6n kannalta ep\u00e4olennaisten vikojen (naarmut jne.) korjausta eik\u00e4 normaalista kulumisesta johtuvaa osien vaihtoa; Laitteen puhdistusta, huoltoa, k\u00e4yt\u00f6n opastusta; Laitteen ohjelmistovirheist\u00e4 aiheutuneiden vikojen korjaamista; lamppujen ja polttimoiden kustannuksia.<\/p>\n\n\n\n<p><strong>Toimenpiteet vikatilanteessa<\/strong><\/p>\n\n\n\n<p>Jos vika ilmenee takuuaikana, on Tilaajan ilmoitettava viasta v\u00e4litt\u00f6m\u00e4sti Storit Oy:lle. Ilmoituksessa on mainittava millaisesta tuotteesta on kyse (tuotteen malli, sarjanumero), ostop\u00e4iv\u00e4 (laskun numero), vian mahdollisimman tarkka kuvaus sek\u00e4 tilanne, jossa vika ilmenee. Takuuajan p\u00e4\u00e4ttymisen j\u00e4lkeen ei voida viitata takuuaikana ilmoitettuun vikaan, mik\u00e4li sit\u00e4 ei ole dokumentoitu kirjallisesti. Ep\u00e4selviss\u00e4 tilanteissa asiakkaan on aina neuvoteltava Storit Oy:n kanssa takuun laajuudesta, mahdollisesta korjausvelvoitteesta ja siit\u00e4, voidaanko laite korjata k\u00e4ytt\u00f6paikassa vai huoltokorjaamolla.<\/p>\n\n\n\n<p><strong>L\u00e4hetyksen tarkistaminen ja huomautukset<\/strong><\/p>\n\n\n\n<p>HUOM! Ennen rahtikirjan kuittausta tarkasta toimituksen kollilukum\u00e4\u00e4r\u00e4 ja mahdolliset vauriot ja tee niist\u00e4 varauma rahtikirjaan korvausten saamiseksi. Rahtikirjan allekirjoittamisen j\u00e4lkeen ilmenev\u00e4t vahingot (nk. piilovauriot) on ilmoitettava 3 p\u00e4iv\u00e4n sis\u00e4ll\u00e4. T\u00e4m\u00e4n j\u00e4lkeen ilmoitettuja vahinkoja ei korvata.<br>Varastomaailma&nbsp;ei korvaa asiakkaan aiheuttamia vahinkoja tai tuotteiden virheellisest\u00e4 k\u00e4yt\u00f6st\u00e4 johtuvia vahinkoja. Jos tilaat suurempia m\u00e4\u00e4ri\u00e4, tilaa aina ensin koekappale.<\/p>\n\n\n\n<p>Storit&nbsp;pid\u00e4tt\u00e4\u00e4 oikeuden mahdollisiin painovirheisiin, sek\u00e4 hinta- teknisiin muutoksiin. Varastomaailma&nbsp;pid\u00e4tt\u00e4\u00e4 oikeuden tuote- ja rakennemuutoksiin sek\u00e4 oikeuden muutoksiin, kuten tuotteen saatavuuteen ja valikoimista poistumiseen liittyviss\u00e4 seikoissa.<\/p>\n\n\n\n<p>Pid\u00e4t\u00e4mme oikeuden mahdollisiin teknisiin ja inhimillisiin virheisiin tuotetiedoissa sek\u00e4 pid\u00e4t\u00e4mme oikeuden hinta- ja muihin muutoksiin ilman eri ilmoitusta. Storit pid\u00e4tt\u00e4\u00e4 oikeuden peruuttaa tilaus selv\u00e4n hintavirheen johdosta.<\/p>\n\n\n\n<p><strong>Inhimilliset virheet ja selv\u00e4t hintavirheet<\/strong><\/p>\n\n\n\n<p>Mik\u00e4li nettikaupan sivuille on p\u00e4\u00e4tynyt inhimillisest\u00e4 tai teknisest\u00e4 virheest\u00e4 v\u00e4\u00e4r\u00e4\u00e4 tietoa, on&nbsp;<strong>Storitilla<\/strong>&nbsp;oikeus korjata syntynyt virhe. Mik\u00e4li virheellisen tiedon perusteella on syntynyt kauppa, on sek\u00e4 kuluttajalla ett\u00e4 Storitilla oikeus irtisanoa kauppa ilman erillisi\u00e4 kustannuksia. Virheest\u00e4 on kuitenkin ilmoitettava toista sopijapuolta viipym\u00e4tt\u00e4 virheen huomaamisen j\u00e4lkeen.<\/p>\n\n\n\n<p>Selvi\u00e4 hintavirheit\u00e4 voivat olla muun muassa seuraavat esimerkit n\u00e4ihin kuitenkaan rajoittumatta:<\/p>\n\n\n\n<ul class=\"wp-block-list\">\n<li>jos tuotteen hinta on 0,00 euroa<\/li>\n\n\n\n<li>jos hintaa ei ole esitetty ollenkaan<\/li>\n\n\n\n<li>jos tuotteen normaali tai k\u00e4yp\u00e4 markkinahinta on monin- tai useampikertainen verkkokaupassa esitettyyn hintaan verrattuna<\/li>\n<\/ul>\n\n\n\n<p>Esim. tapauksissa virheellinen hinta on niin selke\u00e4sti oikeasta hinnasta poikkeava, ett\u00e4 asiakkaan katsotaan ymm\u00e4rt\u00e4v\u00e4n virheellisyys.<\/p>\n\n\n\n<p><strong>Palautus<\/strong><\/p>\n\n\n\n<p>Mik\u00e4li kyseess\u00e4 on muu kuin myyj\u00e4n virhe, palautus tapahtuu asiakkaan omalla kustannuksella. Muussa tapauksessa myyntiedustajamme antaa ohjeet maksuttomaan asiakaspalautukseen tai j\u00e4rjest\u00e4\u00e4 kuljetuksen asiakkaalta myyj\u00e4lle.<\/p>\n\n\n\n<p>Palautettava tavara on oltava pakkauksineen virheet\u00f6n. Palautettavasta tavarasta tuleva hyvitys sovitaan tapauskohtaisesti. Tuotteelle ei my\u00f6nnet\u00e4 palautusoikeutta, jos se on tilausty\u00f6n\u00e4 valmistettu, tilattu tai muokattu hy\u00f6dyke.<\/p>\n\n\n\n<p>L\u00e4het\u00e4 s\u00e4hk\u00f6postia <a href=\"mailto:info@storit.fi\">info@storit.fi<\/a> ja kirjoita miksi haluat palauttaa tavarat.<\/p>\n\n\n\n<p>Jos tarvitset verkkokaupan ostoprosessissa apua, soita +358 41&nbsp;455 8771 ja autamme joka askeleella!<\/p>\n","protected":false},"excerpt":{"rendered":"<p>Hinnat Hinnat ovat ilman arvonlis\u00e4veroa ja vapaasti&nbsp;Storit&nbsp;(virallinen nimi Storit Oy)&nbsp;keskusvarastossa Tallinnassa. Hintoihin lis\u00e4t\u00e4\u00e4n alv 24%. ToimitusehdotNoudatamme toimituksissamme Pohjoismaisia (NL 01) ja INCOTERMS -toimitusehtoja.Asiakkaan noutaessa tilauksensa keskusvarastoltamme (Linam\u00e4e 2, T\u00e4nassilma k\u00fcla, Saku vald, Viro) toimitusehto on FCA (Free Carrier), jolloin asiakas vastaa itse rahdista, kuljetusvakuutuksesta ja mahdollisista kuljetusvaurioista.Toimitamme tuotteita kuljetusyhti\u00f6n toimesta my\u00f6s suoraan asiakkaan ulko-ovelle. Jos [&hellip;]<\/p>\n","protected":false},"author":1,"featured_media":0,"parent":0,"menu_order":999999999,"comment_status":"closed","ping_status":"closed","template":"","meta":{"_acf_changed":false,"footnotes":""},"class_list":["post-25556","page","type-page","status-publish","hentry"],"acf":[],"yoast_head":"<!-- This site is optimized with the Yoast SEO plugin v27.4 - https:\/\/yoast.com\/product\/yoast-seo-wordpress\/ -->\n<title>Myyntiehdot &#8226; Storit<\/title>\n<meta name=\"robots\" content=\"index, follow, max-snippet:-1, max-image-preview:large, max-video-preview:-1\" \/>\n<link rel=\"canonical\" href=\"https:\/\/storitgroup.com\/fi\/myyntiehdot\/\" \/>\n<meta property=\"og:locale\" content=\"fi_FI\" \/>\n<meta property=\"og:type\" content=\"article\" \/>\n<meta property=\"og:title\" content=\"Myyntiehdot &#8226; Storit\" \/>\n<meta property=\"og:description\" content=\"Hinnat Hinnat ovat ilman arvonlis\u00e4veroa ja vapaasti&nbsp;Storit&nbsp;(virallinen nimi Storit Oy)&nbsp;keskusvarastossa Tallinnassa. Hintoihin lis\u00e4t\u00e4\u00e4n alv 24%. ToimitusehdotNoudatamme toimituksissamme Pohjoismaisia (NL 01) ja INCOTERMS -toimitusehtoja.Asiakkaan noutaessa tilauksensa keskusvarastoltamme (Linam\u00e4e 2, T\u00e4nassilma k\u00fcla, Saku vald, Viro) toimitusehto on FCA (Free Carrier), jolloin asiakas vastaa itse rahdista, kuljetusvakuutuksesta ja mahdollisista kuljetusvaurioista.Toimitamme tuotteita kuljetusyhti\u00f6n toimesta my\u00f6s suoraan asiakkaan ulko-ovelle. Jos [&hellip;]\" \/>\n<meta property=\"og:url\" content=\"https:\/\/storitgroup.com\/fi\/myyntiehdot\/\" \/>\n<meta property=\"og:site_name\" content=\"Storit\" \/>\n<meta property=\"article:modified_time\" content=\"2025-02-04T07:35:38+00:00\" \/>\n<meta name=\"twitter:card\" content=\"summary_large_image\" \/>\n<meta name=\"twitter:label1\" content=\"Arvioitu lukuaika\" \/>\n\t<meta name=\"twitter:data1\" content=\"4 minuuttia\" \/>\n<script type=\"application\/ld+json\" class=\"yoast-schema-graph\">{\"@context\":\"https:\\\/\\\/schema.org\",\"@graph\":[{\"@type\":\"WebPage\",\"@id\":\"https:\\\/\\\/storitgroup.com\\\/fi\\\/myyntiehdot\\\/\",\"url\":\"https:\\\/\\\/storitgroup.com\\\/fi\\\/myyntiehdot\\\/\",\"name\":\"Myyntiehdot &#8226; Storit\",\"isPartOf\":{\"@id\":\"https:\\\/\\\/storitgroup.com\\\/fi\\\/#website\"},\"datePublished\":\"2021-05-19T10:30:35+00:00\",\"dateModified\":\"2025-02-04T07:35:38+00:00\",\"breadcrumb\":{\"@id\":\"https:\\\/\\\/storitgroup.com\\\/fi\\\/myyntiehdot\\\/#breadcrumb\"},\"inLanguage\":\"fi\",\"potentialAction\":[{\"@type\":\"ReadAction\",\"target\":[\"https:\\\/\\\/storitgroup.com\\\/fi\\\/myyntiehdot\\\/\"]}]},{\"@type\":\"BreadcrumbList\",\"@id\":\"https:\\\/\\\/storitgroup.com\\\/fi\\\/myyntiehdot\\\/#breadcrumb\",\"itemListElement\":[{\"@type\":\"ListItem\",\"position\":1,\"name\":\"Kotisivu\",\"item\":\"https:\\\/\\\/storitgroup.com\\\/fi\\\/\"},{\"@type\":\"ListItem\",\"position\":2,\"name\":\"Myyntiehdot\"}]},{\"@type\":\"WebSite\",\"@id\":\"https:\\\/\\\/storitgroup.com\\\/fi\\\/#website\",\"url\":\"https:\\\/\\\/storitgroup.com\\\/fi\\\/\",\"name\":\"Storit\",\"description\":\"\",\"potentialAction\":[{\"@type\":\"SearchAction\",\"target\":{\"@type\":\"EntryPoint\",\"urlTemplate\":\"https:\\\/\\\/storitgroup.com\\\/fi\\\/?s={search_term_string}\"},\"query-input\":{\"@type\":\"PropertyValueSpecification\",\"valueRequired\":true,\"valueName\":\"search_term_string\"}}],\"inLanguage\":\"fi\"}]}<\/script>\n<!-- \/ Yoast SEO plugin. -->","yoast_head_json":{"title":"Myyntiehdot &#8226; Storit","robots":{"index":"index","follow":"follow","max-snippet":"max-snippet:-1","max-image-preview":"max-image-preview:large","max-video-preview":"max-video-preview:-1"},"canonical":"https:\/\/storitgroup.com\/fi\/myyntiehdot\/","og_locale":"fi_FI","og_type":"article","og_title":"Myyntiehdot &#8226; Storit","og_description":"Hinnat Hinnat ovat ilman arvonlis\u00e4veroa ja vapaasti&nbsp;Storit&nbsp;(virallinen nimi Storit Oy)&nbsp;keskusvarastossa Tallinnassa. Hintoihin lis\u00e4t\u00e4\u00e4n alv 24%. ToimitusehdotNoudatamme toimituksissamme Pohjoismaisia (NL 01) ja INCOTERMS -toimitusehtoja.Asiakkaan noutaessa tilauksensa keskusvarastoltamme (Linam\u00e4e 2, T\u00e4nassilma k\u00fcla, Saku vald, Viro) toimitusehto on FCA (Free Carrier), jolloin asiakas vastaa itse rahdista, kuljetusvakuutuksesta ja mahdollisista kuljetusvaurioista.Toimitamme tuotteita kuljetusyhti\u00f6n toimesta my\u00f6s suoraan asiakkaan ulko-ovelle. Jos [&hellip;]","og_url":"https:\/\/storitgroup.com\/fi\/myyntiehdot\/","og_site_name":"Storit","article_modified_time":"2025-02-04T07:35:38+00:00","twitter_card":"summary_large_image","twitter_misc":{"Arvioitu lukuaika":"4 minuuttia"},"schema":{"@context":"https:\/\/schema.org","@graph":[{"@type":"WebPage","@id":"https:\/\/storitgroup.com\/fi\/myyntiehdot\/","url":"https:\/\/storitgroup.com\/fi\/myyntiehdot\/","name":"Myyntiehdot &#8226; Storit","isPartOf":{"@id":"https:\/\/storitgroup.com\/fi\/#website"},"datePublished":"2021-05-19T10:30:35+00:00","dateModified":"2025-02-04T07:35:38+00:00","breadcrumb":{"@id":"https:\/\/storitgroup.com\/fi\/myyntiehdot\/#breadcrumb"},"inLanguage":"fi","potentialAction":[{"@type":"ReadAction","target":["https:\/\/storitgroup.com\/fi\/myyntiehdot\/"]}]},{"@type":"BreadcrumbList","@id":"https:\/\/storitgroup.com\/fi\/myyntiehdot\/#breadcrumb","itemListElement":[{"@type":"ListItem","position":1,"name":"Kotisivu","item":"https:\/\/storitgroup.com\/fi\/"},{"@type":"ListItem","position":2,"name":"Myyntiehdot"}]},{"@type":"WebSite","@id":"https:\/\/storitgroup.com\/fi\/#website","url":"https:\/\/storitgroup.com\/fi\/","name":"Storit","description":"","potentialAction":[{"@type":"SearchAction","target":{"@type":"EntryPoint","urlTemplate":"https:\/\/storitgroup.com\/fi\/?s={search_term_string}"},"query-input":{"@type":"PropertyValueSpecification","valueRequired":true,"valueName":"search_term_string"}}],"inLanguage":"fi"}]}},"_links":{"self":[{"href":"https:\/\/storitgroup.com\/fi\/wp-json\/wp\/v2\/pages\/25556","targetHints":{"allow":["GET"]}}],"collection":[{"href":"https:\/\/storitgroup.com\/fi\/wp-json\/wp\/v2\/pages"}],"about":[{"href":"https:\/\/storitgroup.com\/fi\/wp-json\/wp\/v2\/types\/page"}],"author":[{"embeddable":true,"href":"https:\/\/storitgroup.com\/fi\/wp-json\/wp\/v2\/users\/1"}],"replies":[{"embeddable":true,"href":"https:\/\/storitgroup.com\/fi\/wp-json\/wp\/v2\/comments?post=25556"}],"version-history":[{"count":0,"href":"https:\/\/storitgroup.com\/fi\/wp-json\/wp\/v2\/pages\/25556\/revisions"}],"wp:attachment":[{"href":"https:\/\/storitgroup.com\/fi\/wp-json\/wp\/v2\/media?parent=25556"}],"curies":[{"name":"wp","href":"https:\/\/api.w.org\/{rel}","templated":true}]}}