{"id":185839,"date":"2022-05-24T14:26:54","date_gmt":"2022-05-24T11:26:54","guid":{"rendered":"https:\/\/storitgroup.com\/?page_id=185839"},"modified":"2022-05-24T14:26:56","modified_gmt":"2022-05-24T11:26:56","slug":"siemens-leasing-yrityksille","status":"publish","type":"page","link":"https:\/\/storitgroup.com\/fi\/siemens-leasing-yrityksille\/","title":{"rendered":"Siemens Leasing yrityksille"},"content":{"rendered":"\n<figure class=\"wp-block-image size-large\"><img loading=\"lazy\" decoding=\"async\" width=\"1024\" height=\"458\" src=\"https:\/\/storitgroup.com\/uploads\/2022\/05\/siemens_banneri-1024x458.jpg\" alt=\"\" class=\"wp-image-185840\"\/><\/figure>\n\n\n\n<p>Siemens Leasing (yrityksille) tarjoaa joustavan ja turvallisen tavan rahoittaa uudet kalustohankinnat sek\u00e4 v\u00e4litasoratkaisut.<\/p>\n\n\n\n<p>Tarjoamme yksinkertaisen leasing kokonaisuuden sis\u00e4lt\u00e4en kuukausimaksun ja vakuutuksen. Emme veloita palvelusta aloitusmaksua, tai laskutuslis\u00e4\u00e4. Kaluston voit lunastaa leasing sopimuksen p\u00e4\u00e4tytty\u00e4 j\u00e4\u00e4nn\u00f6sarvolla. Voit my\u00f6s halutessasi vakuuttaa tuotteet itse vakuutuksella<\/p>\n\n\n\n<p><strong>N\u00e4in Leasing rahoitus toimii:<\/strong><\/p>\n\n\n\n<ul class=\"wp-block-list\"><li>Pyyd\u00e4 leasingtarjous haluamastasi tuotteesta \/ tuotteista osoitteesta\u00a0<a href=\"mailto:info@storit.fi\">info@storit.fi<\/a><\/li><li>Pyyd\u00e4mme Siemensilt\u00e4 luottop\u00e4\u00e4t\u00f6ksen, mik\u00e4li p\u00e4\u00e4t\u00f6s my\u00f6nnet\u00e4\u00e4n postitamme sopimuksen s\u00e4hk\u00f6isesti, ja voit my\u00f6s hyv\u00e4ksy\u00e4 sen s\u00e4hk\u00f6isesti pankkitunnuksilla.<\/li><li>Toimitamme tuotteet ovellesi.<\/li><li>Siemens on teihin yhteydess\u00e4, kun kuukausier\u00e4t alkavat juoksemaan<\/li><\/ul>\n\n\n\n<p><strong>Leasingsopimus tuo yritykselle monia etuja<\/strong><\/p>\n\n\n\n<ul class=\"wp-block-list\"><li>Yh\u00e4 useampi yritys valitsee uuteen investointiin leasingrahoituksen.<\/li><li>Yritys maksaa laitteista vuokraa sovitun ajan, jolloin v\u00e4ltet\u00e4\u00e4n raskaat kertainvestoinnit.<\/li><li>Vuokrat jakautuvat tasaisesti vuokrakaudelle, mik\u00e4 helpottaa budjetointia.<\/li><li>Sopimukseen on helppo lis\u00e4t\u00e4 laitteita tarpeen mukaan.<\/li><li>Vuokrat on mahdollista sovittaa yrityksen liiketoiminnan kausivaihteluihin.<\/li><li>Leasing ei rasita yrityksen tasetta, jolloin p\u00e4\u00e4omaa vapautuu yrityksen ydinliiketoimintaan.<\/li><li>Vuokran voi v\u00e4hent\u00e4\u00e4 verotuksessa.<\/li><\/ul>\n\n\n\n<p>Leasing on tarkoitettu vain yrityksille, yhdistyksille, kunnille, valtiolle ja ammatinharjoittajille, vaatimuksena on y-tunnus. (yksityisille on tarjolla Klarna maksuvaihtoehdot). Siemens my\u00f6nt\u00e4\u00e4 luottop\u00e4\u00e4t\u00f6kset oman harkinnan mukaan, emmek\u00e4 voi vaikuttaa siihen. Yleisesti rahoituksen osuus voi olla maksimissaan noin 10% liikevaihdosta.<\/p>\n\n\n\n<p>Lis\u00e4kysymykset leasingist\u00e4 voit l\u00e4hett\u00e4\u00e4 <a href=\"mailto:info@storit.fi\">info@storit.fi<\/a>\u00a0ja autamme mielell\u00e4mme.<br>Lue lis\u00e4\u00e4 asiasta Siemenssin sivuilta: <a href=\"https:\/\/new.siemens.com\/fi\/fi.html\">https:\/\/new.siemens.com\/fi\/fi.html<\/a><\/p>\n","protected":false},"excerpt":{"rendered":"<p>Siemens Leasing (yrityksille) tarjoaa joustavan ja turvallisen tavan rahoittaa uudet kalustohankinnat sek\u00e4 v\u00e4litasoratkaisut. Tarjoamme yksinkertaisen leasing kokonaisuuden sis\u00e4lt\u00e4en kuukausimaksun ja vakuutuksen. Emme veloita palvelusta aloitusmaksua, tai laskutuslis\u00e4\u00e4. Kaluston voit lunastaa leasing sopimuksen p\u00e4\u00e4tytty\u00e4 j\u00e4\u00e4nn\u00f6sarvolla. Voit my\u00f6s halutessasi vakuuttaa tuotteet itse vakuutuksella N\u00e4in Leasing rahoitus toimii: Pyyd\u00e4 leasingtarjous haluamastasi tuotteesta \/ tuotteista osoitteesta\u00a0info@storit.fi Pyyd\u00e4mme Siemensilt\u00e4 luottop\u00e4\u00e4t\u00f6ksen, [&hellip;]<\/p>\n","protected":false},"author":1,"featured_media":0,"parent":0,"menu_order":999999999,"comment_status":"closed","ping_status":"closed","template":"","meta":{"_acf_changed":false,"footnotes":""},"class_list":["post-185839","page","type-page","status-publish","hentry"],"acf":[],"yoast_head":"<!-- This site is optimized with the Yoast SEO plugin v27.4 - https:\/\/yoast.com\/product\/yoast-seo-wordpress\/ -->\n<title>Siemens Leasing yrityksille &#8226; Storit<\/title>\n<meta name=\"robots\" content=\"index, follow, max-snippet:-1, max-image-preview:large, max-video-preview:-1\" \/>\n<link rel=\"canonical\" href=\"https:\/\/storitgroup.com\/fi\/siemens-leasing-yrityksille\/\" \/>\n<meta property=\"og:locale\" content=\"fi_FI\" \/>\n<meta property=\"og:type\" content=\"article\" \/>\n<meta property=\"og:title\" content=\"Siemens Leasing yrityksille &#8226; Storit\" \/>\n<meta property=\"og:description\" content=\"Siemens Leasing (yrityksille) tarjoaa joustavan ja turvallisen tavan rahoittaa uudet kalustohankinnat sek\u00e4 v\u00e4litasoratkaisut. Tarjoamme yksinkertaisen leasing kokonaisuuden sis\u00e4lt\u00e4en kuukausimaksun ja vakuutuksen. Emme veloita palvelusta aloitusmaksua, tai laskutuslis\u00e4\u00e4. Kaluston voit lunastaa leasing sopimuksen p\u00e4\u00e4tytty\u00e4 j\u00e4\u00e4nn\u00f6sarvolla. Voit my\u00f6s halutessasi vakuuttaa tuotteet itse vakuutuksella N\u00e4in Leasing rahoitus toimii: Pyyd\u00e4 leasingtarjous haluamastasi tuotteesta \/ tuotteista osoitteesta\u00a0info@storit.fi Pyyd\u00e4mme Siemensilt\u00e4 luottop\u00e4\u00e4t\u00f6ksen, [&hellip;]\" \/>\n<meta property=\"og:url\" content=\"https:\/\/storitgroup.com\/fi\/siemens-leasing-yrityksille\/\" \/>\n<meta property=\"og:site_name\" content=\"Storit\" \/>\n<meta property=\"article:modified_time\" content=\"2022-05-24T11:26:56+00:00\" \/>\n<meta property=\"og:image\" content=\"https:\/\/storitgroup.com\/uploads\/2022\/05\/siemens_banneri-1024x458.jpg\" \/>\n<meta name=\"twitter:card\" content=\"summary_large_image\" \/>\n<meta name=\"twitter:label1\" content=\"Arvioitu lukuaika\" \/>\n\t<meta name=\"twitter:data1\" content=\"2 minuuttia\" \/>\n<script type=\"application\/ld+json\" class=\"yoast-schema-graph\">{\"@context\":\"https:\\\/\\\/schema.org\",\"@graph\":[{\"@type\":\"WebPage\",\"@id\":\"https:\\\/\\\/storitgroup.com\\\/fi\\\/siemens-leasing-yrityksille\\\/\",\"url\":\"https:\\\/\\\/storitgroup.com\\\/fi\\\/siemens-leasing-yrityksille\\\/\",\"name\":\"Siemens Leasing yrityksille &#8226; Storit\",\"isPartOf\":{\"@id\":\"https:\\\/\\\/storitgroup.com\\\/fi\\\/#website\"},\"primaryImageOfPage\":{\"@id\":\"https:\\\/\\\/storitgroup.com\\\/fi\\\/siemens-leasing-yrityksille\\\/#primaryimage\"},\"image\":{\"@id\":\"https:\\\/\\\/storitgroup.com\\\/fi\\\/siemens-leasing-yrityksille\\\/#primaryimage\"},\"thumbnailUrl\":\"https:\\\/\\\/storitgroup.com\\\/uploads\\\/2022\\\/05\\\/siemens_banneri-1024x458.jpg\",\"datePublished\":\"2022-05-24T11:26:54+00:00\",\"dateModified\":\"2022-05-24T11:26:56+00:00\",\"breadcrumb\":{\"@id\":\"https:\\\/\\\/storitgroup.com\\\/fi\\\/siemens-leasing-yrityksille\\\/#breadcrumb\"},\"inLanguage\":\"fi\",\"potentialAction\":[{\"@type\":\"ReadAction\",\"target\":[\"https:\\\/\\\/storitgroup.com\\\/fi\\\/siemens-leasing-yrityksille\\\/\"]}]},{\"@type\":\"ImageObject\",\"inLanguage\":\"fi\",\"@id\":\"https:\\\/\\\/storitgroup.com\\\/fi\\\/siemens-leasing-yrityksille\\\/#primaryimage\",\"url\":\"https:\\\/\\\/storitgroup.com\\\/uploads\\\/2022\\\/05\\\/siemens_banneri-1024x458.jpg\",\"contentUrl\":\"https:\\\/\\\/storitgroup.com\\\/uploads\\\/2022\\\/05\\\/siemens_banneri-1024x458.jpg\"},{\"@type\":\"BreadcrumbList\",\"@id\":\"https:\\\/\\\/storitgroup.com\\\/fi\\\/siemens-leasing-yrityksille\\\/#breadcrumb\",\"itemListElement\":[{\"@type\":\"ListItem\",\"position\":1,\"name\":\"Kotisivu\",\"item\":\"https:\\\/\\\/storitgroup.com\\\/fi\\\/\"},{\"@type\":\"ListItem\",\"position\":2,\"name\":\"Siemens Leasing yrityksille\"}]},{\"@type\":\"WebSite\",\"@id\":\"https:\\\/\\\/storitgroup.com\\\/fi\\\/#website\",\"url\":\"https:\\\/\\\/storitgroup.com\\\/fi\\\/\",\"name\":\"Storit\",\"description\":\"\",\"potentialAction\":[{\"@type\":\"SearchAction\",\"target\":{\"@type\":\"EntryPoint\",\"urlTemplate\":\"https:\\\/\\\/storitgroup.com\\\/fi\\\/?s={search_term_string}\"},\"query-input\":{\"@type\":\"PropertyValueSpecification\",\"valueRequired\":true,\"valueName\":\"search_term_string\"}}],\"inLanguage\":\"fi\"}]}<\/script>\n<!-- \/ Yoast SEO plugin. -->","yoast_head_json":{"title":"Siemens Leasing yrityksille &#8226; Storit","robots":{"index":"index","follow":"follow","max-snippet":"max-snippet:-1","max-image-preview":"max-image-preview:large","max-video-preview":"max-video-preview:-1"},"canonical":"https:\/\/storitgroup.com\/fi\/siemens-leasing-yrityksille\/","og_locale":"fi_FI","og_type":"article","og_title":"Siemens Leasing yrityksille &#8226; Storit","og_description":"Siemens Leasing (yrityksille) tarjoaa joustavan ja turvallisen tavan rahoittaa uudet kalustohankinnat sek\u00e4 v\u00e4litasoratkaisut. Tarjoamme yksinkertaisen leasing kokonaisuuden sis\u00e4lt\u00e4en kuukausimaksun ja vakuutuksen. Emme veloita palvelusta aloitusmaksua, tai laskutuslis\u00e4\u00e4. Kaluston voit lunastaa leasing sopimuksen p\u00e4\u00e4tytty\u00e4 j\u00e4\u00e4nn\u00f6sarvolla. Voit my\u00f6s halutessasi vakuuttaa tuotteet itse vakuutuksella N\u00e4in Leasing rahoitus toimii: Pyyd\u00e4 leasingtarjous haluamastasi tuotteesta \/ tuotteista osoitteesta\u00a0info@storit.fi Pyyd\u00e4mme Siemensilt\u00e4 luottop\u00e4\u00e4t\u00f6ksen, [&hellip;]","og_url":"https:\/\/storitgroup.com\/fi\/siemens-leasing-yrityksille\/","og_site_name":"Storit","article_modified_time":"2022-05-24T11:26:56+00:00","og_image":[{"url":"https:\/\/storitgroup.com\/uploads\/2022\/05\/siemens_banneri-1024x458.jpg","type":"","width":"","height":""}],"twitter_card":"summary_large_image","twitter_misc":{"Arvioitu lukuaika":"2 minuuttia"},"schema":{"@context":"https:\/\/schema.org","@graph":[{"@type":"WebPage","@id":"https:\/\/storitgroup.com\/fi\/siemens-leasing-yrityksille\/","url":"https:\/\/storitgroup.com\/fi\/siemens-leasing-yrityksille\/","name":"Siemens Leasing yrityksille &#8226; Storit","isPartOf":{"@id":"https:\/\/storitgroup.com\/fi\/#website"},"primaryImageOfPage":{"@id":"https:\/\/storitgroup.com\/fi\/siemens-leasing-yrityksille\/#primaryimage"},"image":{"@id":"https:\/\/storitgroup.com\/fi\/siemens-leasing-yrityksille\/#primaryimage"},"thumbnailUrl":"https:\/\/storitgroup.com\/uploads\/2022\/05\/siemens_banneri-1024x458.jpg","datePublished":"2022-05-24T11:26:54+00:00","dateModified":"2022-05-24T11:26:56+00:00","breadcrumb":{"@id":"https:\/\/storitgroup.com\/fi\/siemens-leasing-yrityksille\/#breadcrumb"},"inLanguage":"fi","potentialAction":[{"@type":"ReadAction","target":["https:\/\/storitgroup.com\/fi\/siemens-leasing-yrityksille\/"]}]},{"@type":"ImageObject","inLanguage":"fi","@id":"https:\/\/storitgroup.com\/fi\/siemens-leasing-yrityksille\/#primaryimage","url":"https:\/\/storitgroup.com\/uploads\/2022\/05\/siemens_banneri-1024x458.jpg","contentUrl":"https:\/\/storitgroup.com\/uploads\/2022\/05\/siemens_banneri-1024x458.jpg"},{"@type":"BreadcrumbList","@id":"https:\/\/storitgroup.com\/fi\/siemens-leasing-yrityksille\/#breadcrumb","itemListElement":[{"@type":"ListItem","position":1,"name":"Kotisivu","item":"https:\/\/storitgroup.com\/fi\/"},{"@type":"ListItem","position":2,"name":"Siemens Leasing yrityksille"}]},{"@type":"WebSite","@id":"https:\/\/storitgroup.com\/fi\/#website","url":"https:\/\/storitgroup.com\/fi\/","name":"Storit","description":"","potentialAction":[{"@type":"SearchAction","target":{"@type":"EntryPoint","urlTemplate":"https:\/\/storitgroup.com\/fi\/?s={search_term_string}"},"query-input":{"@type":"PropertyValueSpecification","valueRequired":true,"valueName":"search_term_string"}}],"inLanguage":"fi"}]}},"_links":{"self":[{"href":"https:\/\/storitgroup.com\/fi\/wp-json\/wp\/v2\/pages\/185839","targetHints":{"allow":["GET"]}}],"collection":[{"href":"https:\/\/storitgroup.com\/fi\/wp-json\/wp\/v2\/pages"}],"about":[{"href":"https:\/\/storitgroup.com\/fi\/wp-json\/wp\/v2\/types\/page"}],"author":[{"embeddable":true,"href":"https:\/\/storitgroup.com\/fi\/wp-json\/wp\/v2\/users\/1"}],"replies":[{"embeddable":true,"href":"https:\/\/storitgroup.com\/fi\/wp-json\/wp\/v2\/comments?post=185839"}],"version-history":[{"count":0,"href":"https:\/\/storitgroup.com\/fi\/wp-json\/wp\/v2\/pages\/185839\/revisions"}],"wp:attachment":[{"href":"https:\/\/storitgroup.com\/fi\/wp-json\/wp\/v2\/media?parent=185839"}],"curies":[{"name":"wp","href":"https:\/\/api.w.org\/{rel}","templated":true}]}}