{"id":25873,"date":"2021-06-08T06:46:37","date_gmt":"2021-06-08T06:46:37","guid":{"rendered":"https:\/\/storitgroup.com\/?page_id=25873"},"modified":"2022-07-27T17:53:44","modified_gmt":"2022-07-27T14:53:44","slug":"how-our-online-store-works","status":"publish","type":"page","link":"https:\/\/storitgroup.com\/en\/how-our-online-store-works\/","title":{"rendered":"How our online store works"},"content":{"rendered":"\n<ol class=\"wp-block-list\" type=\"1\"><li>Log in to the Storit website or register (this will give you the best prices). In the upper right corner of the page you will see the place where you can login\/register.<\/li><li>Choose the right product.<\/li><li>When you are convinced that the product suits you, add it to your cart using the Add to Cart button. By clicking on the \u201cBasket&#8221; button, you can change\/cancel the selected products. Your shopping cart will always be visible to you in the upper right corner of the page.<\/li><li>If you received a discount coupon during any Storit campaign, please enter the coupon code in the box that you will see in your shopping cart (border left).<\/li><li>After choosing the products, go to the \u201cCheckout&#8221; section.<\/li><li>Vali tarneviis \u2013 Kas kasutad meie poolt valitud transporti \/ tuled ise j\u00e4rele<\/li><li>Fill in all the required fields regarding the Payer. Select the payment method. If you want to pay for the purchase in the internet bank, then select the link of the bank from which you want to make the transfer. You can pay for the goods in the internet bank or by credit card.<\/li><li>Sisselogitud kliendina on Sul v\u00f5imalus tasuda kauba eest arvega (vali: Panga\u00fclekanne. Kaubad l\u00e4hetame peale makse laekumist)<\/li><li>When the data is entered correctly and you are familiar with the Terms of purchase, click on the \u201cProceed to payment&#8221; button.<\/li><li>After submitting your order, you will receive an invoice via email for the order.<\/li><\/ol>\n\n<h4 class=\"wp-block-heading\">If you would like to get our help in the process of purchasing in the online store, call +372 6593050 \u2013 and we will help you at every stage!<\/h4>\n","protected":false},"excerpt":{"rendered":"<p>Log in to the Storit website or register (this will give you the best prices). In the upper right corner of the page you will see the place where you can login\/register. Choose the right product. When you are convinced that the product suits you, add it to your cart using the Add to Cart [&hellip;]<\/p>\n","protected":false},"author":12870,"featured_media":0,"parent":0,"menu_order":999999999,"comment_status":"closed","ping_status":"closed","template":"","meta":{"_acf_changed":false,"footnotes":""},"class_list":["post-25873","page","type-page","status-publish","hentry"],"acf":[],"yoast_head":"<!-- This site is optimized with the Yoast SEO plugin v27.3 - https:\/\/yoast.com\/product\/yoast-seo-wordpress\/ -->\n<title>How our online store works &#8226; Storit<\/title>\n<meta name=\"robots\" content=\"index, follow, max-snippet:-1, max-image-preview:large, max-video-preview:-1\" \/>\n<link rel=\"canonical\" href=\"https:\/\/storitgroup.com\/en\/how-our-online-store-works\/\" \/>\n<meta property=\"og:locale\" content=\"en_US\" \/>\n<meta property=\"og:type\" content=\"article\" \/>\n<meta property=\"og:title\" content=\"How our online store works &#8226; Storit\" \/>\n<meta property=\"og:description\" content=\"Log in to the Storit website or register (this will give you the best prices). In the upper right corner of the page you will see the place where you can login\/register. Choose the right product. When you are convinced that the product suits you, add it to your cart using the Add to Cart [&hellip;]\" \/>\n<meta property=\"og:url\" content=\"https:\/\/storitgroup.com\/en\/how-our-online-store-works\/\" \/>\n<meta property=\"og:site_name\" content=\"Storit\" \/>\n<meta property=\"article:modified_time\" content=\"2022-07-27T14:53:44+00:00\" \/>\n<meta name=\"twitter:card\" content=\"summary_large_image\" \/>\n<meta name=\"twitter:label1\" content=\"Est. reading time\" \/>\n\t<meta name=\"twitter:data1\" content=\"2 minutes\" \/>\n<script type=\"application\/ld+json\" class=\"yoast-schema-graph\">{\"@context\":\"https:\\\/\\\/schema.org\",\"@graph\":[{\"@type\":\"WebPage\",\"@id\":\"https:\\\/\\\/storitgroup.com\\\/en\\\/how-our-online-store-works\\\/\",\"url\":\"https:\\\/\\\/storitgroup.com\\\/en\\\/how-our-online-store-works\\\/\",\"name\":\"How our online store works &#8226; Storit\",\"isPartOf\":{\"@id\":\"https:\\\/\\\/storitgroup.com\\\/en\\\/#website\"},\"datePublished\":\"2021-06-08T06:46:37+00:00\",\"dateModified\":\"2022-07-27T14:53:44+00:00\",\"breadcrumb\":{\"@id\":\"https:\\\/\\\/storitgroup.com\\\/en\\\/how-our-online-store-works\\\/#breadcrumb\"},\"inLanguage\":\"en-US\",\"potentialAction\":[{\"@type\":\"ReadAction\",\"target\":[\"https:\\\/\\\/storitgroup.com\\\/en\\\/how-our-online-store-works\\\/\"]}]},{\"@type\":\"BreadcrumbList\",\"@id\":\"https:\\\/\\\/storitgroup.com\\\/en\\\/how-our-online-store-works\\\/#breadcrumb\",\"itemListElement\":[{\"@type\":\"ListItem\",\"position\":1,\"name\":\"Homepage\",\"item\":\"https:\\\/\\\/storitgroup.com\\\/en\\\/\"},{\"@type\":\"ListItem\",\"position\":2,\"name\":\"How our online store works\"}]},{\"@type\":\"WebSite\",\"@id\":\"https:\\\/\\\/storitgroup.com\\\/en\\\/#website\",\"url\":\"https:\\\/\\\/storitgroup.com\\\/en\\\/\",\"name\":\"Storit\",\"description\":\"\",\"potentialAction\":[{\"@type\":\"SearchAction\",\"target\":{\"@type\":\"EntryPoint\",\"urlTemplate\":\"https:\\\/\\\/storitgroup.com\\\/en\\\/?s={search_term_string}\"},\"query-input\":{\"@type\":\"PropertyValueSpecification\",\"valueRequired\":true,\"valueName\":\"search_term_string\"}}],\"inLanguage\":\"en-US\"}]}<\/script>\n<!-- \/ Yoast SEO plugin. -->","yoast_head_json":{"title":"How our online store works &#8226; Storit","robots":{"index":"index","follow":"follow","max-snippet":"max-snippet:-1","max-image-preview":"max-image-preview:large","max-video-preview":"max-video-preview:-1"},"canonical":"https:\/\/storitgroup.com\/en\/how-our-online-store-works\/","og_locale":"en_US","og_type":"article","og_title":"How our online store works &#8226; Storit","og_description":"Log in to the Storit website or register (this will give you the best prices). In the upper right corner of the page you will see the place where you can login\/register. Choose the right product. When you are convinced that the product suits you, add it to your cart using the Add to Cart [&hellip;]","og_url":"https:\/\/storitgroup.com\/en\/how-our-online-store-works\/","og_site_name":"Storit","article_modified_time":"2022-07-27T14:53:44+00:00","twitter_card":"summary_large_image","twitter_misc":{"Est. reading time":"2 minutes"},"schema":{"@context":"https:\/\/schema.org","@graph":[{"@type":"WebPage","@id":"https:\/\/storitgroup.com\/en\/how-our-online-store-works\/","url":"https:\/\/storitgroup.com\/en\/how-our-online-store-works\/","name":"How our online store works &#8226; Storit","isPartOf":{"@id":"https:\/\/storitgroup.com\/en\/#website"},"datePublished":"2021-06-08T06:46:37+00:00","dateModified":"2022-07-27T14:53:44+00:00","breadcrumb":{"@id":"https:\/\/storitgroup.com\/en\/how-our-online-store-works\/#breadcrumb"},"inLanguage":"en-US","potentialAction":[{"@type":"ReadAction","target":["https:\/\/storitgroup.com\/en\/how-our-online-store-works\/"]}]},{"@type":"BreadcrumbList","@id":"https:\/\/storitgroup.com\/en\/how-our-online-store-works\/#breadcrumb","itemListElement":[{"@type":"ListItem","position":1,"name":"Homepage","item":"https:\/\/storitgroup.com\/en\/"},{"@type":"ListItem","position":2,"name":"How our online store works"}]},{"@type":"WebSite","@id":"https:\/\/storitgroup.com\/en\/#website","url":"https:\/\/storitgroup.com\/en\/","name":"Storit","description":"","potentialAction":[{"@type":"SearchAction","target":{"@type":"EntryPoint","urlTemplate":"https:\/\/storitgroup.com\/en\/?s={search_term_string}"},"query-input":{"@type":"PropertyValueSpecification","valueRequired":true,"valueName":"search_term_string"}}],"inLanguage":"en-US"}]}},"_links":{"self":[{"href":"https:\/\/storitgroup.com\/en\/wp-json\/wp\/v2\/pages\/25873","targetHints":{"allow":["GET"]}}],"collection":[{"href":"https:\/\/storitgroup.com\/en\/wp-json\/wp\/v2\/pages"}],"about":[{"href":"https:\/\/storitgroup.com\/en\/wp-json\/wp\/v2\/types\/page"}],"author":[{"embeddable":true,"href":"https:\/\/storitgroup.com\/en\/wp-json\/wp\/v2\/users\/12870"}],"replies":[{"embeddable":true,"href":"https:\/\/storitgroup.com\/en\/wp-json\/wp\/v2\/comments?post=25873"}],"version-history":[{"count":0,"href":"https:\/\/storitgroup.com\/en\/wp-json\/wp\/v2\/pages\/25873\/revisions"}],"wp:attachment":[{"href":"https:\/\/storitgroup.com\/en\/wp-json\/wp\/v2\/media?parent=25873"}],"curies":[{"name":"wp","href":"https:\/\/api.w.org\/{rel}","templated":true}]}}